{"id":134636,"date":"2020-11-16T06:40:54","date_gmt":"2020-11-16T13:40:54","guid":{"rendered":"https:\/\/www.fooevents.com\/?page_id=134636"},"modified":"2026-04-01T03:14:06","modified_gmt":"2026-04-01T10:14:06","slug":"integrace","status":"publish","type":"page","link":"https:\/\/www.fooevents.com\/cs\/features\/integrations\/","title":{"rendered":"Integrace FooEvents"},"content":{"rendered":"<div data-elementor-type=\"wp-page\" data-elementor-id=\"134636\" class=\"elementor elementor-134636\" data-elementor-post-type=\"page\">\n\t\t\t\t\t\t<section class=\"elementor-section elementor-top-section elementor-element elementor-element-1cdc8c70 elementor-section-full_width elementor-section-height-default elementor-section-height-default\" data-id=\"1cdc8c70\" data-element_type=\"section\" data-e-type=\"section\">\n\t\t\t\t\t\t<div class=\"elementor-container elementor-column-gap-default\">\n\t\t\t\t\t<div class=\"elementor-column elementor-col-100 elementor-top-column elementor-element elementor-element-50fb2550\" data-id=\"50fb2550\" data-element_type=\"column\" data-e-type=\"column\">\n\t\t\t<div class=\"elementor-widget-wrap elementor-element-populated\">\n\t\t\t\t\t\t<div class=\"elementor-element elementor-element-10437aad elementor-position-inline-end elementor-widget__width-initial elementor-fixed elementor-hidden-phone elementor-hidden-tablet elementor-view-default elementor-mobile-position-block-start elementor-widget elementor-widget-icon-box\" data-id=\"10437aad\" data-element_type=\"widget\" data-e-type=\"widget\" data-settings=\"{&quot;_position&quot;:&quot;fixed&quot;}\" data-widget_type=\"icon-box.default\">\n\t\t\t\t<div class=\"elementor-widget-container\">\n\t\t\t\t\t\t\t<div class=\"elementor-icon-box-wrapper\">\n\n\t\t\t\t\t\t<div class=\"elementor-icon-box-icon\">\n\t\t\t\t<a href=\"https:\/\/www.fooevents.com\/cs\/funkce\/nabidka\/\" class=\"elementor-icon\" tabindex=\"-1\" aria-label=\"Dal\u0161\u00ed\">\n\t\t\t\t<svg aria-hidden=\"true\" class=\"e-font-icon-svg e-fas-chevron-right\" viewbox=\"0 0 320 512\" xmlns=\"http:\/\/www.w3.org\/2000\/svg\"><path d=\"M285.476 272.971L91.132 467.314c-9.373 9.373-24.569 9.373-33.941 0l-22.667-22.667c-9.357-9.357-9.375-24.522-.04-33.901L188.505 256 34.484 101.255c-9.335-9.379-9.317-24.544.04-33.901l22.667-22.667c9.373-9.373 24.569-9.373 33.941 0L285.475 239.03c9.373 9.372 9.373 24.568.001 33.941z\"><\/path><\/svg>\t\t\t\t<\/a>\n\t\t\t<\/div>\n\t\t\t\n\t\t\t\t\t\t<div class=\"elementor-icon-box-content\">\n\n\t\t\t\t\t\t\t\t\t<h2 class=\"elementor-icon-box-title\">\n\t\t\t\t\t\t<a href=\"https:\/\/www.fooevents.com\/cs\/funkce\/nabidka\/\" >\n\t\t\t\t\t\t\tDal\u0161\u00ed\t\t\t\t\t\t<\/a>\n\t\t\t\t\t<\/h2>\n\t\t\t\t\n\t\t\t\t\n\t\t\t<\/div>\n\t\t\t\n\t\t<\/div>\n\t\t\t\t\t\t<\/div>\n\t\t\t\t<\/div>\n\t\t\t\t<div class=\"elementor-element elementor-element-51306e42 elementor-position-inline-start elementor-widget__width-initial elementor-fixed elementor-hidden-phone elementor-hidden-tablet elementor-view-default elementor-mobile-position-block-start elementor-widget elementor-widget-icon-box\" data-id=\"51306e42\" data-element_type=\"widget\" data-e-type=\"widget\" data-settings=\"{&quot;_position&quot;:&quot;fixed&quot;}\" data-widget_type=\"icon-box.default\">\n\t\t\t\t<div class=\"elementor-widget-container\">\n\t\t\t\t\t\t\t<div class=\"elementor-icon-box-wrapper\">\n\n\t\t\t\t\t\t<div class=\"elementor-icon-box-icon\">\n\t\t\t\t<a href=\"https:\/\/www.fooevents.com\/cs\/funkce\/postrehy\/\" class=\"elementor-icon\" tabindex=\"-1\" aria-label=\"P\u0159edchoz\u00ed\">\n\t\t\t\t<svg aria-hidden=\"true\" class=\"e-font-icon-svg e-fas-chevron-left\" viewbox=\"0 0 320 512\" xmlns=\"http:\/\/www.w3.org\/2000\/svg\"><path d=\"M34.52 239.03L228.87 44.69c9.37-9.37 24.57-9.37 33.94 0l22.67 22.67c9.36 9.36 9.37 24.52.04 33.9L131.49 256l154.02 154.75c9.34 9.38 9.32 24.54-.04 33.9l-22.67 22.67c-9.37 9.37-24.57 9.37-33.94 0L34.52 272.97c-9.37-9.37-9.37-24.57 0-33.94z\"><\/path><\/svg>\t\t\t\t<\/a>\n\t\t\t<\/div>\n\t\t\t\n\t\t\t\t\t\t<div class=\"elementor-icon-box-content\">\n\n\t\t\t\t\t\t\t\t\t<h2 class=\"elementor-icon-box-title\">\n\t\t\t\t\t\t<a href=\"https:\/\/www.fooevents.com\/cs\/funkce\/postrehy\/\" >\n\t\t\t\t\t\t\tP\u0159edchoz\u00ed\t\t\t\t\t\t<\/a>\n\t\t\t\t\t<\/h2>\n\t\t\t\t\n\t\t\t\t\n\t\t\t<\/div>\n\t\t\t\n\t\t<\/div>\n\t\t\t\t\t\t<\/div>\n\t\t\t\t<\/div>\n\t\t\t\t\t<\/div>\n\t\t<\/div>\n\t\t\t\t\t<\/div>\n\t\t<\/section>\n\t\t\t\t<section class=\"elementor-section elementor-top-section elementor-element elementor-element-6b0e0ff0 animated-fast elementor-section-boxed elementor-section-height-default elementor-section-height-default elementor-invisible\" data-id=\"6b0e0ff0\" data-element_type=\"section\" data-e-type=\"section\" data-settings=\"{&quot;animation&quot;:&quot;fadeIn&quot;}\">\n\t\t\t\t\t\t<div class=\"elementor-container elementor-column-gap-default\">\n\t\t\t\t\t<div class=\"elementor-column elementor-col-100 elementor-top-column elementor-element elementor-element-173d0070\" data-id=\"173d0070\" data-element_type=\"column\" data-e-type=\"column\">\n\t\t\t<div class=\"elementor-widget-wrap elementor-element-populated\">\n\t\t\t\t\t\t<div class=\"elementor-element elementor-element-19613207 elementor-widget elementor-widget-heading\" data-id=\"19613207\" data-element_type=\"widget\" data-e-type=\"widget\" data-widget_type=\"heading.default\">\n\t\t\t\t<div class=\"elementor-widget-container\">\n\t\t\t\t\t<h2 class=\"elementor-heading-title elementor-size-default\">Integrace<\/h2>\t\t\t\t<\/div>\n\t\t\t\t<\/div>\n\t\t\t\t<div class=\"elementor-element elementor-element-596c3539 elementor-widget elementor-widget-heading\" data-id=\"596c3539\" data-element_type=\"widget\" data-e-type=\"widget\" id=\"feature-heading\" data-widget_type=\"heading.default\">\n\t\t\t\t<div class=\"elementor-widget-container\">\n\t\t\t\t\t<h1 class=\"elementor-heading-title elementor-size-default\">S ostatn\u00edmi si p\u011bkn\u011b hrajeme!<\/h1>\t\t\t\t<\/div>\n\t\t\t\t<\/div>\n\t\t\t\t<div class=\"elementor-element elementor-element-594b8f53 elementor-widget elementor-widget-heading\" data-id=\"594b8f53\" data-element_type=\"widget\" data-e-type=\"widget\" data-widget_type=\"heading.default\">\n\t\t\t\t<div class=\"elementor-widget-container\">\n\t\t\t\t\t<h2 class=\"elementor-heading-title elementor-size-default\">Vzhledem k tomu, \u017ee FooEvents je z\u00e1suvn\u00fd modul WooCommerce, m\u016f\u017eete vyu\u017e\u00edvat tis\u00edce z\u00e1suvn\u00fdch modul\u016f a slu\u017eeb WordPress a WooCommerce. <u>roz\u0161\u00ed\u0159it funk\u010dnost<\/u> va\u0161ich webov\u00fdch str\u00e1nek a bezprobl\u00e9mov\u011b spolupracovat s FooEvents.<\/h2>\t\t\t\t<\/div>\n\t\t\t\t<\/div>\n\t\t\t\t\t<\/div>\n\t\t<\/div>\n\t\t\t\t\t<\/div>\n\t\t<\/section>\n\t\t\t\t<section class=\"elementor-section elementor-top-section elementor-element elementor-element-203a0ef8 elementor-section-boxed elementor-section-height-default elementor-section-height-default\" data-id=\"203a0ef8\" data-element_type=\"section\" data-e-type=\"section\">\n\t\t\t\t\t\t<div class=\"elementor-container elementor-column-gap-default\">\n\t\t\t\t\t<div class=\"elementor-column elementor-col-16 elementor-top-column elementor-element elementor-element-321864f2\" data-id=\"321864f2\" data-element_type=\"column\" data-e-type=\"column\">\n\t\t\t<div class=\"elementor-widget-wrap\">\n\t\t\t\t\t\t\t<\/div>\n\t\t<\/div>\n\t\t\t\t<div class=\"elementor-column elementor-col-66 elementor-top-column elementor-element elementor-element-5c97e509\" data-id=\"5c97e509\" data-element_type=\"column\" data-e-type=\"column\">\n\t\t\t<div class=\"elementor-widget-wrap elementor-element-populated\">\n\t\t\t\t\t\t<div class=\"elementor-element elementor-element-1c3d39e4 elementor-widget elementor-widget-text-editor\" data-id=\"1c3d39e4\" data-element_type=\"widget\" data-e-type=\"widget\" data-widget_type=\"text-editor.default\">\n\t\t\t\t<div class=\"elementor-widget-container\">\n\t\t\t\t\t\t\t\t\t<h3 style=\"text-align: center;\"><strong style=\"color: var(--ast-global-color-2); font-size: 1.66667rem; font-style: inherit; font-family: var( --e-global-typography-text-font-family ), Sans-serif; background-color: var(--ast-global-color-5);\">P\u0159eklad Kompatibiln\u00ed<\/strong><\/h3><p style=\"text-align: center;\">FooEvents je kompatibiln\u00ed s TranslatePress a WPML, popul\u00e1rn\u00edmi v\u00edcejazy\u010dn\u00fdmi pluginy WordPress, kter\u00e9 umo\u017e\u0148uj\u00ed p\u0159ekl\u00e1dat obsah webu do v\u00edce jazyk\u016f.<\/p><p style=\"text-align: center;\"><strong><span style=\"text-decoration: underline;\"><a href=\"https:\/\/help.fooevents.com\/docs\/topics\/translations\/translatepress\/\" rel=\"nofollow noopener\" target=\"_blank\">P\u0159elo\u017eitTisk<\/a><\/span> |\u00a0<span style=\"text-decoration: underline;\"><a href=\"https:\/\/help.fooevents.com\/docs\/topics\/translations\/wpml\/\" rel=\"nofollow noopener\" target=\"_blank\">WPML<\/a><\/span><\/strong><\/p><h3 style=\"font-style: normal; color: #3a3a3a; text-align: center;\"><span style=\"font-weight: bold;\">Integrace WooCommerce AutomateWoo<\/span><\/h3><p style=\"font-size: 16px; font-style: normal; font-weight: 400; color: #4d4d4d; text-align: center;\">FooEvents je integrov\u00e1n s WooCommerce AutomateWoo, co\u017e je skv\u011bl\u00e9 \u0159e\u0161en\u00ed pro zas\u00edl\u00e1n\u00ed p\u0159edem napl\u00e1novan\u00fdch e-mailov\u00fdch upom\u00ednek a textov\u00fdch zpr\u00e1v.<\/p><p style=\"font-size: 16px; font-style: normal; font-weight: 400; color: #4d4d4d; text-align: center;\"><span style=\"font-weight: bold;\"><span style=\"text-decoration-line: underline;\"><a style=\"color: #b4458d; transition-property: all;\" href=\"https:\/\/help.fooevents.com\/docs\/topics\/third-party-integration\/automatewoo\/\" rel=\"nofollow noopener\" target=\"_blank\">Zjist\u011bte v\u00edce \u2192<\/a><\/span><\/span><\/p><h3 style=\"font-style: normal; color: #3a3a3a; text-align: center;\"><span style=\"font-weight: bold;\">Integrace AddToWallet<\/span><\/h3><p style=\"font-size: 16px; font-style: normal; font-weight: 400; color: #4d4d4d; text-align: center;\">FooEvents se integruje s aplikac\u00ed AddToWallet, kter\u00e1 umo\u017e\u0148uje \u00fa\u010dastn\u00edk\u016fm p\u0159idat vstupenky FooEvents s QR k\u00f3dy do pen\u011b\u017eenky Apple nebo Google Wallet na jejich mobiln\u00edch za\u0159\u00edzen\u00edch.<\/p><p style=\"font-size: 16px; font-style: normal; font-weight: 400; color: #4d4d4d; text-align: center;\"><span style=\"font-weight: bold;\"><span style=\"text-decoration-line: underline;\"><a style=\"color: #b4458d; transition-property: all;\" href=\"https:\/\/help.fooevents.com\/docs\/topics\/third-party-integration\/addtowallet\/\" rel=\"nofollow noopener\" target=\"_blank\">Zjist\u011bte v\u00edce \u2192<\/a><\/span><\/span><\/p><h3 style=\"font-style: normal; color: #3a3a3a; text-align: center;\"><span style=\"font-weight: bold;\">Integrace Mailchimpu<\/span><\/h3><p style=\"font-size: 16px; font-style: normal; font-weight: 400; color: #4d4d4d; text-align: center;\">Automatick\u00e9 p\u0159id\u00e1n\u00ed \u00fa\u010dastn\u00edk\u016f do seznamu publika Mailchimpu p\u0159i generov\u00e1n\u00ed vstupenek. M\u016f\u017eete tak\u00e9 zadat v\u00fdchoz\u00ed zna\u010dky nebo zna\u010dky specifick\u00e9 pro danou ud\u00e1lost, kter\u00e9 lze pou\u017e\u00edt k segmentaci seznamu Mailchimpu.<\/p><p style=\"font-size: 16px; font-style: normal; font-weight: 400; color: #4d4d4d; text-align: center;\"><span style=\"font-weight: bold;\"><span style=\"text-decoration-line: underline;\"><a style=\"color: #b4458d; transition-property: all;\" href=\"https:\/\/help.fooevents.com\/docs\/topics\/third-party-integration\/mailchimp\/\" rel=\"nofollow noopener\" target=\"_blank\">Zjist\u011bte v\u00edce \u2192<\/a><\/span><\/span><\/p><h3 style=\"font-style: normal; text-align: center;\"><span style=\"font-size: 25px; font-weight: bold;\">Integrace slu\u017eby Eventbrite<\/span><\/h3><p style=\"font-size: 16px; font-style: normal; font-weight: 400; color: #4d4d4d; text-align: center;\">Automatick\u00e9 p\u0159id\u00e1v\u00e1n\u00ed ud\u00e1lost\u00ed vytvo\u0159en\u00fdch v aplikaci FooEvents do \u00fa\u010dtu Eventbrite nebo import ud\u00e1lost\u00ed vytvo\u0159en\u00fdch v aplikaci Eventbrite do aplikace FooEvents.<\/p><p style=\"font-size: 16px; font-style: normal; font-weight: 400; color: #4d4d4d; text-align: center;\"><span style=\"font-size: 16px; font-weight: bold;\"><span style=\"font-size: 16px; text-decoration-line: underline;\"><a href=\"https:\/\/help.fooevents.com\/docs\/topics\/events\/global-settings\/#integration\" rel=\"nofollow noopener\" target=\"_blank\">Zjist\u011bte v\u00edce \u2192<\/a><\/span><\/span><\/p><h3 style=\"text-align: center;\"><span style=\"font-size: 25px; font-weight: bold;\">Integrace p\u0159edplatn\u00e9ho WooCommerce<\/span><\/h3><p style=\"font-size: 16px; font-style: normal; font-weight: 400; color: #4d4d4d; text-align: center;\">FooEvents je pln\u011b kompatibiln\u00ed s p\u0159edplatn\u00fdm WooCommerce a je mo\u017en\u00e9 zabr\u00e1nit vytv\u00e1\u0159en\u00ed nov\u00fdch tip\u016f p\u0159i ka\u017ed\u00e9m obnoven\u00ed p\u0159edplatn\u00e9ho.\u00a0<span style=\"font-size: 16px; font-style: normal; font-weight: 400; color: var( --e-global-color-text ); font-family: var( --e-global-typography-text-font-family ), Sans-serif;\">prost\u0159ednictv\u00edm nastaven\u00ed<\/span><span style=\"font-size: 16px; font-style: normal; font-weight: 400; font-family: var( --e-global-typography-text-font-family ), Sans-serif;\">.<\/span><\/p><p style=\"font-size: 16px; font-style: normal; font-weight: 400; color: #4d4d4d; text-align: center;\"><span style=\"font-size: 16px; font-weight: bold;\"><span style=\"font-size: 16px; text-decoration-line: underline;\"><a style=\"font-size: 16px;\" href=\"https:\/\/help.fooevents.com\/docs\/topics\/events\/global-settings\/#integration\" rel=\"nofollow noopener\" target=\"_blank\">Zjist\u011bte v\u00edce \u2192<\/a><\/span><\/span><\/p><h3 style=\"text-align: center;\"><strong>Obl\u00edben\u00e9 z\u00e1suvn\u00e9 moduly t\u0159et\u00edch stran<\/strong><\/h3><p style=\"text-align: center;\">FooEvents je kompatibiln\u00ed s tis\u00edci z\u00e1suvn\u00fdmi moduly WordPress a WooCommerce. Nav\u0161tivte na\u0161e Centrum n\u00e1pov\u011bdy a prohl\u00e9dn\u011bte si n\u011bkter\u00e9 z nejobl\u00edben\u011bj\u0161\u00edch z\u00e1suvn\u00fdch modul\u016f pou\u017e\u00edvan\u00fdch s FooEvents.<\/p><p style=\"text-align: center;\"><strong><span style=\"text-decoration: underline;\"><a href=\"https:\/\/help.fooevents.com\/docs\/topics\/third-party-integration\/\" rel=\"nofollow noopener\" target=\"_blank\">Viz z\u00e1suvn\u00e9 moduly \u2192<\/a><\/span><\/strong><\/p><h3 style=\"font-size: 1.66667rem; font-style: normal; text-align: center;\"><span style=\"font-weight: bold; font-size: 1.5625rem;\">FooSales POS<\/span><\/h3><p style=\"font-size: 15px; font-style: normal; font-weight: 400; text-align: center;\">FooSales je zabezpe\u010den\u00fd syst\u00e9m pro prodejn\u00ed m\u00edsta (POS) pro WooCommerce, kter\u00fd prom\u011bn\u00ed jak\u00fdkoli po\u010d\u00edta\u010d, iPad nebo tablet Android v pokladnu a usnadn\u00ed prodej va\u0161ich produkt\u016f a provoz va\u0161eho podniku odkudkoli na sv\u011bt\u011b.<\/p><p style=\"font-size: 15px; font-style: normal; font-weight: 400; text-align: center;\"><span style=\"font-weight: bold;\"><span style=\"text-decoration-line: underline;\"><a title=\"FooSales WooCommerce POS\" href=\"https:\/\/www.foosales.com\/\" target=\"_blank\" rel=\"noopener\">Zjist\u011bte v\u00edce \u2192<\/a><\/span><\/span><\/p>\t\t\t\t\t\t\t\t<\/div>\n\t\t\t\t<\/div>\n\t\t\t\t\t<\/div>\n\t\t<\/div>\n\t\t\t\t<div class=\"elementor-column elementor-col-16 elementor-top-column elementor-element elementor-element-28189073\" data-id=\"28189073\" data-element_type=\"column\" data-e-type=\"column\">\n\t\t\t<div class=\"elementor-widget-wrap\">\n\t\t\t\t\t\t\t<\/div>\n\t\t<\/div>\n\t\t\t\t\t<\/div>\n\t\t<\/section>\n\t\t\t\t<section class=\"elementor-section elementor-top-section elementor-element elementor-element-37a06617 elementor-section-boxed elementor-section-height-default elementor-section-height-default\" data-id=\"37a06617\" data-element_type=\"section\" data-e-type=\"section\">\n\t\t\t\t\t\t<div class=\"elementor-container elementor-column-gap-default\">\n\t\t\t\t\t<div class=\"elementor-column elementor-col-100 elementor-top-column elementor-element elementor-element-6419547d\" data-id=\"6419547d\" data-element_type=\"column\" data-e-type=\"column\">\n\t\t\t<div class=\"elementor-widget-wrap elementor-element-populated\">\n\t\t\t\t\t\t<div class=\"elementor-element elementor-element-4290cee0 elementor-widget__width-auto nav-link elementor-widget elementor-widget-text-editor\" data-id=\"4290cee0\" data-element_type=\"widget\" data-e-type=\"widget\" data-widget_type=\"text-editor.default\">\n\t\t\t\t<div class=\"elementor-widget-container\">\n\t\t\t\t\t\t\t\t\t<a href=\"https:\/\/www.fooevents.com\/cs\/funkce\/postrehy\/\">\u2190 Post\u0159ehy<\/a> - <a href=\"https:\/\/www.fooevents.com\/cs\/funkce\/nabidka\/\">P\u0159ekvapen\u00ed \u2192<\/a>\t\t\t\t\t\t\t\t<\/div>\n\t\t\t\t<\/div>\n\t\t\t\t\t<\/div>\n\t\t<\/div>\n\t\t\t\t\t<\/div>\n\t\t<\/section>\n\t\t\t\t<\/div>","protected":false},"excerpt":{"rendered":"<p>S ostatn\u00edmi si p\u011bkn\u011b hrajeme! Proto\u017ee FooEvents je z\u00e1suvn\u00fd modul WooCommerce, m\u016f\u017eete vyu\u017e\u00edvat tis\u00edce z\u00e1suvn\u00fdch modul\u016f a slu\u017eeb WordPress a WooCommerce, kter\u00e9 roz\u0161i\u0159uj\u00ed funk\u010dnost va\u0161ich webov\u00fdch str\u00e1nek a bez probl\u00e9m\u016f spolupracuj\u00ed s FooEvents.<\/p>","protected":false},"author":1,"featured_media":0,"parent":31686,"menu_order":0,"comment_status":"closed","ping_status":"closed","template":"","meta":{"site-sidebar-layout":"no-sidebar","site-content-layout":"page-builder","ast-site-content-layout":"default","site-content-style":"default","site-sidebar-style":"default","ast-global-header-display":"","ast-banner-title-visibility":"","ast-main-header-display":"","ast-hfb-above-header-display":"","ast-hfb-below-header-display":"","ast-hfb-mobile-header-display":"","site-post-title":"disabled","ast-breadcrumbs-content":"","ast-featured-img":"disabled","footer-sml-layout":"","ast-disable-related-posts":"","theme-transparent-header-meta":"default","adv-header-id-meta":"","stick-header-meta":"default","header-above-stick-meta":"","header-main-stick-meta":"","header-below-stick-meta":"","astra-migrate-meta-layouts":"default","ast-page-background-enabled":"default","ast-page-background-meta":{"desktop":{"background-color":"var(--ast-global-color-4)","background-image":"","background-repeat":"repeat","background-position":"center center","background-size":"auto","background-attachment":"scroll","background-type":"","background-media":"","overlay-type":"","overlay-color":"","overlay-opacity":"","overlay-gradient":""},"tablet":{"background-color":"","background-image":"","background-repeat":"repeat","background-position":"center center","background-size":"auto","background-attachment":"scroll","background-type":"","background-media":"","overlay-type":"","overlay-color":"","overlay-opacity":"","overlay-gradient":""},"mobile":{"background-color":"","background-image":"","background-repeat":"repeat","background-position":"center center","background-size":"auto","background-attachment":"scroll","background-type":"","background-media":"","overlay-type":"","overlay-color":"","overlay-opacity":"","overlay-gradient":""}},"ast-content-background-meta":{"desktop":{"background-color":"var(--ast-global-color-5)","background-image":"","background-repeat":"repeat","background-position":"center center","background-size":"auto","background-attachment":"scroll","background-type":"","background-media":"","overlay-type":"","overlay-color":"","overlay-opacity":"","overlay-gradient":""},"tablet":{"background-color":"var(--ast-global-color-5)","background-image":"","background-repeat":"repeat","background-position":"center center","background-size":"auto","background-attachment":"scroll","background-type":"","background-media":"","overlay-type":"","overlay-color":"","overlay-opacity":"","overlay-gradient":""},"mobile":{"background-color":"var(--ast-global-color-5)","background-image":"","background-repeat":"repeat","background-position":"center center","background-size":"auto","background-attachment":"scroll","background-type":"","background-media":"","overlay-type":"","overlay-color":"","overlay-opacity":"","overlay-gradient":""}},"footnotes":""},"class_list":["post-134636","page","type-page","status-publish","hentry"],"_links":{"self":[{"href":"https:\/\/www.fooevents.com\/cs\/wp-json\/wp\/v2\/pages\/134636","targetHints":{"allow":["GET"]}}],"collection":[{"href":"https:\/\/www.fooevents.com\/cs\/wp-json\/wp\/v2\/pages"}],"about":[{"href":"https:\/\/www.fooevents.com\/cs\/wp-json\/wp\/v2\/types\/page"}],"author":[{"embeddable":true,"href":"https:\/\/www.fooevents.com\/cs\/wp-json\/wp\/v2\/users\/1"}],"replies":[{"embeddable":true,"href":"https:\/\/www.fooevents.com\/cs\/wp-json\/wp\/v2\/comments?post=134636"}],"version-history":[{"count":3,"href":"https:\/\/www.fooevents.com\/cs\/wp-json\/wp\/v2\/pages\/134636\/revisions"}],"predecessor-version":[{"id":206382,"href":"https:\/\/www.fooevents.com\/cs\/wp-json\/wp\/v2\/pages\/134636\/revisions\/206382"}],"up":[{"embeddable":true,"href":"https:\/\/www.fooevents.com\/cs\/wp-json\/wp\/v2\/pages\/31686"}],"wp:attachment":[{"href":"https:\/\/www.fooevents.com\/cs\/wp-json\/wp\/v2\/media?parent=134636"}],"curies":[{"name":"wp","href":"https:\/\/api.w.org\/{rel}","templated":true}]}}