{"id":10622,"date":"2017-08-03T09:34:58","date_gmt":"2017-08-03T07:34:58","guid":{"rendered":"https:\/\/www.fooevents.com\/?post_type=product&#038;p=10622"},"modified":"2026-03-16T03:29:19","modified_gmt":"2026-03-16T10:29:19","slug":"fooevents-pro-bundle","status":"publish","type":"product","link":"https:\/\/www.fooevents.com\/cs\/product\/fooevents-pro-bundle\/","title":{"rendered":"FooEvents Pro Bundle (licence: Single)"},"content":{"rendered":"<p>Z\u00edskejte v\u00fdhodn\u00fd bal\u00ed\u010dek FooEvents Pro, kter\u00fd obsahuje FooEvents pro WooCommerce, FooEvents Vlastn\u00ed pole \u00fa\u010dastn\u00edk\u016f, FooEvents Kalend\u00e1\u0159 a FooEvents V\u00edcedenn\u00ed ud\u00e1losti.<\/p>\n<h3>Sou\u010d\u00e1st\u00ed n\u00e1kupu je:<\/h3>\n<p>Soubory z\u00e1suvn\u00fdch modul\u016f ke sta\u017een\u00ed, 12m\u011bs\u00ed\u010dn\u00ed pr\u00e9miov\u00e1 podpora, 12m\u011bs\u00ed\u010dn\u00ed aktualizace z\u00e1suvn\u00fdch modul\u016f, u\u017eivatelsky p\u0159\u00edv\u011btiv\u00e1 dokumentace.<\/p>","protected":false},"excerpt":{"rendered":"<p>Get a great deal on the FooEvents Pro bundle which includes FooEvents for WooCommerce, FooEvents Custom Attendee Fields, FooEvents Calendar and FooEvents Multi-day Events. Included in your purchase: Downloadable plugin files, 12 Months premium support, 12 Months plugin updates, User-friendly documentation.<\/p>","protected":false},"featured_media":130668,"template":"","meta":{"site-sidebar-layout":"default","site-content-layout":"default","ast-site-content-layout":"default","site-content-style":"default","site-sidebar-style":"default","ast-global-header-display":"","ast-banner-title-visibility":"","ast-main-header-display":"","ast-hfb-above-header-display":"","ast-hfb-below-header-display":"","ast-hfb-mobile-header-display":"","site-post-title":"","ast-breadcrumbs-content":"","ast-featured-img":"","footer-sml-layout":"","ast-disable-related-posts":"","theme-transparent-header-meta":"default","adv-header-id-meta":"","stick-header-meta":"default","header-above-stick-meta":"","header-main-stick-meta":"","header-below-stick-meta":"","astra-migrate-meta-layouts":"set","ast-page-background-enabled":"default","ast-page-background-meta":{"desktop":{"background-color":"var(--ast-global-color-4)","background-image":"","background-repeat":"repeat","background-position":"center center","background-size":"auto","background-attachment":"scroll","background-type":"","background-media":"","overlay-type":"","overlay-color":"","overlay-opacity":"","overlay-gradient":""},"tablet":{"background-color":"","background-image":"","background-repeat":"repeat","background-position":"center center","background-size":"auto","background-attachment":"scroll","background-type":"","background-media":"","overlay-type":"","overlay-color":"","overlay-opacity":"","overlay-gradient":""},"mobile":{"background-color":"","background-image":"","background-repeat":"repeat","background-position":"center center","background-size":"auto","background-attachment":"scroll","background-type":"","background-media":"","overlay-type":"","overlay-color":"","overlay-opacity":"","overlay-gradient":""}},"ast-content-background-meta":{"desktop":{"background-color":"var(--ast-global-color-5)","background-image":"","background-repeat":"repeat","background-position":"center center","background-size":"auto","background-attachment":"scroll","background-type":"","background-media":"","overlay-type":"","overlay-color":"","overlay-opacity":"","overlay-gradient":""},"tablet":{"background-color":"var(--ast-global-color-5)","background-image":"","background-repeat":"repeat","background-position":"center center","background-size":"auto","background-attachment":"scroll","background-type":"","background-media":"","overlay-type":"","overlay-color":"","overlay-opacity":"","overlay-gradient":""},"mobile":{"background-color":"var(--ast-global-color-5)","background-image":"","background-repeat":"repeat","background-position":"center center","background-size":"auto","background-attachment":"scroll","background-type":"","background-media":"","overlay-type":"","overlay-color":"","overlay-opacity":"","overlay-gradient":""}}},"product_brand":[],"product_cat":[11,46,58,28],"product_tag":[],"class_list":{"0":"post-10622","1":"product","2":"type-product","3":"status-publish","4":"has-post-thumbnail","6":"product_cat-wordpress","7":"product_cat-bundle","8":"product_cat-license-single","9":"product_cat-primary","10":"desktop-align-left","11":"tablet-align-left","12":"mobile-align-left","13":"ast-product-gallery-layout-horizontal-slider","14":"ast-product-gallery-with-no-image","15":"ast-magnify-disabled","16":"ast-product-tabs-layout-horizontal","18":"first","19":"instock","20":"downloadable","21":"virtual","22":"taxable","23":"purchasable","24":"product-type-subscription"},"_links":{"self":[{"href":"https:\/\/www.fooevents.com\/cs\/wp-json\/wp\/v2\/product\/10622","targetHints":{"allow":["GET"]}}],"collection":[{"href":"https:\/\/www.fooevents.com\/cs\/wp-json\/wp\/v2\/product"}],"about":[{"href":"https:\/\/www.fooevents.com\/cs\/wp-json\/wp\/v2\/types\/product"}],"wp:featuredmedia":[{"embeddable":true,"href":"https:\/\/www.fooevents.com\/cs\/wp-json\/wp\/v2\/media\/130668"}],"wp:attachment":[{"href":"https:\/\/www.fooevents.com\/cs\/wp-json\/wp\/v2\/media?parent=10622"}],"wp:term":[{"taxonomy":"product_brand","embeddable":true,"href":"https:\/\/www.fooevents.com\/cs\/wp-json\/wp\/v2\/product_brand?post=10622"},{"taxonomy":"product_cat","embeddable":true,"href":"https:\/\/www.fooevents.com\/cs\/wp-json\/wp\/v2\/product_cat?post=10622"},{"taxonomy":"product_tag","embeddable":true,"href":"https:\/\/www.fooevents.com\/cs\/wp-json\/wp\/v2\/product_tag?post=10622"}],"curies":[{"name":"wp","href":"https:\/\/api.w.org\/{rel}","templated":true}]}}