{"id":133238,"date":"2020-10-20T06:02:21","date_gmt":"2020-10-20T12:02:21","guid":{"rendered":"https:\/\/www.fooevents.com\/?post_type=product&#038;p=133238"},"modified":"2026-03-09T03:45:14","modified_gmt":"2026-03-09T10:45:14","slug":"fooevents-rezervace-licence-single","status":"publish","type":"product","link":"https:\/\/www.fooevents.com\/cs\/product\/fooevents-bookings-license-single\/","title":{"rendered":"Rezervace FooEvents (licence: Single)"},"content":{"rendered":"<p>Prodej p\u0159\u00edstupu k rezervovateln\u00fdm ud\u00e1lostem, m\u00edst\u016fm, kurz\u016fm a slu\u017eb\u00e1m. Nechte sv\u00e9 z\u00e1kazn\u00edky zkontrolovat dostupnost na sv\u00fdch webov\u00fdch str\u00e1nk\u00e1ch a rezervovat si m\u00edsto. \u017d\u00e1dn\u00e9 telefon\u00e1ty ani e-maily, 100% samoobsluha.<\/p>\n<h3>Sou\u010d\u00e1st\u00ed n\u00e1kupu je:<\/h3>\n<ul>\n<li>Z\u00e1suvn\u00fd modul FooEvents pro WooCommerce ke sta\u017een\u00ed,<\/li>\n<li>12 m\u011bs\u00edc\u016f pr\u00e9miov\u00e9 podpory,<\/li>\n<li>12 m\u011bs\u00edc\u016f aktualizace z\u00e1suvn\u00fdch modul\u016f,<\/li>\n<li>Zdarma\u00a0<a href=\"https:\/\/www.fooevents.com\/cs\/aplikace\/\" target=\"_blank\" rel=\"noopener noreferrer\">iOS<\/a> &amp; <a href=\"https:\/\/www.fooevents.com\/cs\/aplikace\/\" target=\"_blank\" rel=\"noopener noreferrer\">Android<\/a> aplikace pro odbaven\u00ed,<\/li>\n<li>U\u017eivatelsky p\u0159\u00edv\u011btiv\u00e1 dokumentace.<\/li>\n<\/ul>","protected":false},"excerpt":{"rendered":"<p>1.0.0<\/p>\n<p>Prvn\u00ed vyd\u00e1n\u00ed<\/p>","protected":false},"featured_media":133460,"template":"","meta":{"site-sidebar-layout":"default","site-content-layout":"default","ast-site-content-layout":"default","site-content-style":"default","site-sidebar-style":"default","ast-global-header-display":"","ast-banner-title-visibility":"","ast-main-header-display":"","ast-hfb-above-header-display":"","ast-hfb-below-header-display":"","ast-hfb-mobile-header-display":"","site-post-title":"","ast-breadcrumbs-content":"","ast-featured-img":"","footer-sml-layout":"","ast-disable-related-posts":"","theme-transparent-header-meta":"default","adv-header-id-meta":"","stick-header-meta":"default","header-above-stick-meta":"","header-main-stick-meta":"","header-below-stick-meta":"","astra-migrate-meta-layouts":"set","ast-page-background-enabled":"default","ast-page-background-meta":{"desktop":{"background-color":"var(--ast-global-color-4)","background-image":"","background-repeat":"repeat","background-position":"center center","background-size":"auto","background-attachment":"scroll","background-type":"","background-media":"","overlay-type":"","overlay-color":"","overlay-opacity":"","overlay-gradient":""},"tablet":{"background-color":"","background-image":"","background-repeat":"repeat","background-position":"center center","background-size":"auto","background-attachment":"scroll","background-type":"","background-media":"","overlay-type":"","overlay-color":"","overlay-opacity":"","overlay-gradient":""},"mobile":{"background-color":"","background-image":"","background-repeat":"repeat","background-position":"center center","background-size":"auto","background-attachment":"scroll","background-type":"","background-media":"","overlay-type":"","overlay-color":"","overlay-opacity":"","overlay-gradient":""}},"ast-content-background-meta":{"desktop":{"background-color":"var(--ast-global-color-5)","background-image":"","background-repeat":"repeat","background-position":"center center","background-size":"auto","background-attachment":"scroll","background-type":"","background-media":"","overlay-type":"","overlay-color":"","overlay-opacity":"","overlay-gradient":""},"tablet":{"background-color":"var(--ast-global-color-5)","background-image":"","background-repeat":"repeat","background-position":"center center","background-size":"auto","background-attachment":"scroll","background-type":"","background-media":"","overlay-type":"","overlay-color":"","overlay-opacity":"","overlay-gradient":""},"mobile":{"background-color":"var(--ast-global-color-5)","background-image":"","background-repeat":"repeat","background-position":"center center","background-size":"auto","background-attachment":"scroll","background-type":"","background-media":"","overlay-type":"","overlay-color":"","overlay-opacity":"","overlay-gradient":""}}},"product_brand":[],"product_cat":[58,292,45],"product_tag":[],"class_list":{"0":"post-133238","1":"product","2":"type-product","3":"status-publish","4":"has-post-thumbnail","6":"product_cat-license-single","7":"product_cat-bookings","8":"product_cat-plugins","9":"desktop-align-left","10":"tablet-align-left","11":"mobile-align-left","12":"ast-product-gallery-layout-horizontal-slider","13":"ast-product-gallery-with-no-image","14":"ast-magnify-disabled","15":"ast-product-tabs-layout-horizontal","17":"first","18":"instock","19":"featured","20":"downloadable","21":"virtual","22":"taxable","23":"purchasable","24":"product-type-subscription"},"_links":{"self":[{"href":"https:\/\/www.fooevents.com\/cs\/wp-json\/wp\/v2\/product\/133238","targetHints":{"allow":["GET"]}}],"collection":[{"href":"https:\/\/www.fooevents.com\/cs\/wp-json\/wp\/v2\/product"}],"about":[{"href":"https:\/\/www.fooevents.com\/cs\/wp-json\/wp\/v2\/types\/product"}],"wp:featuredmedia":[{"embeddable":true,"href":"https:\/\/www.fooevents.com\/cs\/wp-json\/wp\/v2\/media\/133460"}],"wp:attachment":[{"href":"https:\/\/www.fooevents.com\/cs\/wp-json\/wp\/v2\/media?parent=133238"}],"wp:term":[{"taxonomy":"product_brand","embeddable":true,"href":"https:\/\/www.fooevents.com\/cs\/wp-json\/wp\/v2\/product_brand?post=133238"},{"taxonomy":"product_cat","embeddable":true,"href":"https:\/\/www.fooevents.com\/cs\/wp-json\/wp\/v2\/product_cat?post=133238"},{"taxonomy":"product_tag","embeddable":true,"href":"https:\/\/www.fooevents.com\/cs\/wp-json\/wp\/v2\/product_tag?post=133238"}],"curies":[{"name":"wp","href":"https:\/\/api.w.org\/{rel}","templated":true}]}}