{"id":134051,"date":"2020-11-03T13:15:46","date_gmt":"2020-11-03T20:15:46","guid":{"rendered":"https:\/\/www.fooevents.com\/?post_type=product&#038;p=134051"},"modified":"2025-05-07T06:43:08","modified_gmt":"2025-05-07T13:43:08","slug":"vychozi-nasobne-pdf","status":"publish","type":"product","link":"https:\/\/www.fooevents.com\/cs\/product\/default-pdf-multiple\/","title":{"rendered":"V\u00fdchoz\u00ed PDF v\u00edce"},"content":{"rendered":"","protected":false},"excerpt":{"rendered":"<p><a class=\"button color-preview\" href=\"http:\/\/demo.fooevents.com\/ticket-themes\/default_pdf_multiple\/default-pdf-multiple-preview.pdf\" target=\"_blank\" rel=\"noopener noreferrer\">\u017div\u00fd n\u00e1hled<\/a><\/p>\n<p>Na str\u00e1nk\u00e1ch <strong>V\u00fdchoz\u00ed t\u00e9ma v\u00edcen\u00e1sobn\u00e9ho tipu PDF<\/strong> can be used as a template to customize the appearance of your FooEvents PDF email and downloadable tickets.<\/p>\n<p>Chcete-li pou\u017e\u00edt toto t\u00e9ma, jednodu\u0161e jej p\u0159idejte do ko\u0161\u00edku a dokon\u010dete proces objedn\u00e1vky. Nebojte se, je zdarma a nen\u00ed vy\u017eadov\u00e1na \u017e\u00e1dn\u00e1 platba. Jakmile bude objedn\u00e1vka dokon\u010dena, bude t\u00e9ma k dispozici ve va\u0161em <a href=\"https:\/\/www.fooevents.com\/cs\/muj-ucet\/ke-stazeni-2\/\">Ke sta\u017een\u00ed na<\/a> sekce. Po sta\u017een\u00ed na plochu p\u0159ejd\u011bte na str\u00e1nku <strong>FooEvents<\/strong> &gt; <strong>Vstupenky<\/strong> &gt; <strong>T\u00e9mata vstupenek<\/strong> ve va\u0161em <strong>Oblast administrace WordPress<\/strong>. Nahrajte soubor ZIP t\u00e9matu a budete jej moci p\u0159i\u0159adit k jak\u00e9koli ud\u00e1losti.<\/p>\n<p><em>Pozn\u00e1mka: Toto nen\u00ed t\u00e9ma WordPress. Motivy vstupenek FooEvents jsou speci\u00e1ln\u011b navr\u017eeny pro stylov\u00e1n\u00ed vstupenek FooEvents a nelze je pou\u017e\u00edt pro obecn\u00e9 tematizov\u00e1n\u00ed str\u00e1nek WordPress.<\/em><\/p>","protected":false},"featured_media":134053,"template":"","meta":{"site-sidebar-layout":"default","site-content-layout":"default","ast-site-content-layout":"default","site-content-style":"default","site-sidebar-style":"default","ast-global-header-display":"","ast-banner-title-visibility":"","ast-main-header-display":"","ast-hfb-above-header-display":"","ast-hfb-below-header-display":"","ast-hfb-mobile-header-display":"","site-post-title":"","ast-breadcrumbs-content":"","ast-featured-img":"","footer-sml-layout":"","ast-disable-related-posts":"","theme-transparent-header-meta":"default","adv-header-id-meta":"","stick-header-meta":"default","header-above-stick-meta":"","header-main-stick-meta":"","header-below-stick-meta":"","astra-migrate-meta-layouts":"set","ast-page-background-enabled":"default","ast-page-background-meta":{"desktop":{"background-color":"var(--ast-global-color-4)","background-image":"","background-repeat":"repeat","background-position":"center center","background-size":"auto","background-attachment":"scroll","background-type":"","background-media":"","overlay-type":"","overlay-color":"","overlay-opacity":"","overlay-gradient":""},"tablet":{"background-color":"","background-image":"","background-repeat":"repeat","background-position":"center center","background-size":"auto","background-attachment":"scroll","background-type":"","background-media":"","overlay-type":"","overlay-color":"","overlay-opacity":"","overlay-gradient":""},"mobile":{"background-color":"","background-image":"","background-repeat":"repeat","background-position":"center center","background-size":"auto","background-attachment":"scroll","background-type":"","background-media":"","overlay-type":"","overlay-color":"","overlay-opacity":"","overlay-gradient":""}},"ast-content-background-meta":{"desktop":{"background-color":"var(--ast-global-color-5)","background-image":"","background-repeat":"repeat","background-position":"center center","background-size":"auto","background-attachment":"scroll","background-type":"","background-media":"","overlay-type":"","overlay-color":"","overlay-opacity":"","overlay-gradient":""},"tablet":{"background-color":"var(--ast-global-color-5)","background-image":"","background-repeat":"repeat","background-position":"center center","background-size":"auto","background-attachment":"scroll","background-type":"","background-media":"","overlay-type":"","overlay-color":"","overlay-opacity":"","overlay-gradient":""},"mobile":{"background-color":"var(--ast-global-color-5)","background-image":"","background-repeat":"repeat","background-position":"center center","background-size":"auto","background-attachment":"scroll","background-type":"","background-media":"","overlay-type":"","overlay-color":"","overlay-opacity":"","overlay-gradient":""}}},"product_brand":[],"product_cat":[44],"product_tag":[],"class_list":{"0":"post-134051","1":"product","2":"type-product","3":"status-publish","4":"has-post-thumbnail","6":"product_cat-ticket-themes","7":"desktop-align-left","8":"tablet-align-left","9":"mobile-align-left","10":"ast-product-gallery-layout-horizontal-slider","11":"ast-product-gallery-with-no-image","12":"ast-magnify-disabled","13":"ast-product-tabs-layout-horizontal","15":"first","16":"instock","17":"downloadable","18":"virtual","19":"taxable","20":"purchasable","21":"product-type-simple"},"_links":{"self":[{"href":"https:\/\/www.fooevents.com\/cs\/wp-json\/wp\/v2\/product\/134051","targetHints":{"allow":["GET"]}}],"collection":[{"href":"https:\/\/www.fooevents.com\/cs\/wp-json\/wp\/v2\/product"}],"about":[{"href":"https:\/\/www.fooevents.com\/cs\/wp-json\/wp\/v2\/types\/product"}],"wp:featuredmedia":[{"embeddable":true,"href":"https:\/\/www.fooevents.com\/cs\/wp-json\/wp\/v2\/media\/134053"}],"wp:attachment":[{"href":"https:\/\/www.fooevents.com\/cs\/wp-json\/wp\/v2\/media?parent=134051"}],"wp:term":[{"taxonomy":"product_brand","embeddable":true,"href":"https:\/\/www.fooevents.com\/cs\/wp-json\/wp\/v2\/product_brand?post=134051"},{"taxonomy":"product_cat","embeddable":true,"href":"https:\/\/www.fooevents.com\/cs\/wp-json\/wp\/v2\/product_cat?post=134051"},{"taxonomy":"product_tag","embeddable":true,"href":"https:\/\/www.fooevents.com\/cs\/wp-json\/wp\/v2\/product_tag?post=134051"}],"curies":[{"name":"wp","href":"https:\/\/api.w.org\/{rel}","templated":true}]}}