{"id":174826,"date":"2023-08-08T02:58:33","date_gmt":"2023-08-08T09:58:33","guid":{"rendered":"https:\/\/www.fooevents.com\/?post_type=product&#038;p=174826"},"modified":"2026-03-11T04:22:27","modified_gmt":"2026-03-11T11:22:27","slug":"tema-uctenky","status":"publish","type":"product","link":"https:\/\/www.fooevents.com\/cs\/product\/receipt-ticket-theme\/","title":{"rendered":"T\u00e9ma \u00fa\u010dtenky Ticket"},"content":{"rendered":"","protected":false},"excerpt":{"rendered":"<p><strong><a class=\"\" href=\"https:\/\/demo.fooevents.com\/ticket-themes\/receipt\/\" target=\"_blank\" rel=\"noopener noreferrer\"> <u>N\u00e1hled vstupenky HTML<\/u><\/a><\/strong> | <strong><a class=\"\" href=\"https:\/\/help.fooevents.com\/docs\/topics\/changelogs\/ticket-themes\/\" target=\"_blank\" rel=\"noopener noreferrer\"><u>Seznam zm\u011bn<\/u><\/a><\/strong><\/p>\n<h4><strong>Download for free!<\/strong><\/h4>\n<p>&nbsp;<\/p>\n<p>Motiv \u00fa\u010dtenky je navr\u017een speci\u00e1ln\u011b pro p\u0159izp\u016fsoben\u00ed vzhledu va\u0161eho \u00fa\u010dtu. <a href=\"https:\/\/www.fooevents.com\/cs\/produkty\/fooevents-pos\/\">FooEvents POS<\/a> p\u0159\u00edjmy. Poskytuje zjednodu\u0161enou \u0161ablonu pro p\u0159izp\u016fsoben\u00ed \u00fa\u010dtenek stylu va\u0161\u00ed zna\u010dky v r\u00e1mci syst\u00e9mu FooEvents POS.<\/p>\n<p>Chcete-li pou\u017e\u00edt toto t\u00e9ma, jednodu\u0161e jej p\u0159idejte do ko\u0161\u00edku a dokon\u010dete proces objedn\u00e1vky. Nebojte se, je zdarma a nen\u00ed vy\u017eadov\u00e1na \u017e\u00e1dn\u00e1 platba. Jakmile bude objedn\u00e1vka dokon\u010dena, bude t\u00e9ma k dispozici ve va\u0161em <a href=\"https:\/\/www.fooevents.com\/cs\/muj-ucet\/ke-stazeni-2\/\">Ke sta\u017een\u00ed na<\/a> sekce. Po sta\u017een\u00ed na plochu p\u0159ejd\u011bte na str\u00e1nku <strong>FooEvents<\/strong> &gt; <strong>Vstupenky<\/strong> &gt; <strong>T\u00e9mata vstupenek<\/strong> ve va\u0161em <strong>Oblast administrace WordPress<\/strong>. Nahrajte soubor ZIP t\u00e9matu a budete jej moci p\u0159i\u0159adit k jak\u00e9koli ud\u00e1losti.<\/p>\n<p><em>Pozn\u00e1mka: Toto nen\u00ed t\u00e9ma WordPress. Motivy vstupenek FooEvents jsou speci\u00e1ln\u011b navr\u017eeny pro stylov\u00e1n\u00ed vstupenek FooEvents a nelze je pou\u017e\u00edt pro obecn\u00e9 tematizov\u00e1n\u00ed str\u00e1nek WordPress.<\/em><\/p>","protected":false},"featured_media":189817,"template":"","meta":{"site-sidebar-layout":"default","site-content-layout":"default","ast-site-content-layout":"default","site-content-style":"default","site-sidebar-style":"default","ast-global-header-display":"","ast-banner-title-visibility":"","ast-main-header-display":"","ast-hfb-above-header-display":"","ast-hfb-below-header-display":"","ast-hfb-mobile-header-display":"","site-post-title":"","ast-breadcrumbs-content":"","ast-featured-img":"","footer-sml-layout":"","ast-disable-related-posts":"","theme-transparent-header-meta":"default","adv-header-id-meta":"","stick-header-meta":"default","header-above-stick-meta":"","header-main-stick-meta":"","header-below-stick-meta":"","astra-migrate-meta-layouts":"set","ast-page-background-enabled":"default","ast-page-background-meta":{"desktop":{"background-color":"var(--ast-global-color-4)","background-image":"","background-repeat":"repeat","background-position":"center center","background-size":"auto","background-attachment":"scroll","background-type":"","background-media":"","overlay-type":"","overlay-color":"","overlay-opacity":"","overlay-gradient":""},"tablet":{"background-color":"","background-image":"","background-repeat":"repeat","background-position":"center center","background-size":"auto","background-attachment":"scroll","background-type":"","background-media":"","overlay-type":"","overlay-color":"","overlay-opacity":"","overlay-gradient":""},"mobile":{"background-color":"","background-image":"","background-repeat":"repeat","background-position":"center center","background-size":"auto","background-attachment":"scroll","background-type":"","background-media":"","overlay-type":"","overlay-color":"","overlay-opacity":"","overlay-gradient":""}},"ast-content-background-meta":{"desktop":{"background-color":"var(--ast-global-color-5)","background-image":"","background-repeat":"repeat","background-position":"center center","background-size":"auto","background-attachment":"scroll","background-type":"","background-media":"","overlay-type":"","overlay-color":"","overlay-opacity":"","overlay-gradient":""},"tablet":{"background-color":"var(--ast-global-color-5)","background-image":"","background-repeat":"repeat","background-position":"center center","background-size":"auto","background-attachment":"scroll","background-type":"","background-media":"","overlay-type":"","overlay-color":"","overlay-opacity":"","overlay-gradient":""},"mobile":{"background-color":"var(--ast-global-color-5)","background-image":"","background-repeat":"repeat","background-position":"center center","background-size":"auto","background-attachment":"scroll","background-type":"","background-media":"","overlay-type":"","overlay-color":"","overlay-opacity":"","overlay-gradient":""}}},"product_brand":[],"product_cat":[44,466],"product_tag":[],"class_list":{"0":"post-174826","1":"product","2":"type-product","3":"status-publish","4":"has-post-thumbnail","6":"product_cat-ticket-themes","7":"product_cat-base-collection","8":"desktop-align-left","9":"tablet-align-left","10":"mobile-align-left","11":"ast-product-gallery-layout-horizontal-slider","12":"ast-product-gallery-with-no-image","13":"ast-magnify-disabled","14":"ast-product-tabs-layout-horizontal","16":"first","17":"instock","18":"downloadable","19":"virtual","20":"sold-individually","21":"taxable","22":"purchasable","23":"product-type-simple"},"_links":{"self":[{"href":"https:\/\/www.fooevents.com\/cs\/wp-json\/wp\/v2\/product\/174826","targetHints":{"allow":["GET"]}}],"collection":[{"href":"https:\/\/www.fooevents.com\/cs\/wp-json\/wp\/v2\/product"}],"about":[{"href":"https:\/\/www.fooevents.com\/cs\/wp-json\/wp\/v2\/types\/product"}],"wp:featuredmedia":[{"embeddable":true,"href":"https:\/\/www.fooevents.com\/cs\/wp-json\/wp\/v2\/media\/189817"}],"wp:attachment":[{"href":"https:\/\/www.fooevents.com\/cs\/wp-json\/wp\/v2\/media?parent=174826"}],"wp:term":[{"taxonomy":"product_brand","embeddable":true,"href":"https:\/\/www.fooevents.com\/cs\/wp-json\/wp\/v2\/product_brand?post=174826"},{"taxonomy":"product_cat","embeddable":true,"href":"https:\/\/www.fooevents.com\/cs\/wp-json\/wp\/v2\/product_cat?post=174826"},{"taxonomy":"product_tag","embeddable":true,"href":"https:\/\/www.fooevents.com\/cs\/wp-json\/wp\/v2\/product_tag?post=174826"}],"curies":[{"name":"wp","href":"https:\/\/api.w.org\/{rel}","templated":true}]}}