{"id":19130,"date":"2018-03-02T08:11:49","date_gmt":"2018-03-02T06:11:49","guid":{"rendered":"https:\/\/www.fooevents.com\/?post_type=product&#038;p=19130"},"modified":"2026-03-09T04:28:23","modified_gmt":"2026-03-09T11:28:23","slug":"fooevents-vicedenni-licence-pro-vice-domen","status":"publish","type":"product","link":"https:\/\/www.fooevents.com\/cs\/product\/fooevents-multi-day-license-multiple-domain\/","title":{"rendered":"FooEvents Multi-Day (Licence: v\u00edcedenn\u00ed)"},"content":{"rendered":"<p>Z\u00e1suvn\u00fd modul FooEvents Multi-day je roz\u0161\u00ed\u0159en\u00ed pro FooEvents, kter\u00e9 p\u0159id\u00e1v\u00e1 podporu pro ud\u00e1losti, kter\u00e9 prob\u00edhaj\u00ed v\u00edce dn\u00ed, jako jsou koncerty, konference a v\u00fdstavy. Tento dopln\u011bk mus\u00edte m\u00edt, pokud m\u00e1te ud\u00e1lost, kter\u00e1 prob\u00edh\u00e1 d\u00e9le ne\u017e jeden den, proto\u017ee nyn\u00ed m\u016f\u017eete prod\u00e1vat kombinovan\u00e9 vstupenky na v\u00edcedenn\u00ed ud\u00e1losti a m\u00edt v\u00edce odbaven\u00ed! Aktualizovali jsme tak\u00e9 n\u011bkter\u00e9 dal\u0161\u00ed obl\u00edben\u00e9 pluginy tak, aby byly kompatibiln\u00ed s pluginem Multi-day. Z\u00e1suvn\u00fd modul FooEvents Kalend\u00e1\u0159 nyn\u00ed zobrazuje ud\u00e1losti jako rozsah dat a z\u00e1suvn\u00fd modul FooEvents Express Check-in a aplikace FooEvents Check-in podporuj\u00ed v\u00edcedenn\u00ed check-iny.<\/p>\n<h3>Sou\u010d\u00e1st\u00ed n\u00e1kupu je:<\/h3>\n<p>Vlastn\u00ed pole pro \u00fa\u010dastn\u00edky FooEvents ke sta\u017een\u00ed,<br \/>\n12 m\u011bs\u00edc\u016f pr\u00e9miov\u00e9 podpory,<br \/>\n12 m\u011bs\u00edc\u016f aktualizace z\u00e1suvn\u00fdch modul\u016f,<br \/>\nU\u017eivatelsky p\u0159\u00edv\u011btiv\u00e1 dokumentace.<\/p>\n<p><strong>Pozn\u00e1mka: Nezahrnuje <a href=\"\/cs\/produkt\/plugin-fooevents\/\">FooEvents pro z\u00e1suvn\u00fd modul WooCommerce<\/a> (povinn\u00e9)\u00a0<\/strong><\/p>","protected":false},"excerpt":{"rendered":"<p>1.0.3<br \/>\n-DOPLN\u011aNO: Skript pro ozn\u00e1men\u00ed aktualizace z\u00e1suvn\u00e9ho modulu<\/p>\n<p>1.0.2<br \/>\n-Aktualizovan\u00e1 dokumentace<\/p>\n<p>1.0.1<br \/>\n-Ve\u0159ejn\u00e1 zpr\u00e1va<\/p>","protected":false},"featured_media":130669,"template":"","meta":{"site-sidebar-layout":"default","site-content-layout":"default","ast-site-content-layout":"default","site-content-style":"default","site-sidebar-style":"default","ast-global-header-display":"","ast-banner-title-visibility":"","ast-main-header-display":"","ast-hfb-above-header-display":"","ast-hfb-below-header-display":"","ast-hfb-mobile-header-display":"","site-post-title":"","ast-breadcrumbs-content":"","ast-featured-img":"","footer-sml-layout":"","ast-disable-related-posts":"","theme-transparent-header-meta":"default","adv-header-id-meta":"","stick-header-meta":"default","header-above-stick-meta":"","header-main-stick-meta":"","header-below-stick-meta":"","astra-migrate-meta-layouts":"set","ast-page-background-enabled":"default","ast-page-background-meta":{"desktop":{"background-color":"var(--ast-global-color-4)","background-image":"","background-repeat":"repeat","background-position":"center center","background-size":"auto","background-attachment":"scroll","background-type":"","background-media":"","overlay-type":"","overlay-color":"","overlay-opacity":"","overlay-gradient":""},"tablet":{"background-color":"","background-image":"","background-repeat":"repeat","background-position":"center center","background-size":"auto","background-attachment":"scroll","background-type":"","background-media":"","overlay-type":"","overlay-color":"","overlay-opacity":"","overlay-gradient":""},"mobile":{"background-color":"","background-image":"","background-repeat":"repeat","background-position":"center center","background-size":"auto","background-attachment":"scroll","background-type":"","background-media":"","overlay-type":"","overlay-color":"","overlay-opacity":"","overlay-gradient":""}},"ast-content-background-meta":{"desktop":{"background-color":"var(--ast-global-color-5)","background-image":"","background-repeat":"repeat","background-position":"center center","background-size":"auto","background-attachment":"scroll","background-type":"","background-media":"","overlay-type":"","overlay-color":"","overlay-opacity":"","overlay-gradient":""},"tablet":{"background-color":"var(--ast-global-color-5)","background-image":"","background-repeat":"repeat","background-position":"center center","background-size":"auto","background-attachment":"scroll","background-type":"","background-media":"","overlay-type":"","overlay-color":"","overlay-opacity":"","overlay-gradient":""},"mobile":{"background-color":"var(--ast-global-color-5)","background-image":"","background-repeat":"repeat","background-position":"center center","background-size":"auto","background-attachment":"scroll","background-type":"","background-media":"","overlay-type":"","overlay-color":"","overlay-opacity":"","overlay-gradient":""}}},"product_brand":[],"product_cat":[11,27,59,45],"product_tag":[],"class_list":{"0":"post-19130","1":"product","2":"type-product","3":"status-publish","4":"has-post-thumbnail","6":"product_cat-wordpress","7":"product_cat-extension","8":"product_cat-license-multiple","9":"product_cat-plugins","10":"desktop-align-left","11":"tablet-align-left","12":"mobile-align-left","13":"ast-product-gallery-layout-horizontal-slider","14":"ast-product-gallery-with-no-image","15":"ast-magnify-disabled","16":"ast-product-tabs-layout-horizontal","18":"first","19":"instock","20":"downloadable","21":"virtual","22":"taxable","23":"purchasable","24":"product-type-subscription"},"_links":{"self":[{"href":"https:\/\/www.fooevents.com\/cs\/wp-json\/wp\/v2\/product\/19130","targetHints":{"allow":["GET"]}}],"collection":[{"href":"https:\/\/www.fooevents.com\/cs\/wp-json\/wp\/v2\/product"}],"about":[{"href":"https:\/\/www.fooevents.com\/cs\/wp-json\/wp\/v2\/types\/product"}],"wp:featuredmedia":[{"embeddable":true,"href":"https:\/\/www.fooevents.com\/cs\/wp-json\/wp\/v2\/media\/130669"}],"wp:attachment":[{"href":"https:\/\/www.fooevents.com\/cs\/wp-json\/wp\/v2\/media?parent=19130"}],"wp:term":[{"taxonomy":"product_brand","embeddable":true,"href":"https:\/\/www.fooevents.com\/cs\/wp-json\/wp\/v2\/product_brand?post=19130"},{"taxonomy":"product_cat","embeddable":true,"href":"https:\/\/www.fooevents.com\/cs\/wp-json\/wp\/v2\/product_cat?post=19130"},{"taxonomy":"product_tag","embeddable":true,"href":"https:\/\/www.fooevents.com\/cs\/wp-json\/wp\/v2\/product_tag?post=19130"}],"curies":[{"name":"wp","href":"https:\/\/api.w.org\/{rel}","templated":true}]}}