{"id":19135,"date":"2018-03-02T08:16:51","date_gmt":"2018-03-02T06:16:51","guid":{"rendered":"https:\/\/www.fooevents.com\/?post_type=product&#038;p=19135"},"modified":"2026-03-16T03:34:55","modified_gmt":"2026-03-16T10:34:55","slug":"fooevents-for-woocommerce-license-unlimited","status":"publish","type":"product","link":"https:\/\/www.fooevents.com\/cs\/product\/fooevents-for-woocommerce-license-unlimited\/","title":{"rendered":"FooEvents pro WooCommerce (licence: neomezen\u00e1)"},"content":{"rendered":"<p>Prod\u00e1vejte vstupenky bez provize nebo poplatk\u016f za vstupenky a spravujte bezplatnou registraci prakticky na jak\u00fdkoli typ fyzick\u00e9 nebo virtu\u00e1ln\u00ed ud\u00e1losti, jako je koncert, c\u00edrkevn\u00ed t\u00e1bor, \u0161koln\u00ed akce, sb\u00edrka, konference nebo sportovn\u00ed utk\u00e1n\u00ed. FooEvents v\u00e1s zprovozn\u00ed b\u011bhem n\u011bkolika minut. Nejsou pot\u0159eba \u017e\u00e1dn\u00e9 technick\u00e9 dovednosti.<\/p>\n<h3>Sou\u010d\u00e1st\u00ed n\u00e1kupu je:<\/h3>\n<ul>\n<li>Z\u00e1suvn\u00fd modul FooEvents pro WooCommerce ke sta\u017een\u00ed<\/li>\n<li>12 m\u011bs\u00edc\u016f pr\u00e9miov\u00e9 podpory<\/li>\n<li>12 m\u011bs\u00edc\u016f aktualizace z\u00e1suvn\u00fdch modul\u016f<\/li>\n<li>Zdarma\u00a0<a href=\"https:\/\/www.fooevents.com\/cs\/aplikace\/\" target=\"_blank\" rel=\"noopener noreferrer\">iOS<\/a> &amp; <a href=\"https:\/\/www.fooevents.com\/cs\/aplikace\/\" target=\"_blank\" rel=\"noopener noreferrer\">Android<\/a> aplikace pro odbaven\u00ed<\/li>\n<li>U\u017eivatelsky p\u0159\u00edv\u011btiv\u00e1 dokumentace<\/li>\n<\/ul>","protected":false},"excerpt":{"rendered":"<p>1.5.19<br \/>\nOPRAVENO: Chyba ve v\u00edcen\u00e1sobn\u00fdch ud\u00e1lostech s vlastn\u00edmi \u00fa\u010dastn\u00edky<br \/>\nOPRAVENO: Chyba \u00fa\u010dtov\u00e1n\u00ed na str\u00e1nce administrace tiketu<br \/>\nP\u0158ID\u00c1NO: Mo\u017enost t\u00e9matu pou\u017e\u00edvat z\u00e1stupn\u00e9 symboly<\/p>\n<p>1.5.15<br \/>\nOPRAVENO: CSV variace chyba<br \/>\nOPRAVENO: Chyba v metavariant\u00e1ch tip\u016f<br \/>\nOPRAVENO: Chyba v \u010d\u00edsle aktualizace verze<br \/>\nOPRAVENO: Chyba u 10+ \u00fa\u010dastn\u00edk\u016f<\/p>\n<p>1.5.5<br \/>\n-FIXED: Upozorn\u011bn\u00ed PHP na kart\u011b Podrobnosti o ud\u00e1losti<\/p>\n<p>1.5.4<br \/>\n-FIXED: Chyba p\u0159ihl\u00e1\u0161en\u00ed do aplikace<br \/>\n-FIXED: R\u016fzn\u00e9 drobn\u00e9 chyby<\/p>\n<p>1.5.1<br \/>\n-FIXED: Aktualizace v\u00edcedenn\u00ed podpory<\/p>\n<p>1.5.0<br \/>\n-DOPLN\u011aNO: P\u0159ipraveno v\u00edcedenn\u00ed prodlou\u017een\u00ed<br \/>\n-FIXED: R\u016fzn\u00e9 drobn\u00e9 chyby<\/p>\n<p>1.4.4<br \/>\n-FIXED: Dal\u0161\u00ed chyby Wordpressu 4.8, kter\u00e9 mohou ovlivnit odes\u00edl\u00e1n\u00ed tip\u016f<br \/>\n-FIXED: Chyba duplicitn\u00edho tiketu s n\u011bkter\u00fdmi platebn\u00edmi branami<\/p>\n<p>1.3.12<br \/>\n-FIXED: Wordpress 4.8 zp\u016fsobuje, \u017ee se p\u0159i dokon\u010den\u00ed objedn\u00e1vky neodes\u00edlaj\u00ed l\u00edstky<br \/>\n-FIXED: Chyba p\u0159i exportu CSV<br \/>\n-FIXED: R\u016fzn\u00e9 dal\u0161\u00ed drobn\u00e9 chyby<br \/>\n-FIXED: Aktualizovan\u00e9 p\u0159eklady<\/p>\n<p>1.3.8<br \/>\n-DOPLN\u011aNO: widget na p\u0159\u00edstrojov\u00e9 desce FooEvents<br \/>\n-DOPLN\u011aNO: Sta\u017een\u00ed tipu ze spr\u00e1vce tipu<br \/>\n-DOPLN\u011aNO: Vylep\u0161en\u00ed exportu CSV<br \/>\n-FIXED: WooCommerce 3 varovn\u00e9 zpr\u00e1vy<br \/>\n-FIXED: Chyb\u011bj\u00edc\u00ed jm\u00e9no kupuj\u00edc\u00edho vstupenky<br \/>\n-FIXED: R\u016fzn\u00e9 dal\u0161\u00ed drobn\u00e9 chyby<\/p>\n<p>1.3.3<br \/>\n-FIXED: Chyba v hromadn\u00e9m odes\u00edl\u00e1n\u00ed tip\u016f<br \/>\n-FIXED: Chyb\u011bj\u00edc\u00ed jm\u00e9no kupuj\u00edc\u00edho<br \/>\n-FIXED: R\u016fzn\u00e9 dal\u0161\u00ed drobn\u00e9 chyby<\/p>\n<p>1.3.0<br \/>\n-FIXED: WooCommerce 3 varovn\u00e9 zpr\u00e1vy<br \/>\n-DOPLN\u011aNO: Vylep\u0161en\u00ed exportu CSV<br \/>\n-DOPLN\u011aNO: Upravit p\u0159edm\u011bt tipu<\/p>\n<p>1.2.17<br \/>\n-FIXED: Chyba aplikace s n\u011bkter\u00fdmi symboly m\u011bn<br \/>\n-FIXED: Chyba e-mailov\u00e9ho l\u00edstku p\u0159i prvn\u00ed instalaci<br \/>\n-FIXED: Wordpress MU aktivovat plugin chyba<br \/>\n-DOPLN\u011aNO: Vlastn\u00ed pole \u00fa\u010dastn\u00edk\u016f pro export CSV<\/p>\n<p>1.2.16<br \/>\n-FIXED: Chyba v adres\u00e1\u0159i \u010d\u00e1rov\u00fdch k\u00f3d\u016f, do kter\u00e9ho nelze zapisovat<\/p>\n<p>1.2.15<br \/>\n- P\u0158ID\u00c1NO: Podpora vlastn\u00edch pol\u00ed pro \u00fa\u010dastn\u00edky FooEvents<br \/>\n- OPRAVENO: R\u016fzn\u00e9 drobn\u00e9 chyby<\/p>\n<p>1.2.11<br \/>\n- OPRAVENO: Chyba v menu spr\u00e1vce<\/p>\n<p>1.2.10<br \/>\n- OPRAVENO: Aktualizace kritick\u00e9 chyby<\/p>\n<p>1.2.8<br \/>\n- OPRAVENO: Upozorn\u011bn\u00ed na aktivaci z\u00e1suvn\u00e9ho modulu<br \/>\n- OPRAVENO: Pr\u00e1zdn\u00fd seznam ud\u00e1lost\u00ed p\u0159i ru\u010dn\u00edm p\u0159id\u00e1v\u00e1n\u00ed vstupenek<br \/>\n- DOPLN\u011aNO: Pokyny ke vstupenk\u00e1m<br \/>\n- DOPLN\u011aNO: Firma, ozna\u010den\u00ed, telefonn\u00ed \u010d\u00edslo na vstupenky<br \/>\n- P\u0158ID\u00c1NO: Cena do aplikac\u00ed<br \/>\n- P\u0158ID\u00c1NO: Ozn\u00e1men\u00ed o aktualizaci z\u00e1suvn\u00e9ho modulu<\/p>\n<p>1.2.6<br \/>\n- P\u0158ID\u00c1NO: Mo\u017enost skr\u00fdt nezaplacen\u00e9 tipy v administraci<br \/>\n- DOPLN\u011aNO: Zkontrolovat, zda je adres\u00e1\u0159 \u010d\u00e1rov\u00fdch k\u00f3d\u016f zapisovateln\u00fd<br \/>\n- OPRAVENO: Odstran\u011bny odkazy na \"Automatick\u00fd n\u00e1vrh\" v administraci tipu<br \/>\n- OPRAVENO: Chyba, kdy p\u0159id\u00e1v\u00e1n\u00ed tip\u016f nemuselo b\u00fdt propojeno s vytvo\u0159en\u00fdm u\u017eivatelem<br \/>\n- OPRAVENO: Skr\u00fdt datum za\u010d\u00e1tku a konce na kart\u011b Podrobnosti o ud\u00e1losti<br \/>\n- OPRAVENO: Chyba v \u0161ablon\u011b Override<\/p>\n<p>1.2.4<br \/>\n- Opraveno: Chyba ve variant\u00e1ch, kdy se ulo\u017e\u00ed pouze prvn\u00ed varianta tip\u016f.<br \/>\n- Opraveno: Javascriptov\u00e1 lokalizace DatePickeru<br \/>\n- Opraveno: R\u016fzn\u00e9 dal\u0161\u00ed drobn\u00e9 chyby<br \/>\n- P\u0159id\u00e1no: T\u0159\u00edd\u011bn\u00ed podle dal\u0161\u00edch pol\u00ed ve spr\u00e1vci tip\u016f<\/p>\n<p>1.2.2<br \/>\n- NOVINKA: Generov\u00e1n\u00ed \u010d\u00e1rov\u00fdch k\u00f3d\u016f .JPG pro z\u00e1suvn\u00fd modul PDF Ticket<br \/>\n- OPRAVENO: Ukazatel mapy Google<br \/>\n- ODSTRAN\u011aNO: P\u0159eklady n\u00e1stroje pro v\u00fdb\u011br data. Chybn\u00e9, pod\u00edv\u00e1me se na jinou implementaci.<\/p>\n<p>1.2.1<br \/>\n- NOVINKA: Aktualizace kompatibility pro novou aplikaci Events Pro s podporou offline (https:\/\/www.fooevents.com\/apps\/)<br \/>\n- NOVINKA: Kompatibilita s podporou pluginu FooEvents PDF Tickets (https:\/\/www.fooevents.com\/product\/fooevents-pdf-tickets\/)<br \/>\n- NOVINKA: Filtrov\u00e1n\u00ed podle n\u00e1zvu ud\u00e1losti, ID objedn\u00e1vky a stavu ve v\u00fdpisu vstupenek spr\u00e1vce<br \/>\n- NOVINKA: \u010casov\u00e9 form\u00e1ty pro am-pm<br \/>\n- AKTUALIZOV\u00c1NO: Nov\u00e1 podpora Google Maps API<br \/>\n- AKTUALIZOV\u00c1NO: P\u0159eklady v n\u00e1stroji pro v\u00fdb\u011br data<br \/>\n- AKTUALIZOV\u00c1NO: Odeslat polohu do .ics<br \/>\n- OPRAVENO: Opraveno varov\u00e1n\u00ed spr\u00e1vce HTTPS<\/p>\n<p>1.2.0<br \/>\n- Novinka: Integrace aplikace Pro iOS - Viz https:\/\/www.fooevents.com\/apps\/<br \/>\n- Novinka: Aplikace Pro iOS - Automatick\u00e9 odbaven\u00ed (rychl\u00e9 odbaven\u00ed bez n\u00e1mahy)<br \/>\n- Novinka: Aplikace Pro iOS - Vlastn\u00ed zna\u010dka (nastaven\u00ed vlastn\u00edho barevn\u00e9ho sch\u00e9matu a loga)<br \/>\n- Aktualizov\u00e1no: Dokumentace<br \/>\n- Opraveno: Chyba v po\u0161tovn\u00edm sm\u011brovac\u00edm \u010d\u00edsle .ics<br \/>\n- Opraveno: Chyba v opr\u00e1vn\u011bn\u00ed p\u0159idat nov\u00fd tip<\/p>\n<p>1.1.17<br \/>\n- P\u0159id\u00e1na funkce ru\u010dn\u00ed spr\u00e1vy tiket\u016f v administraci WordPress.<br \/>\n- R\u016fzn\u00e9 drobn\u00e9 opravy chyb a vylep\u0161en\u00ed.<\/p>\n<p>1.1.14<br \/>\n- Podpora hromadn\u00fdch \u00faprav p\u0159i integraci aplikac\u00ed<br \/>\n- Vlo\u017een\u00ed vlastn\u00ed zpr\u00e1vy na str\u00e1nku s pod\u011bkov\u00e1n\u00edm<br \/>\n- P\u0159id\u00e1n\u00ed r\u016fzn\u00fdch voliteln\u00fdch pol\u00ed pro registraci \u00fa\u010dastn\u00edk\u016f<br \/>\n- Opravy r\u016fzn\u00fdch chyb<\/p>\n<p>1.1.11<br \/>\n- Opravy r\u016fzn\u00fdch chyb<\/p>\n<p>1.1.8<br \/>\n- Podpora jazykov\u00fdch soubor\u016f .po a .mo<br \/>\n- Mo\u017enost neodes\u00edlat e-maily s tipy<br \/>\n- Opravy r\u016fzn\u00fdch chyb<\/p>\n<p>1.1.5<br \/>\n- Opravy r\u016fzn\u00fdch chyb<\/p>\n<p>1.1.4<br \/>\n- Vylep\u0161en\u00e9 vyhled\u00e1v\u00e1n\u00ed spr\u00e1vce<br \/>\n- Vy\u0159e\u0161en\u00e1 chyba v\u00fdpisu vstupenek a ud\u00e1lost\u00ed v aplikaci<br \/>\n- R\u016fzn\u00e9 dal\u0161\u00ed drobn\u00e9 opravy chyb<\/p>\n<p>1.1.2<br \/>\n- Opravy r\u016fzn\u00fdch chyb<\/p>\n<p>1.10<br \/>\n- Zaznamen\u00e1v\u00e1n\u00ed \u00fadaj\u016f o \u00fa\u010dastn\u00edc\u00edch na pokladn\u011b<br \/>\n- Mo\u017enost zaslat \u00fa\u010dastn\u00edk\u016fm vstupenky e-mailem<br \/>\n- Cary prost\u0159ednictv\u00edm atribut\u016f\/variant k tip\u016fm a detail\u016fm tipu<br \/>\n- Mo\u017enost zm\u011bnit \"P\u0159idat do ko\u0161\u00edku\" na \"Rezervovat letenku\"<br \/>\n- Podpora aplikace iOS (spu\u0161t\u011bn\u00ed se bl\u00ed\u017e\u00ed!)<br \/>\n- Opravy r\u016fzn\u00fdch chyb<\/p>\n<p>1.0.8<br \/>\n- Konflikt s nahr\u00e1v\u00e1n\u00edm obr\u00e1zk\u016f WooCommerce.<\/p>\n<p>1.0.6<br \/>\n- P\u0159id\u00e1ny dal\u0161\u00ed mo\u017enosti ovl\u00e1d\u00e1n\u00ed v\u00fdstupu tipu<br \/>\n- Opravena chyba, p\u0159i kter\u00e9 n\u011bkter\u00e9 produkty, kter\u00e9 nejsou ud\u00e1lostmi, odes\u00edlaly tikety.<br \/>\n- Opraveny r\u016fzn\u00e9 dal\u0161\u00ed drobn\u00e9 chyby<\/p>\n<p>1.0.3<br \/>\n- Opravena chyba zobrazen\u00ed v Map\u00e1ch Google<br \/>\n- Opravena chyba s nezobrazen\u00edm \u00fa\u010dastn\u00edka na vstupence<br \/>\n- Opravena chyba, kdy se jako vlastn\u00edk tiketu zobrazoval u\u017eivatel admin<br \/>\n- R\u016fzn\u00e9 dal\u0161\u00ed drobn\u00e9 chyby<\/p>\n<p>&nbsp;<\/p>","protected":false},"featured_media":130680,"template":"","meta":{"site-sidebar-layout":"default","site-content-layout":"default","ast-site-content-layout":"default","site-content-style":"default","site-sidebar-style":"default","ast-global-header-display":"","ast-banner-title-visibility":"","ast-main-header-display":"","ast-hfb-above-header-display":"","ast-hfb-below-header-display":"","ast-hfb-mobile-header-display":"","site-post-title":"","ast-breadcrumbs-content":"","ast-featured-img":"","footer-sml-layout":"","ast-disable-related-posts":"","theme-transparent-header-meta":"default","adv-header-id-meta":"","stick-header-meta":"default","header-above-stick-meta":"","header-main-stick-meta":"","header-below-stick-meta":"","astra-migrate-meta-layouts":"set","ast-page-background-enabled":"default","ast-page-background-meta":{"desktop":{"background-color":"var(--ast-global-color-4)","background-image":"","background-repeat":"repeat","background-position":"center center","background-size":"auto","background-attachment":"scroll","background-type":"","background-media":"","overlay-type":"","overlay-color":"","overlay-opacity":"","overlay-gradient":""},"tablet":{"background-color":"","background-image":"","background-repeat":"repeat","background-position":"center center","background-size":"auto","background-attachment":"scroll","background-type":"","background-media":"","overlay-type":"","overlay-color":"","overlay-opacity":"","overlay-gradient":""},"mobile":{"background-color":"","background-image":"","background-repeat":"repeat","background-position":"center center","background-size":"auto","background-attachment":"scroll","background-type":"","background-media":"","overlay-type":"","overlay-color":"","overlay-opacity":"","overlay-gradient":""}},"ast-content-background-meta":{"desktop":{"background-color":"var(--ast-global-color-5)","background-image":"","background-repeat":"repeat","background-position":"center center","background-size":"auto","background-attachment":"scroll","background-type":"","background-media":"","overlay-type":"","overlay-color":"","overlay-opacity":"","overlay-gradient":""},"tablet":{"background-color":"var(--ast-global-color-5)","background-image":"","background-repeat":"repeat","background-position":"center center","background-size":"auto","background-attachment":"scroll","background-type":"","background-media":"","overlay-type":"","overlay-color":"","overlay-opacity":"","overlay-gradient":""},"mobile":{"background-color":"var(--ast-global-color-5)","background-image":"","background-repeat":"repeat","background-position":"center center","background-size":"auto","background-attachment":"scroll","background-type":"","background-media":"","overlay-type":"","overlay-color":"","overlay-opacity":"","overlay-gradient":""}}},"product_brand":[],"product_cat":[60,45,28],"product_tag":[],"class_list":{"0":"post-19135","1":"product","2":"type-product","3":"status-publish","4":"has-post-thumbnail","6":"product_cat-license-unlimited","7":"product_cat-plugins","8":"product_cat-primary","9":"desktop-align-left","10":"tablet-align-left","11":"mobile-align-left","12":"ast-product-gallery-layout-horizontal-slider","13":"ast-product-gallery-with-no-image","14":"ast-magnify-disabled","15":"ast-product-tabs-layout-horizontal","17":"first","18":"instock","19":"featured","20":"downloadable","21":"virtual","22":"taxable","23":"purchasable","24":"product-type-subscription"},"_links":{"self":[{"href":"https:\/\/www.fooevents.com\/cs\/wp-json\/wp\/v2\/product\/19135","targetHints":{"allow":["GET"]}}],"collection":[{"href":"https:\/\/www.fooevents.com\/cs\/wp-json\/wp\/v2\/product"}],"about":[{"href":"https:\/\/www.fooevents.com\/cs\/wp-json\/wp\/v2\/types\/product"}],"wp:featuredmedia":[{"embeddable":true,"href":"https:\/\/www.fooevents.com\/cs\/wp-json\/wp\/v2\/media\/130680"}],"wp:attachment":[{"href":"https:\/\/www.fooevents.com\/cs\/wp-json\/wp\/v2\/media?parent=19135"}],"wp:term":[{"taxonomy":"product_brand","embeddable":true,"href":"https:\/\/www.fooevents.com\/cs\/wp-json\/wp\/v2\/product_brand?post=19135"},{"taxonomy":"product_cat","embeddable":true,"href":"https:\/\/www.fooevents.com\/cs\/wp-json\/wp\/v2\/product_cat?post=19135"},{"taxonomy":"product_tag","embeddable":true,"href":"https:\/\/www.fooevents.com\/cs\/wp-json\/wp\/v2\/product_tag?post=19135"}],"curies":[{"name":"wp","href":"https:\/\/api.w.org\/{rel}","templated":true}]}}