{"id":19137,"date":"2018-03-02T08:16:59","date_gmt":"2018-03-02T06:16:59","guid":{"rendered":"https:\/\/www.fooevents.com\/?post_type=product&#038;p=19137"},"modified":"2026-03-16T03:53:53","modified_gmt":"2026-03-16T10:53:53","slug":"fooevents-pdf-vstupenky-licence-neomezena","status":"publish","type":"product","link":"https:\/\/www.fooevents.com\/cs\/product\/fooevents-pdf-tickets-license-unlimited\/","title":{"rendered":"FooEvents PDF Tickets (licence: neomezen\u00e1)"},"content":{"rendered":"<p>Z\u00e1suvn\u00fd modul FooEvents PDF Tickets je roz\u0161\u00ed\u0159en\u00ed pro FooEvents pro WooCommerce, kter\u00e9 p\u0159ipojuje vstupenky jako soubory PDF k e-mailu, kter\u00fd je zasl\u00e1n \u00fa\u010dastn\u00edkovi nebo kupuj\u00edc\u00edmu vstupenky. K dispozici je mo\u017enost volby mezi jednotliv\u00fdmi nebo v\u00edce vstupenkami na str\u00e1nku.<\/p>\n<h3>Sou\u010d\u00e1st\u00ed n\u00e1kupu je:<\/h3>\n<p>Z\u00e1suvn\u00fd modul FooEvents PDF Tickets ke sta\u017een\u00ed,<br \/>\n12 m\u011bs\u00edc\u016f pr\u00e9miov\u00e9 podpory,<br \/>\n12 m\u011bs\u00edc\u016f aktualizace z\u00e1suvn\u00fdch modul\u016f,<br \/>\nU\u017eivatelsky p\u0159\u00edv\u011btiv\u00e1 dokumentace.<\/p>\n<p><strong>Pozn\u00e1mka: Nezahrnuje <a href=\"\/cs\/produkt\/plugin-fooevents\/\">FooEvents pro z\u00e1suvn\u00fd modul WooCommerce<\/a> (povinn\u00e9)\u00a0<\/strong><\/p>","protected":false},"excerpt":{"rendered":"<p>1.2.9<br \/>\n-AKTUALIZOV\u00c1NO: Knihovna DomPDF<br \/>\n-FIXED: Chyba v cen\u00e1ch<\/p>\n<p>1.2.7<br \/>\n-FIXED: Chyba loga na \u0161ablon\u011b v\u00edcen\u00e1sobn\u00e9ho tipu<\/p>\n<p>1.2.6<br \/>\n-FIXED: R\u016fzn\u00e9 drobn\u00e9 chyby<\/p>\n<p>1.2.4<br \/>\n-FIXED: Chyba v logu vstupenky<\/p>\n<p>1.2.3<br \/>\n-DOPLN\u011aNO: P\u0159eps\u00e1n\u00ed e-mailu s tipem PDF<br \/>\n-DOPLN\u011aNO: St\u00e1hn\u011bte si tip ve form\u00e1tu PDF ze spr\u00e1vce tipu.<br \/>\n-FIXED: R\u016fzn\u00e9 drobn\u00e9 opravy chyb<\/p>\n<p>1.2.1<br \/>\n- OPRAVENO: R\u016fzn\u00e9 drobn\u00e9 opravy chyb<\/p>\n<p>1.2.0<br \/>\n- OPRAVENO: V\u00fdstra\u017en\u00e9 zpr\u00e1vy WooCommerce 3<br \/>\n- P\u0158ID\u00c1NO: P\u0159eps\u00e1n\u00ed e-mailu s tipem PDF<\/p>\n<p>1.0.7<br \/>\n- OPRAVENO: R\u016fzn\u00e9 drobn\u00e9 chyby<\/p>\n<p>1.0.6<br \/>\n- P\u0158ID\u00c1NO: Ozn\u00e1men\u00ed o aktualizaci z\u00e1suvn\u00e9ho modulu<br \/>\n- OPRAVENO: R\u016fzn\u00e9 drobn\u00e9 chyby<\/p>\n<p>1.0.5<br \/>\n- P\u0158ID\u00c1NO: P\u00edsmo Unicode<br \/>\n- DOPLN\u011aNO: Zkontrolujte, zda je adres\u00e1\u0159 pdftickets zapisovateln\u00fd -<br \/>\n- OPRAVENO: Probl\u00e9my s form\u00e1tov\u00e1n\u00edm na n\u011bkter\u00fdch serverech<br \/>\n- OPRAVENO: Dal\u0161\u00ed drobn\u00e9 chyby a opravy<\/p>\n<p>1.0.2<br \/>\n- NOVINKA: Nyn\u00ed pou\u017e\u00edv\u00e1 soubory .jpg pro \u010d\u00e1rov\u00e9 k\u00f3dy<br \/>\n- AKTUALIZOV\u00c1NO: P\u0159eklady<\/p>\n<p>1.0.0<br \/>\n- Zve\u0159ejn\u011bn\u00ed<\/p>","protected":false},"featured_media":130675,"template":"","meta":{"site-sidebar-layout":"default","site-content-layout":"default","ast-site-content-layout":"default","site-content-style":"default","site-sidebar-style":"default","ast-global-header-display":"","ast-banner-title-visibility":"","ast-main-header-display":"","ast-hfb-above-header-display":"","ast-hfb-below-header-display":"","ast-hfb-mobile-header-display":"","site-post-title":"","ast-breadcrumbs-content":"","ast-featured-img":"","footer-sml-layout":"","ast-disable-related-posts":"","theme-transparent-header-meta":"default","adv-header-id-meta":"","stick-header-meta":"default","header-above-stick-meta":"","header-main-stick-meta":"","header-below-stick-meta":"","astra-migrate-meta-layouts":"set","ast-page-background-enabled":"default","ast-page-background-meta":{"desktop":{"background-color":"var(--ast-global-color-4)","background-image":"","background-repeat":"repeat","background-position":"center center","background-size":"auto","background-attachment":"scroll","background-type":"","background-media":"","overlay-type":"","overlay-color":"","overlay-opacity":"","overlay-gradient":""},"tablet":{"background-color":"","background-image":"","background-repeat":"repeat","background-position":"center center","background-size":"auto","background-attachment":"scroll","background-type":"","background-media":"","overlay-type":"","overlay-color":"","overlay-opacity":"","overlay-gradient":""},"mobile":{"background-color":"","background-image":"","background-repeat":"repeat","background-position":"center center","background-size":"auto","background-attachment":"scroll","background-type":"","background-media":"","overlay-type":"","overlay-color":"","overlay-opacity":"","overlay-gradient":""}},"ast-content-background-meta":{"desktop":{"background-color":"var(--ast-global-color-5)","background-image":"","background-repeat":"repeat","background-position":"center center","background-size":"auto","background-attachment":"scroll","background-type":"","background-media":"","overlay-type":"","overlay-color":"","overlay-opacity":"","overlay-gradient":""},"tablet":{"background-color":"var(--ast-global-color-5)","background-image":"","background-repeat":"repeat","background-position":"center center","background-size":"auto","background-attachment":"scroll","background-type":"","background-media":"","overlay-type":"","overlay-color":"","overlay-opacity":"","overlay-gradient":""},"mobile":{"background-color":"var(--ast-global-color-5)","background-image":"","background-repeat":"repeat","background-position":"center center","background-size":"auto","background-attachment":"scroll","background-type":"","background-media":"","overlay-type":"","overlay-color":"","overlay-opacity":"","overlay-gradient":""}}},"product_brand":[],"product_cat":[27,60,45],"product_tag":[],"class_list":{"0":"post-19137","1":"product","2":"type-product","3":"status-publish","4":"has-post-thumbnail","6":"product_cat-extension","7":"product_cat-license-unlimited","8":"product_cat-plugins","9":"desktop-align-left","10":"tablet-align-left","11":"mobile-align-left","12":"ast-product-gallery-layout-horizontal-slider","13":"ast-magnify-disabled","14":"ast-product-tabs-layout-horizontal","16":"first","17":"instock","18":"downloadable","19":"virtual","20":"taxable","21":"purchasable","22":"product-type-subscription"},"_links":{"self":[{"href":"https:\/\/www.fooevents.com\/cs\/wp-json\/wp\/v2\/product\/19137","targetHints":{"allow":["GET"]}}],"collection":[{"href":"https:\/\/www.fooevents.com\/cs\/wp-json\/wp\/v2\/product"}],"about":[{"href":"https:\/\/www.fooevents.com\/cs\/wp-json\/wp\/v2\/types\/product"}],"wp:featuredmedia":[{"embeddable":true,"href":"https:\/\/www.fooevents.com\/cs\/wp-json\/wp\/v2\/media\/130675"}],"wp:attachment":[{"href":"https:\/\/www.fooevents.com\/cs\/wp-json\/wp\/v2\/media?parent=19137"}],"wp:term":[{"taxonomy":"product_brand","embeddable":true,"href":"https:\/\/www.fooevents.com\/cs\/wp-json\/wp\/v2\/product_brand?post=19137"},{"taxonomy":"product_cat","embeddable":true,"href":"https:\/\/www.fooevents.com\/cs\/wp-json\/wp\/v2\/product_cat?post=19137"},{"taxonomy":"product_tag","embeddable":true,"href":"https:\/\/www.fooevents.com\/cs\/wp-json\/wp\/v2\/product_tag?post=19137"}],"curies":[{"name":"wp","href":"https:\/\/api.w.org\/{rel}","templated":true}]}}