{"id":19139,"date":"2018-03-02T08:17:09","date_gmt":"2018-03-02T06:17:09","guid":{"rendered":"https:\/\/www.fooevents.com\/?post_type=product&#038;p=19139"},"modified":"2026-03-09T04:00:03","modified_gmt":"2026-03-09T11:00:03","slug":"fooevents-vlastni-pole-ucastniku-licence-neomezena","status":"publish","type":"product","link":"https:\/\/www.fooevents.com\/cs\/product\/fooevents-custom-attendee-fields-license-unlimited\/","title":{"rendered":"FooEvents Vlastn\u00ed pole pro \u00fa\u010dastn\u00edky (licence: neomezen\u00e1)"},"content":{"rendered":"<p>Z\u00e1suvn\u00fd modul FooEvents Custom Attendee Fields je roz\u0161\u00ed\u0159en\u00ed pro FooEvents, kter\u00e9 umo\u017e\u0148uje zachycen\u00ed vlastn\u00edch pol\u00ed pro \u00fa\u010dastn\u00edky u pokladny, tak\u017ee m\u016f\u017eete p\u0159izp\u016fsobit FooEvents podle sv\u00fdch jedine\u010dn\u00fdch po\u017eadavk\u016f na ud\u00e1lost. To je u\u017eite\u010dn\u00e9 pro z\u00edsk\u00e1v\u00e1n\u00ed dal\u0161\u00edch informac\u00ed od \u00fa\u010dastn\u00edk\u016f, jako jsou velikosti oble\u010den\u00ed, preference j\u00eddla, demografick\u00e9 informace, souhlas s odstoupen\u00edm od smlouvy atd. Mo\u017enosti jsou prakticky nekone\u010dn\u00e9!<\/p>\n<h3>Sou\u010d\u00e1st\u00ed n\u00e1kupu je:<\/h3>\n<p>Vlastn\u00ed pole pro \u00fa\u010dastn\u00edky FooEvents ke sta\u017een\u00ed,<br \/>\n12 m\u011bs\u00edc\u016f pr\u00e9miov\u00e9 podpory,<br \/>\n12 m\u011bs\u00edc\u016f aktualizace z\u00e1suvn\u00fdch modul\u016f,<br \/>\nU\u017eivatelsky p\u0159\u00edv\u011btiv\u00e1 dokumentace.<\/p>\n<p><strong>Pozn\u00e1mka: Nezahrnuje <a href=\"\/cs\/produkt\/plugin-fooevents\/\">FooEvents pro z\u00e1suvn\u00fd modul WooCommerce<\/a> (povinn\u00e9)\u00a0<\/strong><\/p>","protected":false},"excerpt":{"rendered":"<p>1.1.9<br \/>\nOPRAVENO: Chyba ve v\u00edcen\u00e1sobn\u00fdch ud\u00e1lostech s vlastn\u00edmi \u00fa\u010dastn\u00edky<br \/>\nOPRAVENO: Chyba ve v\u00fdb\u011brov\u00e9m poli<br \/>\nP\u0158ID\u00c1NO: Mo\u017enost t\u00e9matu pou\u017e\u00edvat z\u00e1stupn\u00e9 symboly<\/p>\n<p>1.1.5<br \/>\nOPRAVENO: Chyba u 10+ \u00fa\u010dastn\u00edk\u016f<\/p>\n<p>1.1.2<br \/>\nOPRAVENO: Chyba v ozn\u00e1men\u00ed o aktualizaci<\/p>\n<p>1.1.0<br \/>\n-FIXED: Wordpress 4.8 chyby<\/p>\n<p>1.0.7<br \/>\n-FIXED: Pole jsou nyn\u00ed del\u0161\u00ed<br \/>\n-FIXED: Aktualizovan\u00e9 p\u0159eklady<br \/>\n-FIXED: R\u016fzn\u00e9 dal\u0161\u00ed drobn\u00e9 chyby<\/p>\n<p>1.0.4<br \/>\n-FIXED: Chyba v povinn\u00fdch pol\u00edch<br \/>\n-FIXED: R\u016fzn\u00e9 dal\u0161\u00ed drobn\u00e9 chyby<\/p>\n<p>1.0.1<br \/>\n-FIXED: Chyba v ozn\u00e1men\u00ed o aktualizaci<\/p>\n<p>1.0.0<br \/>\n- Zve\u0159ejn\u011bn\u00ed<\/p>","protected":false},"featured_media":130674,"template":"","meta":{"site-sidebar-layout":"default","site-content-layout":"default","ast-site-content-layout":"default","site-content-style":"default","site-sidebar-style":"default","ast-global-header-display":"","ast-banner-title-visibility":"","ast-main-header-display":"","ast-hfb-above-header-display":"","ast-hfb-below-header-display":"","ast-hfb-mobile-header-display":"","site-post-title":"","ast-breadcrumbs-content":"","ast-featured-img":"","footer-sml-layout":"","ast-disable-related-posts":"","theme-transparent-header-meta":"default","adv-header-id-meta":"","stick-header-meta":"default","header-above-stick-meta":"","header-main-stick-meta":"","header-below-stick-meta":"","astra-migrate-meta-layouts":"set","ast-page-background-enabled":"default","ast-page-background-meta":{"desktop":{"background-color":"var(--ast-global-color-4)","background-image":"","background-repeat":"repeat","background-position":"center center","background-size":"auto","background-attachment":"scroll","background-type":"","background-media":"","overlay-type":"","overlay-color":"","overlay-opacity":"","overlay-gradient":""},"tablet":{"background-color":"","background-image":"","background-repeat":"repeat","background-position":"center center","background-size":"auto","background-attachment":"scroll","background-type":"","background-media":"","overlay-type":"","overlay-color":"","overlay-opacity":"","overlay-gradient":""},"mobile":{"background-color":"","background-image":"","background-repeat":"repeat","background-position":"center center","background-size":"auto","background-attachment":"scroll","background-type":"","background-media":"","overlay-type":"","overlay-color":"","overlay-opacity":"","overlay-gradient":""}},"ast-content-background-meta":{"desktop":{"background-color":"var(--ast-global-color-5)","background-image":"","background-repeat":"repeat","background-position":"center center","background-size":"auto","background-attachment":"scroll","background-type":"","background-media":"","overlay-type":"","overlay-color":"","overlay-opacity":"","overlay-gradient":""},"tablet":{"background-color":"var(--ast-global-color-5)","background-image":"","background-repeat":"repeat","background-position":"center center","background-size":"auto","background-attachment":"scroll","background-type":"","background-media":"","overlay-type":"","overlay-color":"","overlay-opacity":"","overlay-gradient":""},"mobile":{"background-color":"var(--ast-global-color-5)","background-image":"","background-repeat":"repeat","background-position":"center center","background-size":"auto","background-attachment":"scroll","background-type":"","background-media":"","overlay-type":"","overlay-color":"","overlay-opacity":"","overlay-gradient":""}}},"product_brand":[],"product_cat":[11,27,60,45],"product_tag":[],"class_list":{"0":"post-19139","1":"product","2":"type-product","3":"status-publish","4":"has-post-thumbnail","6":"product_cat-wordpress","7":"product_cat-extension","8":"product_cat-license-unlimited","9":"product_cat-plugins","10":"desktop-align-left","11":"tablet-align-left","12":"mobile-align-left","13":"ast-product-gallery-layout-horizontal-slider","14":"ast-product-gallery-with-no-image","15":"ast-magnify-disabled","16":"ast-product-tabs-layout-horizontal","18":"first","19":"instock","20":"downloadable","21":"virtual","22":"taxable","23":"purchasable","24":"product-type-subscription"},"_links":{"self":[{"href":"https:\/\/www.fooevents.com\/cs\/wp-json\/wp\/v2\/product\/19139","targetHints":{"allow":["GET"]}}],"collection":[{"href":"https:\/\/www.fooevents.com\/cs\/wp-json\/wp\/v2\/product"}],"about":[{"href":"https:\/\/www.fooevents.com\/cs\/wp-json\/wp\/v2\/types\/product"}],"wp:featuredmedia":[{"embeddable":true,"href":"https:\/\/www.fooevents.com\/cs\/wp-json\/wp\/v2\/media\/130674"}],"wp:attachment":[{"href":"https:\/\/www.fooevents.com\/cs\/wp-json\/wp\/v2\/media?parent=19139"}],"wp:term":[{"taxonomy":"product_brand","embeddable":true,"href":"https:\/\/www.fooevents.com\/cs\/wp-json\/wp\/v2\/product_brand?post=19139"},{"taxonomy":"product_cat","embeddable":true,"href":"https:\/\/www.fooevents.com\/cs\/wp-json\/wp\/v2\/product_cat?post=19139"},{"taxonomy":"product_tag","embeddable":true,"href":"https:\/\/www.fooevents.com\/cs\/wp-json\/wp\/v2\/product_tag?post=19139"}],"curies":[{"name":"wp","href":"https:\/\/api.w.org\/{rel}","templated":true}]}}