{"id":19140,"date":"2018-03-02T08:17:12","date_gmt":"2018-03-02T06:17:12","guid":{"rendered":"https:\/\/www.fooevents.com\/?post_type=product&#038;p=19140"},"modified":"2026-03-09T05:38:09","modified_gmt":"2026-03-09T12:38:09","slug":"fooevents-kalendar-licence-neomezena","status":"publish","type":"product","link":"https:\/\/www.fooevents.com\/cs\/product\/fooevents-calendar-license-unlimited\/","title":{"rendered":"FooEvents Kalend\u00e1\u0159 (licence: neomezen\u00e1)"},"content":{"rendered":"<p>Z\u00e1suvn\u00fd modul FooEvents Kalend\u00e1\u0159 je roz\u0161\u00ed\u0159en\u00ed pro FooEvents, kter\u00e9 na va\u0161e webov\u00e9 str\u00e1nky p\u0159id\u00e1 zobrazen\u00ed kalend\u00e1\u0159e v\u0161ech va\u0161ich ud\u00e1lost\u00ed. Kalend\u00e1\u0159e lze p\u0159id\u00e1vat do p\u0159\u00edsp\u011bvk\u016f a str\u00e1nek pomoc\u00ed jednoduch\u00fdch zkratek. Pro dal\u0161\u00ed flexibilitu je k dispozici tak\u00e9 widgetov\u00e9 zobrazen\u00ed kalend\u00e1\u0159e. Toto roz\u0161\u00ed\u0159en\u00ed mus\u00edte m\u00edt, pokud po\u0159\u00e1d\u00e1te pravideln\u00e9 akce a chcete je vz\u00e1jemn\u011b propagovat!<\/p>\n<h3>Sou\u010d\u00e1st\u00ed n\u00e1kupu je:<\/h3>\n<p>Z\u00e1suvn\u00fd modul kalend\u00e1\u0159e FooEvents ke sta\u017een\u00ed,<br \/>\n12 m\u011bs\u00edc\u016f pr\u00e9miov\u00e9 podpory,<br \/>\n12 m\u011bs\u00edc\u016f aktualizace z\u00e1suvn\u00fdch modul\u016f,<br \/>\nU\u017eivatelsky p\u0159\u00edv\u011btiv\u00e1 dokumentace.<\/p>\n<p><strong>Pozn\u00e1mka: Nezahrnuje <a href=\"\/cs\/produkt\/plugin-fooevents\/\">FooEvents pro z\u00e1suvn\u00fd modul WooCommerce<\/a> (povinn\u00e9)\u00a0<\/strong><\/p>","protected":false},"excerpt":{"rendered":"<p>1.2.8<br \/>\n-FIXED: Chyba v popisu seznamu ud\u00e1lost\u00ed<br \/>\n-DOPLN\u011aNO: Mo\u017enost povolit celodenn\u00ed ud\u00e1losti<\/p>\n<p>1.2.6<br \/>\n-FIXED: Chyba v apostrofech<br \/>\n-FIXED: chyba omezen\u00ed widgetu<br \/>\n-DOPLN\u011aNO: Se\u0159adit seznam ud\u00e1lost\u00ed<br \/>\n-DOPLN\u011aN\u00dd filtr kategorie<\/p>\n<p>1.2.1<br \/>\n-FIXED: Chyba, kdy se v kalend\u00e1\u0159i zobrazovaly ud\u00e1losti bez data<br \/>\n-FIXED: Chyba v p\u0159ekladech kalend\u00e1\u0159e<br \/>\n-AKTUALIZOV\u00c1NO: FullCalendar<\/p>\n<p>1.1.2<br \/>\n-FIXED: Aktualizace v\u00edcedenn\u00ed podpory<\/p>\n<p>1.1.0<br \/>\n-DOPLN\u011aNO: P\u0159ipraveno v\u00edcedenn\u00ed prodlou\u017een\u00ed<\/p>\n<p>1.0.13<br \/>\n-FIXED: Varov\u00e1n\u00ed PHP<\/p>\n<p>1.0.11<br \/>\n-FIXED: Chyba v popisu kalend\u00e1\u0159e<br \/>\n-FIXED: Speci\u00e1ln\u00ed znaky v n\u00e1zvech ud\u00e1lost\u00ed<br \/>\n-FIXED: R\u016fzn\u00e9 dal\u0161\u00ed drobn\u00e9 chyby<br \/>\n-DOPLN\u011aNO: P\u0159eklady<\/p>\n<p>&nbsp;<\/p>\n<p>1.0.6<br \/>\n-FIXED: V\u00fdstupn\u00ed varov\u00e1n\u00ed PHP<\/p>\n<p>1.0.5<br \/>\n-DOPLN\u011aNO: Dal\u0161\u00ed u\u017eivatelsk\u00e9 role maj\u00ed nyn\u00ed p\u0159\u00edstup<br \/>\n-DOPLN\u011aNO: Ozn\u00e1men\u00ed o aktualizaci z\u00e1suvn\u00e9ho modulu<br \/>\n-FIXED: R\u016fzn\u00e9 drobn\u00e9 chyby<\/p>","protected":false},"featured_media":130673,"template":"","meta":{"site-sidebar-layout":"default","site-content-layout":"default","ast-site-content-layout":"default","site-content-style":"default","site-sidebar-style":"default","ast-global-header-display":"","ast-banner-title-visibility":"","ast-main-header-display":"","ast-hfb-above-header-display":"","ast-hfb-below-header-display":"","ast-hfb-mobile-header-display":"","site-post-title":"","ast-breadcrumbs-content":"","ast-featured-img":"","footer-sml-layout":"","ast-disable-related-posts":"","theme-transparent-header-meta":"default","adv-header-id-meta":"","stick-header-meta":"default","header-above-stick-meta":"","header-main-stick-meta":"","header-below-stick-meta":"","astra-migrate-meta-layouts":"set","ast-page-background-enabled":"default","ast-page-background-meta":{"desktop":{"background-color":"var(--ast-global-color-4)","background-image":"","background-repeat":"repeat","background-position":"center center","background-size":"auto","background-attachment":"scroll","background-type":"","background-media":"","overlay-type":"","overlay-color":"","overlay-opacity":"","overlay-gradient":""},"tablet":{"background-color":"","background-image":"","background-repeat":"repeat","background-position":"center center","background-size":"auto","background-attachment":"scroll","background-type":"","background-media":"","overlay-type":"","overlay-color":"","overlay-opacity":"","overlay-gradient":""},"mobile":{"background-color":"","background-image":"","background-repeat":"repeat","background-position":"center center","background-size":"auto","background-attachment":"scroll","background-type":"","background-media":"","overlay-type":"","overlay-color":"","overlay-opacity":"","overlay-gradient":""}},"ast-content-background-meta":{"desktop":{"background-color":"var(--ast-global-color-5)","background-image":"","background-repeat":"repeat","background-position":"center center","background-size":"auto","background-attachment":"scroll","background-type":"","background-media":"","overlay-type":"","overlay-color":"","overlay-opacity":"","overlay-gradient":""},"tablet":{"background-color":"var(--ast-global-color-5)","background-image":"","background-repeat":"repeat","background-position":"center center","background-size":"auto","background-attachment":"scroll","background-type":"","background-media":"","overlay-type":"","overlay-color":"","overlay-opacity":"","overlay-gradient":""},"mobile":{"background-color":"var(--ast-global-color-5)","background-image":"","background-repeat":"repeat","background-position":"center center","background-size":"auto","background-attachment":"scroll","background-type":"","background-media":"","overlay-type":"","overlay-color":"","overlay-opacity":"","overlay-gradient":""}}},"product_brand":[],"product_cat":[11,27,60,45],"product_tag":[],"class_list":{"0":"post-19140","1":"product","2":"type-product","3":"status-publish","4":"has-post-thumbnail","6":"product_cat-wordpress","7":"product_cat-extension","8":"product_cat-license-unlimited","9":"product_cat-plugins","10":"desktop-align-left","11":"tablet-align-left","12":"mobile-align-left","13":"ast-product-gallery-layout-horizontal-slider","14":"ast-product-gallery-with-no-image","15":"ast-magnify-disabled","16":"ast-product-tabs-layout-horizontal","18":"first","19":"instock","20":"downloadable","21":"virtual","22":"taxable","23":"purchasable","24":"product-type-subscription"},"_links":{"self":[{"href":"https:\/\/www.fooevents.com\/cs\/wp-json\/wp\/v2\/product\/19140","targetHints":{"allow":["GET"]}}],"collection":[{"href":"https:\/\/www.fooevents.com\/cs\/wp-json\/wp\/v2\/product"}],"about":[{"href":"https:\/\/www.fooevents.com\/cs\/wp-json\/wp\/v2\/types\/product"}],"wp:featuredmedia":[{"embeddable":true,"href":"https:\/\/www.fooevents.com\/cs\/wp-json\/wp\/v2\/media\/130673"}],"wp:attachment":[{"href":"https:\/\/www.fooevents.com\/cs\/wp-json\/wp\/v2\/media?parent=19140"}],"wp:term":[{"taxonomy":"product_brand","embeddable":true,"href":"https:\/\/www.fooevents.com\/cs\/wp-json\/wp\/v2\/product_brand?post=19140"},{"taxonomy":"product_cat","embeddable":true,"href":"https:\/\/www.fooevents.com\/cs\/wp-json\/wp\/v2\/product_cat?post=19140"},{"taxonomy":"product_tag","embeddable":true,"href":"https:\/\/www.fooevents.com\/cs\/wp-json\/wp\/v2\/product_tag?post=19140"}],"curies":[{"name":"wp","href":"https:\/\/api.w.org\/{rel}","templated":true}]}}