{"id":30273,"date":"2018-08-29T05:30:49","date_gmt":"2018-08-29T11:30:49","guid":{"rendered":"https:\/\/www.fooevents.com\/?post_type=product&#038;p=30273"},"modified":"2026-03-09T05:18:15","modified_gmt":"2026-03-09T12:18:15","slug":"fooevents-licence-na-sezeni-single","status":"publish","type":"product","link":"https:\/\/www.fooevents.com\/cs\/product\/fooevents-seating-license-single\/","title":{"rendered":"Sedadla FooEvents (licence: Single)"},"content":{"rendered":"<p>Z\u00e1suvn\u00fd modul FooEvents Seating je roz\u0161\u00ed\u0159en\u00ed pro aplikaci FooEvents, kter\u00e9 umo\u017e\u0148uje zaznamen\u00e1vat \u0159ady a \u010d\u00edsla sedadel p\u0159i pokladn\u011b. To je u\u017eite\u010dn\u00e9 pro umo\u017en\u011bn\u00ed \u00fa\u010dastn\u00edk\u016fm vybrat si vlastn\u00ed sedadla na z\u00e1klad\u011b uspo\u0159\u00e1d\u00e1n\u00ed m\u00edsta kon\u00e1n\u00ed. Tento dopln\u011bk lze pou\u017e\u00edt k zad\u00e1n\u00ed \u0159ad a sedadel v konferen\u010dn\u00ed m\u00edstnosti nebo divadle, stol\u016f a po\u010dtu \u017eidl\u00ed u stolu atd. M\u016f\u017eete vytvo\u0159it VIP sekce nebo omezit \u00fa\u010dastn\u00edky na m\u00edsta v jin\u00fdch oblastech s vy\u0161\u0161\u00ed nebo ni\u017e\u0161\u00ed cenou.<\/p>\n<h3>Sou\u010d\u00e1st\u00ed n\u00e1kupu je:<\/h3>\n<ul>\n<li>Z\u00e1suvn\u00fd modul pro sezen\u00ed FooEvents ke sta\u017een\u00ed,<\/li>\n<li>12 m\u011bs\u00edc\u016f pr\u00e9miov\u00e9 podpory,<\/li>\n<li>12 m\u011bs\u00edc\u016f aktualizace z\u00e1suvn\u00fdch modul\u016f,<\/li>\n<li>Zdarma\u00a0<a href=\"https:\/\/www.fooevents.com\/cs\/aplikace\/\" target=\"_blank\" rel=\"noopener noreferrer\">iOS<\/a> &amp; <a href=\"https:\/\/www.fooevents.com\/cs\/aplikace\/\" target=\"_blank\" rel=\"noopener noreferrer\">Android<\/a> aplikace pro odbaven\u00ed,<\/li>\n<li>U\u017eivatelsky p\u0159\u00edv\u011btiv\u00e1 dokumentace.<\/li>\n<\/ul>","protected":false},"excerpt":{"rendered":"<p>The FooEvents Seating plugin is an extension for FooEvents that allows for the capture of rows and seat numbers at checkout. This is useful for letting attendees select their own seats based on the layout of your venue. This plugin can be used to specify rows and seats in a conference room or theater, tables [&hellip;]<\/p>\n","protected":false},"featured_media":130666,"template":"","meta":{"site-sidebar-layout":"default","site-content-layout":"default","ast-site-content-layout":"default","site-content-style":"default","site-sidebar-style":"default","ast-global-header-display":"","ast-banner-title-visibility":"","ast-main-header-display":"","ast-hfb-above-header-display":"","ast-hfb-below-header-display":"","ast-hfb-mobile-header-display":"","site-post-title":"","ast-breadcrumbs-content":"","ast-featured-img":"","footer-sml-layout":"","ast-disable-related-posts":"","theme-transparent-header-meta":"default","adv-header-id-meta":"","stick-header-meta":"default","header-above-stick-meta":"","header-main-stick-meta":"","header-below-stick-meta":"","astra-migrate-meta-layouts":"set","ast-page-background-enabled":"default","ast-page-background-meta":{"desktop":{"background-color":"var(--ast-global-color-4)","background-image":"","background-repeat":"repeat","background-position":"center center","background-size":"auto","background-attachment":"scroll","background-type":"","background-media":"","overlay-type":"","overlay-color":"","overlay-opacity":"","overlay-gradient":""},"tablet":{"background-color":"","background-image":"","background-repeat":"repeat","background-position":"center center","background-size":"auto","background-attachment":"scroll","background-type":"","background-media":"","overlay-type":"","overlay-color":"","overlay-opacity":"","overlay-gradient":""},"mobile":{"background-color":"","background-image":"","background-repeat":"repeat","background-position":"center center","background-size":"auto","background-attachment":"scroll","background-type":"","background-media":"","overlay-type":"","overlay-color":"","overlay-opacity":"","overlay-gradient":""}},"ast-content-background-meta":{"desktop":{"background-color":"var(--ast-global-color-5)","background-image":"","background-repeat":"repeat","background-position":"center center","background-size":"auto","background-attachment":"scroll","background-type":"","background-media":"","overlay-type":"","overlay-color":"","overlay-opacity":"","overlay-gradient":""},"tablet":{"background-color":"var(--ast-global-color-5)","background-image":"","background-repeat":"repeat","background-position":"center center","background-size":"auto","background-attachment":"scroll","background-type":"","background-media":"","overlay-type":"","overlay-color":"","overlay-opacity":"","overlay-gradient":""},"mobile":{"background-color":"var(--ast-global-color-5)","background-image":"","background-repeat":"repeat","background-position":"center center","background-size":"auto","background-attachment":"scroll","background-type":"","background-media":"","overlay-type":"","overlay-color":"","overlay-opacity":"","overlay-gradient":""}}},"product_brand":[],"product_cat":[58,45],"product_tag":[],"class_list":{"0":"post-30273","1":"product","2":"type-product","3":"status-publish","4":"has-post-thumbnail","6":"product_cat-license-single","7":"product_cat-plugins","8":"desktop-align-left","9":"tablet-align-left","10":"mobile-align-left","11":"ast-product-gallery-layout-horizontal-slider","12":"ast-product-gallery-with-no-image","13":"ast-magnify-disabled","14":"ast-product-tabs-layout-horizontal","16":"first","17":"instock","18":"featured","19":"downloadable","20":"virtual","21":"taxable","22":"purchasable","23":"product-type-subscription"},"_links":{"self":[{"href":"https:\/\/www.fooevents.com\/cs\/wp-json\/wp\/v2\/product\/30273","targetHints":{"allow":["GET"]}}],"collection":[{"href":"https:\/\/www.fooevents.com\/cs\/wp-json\/wp\/v2\/product"}],"about":[{"href":"https:\/\/www.fooevents.com\/cs\/wp-json\/wp\/v2\/types\/product"}],"wp:featuredmedia":[{"embeddable":true,"href":"https:\/\/www.fooevents.com\/cs\/wp-json\/wp\/v2\/media\/130666"}],"wp:attachment":[{"href":"https:\/\/www.fooevents.com\/cs\/wp-json\/wp\/v2\/media?parent=30273"}],"wp:term":[{"taxonomy":"product_brand","embeddable":true,"href":"https:\/\/www.fooevents.com\/cs\/wp-json\/wp\/v2\/product_brand?post=30273"},{"taxonomy":"product_cat","embeddable":true,"href":"https:\/\/www.fooevents.com\/cs\/wp-json\/wp\/v2\/product_cat?post=30273"},{"taxonomy":"product_tag","embeddable":true,"href":"https:\/\/www.fooevents.com\/cs\/wp-json\/wp\/v2\/product_tag?post=30273"}],"curies":[{"name":"wp","href":"https:\/\/api.w.org\/{rel}","templated":true}]}}