{"id":861,"date":"2016-07-08T16:15:28","date_gmt":"2016-07-08T14:15:28","guid":{"rendered":"https:\/\/www.fooevents.com\/?post_type=product&#038;p=861"},"modified":"2026-03-09T04:11:06","modified_gmt":"2026-03-09T11:11:06","slug":"fooevents-expresni-prihlaseni","status":"publish","type":"product","link":"https:\/\/www.fooevents.com\/cs\/product\/fooevents-express-check-in\/","title":{"rendered":"FooEvents Expresn\u00ed odbaven\u00ed (licence: Jednor\u00e1zov\u00e1)"},"content":{"rendered":"<p>Z\u00e1suvn\u00fd modul FooEvents Express Check-in je roz\u0161\u00ed\u0159en\u00ed pro FooEvents pro WooCommerce, kter\u00e9 umo\u017e\u0148uje rychl\u00e9 a snadn\u00e9 odbaven\u00ed \u00fa\u010dastn\u00edk\u016f va\u0161\u00ed akce. Intuitivn\u00ed rozhran\u00ed umo\u017e\u0148uje naj\u00edt \u00fa\u010dastn\u00edky b\u011bhem n\u011bkolika sekund pomoc\u00ed \u0161ikovn\u00e9 funkce automatick\u00e9ho vyhled\u00e1v\u00e1n\u00ed nebo m\u016f\u017eete pou\u017e\u00edt b\u011b\u017en\u00fd sn\u00edma\u010d \u010d\u00e1rov\u00fdch k\u00f3d\u016f ke skenov\u00e1n\u00ed vyti\u0161t\u011bn\u00fdch vstupenek a automatick\u00e9mu odbaven\u00ed \u00fa\u010dastn\u00edk\u016f, co\u017e je ide\u00e1ln\u00ed pro velk\u00e9 akce. P\u0159\u00edstup ke spr\u00e1v\u011b odbavov\u00e1n\u00ed na va\u0161\u00ed akci bez nepo\u0159\u00e1dku a starost\u00ed!<\/p>\n<h3>Sou\u010d\u00e1st\u00ed n\u00e1kupu je:<\/h3>\n<p>Z\u00e1suvn\u00fd modul FooEvents Express Check-in ke sta\u017een\u00ed,<br \/>\n12 m\u011bs\u00edc\u016f pr\u00e9miov\u00e9 podpory,<br \/>\n12 m\u011bs\u00edc\u016f aktualizace z\u00e1suvn\u00fdch modul\u016f,<br \/>\nU\u017eivatelsky p\u0159\u00edv\u011btiv\u00e1 dokumentace.<\/p>\n<p><strong>Pozn\u00e1mka: Nezahrnuje <a href=\"\/cs\/produkt\/plugin-fooevents\/\">FooEvents pro z\u00e1suvn\u00fd modul WooCommerce<\/a> (povinn\u00e9)\u00a0<\/strong><\/p>","protected":false},"excerpt":{"rendered":"<p>Vyhled\u00e1v\u00e1n\u00ed podle jm\u00e9na kupuj\u00edc\u00edho nebo \u00fa\u010dastn\u00edka, ID vstupenky nebo stavu vstupenky.<br \/>\nAjaxov\u00e9 na\u010d\u00edt\u00e1n\u00ed v\u00fdsledk\u016f, \u017e\u00e1dn\u00e9 obnoven\u00ed str\u00e1nky<br \/>\nAutomatick\u00e9 vyhled\u00e1v\u00e1n\u00ed - vyhled\u00e1v\u00e1n\u00ed p\u0159i psan\u00ed<br \/>\nAutomatick\u00e9 odbaven\u00ed - automatick\u00e9 odbaven\u00ed \u00fa\u010dastn\u00edka, pokud je nalezen identifik\u00e1tor vstupenky.<br \/>\nKompatibiln\u00ed s mobiln\u00edmi za\u0159\u00edzen\u00edmi - funguje na stoln\u00edch po\u010d\u00edta\u010d\u00edch, tabletech i mobiln\u00edch telefonech<br \/>\nZm\u011b\u0148te stav p\u0159ihl\u00e1\u0161en\u00ed \u00fa\u010dastn\u00edk\u016f na \"p\u0159ihl\u00e1\u0161en\", \"nep\u0159ihl\u00e1\u0161en\", \"zru\u0161en\" nebo \"nezaplacen\".<br \/>\nFunguje skv\u011ble s v\u011bt\u0161inou \u010dte\u010dek 2D \u010d\u00e1rov\u00fdch k\u00f3d\u016f!!!<\/p>\n<p>https:\/\/www.youtube.com\/watch?v=h3zI-oNi6_o<\/p>\n<p>AKTUALIZOVAT Z\u00c1ZNAM<\/p>\n<p>&#8212;&#8212;&#8212;&#8212;&#8212;&#8212;<br \/>\n1.2.2<br \/>\n-FIXED: Chyba v ozn\u00e1men\u00ed o aktualizaci<\/p>\n<p>1.2.1<br \/>\n-FIXED: Aktualizace v\u00edcedenn\u00ed podpory<\/p>\n<p>1.2.0<br \/>\n-DOPLN\u011aNO: P\u0159ipraveno roz\u0161\u00ed\u0159en\u00ed pro v\u00edcedenn\u00ed ud\u00e1losti<\/p>\n<p>1.0.7<\/p>\n<p>-FIXED: Upozorn\u011bn\u00ed PHP na front-endu<\/p>\n<p>1.0.6<\/p>\n<p>-FIXED: V\u00fdstupn\u00ed varov\u00e1n\u00ed PHP<\/p>\n<p>1.0.5<\/p>\n<p>-DOPLN\u011aNO: Dal\u0161\u00ed u\u017eivatelsk\u00e9 role maj\u00ed nyn\u00ed p\u0159\u00edstup<br \/>\n-DOPLN\u011aNO: Ozn\u00e1men\u00ed o aktualizaci z\u00e1suvn\u00e9ho modulu<br \/>\n-FIXED: R\u016fzn\u00e9 drobn\u00e9 chyby<\/p>\n<div style=\"position: static !important;\"><\/div>\n<div style=\"position: static !important;\"><\/div>","protected":false},"featured_media":130678,"template":"","meta":{"site-sidebar-layout":"default","site-content-layout":"default","ast-site-content-layout":"default","site-content-style":"default","site-sidebar-style":"default","ast-global-header-display":"","ast-banner-title-visibility":"","ast-main-header-display":"","ast-hfb-above-header-display":"","ast-hfb-below-header-display":"","ast-hfb-mobile-header-display":"","site-post-title":"","ast-breadcrumbs-content":"","ast-featured-img":"","footer-sml-layout":"","ast-disable-related-posts":"","theme-transparent-header-meta":"default","adv-header-id-meta":"","stick-header-meta":"default","header-above-stick-meta":"","header-main-stick-meta":"","header-below-stick-meta":"","astra-migrate-meta-layouts":"set","ast-page-background-enabled":"default","ast-page-background-meta":{"desktop":{"background-color":"var(--ast-global-color-4)","background-image":"","background-repeat":"repeat","background-position":"center center","background-size":"auto","background-attachment":"scroll","background-type":"","background-media":"","overlay-type":"","overlay-color":"","overlay-opacity":"","overlay-gradient":""},"tablet":{"background-color":"","background-image":"","background-repeat":"repeat","background-position":"center center","background-size":"auto","background-attachment":"scroll","background-type":"","background-media":"","overlay-type":"","overlay-color":"","overlay-opacity":"","overlay-gradient":""},"mobile":{"background-color":"","background-image":"","background-repeat":"repeat","background-position":"center center","background-size":"auto","background-attachment":"scroll","background-type":"","background-media":"","overlay-type":"","overlay-color":"","overlay-opacity":"","overlay-gradient":""}},"ast-content-background-meta":{"desktop":{"background-color":"var(--ast-global-color-5)","background-image":"","background-repeat":"repeat","background-position":"center center","background-size":"auto","background-attachment":"scroll","background-type":"","background-media":"","overlay-type":"","overlay-color":"","overlay-opacity":"","overlay-gradient":""},"tablet":{"background-color":"var(--ast-global-color-5)","background-image":"","background-repeat":"repeat","background-position":"center center","background-size":"auto","background-attachment":"scroll","background-type":"","background-media":"","overlay-type":"","overlay-color":"","overlay-opacity":"","overlay-gradient":""},"mobile":{"background-color":"var(--ast-global-color-5)","background-image":"","background-repeat":"repeat","background-position":"center center","background-size":"auto","background-attachment":"scroll","background-type":"","background-media":"","overlay-type":"","overlay-color":"","overlay-opacity":"","overlay-gradient":""}}},"product_brand":[],"product_cat":[27,58,45],"product_tag":[],"class_list":{"0":"post-861","1":"product","2":"type-product","3":"status-publish","4":"has-post-thumbnail","6":"product_cat-extension","7":"product_cat-license-single","8":"product_cat-plugins","9":"desktop-align-left","10":"tablet-align-left","11":"mobile-align-left","12":"ast-product-gallery-layout-horizontal-slider","13":"ast-magnify-disabled","14":"ast-product-tabs-layout-horizontal","16":"first","17":"instock","18":"downloadable","19":"virtual","20":"taxable","21":"purchasable","22":"product-type-subscription"},"_links":{"self":[{"href":"https:\/\/www.fooevents.com\/cs\/wp-json\/wp\/v2\/product\/861","targetHints":{"allow":["GET"]}}],"collection":[{"href":"https:\/\/www.fooevents.com\/cs\/wp-json\/wp\/v2\/product"}],"about":[{"href":"https:\/\/www.fooevents.com\/cs\/wp-json\/wp\/v2\/types\/product"}],"wp:featuredmedia":[{"embeddable":true,"href":"https:\/\/www.fooevents.com\/cs\/wp-json\/wp\/v2\/media\/130678"}],"wp:attachment":[{"href":"https:\/\/www.fooevents.com\/cs\/wp-json\/wp\/v2\/media?parent=861"}],"wp:term":[{"taxonomy":"product_brand","embeddable":true,"href":"https:\/\/www.fooevents.com\/cs\/wp-json\/wp\/v2\/product_brand?post=861"},{"taxonomy":"product_cat","embeddable":true,"href":"https:\/\/www.fooevents.com\/cs\/wp-json\/wp\/v2\/product_cat?post=861"},{"taxonomy":"product_tag","embeddable":true,"href":"https:\/\/www.fooevents.com\/cs\/wp-json\/wp\/v2\/product_tag?post=861"}],"curies":[{"name":"wp","href":"https:\/\/api.w.org\/{rel}","templated":true}]}}