{"id":16514,"date":"2018-01-11T10:39:12","date_gmt":"2018-01-11T17:39:12","guid":{"rendered":"https:\/\/www.fooevents.com\/?page_id=16514"},"modified":"2026-04-01T03:11:54","modified_gmt":"2026-04-01T10:11:54","slug":"ticket-themen","status":"publish","type":"page","link":"https:\/\/www.fooevents.com\/de\/products\/ticket-themes\/","title":{"rendered":"FooEvents Ticket-Themen"},"content":{"rendered":"<div data-elementor-type=\"wp-page\" data-elementor-id=\"16514\" class=\"elementor elementor-16514\" data-elementor-post-type=\"page\">\n\t\t\t\t\t\t<section class=\"elementor-section elementor-top-section elementor-element elementor-element-360b91ea elementor-section-content-middle elementor-section-boxed elementor-section-height-default elementor-section-height-default\" data-id=\"360b91ea\" data-element_type=\"section\" data-e-type=\"section\" data-settings=\"{&quot;background_background&quot;:&quot;classic&quot;}\">\n\t\t\t\t\t\t<div class=\"elementor-container elementor-column-gap-default\">\n\t\t\t\t\t<div class=\"elementor-column elementor-col-100 elementor-top-column elementor-element elementor-element-227f0ce\" data-id=\"227f0ce\" data-element_type=\"column\" data-e-type=\"column\">\n\t\t\t<div class=\"elementor-widget-wrap elementor-element-populated\">\n\t\t\t\t\t\t<div class=\"elementor-element elementor-element-c0c6639 elementor-widget elementor-widget-heading\" data-id=\"c0c6639\" data-element_type=\"widget\" data-e-type=\"widget\" data-widget_type=\"heading.default\">\n\t\t\t\t<div class=\"elementor-widget-container\">\n\t\t\t\t\t<h1 class=\"elementor-heading-title elementor-size-large\">Kostenlose FooEvents-Ticket-Themen herunterladen<\/h1>\t\t\t\t<\/div>\n\t\t\t\t<\/div>\n\t\t\t\t<div class=\"elementor-element elementor-element-6b027251 elementor-widget elementor-widget-heading\" data-id=\"6b027251\" data-element_type=\"widget\" data-e-type=\"widget\" data-widget_type=\"heading.default\">\n\t\t\t\t<div class=\"elementor-widget-container\">\n\t\t\t\t\t<h2 class=\"elementor-heading-title elementor-size-large\">Mit unseren KOSTENLOSEN Ticket-Themen k\u00f6nnen Sie das Erscheinungsbild Ihrer Tickets ver\u00e4ndern und Ihre Veranstaltung hervorheben. Wenn Sie \u00fcber grundlegende Programmierkenntnisse verf\u00fcgen, k\u00f6nnen Sie das Starter-Theme als Vorlage verwenden, um Ihre eigenen Tickets von Grund auf zu gestalten.<\/h2>\t\t\t\t<\/div>\n\t\t\t\t<\/div>\n\t\t\t\t<div class=\"elementor-element elementor-element-0f62777 elementor-widget elementor-widget-text-editor\" data-id=\"0f62777\" data-element_type=\"widget\" data-e-type=\"widget\" data-widget_type=\"text-editor.default\">\n\t\t\t\t<div class=\"elementor-widget-container\">\n\t\t\t\t\t\t\t\t\t<p style=\"text-align: center;\"><span style=\"text-decoration: underline; color: #b4458d;\"><a style=\"color: #b4458d; text-decoration: underline;\" href=\"https:\/\/help.fooevents.com\/docs\/topics\/tickets\/ticket-themes\/\" rel=\"nofollow noopener\" target=\"_blank\">Dokumentation anzeigen<\/a><\/span><\/p>\t\t\t\t\t\t\t\t<\/div>\n\t\t\t\t<\/div>\n\t\t\t\t\t<\/div>\n\t\t<\/div>\n\t\t\t\t\t<\/div>\n\t\t<\/section>\n\t\t\t\t<section class=\"elementor-section elementor-top-section elementor-element elementor-element-4a861c31 elementor-section-boxed elementor-section-height-default elementor-section-height-default\" data-id=\"4a861c31\" data-element_type=\"section\" data-e-type=\"section\" data-settings=\"{&quot;background_background&quot;:&quot;classic&quot;}\">\n\t\t\t\t\t\t<div class=\"elementor-container elementor-column-gap-wider\">\n\t\t\t\t\t<div class=\"elementor-column elementor-col-33 elementor-top-column elementor-element elementor-element-4cffcc6\" data-id=\"4cffcc6\" data-element_type=\"column\" data-e-type=\"column\">\n\t\t\t<div class=\"elementor-widget-wrap elementor-element-populated\">\n\t\t\t\t\t\t<div class=\"elementor-element elementor-element-8d0deda elementor-position-top elementor-widget elementor-widget-image-box\" data-id=\"8d0deda\" data-element_type=\"widget\" data-e-type=\"widget\" data-widget_type=\"image-box.default\">\n\t\t\t\t<div class=\"elementor-widget-container\">\n\t\t\t\t\t<div class=\"elementor-image-box-wrapper\"><figure class=\"elementor-image-box-img\"><a href=\"https:\/\/www.fooevents.com\/de\/produkt\/standard-ticket-thema\/\" tabindex=\"-1\"><img fetchpriority=\"high\" decoding=\"async\" width=\"400\" height=\"796\" src=\"https:\/\/www.fooevents.com\/wp-content\/uploads\/2024\/10\/default_screenshot_sml-1.jpg\" class=\"attachment-full size-full wp-image-189841\" alt=\"\" title=\"\" srcset=\"https:\/\/www.fooevents.com\/wp-content\/uploads\/2024\/10\/default_screenshot_sml-1.jpg 400w, https:\/\/www.fooevents.com\/wp-content\/uploads\/2024\/10\/default_screenshot_sml-1-151x300.jpg 151w, https:\/\/www.fooevents.com\/wp-content\/uploads\/2024\/10\/default_screenshot_sml-1-6x12.jpg 6w\" sizes=\"(max-width: 400px) 100vw, 400px\" \/><\/a><\/figure><div class=\"elementor-image-box-content\"><h3 class=\"elementor-image-box-title\"><a href=\"https:\/\/www.fooevents.com\/de\/produkt\/standard-ticket-thema\/\">Standard-Ticket-Thema<\/a><\/h3><\/div><\/div>\t\t\t\t<\/div>\n\t\t\t\t<\/div>\n\t\t\t\t<div class=\"elementor-element elementor-element-7300c37 elementor-position-top elementor-widget elementor-widget-image-box\" data-id=\"7300c37\" data-element_type=\"widget\" data-e-type=\"widget\" data-widget_type=\"image-box.default\">\n\t\t\t\t<div class=\"elementor-widget-container\">\n\t\t\t\t\t<div class=\"elementor-image-box-wrapper\"><figure class=\"elementor-image-box-img\"><a href=\"https:\/\/www.fooevents.com\/de\/produkt\/pavillon-ticket-thema\/\" tabindex=\"-1\"><img decoding=\"async\" width=\"400\" height=\"728\" src=\"https:\/\/www.fooevents.com\/wp-content\/uploads\/2024\/10\/pavilion_screenshot_sml.jpg\" class=\"attachment-full size-full wp-image-189848\" alt=\"Screenshot Pavillon Ticket Theme\" title=\"\" srcset=\"https:\/\/www.fooevents.com\/wp-content\/uploads\/2024\/10\/pavilion_screenshot_sml.jpg 400w, https:\/\/www.fooevents.com\/wp-content\/uploads\/2024\/10\/pavilion_screenshot_sml-165x300.jpg 165w, https:\/\/www.fooevents.com\/wp-content\/uploads\/2024\/10\/pavilion_screenshot_sml-7x12.jpg 7w\" sizes=\"(max-width: 400px) 100vw, 400px\" \/><\/a><\/figure><div class=\"elementor-image-box-content\"><h3 class=\"elementor-image-box-title\"><a href=\"https:\/\/www.fooevents.com\/de\/produkt\/pavillon-ticket-thema\/\">Pavillon Ticket Thema<\/a><\/h3><\/div><\/div>\t\t\t\t<\/div>\n\t\t\t\t<\/div>\n\t\t\t\t<div class=\"elementor-element elementor-element-9a3885e elementor-position-top elementor-widget elementor-widget-image-box\" data-id=\"9a3885e\" data-element_type=\"widget\" data-e-type=\"widget\" data-widget_type=\"image-box.default\">\n\t\t\t\t<div class=\"elementor-widget-container\">\n\t\t\t\t\t<div class=\"elementor-image-box-wrapper\"><figure class=\"elementor-image-box-img\"><a href=\"https:\/\/www.fooevents.com\/de\/produkt\/quittungsticket-thema\/\" tabindex=\"-1\"><img decoding=\"async\" width=\"400\" height=\"945\" src=\"https:\/\/www.fooevents.com\/wp-content\/uploads\/2024\/10\/receipt_screenshot_sml.jpg\" class=\"attachment-full size-full wp-image-189843\" alt=\"\" title=\"\" srcset=\"https:\/\/www.fooevents.com\/wp-content\/uploads\/2024\/10\/receipt_screenshot_sml.jpg 400w, https:\/\/www.fooevents.com\/wp-content\/uploads\/2024\/10\/receipt_screenshot_sml-127x300.jpg 127w, https:\/\/www.fooevents.com\/wp-content\/uploads\/2024\/10\/receipt_screenshot_sml-5x12.jpg 5w\" sizes=\"(max-width: 400px) 100vw, 400px\" \/><\/a><\/figure><div class=\"elementor-image-box-content\"><h3 class=\"elementor-image-box-title\"><a href=\"https:\/\/www.fooevents.com\/de\/produkt\/quittungsticket-thema\/\">Quittung Ticket Thema<\/a><\/h3><\/div><\/div>\t\t\t\t<\/div>\n\t\t\t\t<\/div>\n\t\t\t\t<div class=\"elementor-element elementor-element-9e09d2a elementor-position-top elementor-widget elementor-widget-image-box\" data-id=\"9e09d2a\" data-element_type=\"widget\" data-e-type=\"widget\" data-widget_type=\"image-box.default\">\n\t\t\t\t<div class=\"elementor-widget-container\">\n\t\t\t\t\t<div class=\"elementor-image-box-wrapper\"><figure class=\"elementor-image-box-img\"><a href=\"https:\/\/www.fooevents.com\/de\/produkt\/halloween-ticket-theme-2025\/\" tabindex=\"-1\"><img loading=\"lazy\" decoding=\"async\" width=\"400\" height=\"801\" src=\"https:\/\/www.fooevents.com\/wp-content\/uploads\/2025\/09\/halloween_screenshot_sml.png\" class=\"attachment-full size-full wp-image-200856\" alt=\"\" title=\"\" srcset=\"https:\/\/www.fooevents.com\/wp-content\/uploads\/2025\/09\/halloween_screenshot_sml.png 400w, https:\/\/www.fooevents.com\/wp-content\/uploads\/2025\/09\/halloween_screenshot_sml-150x300.png 150w, https:\/\/www.fooevents.com\/wp-content\/uploads\/2025\/09\/halloween_screenshot_sml-6x12.png 6w\" sizes=\"(max-width: 400px) 100vw, 400px\" \/><\/a><\/figure><div class=\"elementor-image-box-content\"><h3 class=\"elementor-image-box-title\"><a href=\"https:\/\/www.fooevents.com\/de\/produkt\/halloween-ticket-theme-2025\/\">Halloween-Ticket-Thema<\/a><\/h3><\/div><\/div>\t\t\t\t<\/div>\n\t\t\t\t<\/div>\n\t\t\t\t\t<\/div>\n\t\t<\/div>\n\t\t\t\t<div class=\"elementor-column elementor-col-33 elementor-top-column elementor-element elementor-element-48b421e\" data-id=\"48b421e\" data-element_type=\"column\" data-e-type=\"column\">\n\t\t\t<div class=\"elementor-widget-wrap elementor-element-populated\">\n\t\t\t\t\t\t<div class=\"elementor-element elementor-element-951f345 elementor-position-top elementor-widget elementor-widget-image-box\" data-id=\"951f345\" data-element_type=\"widget\" data-e-type=\"widget\" data-widget_type=\"image-box.default\">\n\t\t\t\t<div class=\"elementor-widget-container\">\n\t\t\t\t\t<div class=\"elementor-image-box-wrapper\"><figure class=\"elementor-image-box-img\"><a href=\"https:\/\/www.fooevents.com\/de\/produkt\/thema-der-ausstellungskarte\/\" tabindex=\"-1\"><img loading=\"lazy\" decoding=\"async\" width=\"400\" height=\"798\" src=\"https:\/\/www.fooevents.com\/wp-content\/uploads\/2024\/10\/exhibit_screenshot_sml.jpg\" class=\"attachment-full size-full wp-image-189844\" alt=\"Ausstellungsticket-Thema Screenshot\" title=\"\" srcset=\"https:\/\/www.fooevents.com\/wp-content\/uploads\/2024\/10\/exhibit_screenshot_sml.jpg 400w, https:\/\/www.fooevents.com\/wp-content\/uploads\/2024\/10\/exhibit_screenshot_sml-150x300.jpg 150w, https:\/\/www.fooevents.com\/wp-content\/uploads\/2024\/10\/exhibit_screenshot_sml-6x12.jpg 6w\" sizes=\"(max-width: 400px) 100vw, 400px\" \/><\/a><\/figure><div class=\"elementor-image-box-content\"><h3 class=\"elementor-image-box-title\"><a href=\"https:\/\/www.fooevents.com\/de\/produkt\/thema-der-ausstellungskarte\/\">Thema der Eintrittskarte ausstellen<\/a><\/h3><\/div><\/div>\t\t\t\t<\/div>\n\t\t\t\t<\/div>\n\t\t\t\t<div class=\"elementor-element elementor-element-271ec89 elementor-position-top elementor-widget elementor-widget-image-box\" data-id=\"271ec89\" data-element_type=\"widget\" data-e-type=\"widget\" data-widget_type=\"image-box.default\">\n\t\t\t\t<div class=\"elementor-widget-container\">\n\t\t\t\t\t<div class=\"elementor-image-box-wrapper\"><figure class=\"elementor-image-box-img\"><a href=\"https:\/\/www.fooevents.com\/de\/produkt\/prima-ticket-thema\/\" tabindex=\"-1\"><img loading=\"lazy\" decoding=\"async\" width=\"742\" height=\"908\" src=\"https:\/\/www.fooevents.com\/wp-content\/uploads\/2025\/05\/prima_screenshot1.jpg\" class=\"attachment-full size-full wp-image-196895\" alt=\"\" title=\"\" srcset=\"https:\/\/www.fooevents.com\/wp-content\/uploads\/2025\/05\/prima_screenshot1.jpg 742w, https:\/\/www.fooevents.com\/wp-content\/uploads\/2025\/05\/prima_screenshot1-245x300.jpg 245w, https:\/\/www.fooevents.com\/wp-content\/uploads\/2025\/05\/prima_screenshot1-10x12.jpg 10w, https:\/\/www.fooevents.com\/wp-content\/uploads\/2025\/05\/prima_screenshot1-512x627.jpg 512w\" sizes=\"(max-width: 742px) 100vw, 742px\" \/><\/a><\/figure><div class=\"elementor-image-box-content\"><h3 class=\"elementor-image-box-title\"><a href=\"https:\/\/www.fooevents.com\/de\/produkt\/prima-ticket-thema\/\">Prima Ticket Thema<\/a><\/h3><\/div><\/div>\t\t\t\t<\/div>\n\t\t\t\t<\/div>\n\t\t\t\t<div class=\"elementor-element elementor-element-aa2f14e elementor-position-top elementor-widget elementor-widget-image-box\" data-id=\"aa2f14e\" data-element_type=\"widget\" data-e-type=\"widget\" data-widget_type=\"image-box.default\">\n\t\t\t\t<div class=\"elementor-widget-container\">\n\t\t\t\t\t<div class=\"elementor-image-box-wrapper\"><figure class=\"elementor-image-box-img\"><a href=\"https:\/\/www.fooevents.com\/de\/produkt\/modo-ticket-thema\/\" tabindex=\"-1\"><img loading=\"lazy\" decoding=\"async\" width=\"881\" height=\"1913\" src=\"https:\/\/www.fooevents.com\/wp-content\/uploads\/2025\/05\/modo_ticket_theme.png\" class=\"attachment-full size-full wp-image-197246\" alt=\"\" title=\"\" srcset=\"https:\/\/www.fooevents.com\/wp-content\/uploads\/2025\/05\/modo_ticket_theme.png 881w, https:\/\/www.fooevents.com\/wp-content\/uploads\/2025\/05\/modo_ticket_theme-138x300.png 138w, https:\/\/www.fooevents.com\/wp-content\/uploads\/2025\/05\/modo_ticket_theme-472x1024.png 472w, https:\/\/www.fooevents.com\/wp-content\/uploads\/2025\/05\/modo_ticket_theme-768x1668.png 768w, https:\/\/www.fooevents.com\/wp-content\/uploads\/2025\/05\/modo_ticket_theme-707x1536.png 707w, https:\/\/www.fooevents.com\/wp-content\/uploads\/2025\/05\/modo_ticket_theme-6x12.png 6w, https:\/\/www.fooevents.com\/wp-content\/uploads\/2025\/05\/modo_ticket_theme-512x1112.png 512w\" sizes=\"(max-width: 881px) 100vw, 881px\" \/><\/a><\/figure><div class=\"elementor-image-box-content\"><h3 class=\"elementor-image-box-title\"><a href=\"https:\/\/www.fooevents.com\/de\/produkt\/modo-ticket-thema\/\">Modo Ticket Thema<\/a><\/h3><\/div><\/div>\t\t\t\t<\/div>\n\t\t\t\t<\/div>\n\t\t\t\t<div class=\"elementor-element elementor-element-01392b1 elementor-position-top elementor-widget elementor-widget-image-box\" data-id=\"01392b1\" data-element_type=\"widget\" data-e-type=\"widget\" data-widget_type=\"image-box.default\">\n\t\t\t\t<div class=\"elementor-widget-container\">\n\t\t\t\t\t<div class=\"elementor-image-box-wrapper\"><figure class=\"elementor-image-box-img\"><a href=\"https:\/\/www.fooevents.com\/de\/produkt\/geschenkkarten-thema\/\" tabindex=\"-1\"><img loading=\"lazy\" decoding=\"async\" width=\"400\" height=\"689\" src=\"https:\/\/www.fooevents.com\/wp-content\/uploads\/2024\/10\/present_screenshot_sml.jpg\" class=\"attachment-full size-full wp-image-189847\" alt=\"Screenshot Pr\u00e4sent Ticket Theme\" title=\"\" srcset=\"https:\/\/www.fooevents.com\/wp-content\/uploads\/2024\/10\/present_screenshot_sml.jpg 400w, https:\/\/www.fooevents.com\/wp-content\/uploads\/2024\/10\/present_screenshot_sml-174x300.jpg 174w, https:\/\/www.fooevents.com\/wp-content\/uploads\/2024\/10\/present_screenshot_sml-7x12.jpg 7w\" sizes=\"(max-width: 400px) 100vw, 400px\" \/><\/a><\/figure><div class=\"elementor-image-box-content\"><h3 class=\"elementor-image-box-title\"><a href=\"https:\/\/www.fooevents.com\/de\/produkt\/geschenkkarten-thema\/\">Geschenk-Ticket-Thema<\/a><\/h3><\/div><\/div>\t\t\t\t<\/div>\n\t\t\t\t<\/div>\n\t\t\t\t\t<\/div>\n\t\t<\/div>\n\t\t\t\t<div class=\"elementor-column elementor-col-33 elementor-top-column elementor-element elementor-element-323c4f8\" data-id=\"323c4f8\" data-element_type=\"column\" data-e-type=\"column\">\n\t\t\t<div class=\"elementor-widget-wrap elementor-element-populated\">\n\t\t\t\t\t\t<div class=\"elementor-element elementor-element-f7a8a11 elementor-position-top elementor-widget elementor-widget-image-box\" data-id=\"f7a8a11\" data-element_type=\"widget\" data-e-type=\"widget\" data-widget_type=\"image-box.default\">\n\t\t\t\t<div class=\"elementor-widget-container\">\n\t\t\t\t\t<div class=\"elementor-image-box-wrapper\"><figure class=\"elementor-image-box-img\"><a href=\"https:\/\/www.fooevents.com\/de\/produkt\/eintrittskarten-thema\/\" tabindex=\"-1\"><img loading=\"lazy\" decoding=\"async\" width=\"400\" height=\"492\" src=\"https:\/\/www.fooevents.com\/wp-content\/uploads\/2024\/10\/admission_screenshot_sml.png\" class=\"attachment-full size-full wp-image-189849\" alt=\"Screenshot Eintrittskarten-Thema\" title=\"\" srcset=\"https:\/\/www.fooevents.com\/wp-content\/uploads\/2024\/10\/admission_screenshot_sml.png 400w, https:\/\/www.fooevents.com\/wp-content\/uploads\/2024\/10\/admission_screenshot_sml-244x300.png 244w, https:\/\/www.fooevents.com\/wp-content\/uploads\/2024\/10\/admission_screenshot_sml-10x12.png 10w\" sizes=\"(max-width: 400px) 100vw, 400px\" \/><\/a><\/figure><div class=\"elementor-image-box-content\"><h3 class=\"elementor-image-box-title\"><a href=\"https:\/\/www.fooevents.com\/de\/produkt\/eintrittskarten-thema\/\">Thema der Eintrittskarte<\/a><\/h3><\/div><\/div>\t\t\t\t<\/div>\n\t\t\t\t<\/div>\n\t\t\t\t<div class=\"elementor-element elementor-element-9402f99 elementor-position-top elementor-widget elementor-widget-image-box\" data-id=\"9402f99\" data-element_type=\"widget\" data-e-type=\"widget\" data-widget_type=\"image-box.default\">\n\t\t\t\t<div class=\"elementor-widget-container\">\n\t\t\t\t\t<div class=\"elementor-image-box-wrapper\"><figure class=\"elementor-image-box-img\"><a href=\"https:\/\/www.fooevents.com\/de\/produkt\/tabula-ticket-theme\/\" tabindex=\"-1\"><img loading=\"lazy\" decoding=\"async\" width=\"973\" height=\"1821\" src=\"https:\/\/www.fooevents.com\/wp-content\/uploads\/2025\/05\/tabula_screenshot.jpg\" class=\"attachment-full size-full wp-image-196904\" alt=\"Bildschirmfoto des Tabula Ticket-Themas\" title=\"\" srcset=\"https:\/\/www.fooevents.com\/wp-content\/uploads\/2025\/05\/tabula_screenshot.jpg 973w, https:\/\/www.fooevents.com\/wp-content\/uploads\/2025\/05\/tabula_screenshot-160x300.jpg 160w, https:\/\/www.fooevents.com\/wp-content\/uploads\/2025\/05\/tabula_screenshot-547x1024.jpg 547w, https:\/\/www.fooevents.com\/wp-content\/uploads\/2025\/05\/tabula_screenshot-768x1437.jpg 768w, https:\/\/www.fooevents.com\/wp-content\/uploads\/2025\/05\/tabula_screenshot-821x1536.jpg 821w, https:\/\/www.fooevents.com\/wp-content\/uploads\/2025\/05\/tabula_screenshot-6x12.jpg 6w, https:\/\/www.fooevents.com\/wp-content\/uploads\/2025\/05\/tabula_screenshot-512x958.jpg 512w\" sizes=\"(max-width: 973px) 100vw, 973px\" \/><\/a><\/figure><div class=\"elementor-image-box-content\"><h3 class=\"elementor-image-box-title\"><a href=\"https:\/\/www.fooevents.com\/de\/produkt\/tabula-ticket-theme\/\">Tabula Ticket Thema<\/a><\/h3><\/div><\/div>\t\t\t\t<\/div>\n\t\t\t\t<\/div>\n\t\t\t\t<div class=\"elementor-element elementor-element-286376a elementor-position-top elementor-widget elementor-widget-image-box\" data-id=\"286376a\" data-element_type=\"widget\" data-e-type=\"widget\" data-widget_type=\"image-box.default\">\n\t\t\t\t<div class=\"elementor-widget-container\">\n\t\t\t\t\t<div class=\"elementor-image-box-wrapper\"><figure class=\"elementor-image-box-img\"><a href=\"https:\/\/www.fooevents.com\/de\/produkt\/leinwand-ticket-thema\/\" tabindex=\"-1\"><img loading=\"lazy\" decoding=\"async\" width=\"400\" height=\"654\" src=\"https:\/\/www.fooevents.com\/wp-content\/uploads\/2024\/10\/canvas_screenshot_sml.jpg\" class=\"attachment-full size-full wp-image-189842\" alt=\"\" title=\"\" srcset=\"https:\/\/www.fooevents.com\/wp-content\/uploads\/2024\/10\/canvas_screenshot_sml.jpg 400w, https:\/\/www.fooevents.com\/wp-content\/uploads\/2024\/10\/canvas_screenshot_sml-183x300.jpg 183w, https:\/\/www.fooevents.com\/wp-content\/uploads\/2024\/10\/canvas_screenshot_sml-7x12.jpg 7w\" sizes=\"(max-width: 400px) 100vw, 400px\" \/><\/a><\/figure><div class=\"elementor-image-box-content\"><h3 class=\"elementor-image-box-title\"><a href=\"https:\/\/www.fooevents.com\/de\/produkt\/leinwand-ticket-thema\/\">Canvas Ticket Thema<\/a><\/h3><\/div><\/div>\t\t\t\t<\/div>\n\t\t\t\t<\/div>\n\t\t\t\t<div class=\"elementor-element elementor-element-a298c42 elementor-position-top elementor-widget elementor-widget-image-box\" data-id=\"a298c42\" data-element_type=\"widget\" data-e-type=\"widget\" data-widget_type=\"image-box.default\">\n\t\t\t\t<div class=\"elementor-widget-container\">\n\t\t\t\t\t<div class=\"elementor-image-box-wrapper\"><figure class=\"elementor-image-box-img\"><a href=\"https:\/\/www.fooevents.com\/de\/produkt\/arena-ticket-theme\/\" tabindex=\"-1\"><img loading=\"lazy\" decoding=\"async\" width=\"400\" height=\"713\" src=\"https:\/\/www.fooevents.com\/wp-content\/uploads\/2024\/10\/arena_screenshot_sml.jpg\" class=\"attachment-full size-full wp-image-189846\" alt=\"Arena Ticket Theme Bildschirmfoto\" title=\"\" srcset=\"https:\/\/www.fooevents.com\/wp-content\/uploads\/2024\/10\/arena_screenshot_sml.jpg 400w, https:\/\/www.fooevents.com\/wp-content\/uploads\/2024\/10\/arena_screenshot_sml-168x300.jpg 168w, https:\/\/www.fooevents.com\/wp-content\/uploads\/2024\/10\/arena_screenshot_sml-7x12.jpg 7w\" sizes=\"(max-width: 400px) 100vw, 400px\" \/><\/a><\/figure><div class=\"elementor-image-box-content\"><h3 class=\"elementor-image-box-title\"><a href=\"https:\/\/www.fooevents.com\/de\/produkt\/arena-ticket-theme\/\">Arena Ticket Thema<\/a><\/h3><\/div><\/div>\t\t\t\t<\/div>\n\t\t\t\t<\/div>\n\t\t\t\t\t<\/div>\n\t\t<\/div>\n\t\t\t\t\t<\/div>\n\t\t<\/section>\n\t\t\t\t<\/div>","protected":false},"excerpt":{"rendered":"<p>Download Free FooEvents Ticket Themes Transform the appearance of your tickets and make your event stand out with our FREE Ticket Themes. If you have some basic coding knowledge, the Starter Theme can be used as a template to design your own tickets from scratch. View Documentation Default Ticket Theme Pavilion Ticket Theme Receipt Ticket [&hellip;]<\/p>\n","protected":false},"author":1,"featured_media":0,"parent":129912,"menu_order":0,"comment_status":"closed","ping_status":"closed","template":"","meta":{"site-sidebar-layout":"no-sidebar","site-content-layout":"page-builder","ast-site-content-layout":"full-width-container","site-content-style":"unboxed","site-sidebar-style":"unboxed","ast-global-header-display":"","ast-banner-title-visibility":"","ast-main-header-display":"","ast-hfb-above-header-display":"","ast-hfb-below-header-display":"","ast-hfb-mobile-header-display":"","site-post-title":"disabled","ast-breadcrumbs-content":"","ast-featured-img":"disabled","footer-sml-layout":"","ast-disable-related-posts":"","theme-transparent-header-meta":"default","adv-header-id-meta":"","stick-header-meta":"default","header-above-stick-meta":"","header-main-stick-meta":"","header-below-stick-meta":"","astra-migrate-meta-layouts":"set","ast-page-background-enabled":"default","ast-page-background-meta":{"desktop":{"background-color":"var(--ast-global-color-4)","background-image":"","background-repeat":"repeat","background-position":"center center","background-size":"auto","background-attachment":"scroll","background-type":"","background-media":"","overlay-type":"","overlay-color":"","overlay-opacity":"","overlay-gradient":""},"tablet":{"background-color":"","background-image":"","background-repeat":"repeat","background-position":"center center","background-size":"auto","background-attachment":"scroll","background-type":"","background-media":"","overlay-type":"","overlay-color":"","overlay-opacity":"","overlay-gradient":""},"mobile":{"background-color":"","background-image":"","background-repeat":"repeat","background-position":"center center","background-size":"auto","background-attachment":"scroll","background-type":"","background-media":"","overlay-type":"","overlay-color":"","overlay-opacity":"","overlay-gradient":""}},"ast-content-background-meta":{"desktop":{"background-color":"var(--ast-global-color-5)","background-image":"","background-repeat":"repeat","background-position":"center center","background-size":"auto","background-attachment":"scroll","background-type":"","background-media":"","overlay-type":"","overlay-color":"","overlay-opacity":"","overlay-gradient":""},"tablet":{"background-color":"var(--ast-global-color-5)","background-image":"","background-repeat":"repeat","background-position":"center center","background-size":"auto","background-attachment":"scroll","background-type":"","background-media":"","overlay-type":"","overlay-color":"","overlay-opacity":"","overlay-gradient":""},"mobile":{"background-color":"var(--ast-global-color-5)","background-image":"","background-repeat":"repeat","background-position":"center center","background-size":"auto","background-attachment":"scroll","background-type":"","background-media":"","overlay-type":"","overlay-color":"","overlay-opacity":"","overlay-gradient":""}},"footnotes":""},"class_list":["post-16514","page","type-page","status-publish","hentry"],"_links":{"self":[{"href":"https:\/\/www.fooevents.com\/de\/wp-json\/wp\/v2\/pages\/16514","targetHints":{"allow":["GET"]}}],"collection":[{"href":"https:\/\/www.fooevents.com\/de\/wp-json\/wp\/v2\/pages"}],"about":[{"href":"https:\/\/www.fooevents.com\/de\/wp-json\/wp\/v2\/types\/page"}],"author":[{"embeddable":true,"href":"https:\/\/www.fooevents.com\/de\/wp-json\/wp\/v2\/users\/1"}],"replies":[{"embeddable":true,"href":"https:\/\/www.fooevents.com\/de\/wp-json\/wp\/v2\/comments?post=16514"}],"version-history":[{"count":10,"href":"https:\/\/www.fooevents.com\/de\/wp-json\/wp\/v2\/pages\/16514\/revisions"}],"predecessor-version":[{"id":206349,"href":"https:\/\/www.fooevents.com\/de\/wp-json\/wp\/v2\/pages\/16514\/revisions\/206349"}],"up":[{"embeddable":true,"href":"https:\/\/www.fooevents.com\/de\/wp-json\/wp\/v2\/pages\/129912"}],"wp:attachment":[{"href":"https:\/\/www.fooevents.com\/de\/wp-json\/wp\/v2\/media?parent=16514"}],"curies":[{"name":"wp","href":"https:\/\/api.w.org\/{rel}","templated":true}]}}