{"id":188732,"date":"2024-09-17T19:35:13","date_gmt":"2024-09-18T02:35:13","guid":{"rendered":"https:\/\/www.fooevents.com\/disclaimer\/"},"modified":"2024-09-17T19:56:36","modified_gmt":"2024-09-18T02:56:36","slug":"haftungsausschluss","status":"publish","type":"page","link":"https:\/\/www.fooevents.com\/de\/disclaimer\/","title":{"rendered":"Haftungsausschluss"},"content":{"rendered":"<p><!-- Legal document generated by Complianz | GDPR\/CCPA Cookie Consent https:\/\/wordpress.org\/plugins\/complianz-gdpr --><\/p>\n<div id=\"cmplz-document\" class=\"cmplz-document disclaimer cmplz-document-all\">\n<p>Grenade Technologies, Inc. ist bestrebt, diese Website auf dem neuesten Stand und korrekt zu halten. Sollten Sie dennoch auf falsche oder veraltete Informationen sto\u00dfen, w\u00e4ren wir Ihnen dankbar, wenn Sie uns dies mitteilen k\u00f6nnten. Bitte geben Sie an, wo auf der Website Sie die Informationen gelesen haben. Wir werden uns dann so schnell wie m\u00f6glich darum k\u00fcmmern. Bitte senden Sie Ihre Antwort per E-Mail an: privacy@foosales.com.<\/p>\n<p>Wir haften weder f\u00fcr Sch\u00e4den infolge von Ungenauigkeiten oder Unvollst\u00e4ndigkeiten noch f\u00fcr Sch\u00e4den aufgrund von Problemen, die durch die Verbreitung von Informationen \u00fcber das Internet verursacht werden oder damit verbunden sind, wie z. B. St\u00f6rungen oder Unterbrechungen. Bei der Verwendung von Webformularen bem\u00fchen wir uns, die Zahl der erforderlichen Felder auf ein Minimum zu beschr\u00e4nken. F\u00fcr Verluste, die durch die Verwendung von Daten, Ratschl\u00e4gen oder Ideen entstehen, die von oder im Namen von Grenade Technologies, Inc. \u00fcber diese Website bereitgestellt werden, \u00fcbernimmt Grenade Technologies, Inc. keine Haftung.<\/p>\n<p>Die Nutzung der Website und aller ihrer Komponenten (einschlie\u00dflich der Foren) unterliegt folgenden Bedingungen <a href=\"https:\/\/www.fooevents.com\/de\/bedingungen-und-konditionen\/\" target=\"_blank\" rel=\"noopener\">Bedingungen und Konditionen<\/a>. Die blo\u00dfe Nutzung dieser Website setzt die Kenntnis und das Einverst\u00e4ndnis mit diesen Nutzungsbedingungen voraus.<\/p>\n<p>Antworten und Datenschutzanfragen, die per E-Mail oder \u00fcber ein Webformular eingereicht werden, werden wie Briefe behandelt. Das bedeutet, dass Sie sp\u00e4testens innerhalb eines Monats eine Antwort von uns erwarten k\u00f6nnen. Bei komplexen Anfragen teilen wir Ihnen innerhalb von 1 Monat mit, wenn wir maximal 3 Monate ben\u00f6tigen.<\/p>\n<p>Alle personenbezogenen Daten, die Sie uns im Rahmen Ihrer Antwort oder Ihrer Informationsanfrage zur Verf\u00fcgung stellen, werden nur in \u00dcbereinstimmung mit unserer Datenschutzerkl\u00e4rung verwendet.<\/p>\n<p>Grenade Technologies, Inc. unternimmt alle zumutbaren Anstrengungen, um seine Systeme gegen jede Form der unrechtm\u00e4\u00dfigen Nutzung zu sch\u00fctzen. Grenade Technologies, Inc. wird zu diesem Zweck angemessene technische und organisatorische Ma\u00dfnahmen ergreifen, die unter anderem den Stand der Technik ber\u00fccksichtigen. Sie haftet jedoch nicht f\u00fcr irgendwelche direkten und\/oder indirekten Sch\u00e4den, die einem Nutzer der Website durch die unrechtm\u00e4\u00dfige Nutzung ihrer Systeme durch Dritte entstehen.<\/p>\n<p>Grenade Technologies, Inc. \u00fcbernimmt keine Verantwortung f\u00fcr den Inhalt von Websites, auf die oder von denen ein Hyperlink oder ein anderer Verweis angebracht ist. Produkte oder Dienstleistungen, die von Dritten angeboten werden, unterliegen den geltenden Gesch\u00e4ftsbedingungen dieser Dritten.<\/p>\n<p>Alle geistigen Eigentumsrechte an den Inhalten dieser Website liegen bei Grenade Technologies, Inc.<\/p>\n<p>Die Vervielf\u00e4ltigung, Verbreitung und sonstige Nutzung dieser Materialien ist ohne die schriftliche Zustimmung von Grenade Technologies, Inc. nicht gestattet, es sei denn, zwingende gesetzliche Vorschriften (z.B. Zitatrecht) schreiben etwas anderes vor oder bestimmte Inhalte erfordern etwas anderes.<\/p>\n<p>Alle Produktnamen, Logos und Marken sind Eigentum ihrer jeweiligen Inhaber. Alle auf dieser Website verwendeten Firmen-, Produkt- und Dienstleistungsnamen dienen nur zur Identifizierung. Die Verwendung dieser Namen, Logos und Marken impliziert keine Bef\u00fcrwortung.<\/p>\n<p>Wenn Sie Fragen oder Probleme mit der Zug\u00e4nglichkeit der Website haben, z\u00f6gern Sie bitte nicht, uns zu kontaktieren <a href=\"https:\/\/help.fooevents.com\/de\/contact\/\" rel=\"nofollow noopener\" target=\"_blank\">Kontaktieren Sie uns<\/a>.<\/p>\n<\/div>","protected":false},"excerpt":{"rendered":"<p>Grenade Technologies, Inc is committed to keeping this website up to date and accurate. Should you nevertheless encounter anything that is incorrect or out of date, we would appreciate it if you could let us know. Please indicate where on the website you read the information. We will then look at this as soon as [&hellip;]<\/p>\n","protected":false},"author":2,"featured_media":0,"parent":0,"menu_order":0,"comment_status":"closed","ping_status":"closed","template":"","meta":{"site-sidebar-layout":"default","site-content-layout":"","ast-site-content-layout":"default","site-content-style":"default","site-sidebar-style":"default","ast-global-header-display":"","ast-banner-title-visibility":"","ast-main-header-display":"","ast-hfb-above-header-display":"","ast-hfb-below-header-display":"","ast-hfb-mobile-header-display":"","site-post-title":"","ast-breadcrumbs-content":"","ast-featured-img":"","footer-sml-layout":"","ast-disable-related-posts":"","theme-transparent-header-meta":"default","adv-header-id-meta":"","stick-header-meta":"default","header-above-stick-meta":"","header-main-stick-meta":"","header-below-stick-meta":"","astra-migrate-meta-layouts":"set","ast-page-background-enabled":"default","ast-page-background-meta":{"desktop":{"background-color":"var(--ast-global-color-4)","background-image":"","background-repeat":"repeat","background-position":"center center","background-size":"auto","background-attachment":"scroll","background-type":"","background-media":"","overlay-type":"","overlay-color":"","overlay-opacity":"","overlay-gradient":""},"tablet":{"background-color":"","background-image":"","background-repeat":"repeat","background-position":"center center","background-size":"auto","background-attachment":"scroll","background-type":"","background-media":"","overlay-type":"","overlay-color":"","overlay-opacity":"","overlay-gradient":""},"mobile":{"background-color":"","background-image":"","background-repeat":"repeat","background-position":"center center","background-size":"auto","background-attachment":"scroll","background-type":"","background-media":"","overlay-type":"","overlay-color":"","overlay-opacity":"","overlay-gradient":""}},"ast-content-background-meta":{"desktop":{"background-color":"var(--ast-global-color-5)","background-image":"","background-repeat":"repeat","background-position":"center center","background-size":"auto","background-attachment":"scroll","background-type":"","background-media":"","overlay-type":"","overlay-color":"","overlay-opacity":"","overlay-gradient":""},"tablet":{"background-color":"var(--ast-global-color-5)","background-image":"","background-repeat":"repeat","background-position":"center center","background-size":"auto","background-attachment":"scroll","background-type":"","background-media":"","overlay-type":"","overlay-color":"","overlay-opacity":"","overlay-gradient":""},"mobile":{"background-color":"var(--ast-global-color-5)","background-image":"","background-repeat":"repeat","background-position":"center center","background-size":"auto","background-attachment":"scroll","background-type":"","background-media":"","overlay-type":"","overlay-color":"","overlay-opacity":"","overlay-gradient":""}},"footnotes":""},"class_list":["post-188732","page","type-page","status-publish","hentry"],"_links":{"self":[{"href":"https:\/\/www.fooevents.com\/de\/wp-json\/wp\/v2\/pages\/188732","targetHints":{"allow":["GET"]}}],"collection":[{"href":"https:\/\/www.fooevents.com\/de\/wp-json\/wp\/v2\/pages"}],"about":[{"href":"https:\/\/www.fooevents.com\/de\/wp-json\/wp\/v2\/types\/page"}],"author":[{"embeddable":true,"href":"https:\/\/www.fooevents.com\/de\/wp-json\/wp\/v2\/users\/2"}],"replies":[{"embeddable":true,"href":"https:\/\/www.fooevents.com\/de\/wp-json\/wp\/v2\/comments?post=188732"}],"version-history":[{"count":0,"href":"https:\/\/www.fooevents.com\/de\/wp-json\/wp\/v2\/pages\/188732\/revisions"}],"wp:attachment":[{"href":"https:\/\/www.fooevents.com\/de\/wp-json\/wp\/v2\/media?parent=188732"}],"curies":[{"name":"wp","href":"https:\/\/api.w.org\/{rel}","templated":true}]}}