{"id":23678,"date":"2018-05-25T12:24:47","date_gmt":"2018-05-25T18:24:47","guid":{"rendered":"https:\/\/www.fooevents.com\/?page_id=23678"},"modified":"2021-11-04T14:24:34","modified_gmt":"2021-11-04T20:24:34","slug":"datenschutz","status":"publish","type":"page","link":"https:\/\/www.fooevents.com\/de\/privacy\/","title":{"rendered":"Datenschutzbestimmungen"},"content":{"rendered":"<div data-elementor-type=\"wp-page\" data-elementor-id=\"23678\" class=\"elementor elementor-23678\" data-elementor-post-type=\"page\">\n\t\t\t\t\t\t<section class=\"elementor-section elementor-top-section elementor-element elementor-element-4c1ad695 elementor-section-full_width elementor-section-height-default elementor-section-height-default\" data-id=\"4c1ad695\" data-element_type=\"section\" data-e-type=\"section\">\n\t\t\t\t\t\t<div class=\"elementor-container elementor-column-gap-no\">\n\t\t\t\t\t<div class=\"elementor-column elementor-col-100 elementor-top-column elementor-element elementor-element-3fb2ee2\" data-id=\"3fb2ee2\" data-element_type=\"column\" data-e-type=\"column\">\n\t\t\t<div class=\"elementor-widget-wrap elementor-element-populated\">\n\t\t\t\t\t\t<div class=\"elementor-element elementor-element-b8e0f30 elementor-widget elementor-widget-text-editor\" data-id=\"b8e0f30\" data-element_type=\"widget\" data-e-type=\"widget\" data-widget_type=\"text-editor.default\">\n\t\t\t\t<div class=\"elementor-widget-container\">\n\t\t\t\t\t\t\t\t\t<p><em>Zuletzt aktualisiert: 8. April 2019<\/em><\/p>\n<h3><a name=\"who_we_are\"><\/a><br>1. WER WIR SIND<\/h3>\n<p>FooEvents ist ein Produkt von Grenade Technologies (Pty) Ltd., das in der Republik S\u00fcdafrika registriert ist (Reg.-Nr. 2012\/051365\/07).<\/p>\n<p>Unsere Website-Adresse lautet: <a href=\"https:\/\/www.fooevents.com\/de\/\">https:\/\/www.fooevents.com<\/a><\/p>\n<p>Bei Fragen zu unseren Datenschutzrichtlinien oder zum Auskunftsrecht k\u00f6nnen Sie eine E-Mail senden an: privacy (at) fooevents.com<\/p>\n<h3><a name=\"personal_data_collection\"><\/a><br>2. WELCHE PERS\u00d6NLICHEN DATEN WIR SAMMELN UND WARUM WIR SIE SAMMELN<\/h3>\n<p>FooEvents befolgt die folgenden Grunds\u00e4tze, um Ihre Privatsph\u00e4re zu sch\u00fctzen:<br>- Wir sammeln nicht mehr Informationen als n\u00f6tig;<br>- Wir verwenden Ihre Daten nicht f\u00fcr andere als die angegebenen Zwecke;<br>- Wir bewahren Ihre Daten nicht auf, wenn sie nicht mehr ben\u00f6tigt werden;<br>- Wir geben Ihre Daten nicht ohne Ihre Zustimmung an Dritte weiter.<\/p>\n<p>Wenn Sie Fragen zu unserer Datenschutzpolitik haben oder mit ihr nicht einverstanden sind, wenden Sie sich bitte an uns, bevor Sie diese Website nutzen. Wir k\u00f6nnen unsere Richtlinie von Zeit zu Zeit \u00e4ndern, daher sollten Sie diese Seite regelm\u00e4\u00dfig \u00fcberpr\u00fcfen, um sicherzustellen, dass Sie \u00fcber alle \u00c4nderungen informiert sind.<\/p>\n<h3><a name=\"comments\"><\/a><br>3. KOMMENTARE<\/h3>\n<p>Wenn Besucher Kommentare auf der Website hinterlassen, erfassen wir die im Kommentarformular angezeigten Daten sowie die IP-Adresse und den User-Agent-String des Browsers des Besuchers, um die Spam-Erkennung zu erleichtern.<\/p>\n<p>Eine anonymisierte Zeichenfolge, die aus Ihrer E-Mail-Adresse erstellt wird (auch Hash genannt), kann dem Gravatar-Dienst zur Verf\u00fcgung gestellt werden, um zu sehen, ob Sie ihn benutzen. Die Datenschutzrichtlinien des Gravatar-Dienstes finden Sie hier: <a href=\"https:\/\/automattic.com\/privacy\/\" rel=\"nofollow noopener\" target=\"_blank\">https:\/\/automattic.com\/privacy\/<\/a><\/p>\n<p>Nach der Freigabe Ihres Kommentars ist Ihr Profilbild im Kontext Ihres Kommentars f\u00fcr die \u00d6ffentlichkeit sichtbar.<\/p>\n<h3><a name=\"media\"><\/a><br>4. MEDIEN<\/h3>\n<p>Wenn Sie Bilder auf die Website hochladen, sollten Sie es vermeiden, Bilder hochzuladen, die eingebettete Standortdaten (EXIF-GPS) enthalten. Die Besucher der Website k\u00f6nnen alle Standortdaten von den Bildern auf der Website herunterladen und extrahieren.<\/p>\n<h3><a name=\"contact_forms\"><\/a><br>5. KONTAKTFORMULARE<\/h3>\n<p>Wir verwenden auf dieser Website Kontaktformulare, um Kunden und Besuchern die M\u00f6glichkeit zu geben, sich in Mailinglisten einzutragen, auf Umfragen zu antworten, Support-Tickets einzureichen und mit uns in Kontakt zu treten.<\/p>\n<p>Zu Zwecken des Kundendienstes und der Unternehmensf\u00fchrung archivieren wir die folgenden personenbezogenen Daten, die \u00fcber ein Kontaktformular \u00fcbermittelt werden, auf unbestimmte Zeit in der Datenbank unserer Website: Ihren vollst\u00e4ndigen Namen, Ihre E-Mail-Adresse und Ihre IP-Adresse.<\/p>\n<p>FooEvents wird potenziell pers\u00f6nlich identifizierende und pers\u00f6nlich identifizierende Informationen nicht an Dritte vermieten oder verkaufen. Abgesehen von seinen Mitarbeitern und Auftragnehmern, wie oben beschrieben, legt FooEvents potenziell pers\u00f6nlich identifizierende und pers\u00f6nlich identifizierende Informationen nur als Reaktion auf eine Vorladung, einen Gerichtsbeschluss oder eine andere beh\u00f6rdliche Anfrage offen, oder wenn FooEvents in gutem Glauben davon ausgeht, dass die Offenlegung vern\u00fcnftigerweise notwendig ist, um das Eigentum oder die Rechte von FooEvents, Dritten oder der \u00d6ffentlichkeit im Allgemeinen zu sch\u00fctzen.<\/p>\n<p>Wenn Sie ein FooEvents-Kunde sind und sich daf\u00fcr entschieden haben, Neuigkeiten und Aktualisierungen von uns zu erhalten, kann FooEvents Ihnen gelegentlich eine E-Mail senden, um Sie \u00fcber neue Funktionen zu informieren, Ihr Feedback einzuholen oder Sie einfach nur auf dem Laufenden zu halten, was mit FooEvents und unseren Produkten passiert. Wenn Sie uns eine Anfrage senden (z.B. \u00fcber eine Support-E-Mail oder \u00fcber einen unserer Feedback-Mechanismen), behalten wir uns das Recht vor, diese zu ver\u00f6ffentlichen, um uns zu helfen, Ihre Anfrage zu kl\u00e4ren oder zu beantworten oder um uns zu helfen, andere Benutzer zu unterst\u00fctzen.<\/p>\n<p>FooEvents ergreift alle angemessenen Ma\u00dfnahmen, um sich gegen den unbefugten Zugriff, die Verwendung, \u00c4nderung oder Zerst\u00f6rung von potenziell pers\u00f6nlich identifizierenden Informationen zu sch\u00fctzen.<\/p>\n<p>Als Teil unserer Sicherheitsma\u00dfnahmen haben wir HTTPS auf der gesamten Website implementiert und verschl\u00fcsseln den Datenfluss zwischen dem Client-Browser und dem Webserver.<\/p>\n<h3><a name=\"cookies\"><\/a><br>6. COOKIES<\/h3>\n<p>Um Ihre Erfahrungen auf unserer Website zu verbessern, verwenden wir \"Cookies\". Cookies sind ein Industriestandard und die meisten gro\u00dfen Websites verwenden sie. Ein Cookie ist eine kleine Textdatei, die von unserer Website auf Ihrem Computer gespeichert wird, um Ihre Einstellungen zu speichern. Sie k\u00f6nnen die Verwendung von Cookies ablehnen, indem Sie die entsprechenden Einstellungen in Ihrem Browser vornehmen. Bitte beachten Sie jedoch, dass Sie dann m\u00f6glicherweise nicht alle Funktionen dieser Website nutzen k\u00f6nnen.<\/p>\n<p>Wir verwenden Google Analytics-Cookies (ausf\u00fchrlich beschrieben in der <a href=\"#analytics\">Analytik<\/a> Abschnitt) und das Facebook-Pixel. Das Facebook-Pixel ist ein Analysewerkzeug, das es uns erm\u00f6glicht, die Wirksamkeit unserer Werbung zu messen, indem wir die Aktionen der Nutzer auf dieser Website verstehen. Technische Einzelheiten zur Funktionsweise des Facebook-Pixels und zu den gesammelten Daten finden Sie in der Cookie-Richtlinie von Facebook: <a href=\"https:\/\/www.facebook.com\/policies\/cookies\/\" target=\"_blank\" rel=\"noopener\">https:\/\/www.facebook.com\/policies\/cookies\/<\/a><\/p>\n<p>Wenn Sie einen Kommentar auf unserer Website hinterlassen, k\u00f6nnen Sie sich damit einverstanden erkl\u00e4ren, dass Ihr Name, Ihre E-Mail-Adresse und Ihre Website in Cookies gespeichert werden. Diese dienen Ihrer Bequemlichkeit, damit Sie Ihre Daten nicht erneut eingeben m\u00fcssen, wenn Sie einen weiteren Kommentar hinterlassen. Diese Cookies sind ein Jahr lang g\u00fcltig.<\/p>\n<p>Wenn Sie ein Konto haben und sich auf dieser Website anmelden, setzen wir ein tempor\u00e4res Cookie, um festzustellen, ob Ihr Browser Cookies zul\u00e4sst. Dieses Cookie enth\u00e4lt keine pers\u00f6nlichen Daten und wird gel\u00f6scht, wenn Sie Ihren Browser schlie\u00dfen.<\/p>\n<p>Wenn Sie sich anmelden, legen wir au\u00dferdem mehrere Cookies an, um Ihre Anmeldeinformationen und die von Ihnen gew\u00e4hlten Bildschirmoptionen zu speichern. Die Anmelde-Cookies bleiben zwei Tage lang gespeichert, die Cookies f\u00fcr die Bildschirmoptionen ein Jahr lang. Wenn Sie \"Remember Me\" w\u00e4hlen, bleibt Ihr Login zwei Wochen lang erhalten. Wenn Sie sich von Ihrem Konto abmelden, werden die Anmelde-Cookies entfernt.<\/p>\n<p>Wenn Sie einen Artikel bearbeiten oder ver\u00f6ffentlichen, wird ein zus\u00e4tzliches Cookie in Ihrem Browser gespeichert. Dieses Cookie enth\u00e4lt keine pers\u00f6nlichen Daten und zeigt lediglich die Post-ID des Artikels an, den Sie gerade bearbeitet haben. Er verf\u00e4llt nach 1 Tag.<\/p>\n<h3><a name=\"embedded_content\"><\/a><br>7. EINGEBETTETE INHALTE VON ANDEREN WEBSITES<\/h3>\n<p>Die Artikel auf dieser Website k\u00f6nnen eingebettete Inhalte (z. B. Videos, Bilder, Artikel usw.) enthalten. Eingebettete Inhalte von anderen Websites verhalten sich genau so, als ob der Besucher die andere Website besucht h\u00e4tte.<\/p>\n<p>Diese Websites k\u00f6nnen Daten \u00fcber Sie sammeln, Cookies verwenden, zus\u00e4tzliche Trackingfunktionen von Dritten einbetten und Ihre Interaktion mit diesen eingebetteten Inhalten \u00fcberwachen, einschlie\u00dflich der Verfolgung Ihrer Interaktion mit den eingebetteten Inhalten, wenn Sie ein Konto haben und auf dieser Website angemeldet sind.<\/p>\n<h3><a name=\"analytics\"><\/a><br>8. ANALYTIK<\/h3>\n<p>Unsere Website benutzt Google Analytics, einen Dienst, der Website-Daten an Google-Server in den Vereinigten Staaten \u00fcbertr\u00e4gt. Google Analytics identifiziert keine einzelnen Nutzer und bringt Ihre IP-Adresse nicht mit anderen Daten von Google in Verbindung. Wir verwenden die von Google Analytics bereitgestellten Berichte, um den Website-Verkehr und die Webseitennutzung besser zu verstehen.<\/p>\n<p>Sie k\u00f6nnen die Datenschutzbestimmungen von Google hier einsehen: <a href=\"https:\/\/policies.google.com\/privacy\" rel=\"nofollow noopener\" target=\"_blank\">https:\/\/policies.google.com\/privacy<\/a><\/p>\n<p>Lesen Sie hier, wie Google Informationen von Websites und Anwendungen, die seinen Dienst nutzen, verwendet:&nbsp;<a href=\"https:\/\/policies.google.com\/technologies\/partner-sites\" rel=\"nofollow noopener\" target=\"_blank\">https:\/\/policies.google.com\/technologies\/partner-sites<\/a><\/p>\n<p>Eine Liste aller Cookies, die Google Analytics verwendet, sowie eine Erl\u00e4uterung der einzelnen Cookies finden Sie hier: <a href=\"https:\/\/developers.google.com\/analytics\/devguides\/collection\/analyticsjs\/cookie-usage\" rel=\"nofollow noopener\" target=\"_blank\">https:\/\/developers.google.com\/analytics\/devguides\/collection\/analyticsjs\/cookie-usage<\/a><\/p>\n<p>Wir verwenden das Plugin Enhanced E-commerce for WooCommerce store von Tatvic, um die erweiterte E-Commerce Google Analytics-Funktionalit\u00e4t auf dieser Website einzubetten. Sie k\u00f6nnen die Datenschutzrichtlinie f\u00fcr das Plugin von Tatvic hier einsehen: <a href=\"https:\/\/www.tatvic.com\/privacy-policy\/?ref=plugin_policy&amp;utm_source=plugin_backend&amp;utm_medium=woocommerce_free_plugin&amp;utm_campaign=GDPR_complaince_ecomm_plugins\" rel=\"nofollow noopener\" target=\"_blank\">https:\/\/www.tatvic.com\/privacy-policy\/?ref=plugin_policy&amp;utm_source=plugin_backend&amp;utm_medium=woocommerce_free_plugin&amp;utm_campaign=GDPR_complaince_ecomm_plugins<\/a><\/p>\n<p>Wir haben die optionale IP-Anonymisierung und die Google Analytics Opt-Out-Funktion in diesem Plugin aktiviert, um mit der Europ\u00e4ischen Datenschutzgrundverordnung (GDPR) konform zu sein.<\/p>\n<p>Sie k\u00f6nnen auch das Google Analytics Opt-out Browser Add-on installieren, um die Erfassung Ihrer Daten in Google Analytics vollst\u00e4ndig zu verhindern: <a href=\"https:\/\/tools.google.com\/dlpage\/gaoptout\/\" rel=\"nofollow noopener\" target=\"_blank\">https:\/\/tools.google.com\/dlpage\/gaoptout\/<\/a><\/p>\n<h3><a name=\"what_we_collect\"><\/a><br>9. WAS WIR SAMMELN UND SPEICHERN<\/h3>\n<p>W\u00e4hrend Sie unsere Website besuchen, werden wir Sie verfolgen:<br>- Produkte, die Sie sich angesehen haben: Wir verwenden diese Daten, um Ihnen beispielsweise Produkte zu zeigen, die Sie sich k\u00fcrzlich angesehen haben, und um Empfehlungen auszusprechen.<br>- Standort, IP-Adresse und Browsertyp: Wir verwenden diese Daten f\u00fcr Zwecke wie die Sch\u00e4tzung von Steuern und Versandkosten.<\/p>\n<p>Wir verwenden auch Cookies, um den Inhalt Ihres Warenkorbs zu verfolgen, w\u00e4hrend Sie auf unserer Website surfen.<\/p>\n<p>Wenn Sie bei uns einkaufen, bitten wir Sie, Informationen wie Ihren Namen, Ihre Rechnungsadresse, Ihre Lieferadresse, Ihre E-Mail-Adresse, Ihre Telefonnummer, Ihre Kreditkarten-\/Zahlungsdaten und optionale Kontoinformationen wie Ihren Benutzernamen und Ihr Passwort anzugeben. Wir verwenden diese Informationen unter anderem f\u00fcr folgende Zwecke::<br>- Ihnen Informationen \u00fcber Ihr Konto und Ihre Bestellung schicken<br>- Beantwortung Ihrer Anfragen, einschlie\u00dflich Erstattungen und Beschwerden<br>- Zahlungen verarbeiten und Betrug verhindern<br>- Richten Sie Ihr Konto f\u00fcr unseren Shop ein<br>- Erf\u00fcllung unserer gesetzlichen Verpflichtungen, z. B. zur Berechnung von Steuern<br>- Verbesserung des Angebots in unseren Gesch\u00e4ften<br>- Ihnen Marketingnachrichten zu senden, wenn Sie diese erhalten m\u00f6chten<\/p>\n<p>Wenn Sie ein Konto einrichten, speichern wir Ihren Namen, Ihre Adresse, Ihre E-Mail-Adresse und Ihre Telefonnummer, die bei zuk\u00fcnftigen Bestellungen in der Kasse verwendet werden.<\/p>\n<p>Wir speichern Ihre Daten im Allgemeinen so lange, wie wir sie f\u00fcr die Zwecke ben\u00f6tigen, f\u00fcr die wir sie sammeln und verwenden, und wir sind nicht gesetzlich verpflichtet, sie aufzubewahren.<\/p>\n<h3><a name=\"data_retention\"><\/a><br>10. WIE LANGE WIR IHRE DATEN AUFBEWAHREN<\/h3>\n<p>Bei Nutzern, die sich auf unserer Website registrieren, speichern wir auch die pers\u00f6nlichen Daten, die sie in ihrem Nutzerprofil angeben. Alle Nutzer k\u00f6nnen ihre pers\u00f6nlichen Daten jederzeit einsehen, bearbeiten oder l\u00f6schen (au\u00dfer dass sie ihren Benutzernamen nicht \u00e4ndern k\u00f6nnen). Auch die Administratoren der Website k\u00f6nnen diese Informationen einsehen und bearbeiten.<\/p>\n<p>Derzeit speichern wir personenbezogene Daten f\u00fcr Bestellungen, die auf dieser Website aufgegeben werden, f\u00fcr die folgende Zeitspanne:<br>- Inaktive Konten: 3 Monate<br>- Anh\u00e4ngige Auftr\u00e4ge: 3 Monate<br>- Fehlgeschlagene Bestellungen: 3 Monate<br>- Stornierte Bestellungen: 3 Monate<br>- Abgeschlossene Auftr\u00e4ge: Unbefristet<\/p>\n<p>Wenn Sie einen Kommentar hinterlassen, werden der Kommentar und seine Metadaten auf unbestimmte Zeit gespeichert. Auf diese Weise k\u00f6nnen wir Folgekommentare automatisch erkennen und genehmigen, anstatt sie in einer Moderationswarteschlange zu halten.<\/p>\n<h3><a name=\"send_data\"><\/a><br>11. WOHIN WIR IHRE DATEN \u00dcBERMITTELN<\/h3>\n<p>Wir geben Informationen an die folgenden Dritten weiter, die uns dabei helfen, Ihnen unsere Bestellungen und Lagerdienstleistungen anzubieten:<\/p>\n<p>Wir verwenden einen Cloud-basierten Dienst namens MailChimp, um Werbe-E-Mails und Produktaktualisierungen an Kunden zu versenden, die sich in unsere Mailingliste eingetragen haben. In unserer MailChimp-Liste werden pers\u00f6nliche Daten wie der vollst\u00e4ndige Name, die E-Mail-Adresse, das Land und die H\u00f6he der bei uns get\u00e4tigten Ums\u00e4tze gespeichert. Die Datenschutzrichtlinie von MailChimp finden Sie hier: <a href=\"https:\/\/mailchimp.com\/legal\/privacy\/\" target=\"_blank\" rel=\"noopener\">https:\/\/mailchimp.com\/legal\/privacy\/<\/a><\/p>\n<p>Wir verwenden einen Cloud-basierten Dienst namens Freshdesk als unser Kontakt- und Supportsystem. Pers\u00f6nliche Daten wie der vollst\u00e4ndige Name, die E-Mail-Adresse, die Bestellnummer und der Nachrichtentext werden jedes Mal an das Freshdesk-System weitergeleitet, wenn ein Kunde oder Nutzer eine Supportanfrage oder eine allgemeine E-Mail an uns sendet. Die Datenschutzrichtlinie von Freshdesk finden Sie hier: <a href=\"https:\/\/www.freshworks.com\/privacy\/\" rel=\"nofollow noopener\" target=\"_blank\">https:\/\/www.freshworks.com\/privacy\/<\/a><\/p>\n<p>Besucherkommentare k\u00f6nnen durch einen automatischen Spam-Erkennungsdienst namens Akismet \u00fcberpr\u00fcft werden, der von Automattic bereitgestellt wird. Die Datenschutzbestimmungen von Automattic k\u00f6nnen hier eingesehen werden: <a href=\"https:\/\/automattic.com\/privacy\/\" rel=\"nofollow noopener\" target=\"_blank\">https:\/\/automattic.com\/privacy\/<\/a><\/p>\n<h3><a name=\"data_rights\"><\/a><br>12. WELCHE RECHTE SIE IN BEZUG AUF IHRE DATEN HABEN<\/h3>\n<p>Wenn Sie ein Konto auf dieser Website haben oder Kommentare hinterlassen haben, k\u00f6nnen Sie eine exportierte Datei mit den personenbezogenen Daten anfordern, die wir \u00fcber Sie gespeichert haben, einschlie\u00dflich aller Daten, die Sie uns zur Verf\u00fcgung gestellt haben. Sie k\u00f6nnen auch verlangen, dass wir alle personenbezogenen Daten, die wir \u00fcber Sie gespeichert haben, l\u00f6schen. Davon ausgenommen sind Daten, die wir aus administrativen, rechtlichen oder Sicherheitsgr\u00fcnden aufbewahren m\u00fcssen.<\/p>\n<h3><a name=\"data_access\"><\/a><br>13. WER IN UNSEREM TEAM ZUGANG HAT<\/h3>\n<p>Wir beschr\u00e4nken den Zugang zu den Informationen, die Sie uns zur Verf\u00fcgung stellen, auf so wenige Personen wie m\u00f6glich. Derzeit haben nur Administratoren und leitende Teammitglieder Zugang:<br>- Bestellinformationen, z. B. was gekauft wurde und wann es gekauft wurde, und<br>- Kundeninformationen wie Ihr Name, Ihre E-Mail-Adresse und Ihre Rechnungsdaten.<\/p>\n<p>Diese Personen ben\u00f6tigen Zugang zu diesen Informationen, um Bestellungen auszuf\u00fchren, R\u00fcckerstattungen zu bearbeiten und Support zu leisten.<\/p>\n<h3><a name=\"payments\"><\/a><br>14. ZAHLUNGEN<\/h3>\n<p>Wir akzeptieren Zahlungen \u00fcber PayPal. Bei der Verarbeitung von Zahlungen werden einige Ihrer Daten an PayPal weitergegeben, einschlie\u00dflich der Informationen, die f\u00fcr die Verarbeitung oder Unterst\u00fctzung der Zahlung erforderlich sind, wie z. B. die Kaufsumme und die Rechnungsinformationen.<\/p>\n<p>Weitere Einzelheiten entnehmen Sie bitte den PayPal-Datenschutzbestimmungen: <a href=\"https:\/\/www.paypal.com\/us\/webapps\/mpp\/ua\/privacy-full\" rel=\"nofollow noopener\" target=\"_blank\">https:\/\/www.paypal.com\/us\/webapps\/mpp\/ua\/privacy-full<\/a><\/p>\t\t\t\t\t\t\t\t<\/div>\n\t\t\t\t<\/div>\n\t\t\t\t\t<\/div>\n\t\t<\/div>\n\t\t\t\t\t<\/div>\n\t\t<\/section>\n\t\t\t\t<\/div>","protected":false},"excerpt":{"rendered":"<p>Last Updated: 8 April 2019 1. WHO WE ARE FooEvents is a product owned by Grenade Technologies (Pty) Ltd. which is registered in the Republic of South Africa (Reg. No. 2012\/051365\/07). Our website address is: https:\/\/www.fooevents.com For any questions regarding our privacy policy or for Right of Access Requests you can send an email to: [&hellip;]<\/p>\n","protected":false},"author":2,"featured_media":0,"parent":0,"menu_order":90,"comment_status":"closed","ping_status":"closed","template":"elementor_theme","meta":{"site-sidebar-layout":"no-sidebar","site-content-layout":"default","ast-site-content-layout":"default","site-content-style":"default","site-sidebar-style":"default","ast-global-header-display":"","ast-banner-title-visibility":"","ast-main-header-display":"","ast-hfb-above-header-display":"","ast-hfb-below-header-display":"","ast-hfb-mobile-header-display":"","site-post-title":"","ast-breadcrumbs-content":"","ast-featured-img":"","footer-sml-layout":"","ast-disable-related-posts":"","theme-transparent-header-meta":"default","adv-header-id-meta":"","stick-header-meta":"default","header-above-stick-meta":"","header-main-stick-meta":"","header-below-stick-meta":"","astra-migrate-meta-layouts":"default","ast-page-background-enabled":"default","ast-page-background-meta":{"desktop":{"background-color":"var(--ast-global-color-4)","background-image":"","background-repeat":"repeat","background-position":"center center","background-size":"auto","background-attachment":"scroll","background-type":"","background-media":"","overlay-type":"","overlay-color":"","overlay-opacity":"","overlay-gradient":""},"tablet":{"background-color":"","background-image":"","background-repeat":"repeat","background-position":"center center","background-size":"auto","background-attachment":"scroll","background-type":"","background-media":"","overlay-type":"","overlay-color":"","overlay-opacity":"","overlay-gradient":""},"mobile":{"background-color":"","background-image":"","background-repeat":"repeat","background-position":"center center","background-size":"auto","background-attachment":"scroll","background-type":"","background-media":"","overlay-type":"","overlay-color":"","overlay-opacity":"","overlay-gradient":""}},"ast-content-background-meta":{"desktop":{"background-color":"var(--ast-global-color-5)","background-image":"","background-repeat":"repeat","background-position":"center center","background-size":"auto","background-attachment":"scroll","background-type":"","background-media":"","overlay-type":"","overlay-color":"","overlay-opacity":"","overlay-gradient":""},"tablet":{"background-color":"var(--ast-global-color-5)","background-image":"","background-repeat":"repeat","background-position":"center center","background-size":"auto","background-attachment":"scroll","background-type":"","background-media":"","overlay-type":"","overlay-color":"","overlay-opacity":"","overlay-gradient":""},"mobile":{"background-color":"var(--ast-global-color-5)","background-image":"","background-repeat":"repeat","background-position":"center center","background-size":"auto","background-attachment":"scroll","background-type":"","background-media":"","overlay-type":"","overlay-color":"","overlay-opacity":"","overlay-gradient":""}},"footnotes":""},"class_list":["post-23678","page","type-page","status-publish","hentry"],"_links":{"self":[{"href":"https:\/\/www.fooevents.com\/de\/wp-json\/wp\/v2\/pages\/23678","targetHints":{"allow":["GET"]}}],"collection":[{"href":"https:\/\/www.fooevents.com\/de\/wp-json\/wp\/v2\/pages"}],"about":[{"href":"https:\/\/www.fooevents.com\/de\/wp-json\/wp\/v2\/types\/page"}],"author":[{"embeddable":true,"href":"https:\/\/www.fooevents.com\/de\/wp-json\/wp\/v2\/users\/2"}],"replies":[{"embeddable":true,"href":"https:\/\/www.fooevents.com\/de\/wp-json\/wp\/v2\/comments?post=23678"}],"version-history":[{"count":0,"href":"https:\/\/www.fooevents.com\/de\/wp-json\/wp\/v2\/pages\/23678\/revisions"}],"wp:attachment":[{"href":"https:\/\/www.fooevents.com\/de\/wp-json\/wp\/v2\/media?parent=23678"}],"curies":[{"name":"wp","href":"https:\/\/api.w.org\/{rel}","templated":true}]}}