{"id":1100,"date":"2016-08-11T08:46:02","date_gmt":"2016-08-11T06:46:02","guid":{"rendered":"https:\/\/www.fooevents.com\/?post_type=product&#038;p=1100"},"modified":"2026-03-16T03:48:53","modified_gmt":"2026-03-16T10:48:53","slug":"fooevents-pdf-tickets","status":"publish","type":"product","link":"https:\/\/www.fooevents.com\/de\/product\/fooevents-pdf-tickets\/","title":{"rendered":"FooEvents PDF-Tickets (Lizenz: Einzeln)"},"content":{"rendered":"<p>Das FooEvents PDF Tickets Plugin ist eine Erweiterung f\u00fcr FooEvents f\u00fcr WooCommerce, die Tickets als PDF-Dateien an die E-Mail anh\u00e4ngt, die an den Teilnehmer oder Ticketk\u00e4ufer gesendet wird. Es besteht die M\u00f6glichkeit, zwischen einzelnen oder mehreren Tickets pro Seite zu w\u00e4hlen.<\/p>\n<h3>In Ihrem Kauf enthalten:<\/h3>\n<p>Herunterladbares FooEvents-PDF-Ticket-Plugin,<br \/>\n12 Monate Premium-Support,<br \/>\n12 Monate Plugin-Updates,<br \/>\nBenutzerfreundliche Dokumentation.<\/p>\n<p><strong>NB: Ausgeschlossen sind <a href=\"\/de\/produkt\/fooevents-plugin\/\">FooEvents f\u00fcr WooCommerce-Plugin<\/a> (erforderlich)\u00a0<\/strong><\/p>","protected":false},"excerpt":{"rendered":"<p>1.2.9<br \/>\n-UPDATED: DomPDF-Bibliothek<br \/>\n-FIXED: Fehler bei der Preisgestaltung<\/p>\n<p>1.2.7<br \/>\n-FIXED: Logofehler bei mehreren Ticketvorlagen<\/p>\n<p>1.2.6<br \/>\n-FIXED: Verschiedene kleine Bugs<\/p>\n<p>1.2.4<br \/>\n-FIXED: Ticket-Logo-Fehler<\/p>\n<p>1.2.3<br \/>\n-ADDED: PDF-Ticket-E-Mail \u00fcberschreiben<br \/>\n-ADDED: PDF-Ticket von der Ticketverwaltung herunterladen.<br \/>\n-FIXED: Verschiedene kleine Fehlerkorrekturen<\/p>\n<p>1.2.1<br \/>\n- FIXED: Verschiedene kleine Fehlerkorrekturen<\/p>\n<p>1.2.0<br \/>\n- FIXED: WooCommerce 3 Warnmeldungen<br \/>\n- ADDED: PDF-Ticket-E-Mail au\u00dfer Kraft setzen<\/p>\n<p>1.0.7<br \/>\n- FIXED: Verschiedene kleinere Bugs<\/p>\n<p>1.0.6<br \/>\n- ADDED: Plugin-Update-Benachrichtigung<br \/>\n- FIXED: Verschiedene kleinere Bugs<\/p>\n<p>1.0.5<br \/>\n- ADDED: Unicode-Schriftart<br \/>\n- ADDED: Pr\u00fcfen, ob das pdftickets-Verzeichnis beschreibbar ist -<br \/>\n- FIXED: Formatierungsprobleme auf einigen Servern<br \/>\n- FIXED: Andere kleine Bugs und Korrekturen<\/p>\n<p>1.0.2<br \/>\n- NEU: Verwendet jetzt .jpg-Dateien f\u00fcr Barcodes<br \/>\n- AKTUALISIERT: \u00dcbersetzungen<\/p>\n<p>1.0.0<br \/>\n- \u00d6ffentliche Freigabe<\/p>","protected":false},"featured_media":130675,"template":"","meta":{"site-sidebar-layout":"default","site-content-layout":"default","ast-site-content-layout":"default","site-content-style":"default","site-sidebar-style":"default","ast-global-header-display":"","ast-banner-title-visibility":"","ast-main-header-display":"","ast-hfb-above-header-display":"","ast-hfb-below-header-display":"","ast-hfb-mobile-header-display":"","site-post-title":"","ast-breadcrumbs-content":"","ast-featured-img":"","footer-sml-layout":"","ast-disable-related-posts":"","theme-transparent-header-meta":"default","adv-header-id-meta":"","stick-header-meta":"default","header-above-stick-meta":"","header-main-stick-meta":"","header-below-stick-meta":"","astra-migrate-meta-layouts":"set","ast-page-background-enabled":"default","ast-page-background-meta":{"desktop":{"background-color":"var(--ast-global-color-4)","background-image":"","background-repeat":"repeat","background-position":"center center","background-size":"auto","background-attachment":"scroll","background-type":"","background-media":"","overlay-type":"","overlay-color":"","overlay-opacity":"","overlay-gradient":""},"tablet":{"background-color":"","background-image":"","background-repeat":"repeat","background-position":"center center","background-size":"auto","background-attachment":"scroll","background-type":"","background-media":"","overlay-type":"","overlay-color":"","overlay-opacity":"","overlay-gradient":""},"mobile":{"background-color":"","background-image":"","background-repeat":"repeat","background-position":"center center","background-size":"auto","background-attachment":"scroll","background-type":"","background-media":"","overlay-type":"","overlay-color":"","overlay-opacity":"","overlay-gradient":""}},"ast-content-background-meta":{"desktop":{"background-color":"var(--ast-global-color-5)","background-image":"","background-repeat":"repeat","background-position":"center center","background-size":"auto","background-attachment":"scroll","background-type":"","background-media":"","overlay-type":"","overlay-color":"","overlay-opacity":"","overlay-gradient":""},"tablet":{"background-color":"var(--ast-global-color-5)","background-image":"","background-repeat":"repeat","background-position":"center center","background-size":"auto","background-attachment":"scroll","background-type":"","background-media":"","overlay-type":"","overlay-color":"","overlay-opacity":"","overlay-gradient":""},"mobile":{"background-color":"var(--ast-global-color-5)","background-image":"","background-repeat":"repeat","background-position":"center center","background-size":"auto","background-attachment":"scroll","background-type":"","background-media":"","overlay-type":"","overlay-color":"","overlay-opacity":"","overlay-gradient":""}}},"product_brand":[],"product_cat":[27,58,45],"product_tag":[],"class_list":{"0":"post-1100","1":"product","2":"type-product","3":"status-publish","4":"has-post-thumbnail","6":"product_cat-extension","7":"product_cat-license-single","8":"product_cat-plugins","9":"desktop-align-left","10":"tablet-align-left","11":"mobile-align-left","12":"ast-product-gallery-layout-horizontal-slider","13":"ast-magnify-disabled","14":"ast-product-tabs-layout-horizontal","16":"first","17":"instock","18":"downloadable","19":"virtual","20":"taxable","21":"purchasable","22":"product-type-subscription"},"_links":{"self":[{"href":"https:\/\/www.fooevents.com\/de\/wp-json\/wp\/v2\/product\/1100","targetHints":{"allow":["GET"]}}],"collection":[{"href":"https:\/\/www.fooevents.com\/de\/wp-json\/wp\/v2\/product"}],"about":[{"href":"https:\/\/www.fooevents.com\/de\/wp-json\/wp\/v2\/types\/product"}],"wp:featuredmedia":[{"embeddable":true,"href":"https:\/\/www.fooevents.com\/de\/wp-json\/wp\/v2\/media\/130675"}],"wp:attachment":[{"href":"https:\/\/www.fooevents.com\/de\/wp-json\/wp\/v2\/media?parent=1100"}],"wp:term":[{"taxonomy":"product_brand","embeddable":true,"href":"https:\/\/www.fooevents.com\/de\/wp-json\/wp\/v2\/product_brand?post=1100"},{"taxonomy":"product_cat","embeddable":true,"href":"https:\/\/www.fooevents.com\/de\/wp-json\/wp\/v2\/product_cat?post=1100"},{"taxonomy":"product_tag","embeddable":true,"href":"https:\/\/www.fooevents.com\/de\/wp-json\/wp\/v2\/product_tag?post=1100"}],"curies":[{"name":"wp","href":"https:\/\/api.w.org\/{rel}","templated":true}]}}