{"id":189801,"date":"2024-10-23T02:10:24","date_gmt":"2024-10-23T09:10:24","guid":{"rendered":"https:\/\/www.fooevents.com\/?post_type=product&#038;p=189801"},"modified":"2026-02-18T06:05:22","modified_gmt":"2026-02-18T14:05:22","slug":"pavillon-ticket-thema","status":"publish","type":"product","link":"https:\/\/www.fooevents.com\/de\/product\/pavilion-ticket-theme\/","title":{"rendered":"Pavillon Ticket Thema"},"content":{"rendered":"","protected":false},"excerpt":{"rendered":"<p><strong><a class=\"\" href=\"https:\/\/demo.fooevents.com\/ticket-themes\/pavilion\/\" target=\"_blank\" rel=\"noopener noreferrer\"> <u>HTML-Ticket-Vorschau<\/u><\/a><\/strong> | <strong><a class=\"\" href=\"https:\/\/demo.fooevents.com\/ticket-themes\/pavilion\/ticket.pdf\" target=\"_blank\" rel=\"noopener noreferrer\"><u>PDF-Ticket-Vorschau<\/u><\/a><\/strong> | <strong><a class=\"\" href=\"https:\/\/help.fooevents.com\/docs\/topics\/changelogs\/ticket-themes\/\" target=\"_blank\" rel=\"noopener noreferrer\"><u>\u00c4nderungsliste<\/u><\/a><\/strong><\/p>\n<h4><strong>Download for free!<\/strong><\/h4>\n<p><\/p>\n<p>Das Pavillon-Ticket-Theme bietet ein Layout im Querformat \u00fcber die gesamte Breite, das ein sauberes und ger\u00e4umiges Design bietet. Mit diesem Theme k\u00f6nnen Sie ein Bild als Trennzeichen zwischen den oberen und unteren Abschnitten verwenden und so ein optisch auff\u00e4lliges und anpassbares Ticketformat erstellen.<\/p>\n<p>Um dieses Thema zu verwenden, f\u00fcgen Sie es einfach Ihrem Warenkorb hinzu und schlie\u00dfen Sie den Bestellvorgang ab. Keine Sorge, es ist kostenlos und es ist keine Zahlung erforderlich. Sobald der Bestellvorgang abgeschlossen ist, wird das Theme in Ihrem Browser verf\u00fcgbar sein. <a href=\"https:\/\/www.fooevents.com\/de\/mein-konto\/downloads\/\">Herunterladen<\/a> Abschnitt. Nachdem Sie es auf Ihren Desktop heruntergeladen haben, gehen Sie zu <strong>FooEvents<\/strong> &gt; <strong>Eintrittskarten<\/strong> &gt; <strong>Ticket-Themen<\/strong> in Ihrem <strong>WordPress Verwaltungsbereich<\/strong>. Laden Sie die ZIP-Datei des Themas hoch, und Sie k\u00f6nnen es einem beliebigen Ereignis zuordnen.<\/p>\n<p><em>Hinweis: Dies ist kein WordPress-Thema. FooEvents-Ticket-Themes wurden speziell f\u00fcr die Gestaltung von FooEvents-Tickets entwickelt und k\u00f6nnen nicht f\u00fcr die allgemeine Gestaltung von WordPress-Seiten verwendet werden.<\/em><\/p>","protected":false},"featured_media":189803,"template":"","meta":{"site-sidebar-layout":"default","site-content-layout":"","ast-site-content-layout":"default","site-content-style":"default","site-sidebar-style":"default","ast-global-header-display":"","ast-banner-title-visibility":"","ast-main-header-display":"","ast-hfb-above-header-display":"","ast-hfb-below-header-display":"","ast-hfb-mobile-header-display":"","site-post-title":"","ast-breadcrumbs-content":"","ast-featured-img":"","footer-sml-layout":"","ast-disable-related-posts":"","theme-transparent-header-meta":"default","adv-header-id-meta":"","stick-header-meta":"default","header-above-stick-meta":"","header-main-stick-meta":"","header-below-stick-meta":"","astra-migrate-meta-layouts":"set","ast-page-background-enabled":"default","ast-page-background-meta":{"desktop":{"background-color":"var(--ast-global-color-4)","background-image":"","background-repeat":"repeat","background-position":"center center","background-size":"auto","background-attachment":"scroll","background-type":"","background-media":"","overlay-type":"","overlay-color":"","overlay-opacity":"","overlay-gradient":""},"tablet":{"background-color":"","background-image":"","background-repeat":"repeat","background-position":"center center","background-size":"auto","background-attachment":"scroll","background-type":"","background-media":"","overlay-type":"","overlay-color":"","overlay-opacity":"","overlay-gradient":""},"mobile":{"background-color":"","background-image":"","background-repeat":"repeat","background-position":"center center","background-size":"auto","background-attachment":"scroll","background-type":"","background-media":"","overlay-type":"","overlay-color":"","overlay-opacity":"","overlay-gradient":""}},"ast-content-background-meta":{"desktop":{"background-color":"var(--ast-global-color-5)","background-image":"","background-repeat":"repeat","background-position":"center center","background-size":"auto","background-attachment":"scroll","background-type":"","background-media":"","overlay-type":"","overlay-color":"","overlay-opacity":"","overlay-gradient":""},"tablet":{"background-color":"var(--ast-global-color-5)","background-image":"","background-repeat":"repeat","background-position":"center center","background-size":"auto","background-attachment":"scroll","background-type":"","background-media":"","overlay-type":"","overlay-color":"","overlay-opacity":"","overlay-gradient":""},"mobile":{"background-color":"var(--ast-global-color-5)","background-image":"","background-repeat":"repeat","background-position":"center center","background-size":"auto","background-attachment":"scroll","background-type":"","background-media":"","overlay-type":"","overlay-color":"","overlay-opacity":"","overlay-gradient":""}}},"product_brand":[],"product_cat":[44,466],"product_tag":[],"class_list":{"0":"post-189801","1":"product","2":"type-product","3":"status-publish","4":"has-post-thumbnail","6":"product_cat-ticket-themes","7":"product_cat-base-collection","8":"desktop-align-left","9":"tablet-align-left","10":"mobile-align-left","11":"ast-product-gallery-layout-horizontal-slider","12":"ast-magnify-disabled","13":"ast-product-tabs-layout-horizontal","15":"first","16":"instock","17":"downloadable","18":"virtual","19":"sold-individually","20":"taxable","21":"purchasable","22":"product-type-simple"},"_links":{"self":[{"href":"https:\/\/www.fooevents.com\/de\/wp-json\/wp\/v2\/product\/189801","targetHints":{"allow":["GET"]}}],"collection":[{"href":"https:\/\/www.fooevents.com\/de\/wp-json\/wp\/v2\/product"}],"about":[{"href":"https:\/\/www.fooevents.com\/de\/wp-json\/wp\/v2\/types\/product"}],"wp:featuredmedia":[{"embeddable":true,"href":"https:\/\/www.fooevents.com\/de\/wp-json\/wp\/v2\/media\/189803"}],"wp:attachment":[{"href":"https:\/\/www.fooevents.com\/de\/wp-json\/wp\/v2\/media?parent=189801"}],"wp:term":[{"taxonomy":"product_brand","embeddable":true,"href":"https:\/\/www.fooevents.com\/de\/wp-json\/wp\/v2\/product_brand?post=189801"},{"taxonomy":"product_cat","embeddable":true,"href":"https:\/\/www.fooevents.com\/de\/wp-json\/wp\/v2\/product_cat?post=189801"},{"taxonomy":"product_tag","embeddable":true,"href":"https:\/\/www.fooevents.com\/de\/wp-json\/wp\/v2\/product_tag?post=189801"}],"curies":[{"name":"wp","href":"https:\/\/api.w.org\/{rel}","templated":true}]}}