{"id":19126,"date":"2018-03-02T08:10:16","date_gmt":"2018-03-02T06:10:16","guid":{"rendered":"https:\/\/www.fooevents.com\/?post_type=product&#038;p=19126"},"modified":"2026-03-16T03:31:07","modified_gmt":"2026-03-16T10:31:07","slug":"fooevents-fur-woocommerce-lizenz-mehrere-domanen","status":"publish","type":"product","link":"https:\/\/www.fooevents.com\/de\/product\/fooevents-for-woocommerce-license-multiple-domain\/","title":{"rendered":"FooEvents f\u00fcr WooCommerce (Lizenz: Mehrfach)"},"content":{"rendered":"<p>Verkaufen Sie Tickets ohne Provisionen oder Ticketgeb\u00fchren und verwalten Sie kostenlose Registrierungen f\u00fcr praktisch jede Art von physischer oder virtueller Veranstaltung, wie z. B. ein Konzert, ein Kirchenlager, eine Schulveranstaltung, eine Spendenaktion, eine Konferenz oder ein Sportereignis. Mit FooEvents sind Sie innerhalb weniger Minuten startklar. Keine technischen Kenntnisse erforderlich.<\/p>\n<h3>In Ihrem Kauf enthalten:<\/h3>\n<ul>\n<li>Herunterladbares FooEvents f\u00fcr WooCommerce-Plugin<\/li>\n<li>12 Monate Premium-Support<\/li>\n<li>12 Monate Plugin-Updates<\/li>\n<li>Kostenlos\u00a0<a href=\"https:\/\/www.fooevents.com\/de\/apps\/\" target=\"_blank\" rel=\"noopener noreferrer\">iOS<\/a> &amp; <a href=\"https:\/\/www.fooevents.com\/de\/apps\/\" target=\"_blank\" rel=\"noopener noreferrer\">Android<\/a> Check-in-Apps<\/li>\n<li>Benutzerfreundliche Dokumentation<\/li>\n<\/ul>","protected":false},"excerpt":{"rendered":"<p>1.5.19<br \/>\nFIXED: Fehler bei benutzerdefinierten Teilnehmern f\u00fcr mehrere Ereignisse<br \/>\nFIXED: Abrechnungsfehler auf der Ticketverwaltungsseite<br \/>\nADDED: Theme-Option zur Verwendung von Platzhaltern<\/p>\n<p>1.5.15<br \/>\nFIXED: Fehler bei CSV-Variationen<br \/>\nFIXED: Fehler bei Ticket-Meta-Variationen<br \/>\nFIXED: Fehler bei der Versionsaktualisierungsnummer<br \/>\nFIXED: Fehler bei 10+ Teilnehmern<\/p>\n<p>1.5.5<br \/>\n-FIXED: Registerkarte Ereignisdetails PHP-Warnung<\/p>\n<p>1.5.4<br \/>\n-FIXED: App-Anmeldefehler<br \/>\n-FIXED: Verschiedene kleine Bugs<\/p>\n<p>1.5.1<br \/>\n-FIXIERT: Mehrt\u00e4giges Support-Update<\/p>\n<p>1.5.0<br \/>\n-ADDED: Mehrt\u00e4gige Verl\u00e4ngerung bereit<br \/>\n-FIXED: Verschiedene kleine Bugs<\/p>\n<p>1.4.4<br \/>\n-FIXED: Weitere Wordpress 4.8-Fehler, die das Senden von Tickets betreffen k\u00f6nnen<br \/>\n-FIXED: Fehler mit doppelten Tickets bei bestimmten Zahlungs-Gateways<\/p>\n<p>1.3.12<br \/>\n-GEFIXT: Fehler in Wordpress 4.8, der dazu f\u00fchrt, dass Tickets nach Abschluss der Bestellung nicht verschickt werden<br \/>\n-FIXED: Fehler beim CSV-Export<br \/>\n-FIXED: Verschiedene andere kleine Bugs<br \/>\n-FIXIERT: Aktualisierte \u00dcbersetzungen<\/p>\n<p>1.3.8<br \/>\nADDED: FooEvents Dashboard-Widget<br \/>\n-ADDED: Ticket von der Ticketverwaltung herunterladen<br \/>\nADDED: CSV-Export-Verbesserungen<br \/>\n-FIXED: WooCommerce 3 Warnmeldungen<br \/>\n-FIXED: Fehler: Name des Ticketk\u00e4ufers fehlt<br \/>\n-FIXED: Verschiedene andere kleine Bugs<\/p>\n<p>1.3.3<br \/>\n-FIXED: Fehler beim erneuten Senden von Massen-Tickets<br \/>\n-FIXED: Fehler bei fehlendem K\u00e4ufernamen<br \/>\n-FIXED: Verschiedene andere kleine Bugs<\/p>\n<p>1.3.0<br \/>\n-FIXED: WooCommerce 3 Warnmeldungen<br \/>\nADDED: CSV-Export-Verbesserungen<br \/>\n-ADDED: Betreff des Tickets bearbeiten<\/p>\n<p>1.2.17<br \/>\n-FIXED: App-Fehler bei bestimmten W\u00e4hrungssymbolen<br \/>\n-FIXED: E-Mail-Ticket-Fehler bei Erstinstallation<br \/>\n-FIXED: Wordpress MU Plugin Fehler aktivieren<br \/>\nADDED: Benutzerdefinierte Teilnehmerfelder f\u00fcr den CSV-Export<\/p>\n<p>1.2.16<br \/>\n-FIXED: Barcode-Verzeichnis nicht beschreibbar Bug<\/p>\n<p>1.2.15<br \/>\n- ADDED: Unterst\u00fctzung von FooEvents Custom Attendee Fields<br \/>\n- FIXED: Verschiedene kleinere Bugs<\/p>\n<p>1.2.11<br \/>\n- FIXED: Fehler im Admin-Men\u00fc<\/p>\n<p>1.2.10<br \/>\n- FIXED: Update f\u00fcr kritischen Fehler<\/p>\n<p>1.2.8<br \/>\n- FIXED: Warnung bei Plugin-Aktivierung<br \/>\n- FIXED: Leere Ereignisliste beim manuellen Hinzuf\u00fcgen von Tickets<br \/>\n- ADDED: Wegbeschreibung zu den Tickets<br \/>\n- HINZUF\u00dcGEN: Firma, Bezeichnung, Telefonnummer zu den Tickets<br \/>\n- ADDED: Preis f\u00fcr Apps<br \/>\n- ADDED: Plugin-Update-Benachrichtigung<\/p>\n<p>1.2.6<br \/>\n- ADDED: Option zum Ausblenden unbezahlter Tickets in der Verwaltung<br \/>\n- ADDED: \u00dcberpr\u00fcfung, ob Barcode-Verzeichnis beschreibbar ist<br \/>\n- FIXED: Verweise auf \"Auto Draft\" in der Ticketverwaltung entfernt<br \/>\n- BEHOBEN: Fehler, bei dem das Hinzuf\u00fcgen von Tickets nicht mit dem erstellten Benutzer verkn\u00fcpft werden konnte<br \/>\n- FIXED: Start- und Enddatum auf der Registerkarte \"Ereignisdetails\" ausblenden<br \/>\n- FIXED: Fehler in der \u00dcberschreibungsvorlage<\/p>\n<p>1.2.4<br \/>\n- Behoben: Variationsfehler, bei dem nur die erste Ticketvariante gespeichert wird<br \/>\n- Behoben: Javascript DatePicker Lokalisierung<br \/>\n- Behoben: Verschiedene andere kleine Bugs<br \/>\n- Hinzugef\u00fcgt: Sortierung nach zus\u00e4tzlichen Feldern in der Ticketverwaltung<\/p>\n<p>1.2.2<br \/>\n- NEU: .JPG-Barcode-Erzeugung f\u00fcr PDF-Ticket-Plugin<br \/>\n- FIXED: Google Map-Zeiger<br \/>\n- ENTFERNT: \u00dcbersetzungen der Datumsauswahl. Fehlerhaft, wird sich eine andere Implementierung ansehen.<\/p>\n<p>1.2.1<br \/>\n- NEU: Kompatibilit\u00e4ts-Update f\u00fcr die Offline-Unterst\u00fctzung der neuen Events Pro App (https:\/\/www.fooevents.com\/apps\/)<br \/>\n- NEU: Kompatibilit\u00e4t mit dem FooEvents PDF Tickets Plugin (https:\/\/www.fooevents.com\/product\/fooevents-pdf-tickets\/)<br \/>\n- NEU: Filtern nach Veranstaltungsname, Bestell-ID und Status in der administrativen Ticketliste<br \/>\n- NEU: Zeitformate f\u00fcr am-pm<br \/>\n- AKTUALISIERT: Neue Google Maps API-Unterst\u00fctzung<br \/>\n- AKTUALISIERT: \u00dcbersetzungen in der Datumsauswahl<br \/>\n- AKTUALISIERT: Standort an .ics senden<br \/>\n- FIXED: HTTPS-Warnung f\u00fcr Administratoren behoben<\/p>\n<p>1.2.0<br \/>\n- Neu: Event Check-ins Pro iOS App-Integration - Siehe https:\/\/www.fooevents.com\/apps\/<br \/>\n- Neu: Event Check-ins Pro iOS App - Auto Check-ins (schnelle, m\u00fchelose Check-ins)<br \/>\n- Neu: Event Check-ins Pro iOS App - Custom Branding (Legen Sie Ihr eigenes Farbschema und Logo fest)<br \/>\n- Aktualisiert: Dokumentation<br \/>\n- Behoben: .ics-Postleitzahlen-Fehler<br \/>\n- Behoben: Fehler beim Hinzuf\u00fcgen einer neuen Ticketberechtigung<\/p>\n<p>1.1.17<br \/>\n- Manuelle Ticket-Verwaltungsfunktion in der WordPress-Verwaltung hinzugef\u00fcgt.<br \/>\n- Verschiedene kleine Fehlerbehebungen und Verbesserungen.<\/p>\n<p>1.1.14<br \/>\n- App-Integration Unterst\u00fctzung f\u00fcr Massenbearbeitung<br \/>\n- Benutzerdefinierte Nachricht auf der Dankeseite einf\u00fcgen<br \/>\n- Hinzuf\u00fcgung verschiedener optionaler Felder bei der Teilnehmerregistrierung<br \/>\n- Verschiedene Fehlerkorrekturen<\/p>\n<p>1.1.11<br \/>\n- Verschiedene Fehlerkorrekturen<\/p>\n<p>1.1.8<br \/>\n- Unterst\u00fctzung von .po- und .mo-Sprachdateien<br \/>\n- Option, keine Ticket-E-Mails zu senden<br \/>\n- Verschiedene Fehlerkorrekturen<\/p>\n<p>1.1.5<br \/>\n- Verschiedene Fehlerkorrekturen<\/p>\n<p>1.1.4<br \/>\n- Verbesserte Admin-Suche<br \/>\n- Fehler bei der Auflistung von Tickets und Veranstaltungen in der App behoben<br \/>\n- Verschiedene andere kleine Fehlerbehebungen<\/p>\n<p>1.1.2<br \/>\n- Verschiedene Fehlerkorrekturen<\/p>\n<p>1.10<br \/>\n- Erfassen Sie Teilnehmerdetails beim Checkout<br \/>\n- M\u00f6glichkeit, den Teilnehmern ihre Tickets per E-Mail zu schicken<br \/>\n- Attribute\/Variationen zu Tickets und Ticketdetails durchgehen<br \/>\n- Option zur \u00c4nderung von \"In den Warenkorb\" in \"Ticket buchen\".<br \/>\n- Unterst\u00fctzung f\u00fcr die iOS-App (Einf\u00fchrung steht bevor!)<br \/>\n- Verschiedene Fehlerkorrekturen<\/p>\n<p>1.0.8<br \/>\n- Konflikt mit WooCommerce-Bild-Uploads.<\/p>\n<p>1.0.6<br \/>\n- Zus\u00e4tzliche Optionen zur Steuerung der Ticketausgabe hinzugef\u00fcgt<br \/>\n- Fehler behoben, bei dem bestimmte Nicht-Ereignis-Produkte Tickets verschicken konnten<br \/>\n- Verschiedene andere kleine Bugs behoben<\/p>\n<p>1.0.3<br \/>\n- Anzeigefehler mit Google Maps behoben<br \/>\n- Fehler behoben, bei dem der Teilnehmer nicht auf dem Ticket angezeigt wurde<br \/>\n- Fehler behoben, bei dem der Admin-Benutzer als Ticketbesitzer angezeigt wird<br \/>\n- Verschiedene andere kleine Bugs<\/p>\n<p>&nbsp;<\/p>","protected":false},"featured_media":130680,"template":"","meta":{"site-sidebar-layout":"default","site-content-layout":"default","ast-site-content-layout":"default","site-content-style":"default","site-sidebar-style":"default","ast-global-header-display":"","ast-banner-title-visibility":"","ast-main-header-display":"","ast-hfb-above-header-display":"","ast-hfb-below-header-display":"","ast-hfb-mobile-header-display":"","site-post-title":"","ast-breadcrumbs-content":"","ast-featured-img":"","footer-sml-layout":"","ast-disable-related-posts":"","theme-transparent-header-meta":"default","adv-header-id-meta":"","stick-header-meta":"default","header-above-stick-meta":"","header-main-stick-meta":"","header-below-stick-meta":"","astra-migrate-meta-layouts":"set","ast-page-background-enabled":"default","ast-page-background-meta":{"desktop":{"background-color":"var(--ast-global-color-4)","background-image":"","background-repeat":"repeat","background-position":"center center","background-size":"auto","background-attachment":"scroll","background-type":"","background-media":"","overlay-type":"","overlay-color":"","overlay-opacity":"","overlay-gradient":""},"tablet":{"background-color":"","background-image":"","background-repeat":"repeat","background-position":"center center","background-size":"auto","background-attachment":"scroll","background-type":"","background-media":"","overlay-type":"","overlay-color":"","overlay-opacity":"","overlay-gradient":""},"mobile":{"background-color":"","background-image":"","background-repeat":"repeat","background-position":"center center","background-size":"auto","background-attachment":"scroll","background-type":"","background-media":"","overlay-type":"","overlay-color":"","overlay-opacity":"","overlay-gradient":""}},"ast-content-background-meta":{"desktop":{"background-color":"var(--ast-global-color-5)","background-image":"","background-repeat":"repeat","background-position":"center center","background-size":"auto","background-attachment":"scroll","background-type":"","background-media":"","overlay-type":"","overlay-color":"","overlay-opacity":"","overlay-gradient":""},"tablet":{"background-color":"var(--ast-global-color-5)","background-image":"","background-repeat":"repeat","background-position":"center center","background-size":"auto","background-attachment":"scroll","background-type":"","background-media":"","overlay-type":"","overlay-color":"","overlay-opacity":"","overlay-gradient":""},"mobile":{"background-color":"var(--ast-global-color-5)","background-image":"","background-repeat":"repeat","background-position":"center center","background-size":"auto","background-attachment":"scroll","background-type":"","background-media":"","overlay-type":"","overlay-color":"","overlay-opacity":"","overlay-gradient":""}}},"product_brand":[],"product_cat":[45,59,28],"product_tag":[],"class_list":{"0":"post-19126","1":"product","2":"type-product","3":"status-publish","4":"has-post-thumbnail","6":"product_cat-plugins","7":"product_cat-license-multiple","8":"product_cat-primary","9":"desktop-align-left","10":"tablet-align-left","11":"mobile-align-left","12":"ast-product-gallery-layout-horizontal-slider","13":"ast-product-gallery-with-no-image","14":"ast-magnify-disabled","15":"ast-product-tabs-layout-horizontal","17":"first","18":"instock","19":"featured","20":"downloadable","21":"virtual","22":"taxable","23":"purchasable","24":"product-type-subscription"},"_links":{"self":[{"href":"https:\/\/www.fooevents.com\/de\/wp-json\/wp\/v2\/product\/19126","targetHints":{"allow":["GET"]}}],"collection":[{"href":"https:\/\/www.fooevents.com\/de\/wp-json\/wp\/v2\/product"}],"about":[{"href":"https:\/\/www.fooevents.com\/de\/wp-json\/wp\/v2\/types\/product"}],"wp:featuredmedia":[{"embeddable":true,"href":"https:\/\/www.fooevents.com\/de\/wp-json\/wp\/v2\/media\/130680"}],"wp:attachment":[{"href":"https:\/\/www.fooevents.com\/de\/wp-json\/wp\/v2\/media?parent=19126"}],"wp:term":[{"taxonomy":"product_brand","embeddable":true,"href":"https:\/\/www.fooevents.com\/de\/wp-json\/wp\/v2\/product_brand?post=19126"},{"taxonomy":"product_cat","embeddable":true,"href":"https:\/\/www.fooevents.com\/de\/wp-json\/wp\/v2\/product_cat?post=19126"},{"taxonomy":"product_tag","embeddable":true,"href":"https:\/\/www.fooevents.com\/de\/wp-json\/wp\/v2\/product_tag?post=19126"}],"curies":[{"name":"wp","href":"https:\/\/api.w.org\/{rel}","templated":true}]}}