{"id":19128,"date":"2018-03-02T08:11:41","date_gmt":"2018-03-02T06:11:41","guid":{"rendered":"https:\/\/www.fooevents.com\/?post_type=product&#038;p=19128"},"modified":"2026-03-09T05:33:16","modified_gmt":"2026-03-09T12:33:16","slug":"fooevents-kalender-lizenz-fur-mehrere-domains","status":"publish","type":"product","link":"https:\/\/www.fooevents.com\/de\/product\/fooevents-calendar-license-multiple-domain\/","title":{"rendered":"FooEvents Kalender (Lizenz: Mehrfach)"},"content":{"rendered":"<p>Das FooEvents-Kalender-Plugin ist eine Erweiterung f\u00fcr FooEvents, die eine Kalenderansicht aller Ihrer Veranstaltungen auf Ihrer Website hinzuf\u00fcgt. Kalender k\u00f6nnen mit einfachen Shortcodes zu Ihren Beitr\u00e4gen und Seiten hinzugef\u00fcgt werden. Eine Widget-Ansicht des Kalenders ist auch f\u00fcr weitere Flexibilit\u00e4t zur Verf\u00fcgung gestellt. Dies ist eine unverzichtbare Erweiterung, wenn Sie regelm\u00e4\u00dfig Veranstaltungen organisieren und diese \u00fcbergreifend bewerben wollen!<\/p>\n<h3>In Ihrem Kauf enthalten:<\/h3>\n<p>Herunterladbares FooEvents-Kalender-Plugin,<br \/>\n12 Monate Premium-Support,<br \/>\n12 Monate Plugin-Updates,<br \/>\nBenutzerfreundliche Dokumentation.<\/p>\n<p><strong>NB: Ausgeschlossen sind <a href=\"\/de\/produkt\/fooevents-plugin\/\">FooEvents f\u00fcr WooCommerce-Plugin<\/a> (erforderlich)\u00a0<\/strong><\/p>","protected":false},"excerpt":{"rendered":"<p>1.2.8<br \/>\n-FIXED: Fehler in der Beschreibung der Ereignisliste<br \/>\n-ADDED: Option zur Aktivierung ganzt\u00e4giger Veranstaltungen<\/p>\n<p>1.2.6<br \/>\n-FIXED: Apostroph-Fehler<br \/>\n-FIXED: Widget-Limit-Fehler<br \/>\n-ADDED: Ereignisliste sortieren<br \/>\n-ADDED Kategorie-Filter<\/p>\n<p>1.2.1<br \/>\n-FIXED: Fehler, bei dem Ereignisse ohne Datum im Kalender angezeigt wurden<br \/>\n-FIXED: Fehler bei Kalender\u00fcbersetzungen<br \/>\n-UPDATED: VollKalender<\/p>\n<p>1.1.2<br \/>\n-FIXIERT: Mehrt\u00e4giges Support-Update<\/p>\n<p>1.1.0<br \/>\n-ADDED: Mehrt\u00e4gige Verl\u00e4ngerung bereit<\/p>\n<p>1.0.13<br \/>\n-FIXED: PHP-Warnungen<\/p>\n<p>1.0.11<br \/>\n-FIXED: Fehler in der Kalenderbeschreibung<br \/>\n-FIXED: Sonderzeichen in Ereignistiteln<br \/>\n-FIXED: Verschiedene andere kleinere Bugs<br \/>\n-ADDED: \u00dcbersetzungen<\/p>\n<p>&nbsp;<\/p>\n<p>1.0.6<br \/>\n-FIXED: PHP-Warnausgabe<\/p>\n<p>1.0.5<br \/>\n-ADDED: Zus\u00e4tzliche Benutzerrollen haben jetzt Zugriff<br \/>\n-ADDED: Benachrichtigung \u00fcber Plugin-Updates<br \/>\n-FIXED: Verschiedene kleinere Bugs<\/p>","protected":false},"featured_media":130673,"template":"","meta":{"site-sidebar-layout":"default","site-content-layout":"default","ast-site-content-layout":"default","site-content-style":"default","site-sidebar-style":"default","ast-global-header-display":"","ast-banner-title-visibility":"","ast-main-header-display":"","ast-hfb-above-header-display":"","ast-hfb-below-header-display":"","ast-hfb-mobile-header-display":"","site-post-title":"","ast-breadcrumbs-content":"","ast-featured-img":"","footer-sml-layout":"","ast-disable-related-posts":"","theme-transparent-header-meta":"default","adv-header-id-meta":"","stick-header-meta":"default","header-above-stick-meta":"","header-main-stick-meta":"","header-below-stick-meta":"","astra-migrate-meta-layouts":"set","ast-page-background-enabled":"default","ast-page-background-meta":{"desktop":{"background-color":"var(--ast-global-color-4)","background-image":"","background-repeat":"repeat","background-position":"center center","background-size":"auto","background-attachment":"scroll","background-type":"","background-media":"","overlay-type":"","overlay-color":"","overlay-opacity":"","overlay-gradient":""},"tablet":{"background-color":"","background-image":"","background-repeat":"repeat","background-position":"center center","background-size":"auto","background-attachment":"scroll","background-type":"","background-media":"","overlay-type":"","overlay-color":"","overlay-opacity":"","overlay-gradient":""},"mobile":{"background-color":"","background-image":"","background-repeat":"repeat","background-position":"center center","background-size":"auto","background-attachment":"scroll","background-type":"","background-media":"","overlay-type":"","overlay-color":"","overlay-opacity":"","overlay-gradient":""}},"ast-content-background-meta":{"desktop":{"background-color":"var(--ast-global-color-5)","background-image":"","background-repeat":"repeat","background-position":"center center","background-size":"auto","background-attachment":"scroll","background-type":"","background-media":"","overlay-type":"","overlay-color":"","overlay-opacity":"","overlay-gradient":""},"tablet":{"background-color":"var(--ast-global-color-5)","background-image":"","background-repeat":"repeat","background-position":"center center","background-size":"auto","background-attachment":"scroll","background-type":"","background-media":"","overlay-type":"","overlay-color":"","overlay-opacity":"","overlay-gradient":""},"mobile":{"background-color":"var(--ast-global-color-5)","background-image":"","background-repeat":"repeat","background-position":"center center","background-size":"auto","background-attachment":"scroll","background-type":"","background-media":"","overlay-type":"","overlay-color":"","overlay-opacity":"","overlay-gradient":""}}},"product_brand":[],"product_cat":[11,27,59,45],"product_tag":[],"class_list":{"0":"post-19128","1":"product","2":"type-product","3":"status-publish","4":"has-post-thumbnail","6":"product_cat-wordpress","7":"product_cat-extension","8":"product_cat-license-multiple","9":"product_cat-plugins","10":"desktop-align-left","11":"tablet-align-left","12":"mobile-align-left","13":"ast-product-gallery-layout-horizontal-slider","14":"ast-product-gallery-with-no-image","15":"ast-magnify-disabled","16":"ast-product-tabs-layout-horizontal","18":"first","19":"instock","20":"downloadable","21":"virtual","22":"taxable","23":"purchasable","24":"product-type-subscription"},"_links":{"self":[{"href":"https:\/\/www.fooevents.com\/de\/wp-json\/wp\/v2\/product\/19128","targetHints":{"allow":["GET"]}}],"collection":[{"href":"https:\/\/www.fooevents.com\/de\/wp-json\/wp\/v2\/product"}],"about":[{"href":"https:\/\/www.fooevents.com\/de\/wp-json\/wp\/v2\/types\/product"}],"wp:featuredmedia":[{"embeddable":true,"href":"https:\/\/www.fooevents.com\/de\/wp-json\/wp\/v2\/media\/130673"}],"wp:attachment":[{"href":"https:\/\/www.fooevents.com\/de\/wp-json\/wp\/v2\/media?parent=19128"}],"wp:term":[{"taxonomy":"product_brand","embeddable":true,"href":"https:\/\/www.fooevents.com\/de\/wp-json\/wp\/v2\/product_brand?post=19128"},{"taxonomy":"product_cat","embeddable":true,"href":"https:\/\/www.fooevents.com\/de\/wp-json\/wp\/v2\/product_cat?post=19128"},{"taxonomy":"product_tag","embeddable":true,"href":"https:\/\/www.fooevents.com\/de\/wp-json\/wp\/v2\/product_tag?post=19128"}],"curies":[{"name":"wp","href":"https:\/\/api.w.org\/{rel}","templated":true}]}}