{"id":19133,"date":"2018-03-02T08:14:28","date_gmt":"2018-03-02T15:14:28","guid":{"rendered":"https:\/\/www.fooevents.com\/?post_type=product&#038;p=19133"},"modified":"2026-04-20T09:19:33","modified_gmt":"2026-04-20T16:19:33","slug":"fooevents-premium-bundle-lizenz-fur-mehrere-domains","status":"publish","type":"product","link":"https:\/\/www.fooevents.com\/de\/product\/fooevents-premium-bundle-license-multiple-domain\/","title":{"rendered":"FooEvents Premium Bundle (Lizenz: Mehrfach)"},"content":{"rendered":"<p>Sichern Sie sich ein g\u00fcnstiges Angebot f\u00fcr FooEvents Premium, das FooEvents f\u00fcr WooCommerce Plugin, FooEvents PDF Tickets Plugin, FooEvents Custom Attendee Fields Plugin, FooEvents Calendar Plugin und das FooEvents Express Check-in Plugin beinhaltet.<\/p>\n<h3>In Ihrem Kauf enthalten:<\/h3>\n<p>Herunterladbare Plugin-Dateien,<br \/>\n12 Monate Premium-Support,<br \/>\n12 Monate Plugin-Updates,<br \/>\nBenutzerfreundliche Dokumentation.<\/p>","protected":false},"excerpt":{"rendered":"<p>Get a great deal on the FooEvents Premium which includes FooEvents for WooCommerce plugin, FooEvents PDF Tickets plugin, FooEvents Custom Attendee Fields plugin, FooEvents Calendar plugin and the FooEvents Express Check-in plugin. Included in your purchase: Downloadable plugin files, 12 Months premium support, 12 Months plugin updates, User-friendly documentation.<\/p>","protected":false},"featured_media":130667,"template":"","meta":{"site-sidebar-layout":"default","site-content-layout":"default","ast-site-content-layout":"default","site-content-style":"default","site-sidebar-style":"default","ast-global-header-display":"","ast-banner-title-visibility":"","ast-main-header-display":"","ast-hfb-above-header-display":"","ast-hfb-below-header-display":"","ast-hfb-mobile-header-display":"","site-post-title":"","ast-breadcrumbs-content":"","ast-featured-img":"","footer-sml-layout":"","ast-disable-related-posts":"","theme-transparent-header-meta":"default","adv-header-id-meta":"","stick-header-meta":"default","header-above-stick-meta":"","header-main-stick-meta":"","header-below-stick-meta":"","astra-migrate-meta-layouts":"set","ast-page-background-enabled":"default","ast-page-background-meta":{"desktop":{"background-color":"var(--ast-global-color-4)","background-image":"","background-repeat":"repeat","background-position":"center center","background-size":"auto","background-attachment":"scroll","background-type":"","background-media":"","overlay-type":"","overlay-color":"","overlay-opacity":"","overlay-gradient":""},"tablet":{"background-color":"","background-image":"","background-repeat":"repeat","background-position":"center center","background-size":"auto","background-attachment":"scroll","background-type":"","background-media":"","overlay-type":"","overlay-color":"","overlay-opacity":"","overlay-gradient":""},"mobile":{"background-color":"","background-image":"","background-repeat":"repeat","background-position":"center center","background-size":"auto","background-attachment":"scroll","background-type":"","background-media":"","overlay-type":"","overlay-color":"","overlay-opacity":"","overlay-gradient":""}},"ast-content-background-meta":{"desktop":{"background-color":"var(--ast-global-color-5)","background-image":"","background-repeat":"repeat","background-position":"center center","background-size":"auto","background-attachment":"scroll","background-type":"","background-media":"","overlay-type":"","overlay-color":"","overlay-opacity":"","overlay-gradient":""},"tablet":{"background-color":"var(--ast-global-color-5)","background-image":"","background-repeat":"repeat","background-position":"center center","background-size":"auto","background-attachment":"scroll","background-type":"","background-media":"","overlay-type":"","overlay-color":"","overlay-opacity":"","overlay-gradient":""},"mobile":{"background-color":"var(--ast-global-color-5)","background-image":"","background-repeat":"repeat","background-position":"center center","background-size":"auto","background-attachment":"scroll","background-type":"","background-media":"","overlay-type":"","overlay-color":"","overlay-opacity":"","overlay-gradient":""}}},"product_brand":[],"product_cat":[11,46,59,293,28],"product_tag":[],"class_list":{"0":"post-19133","1":"product","2":"type-product","3":"status-publish","4":"has-post-thumbnail","6":"product_cat-wordpress","7":"product_cat-bundle","8":"product_cat-license-multiple","9":"product_cat-premium-bundle","10":"product_cat-primary","11":"desktop-align-left","12":"tablet-align-left","13":"mobile-align-left","14":"ast-product-gallery-layout-horizontal-slider","15":"ast-product-gallery-with-no-image","16":"ast-magnify-disabled","17":"ast-product-tabs-layout-horizontal","19":"first","20":"instock","21":"featured","22":"downloadable","23":"virtual","24":"taxable","25":"purchasable","26":"product-type-subscription"},"_links":{"self":[{"href":"https:\/\/www.fooevents.com\/de\/wp-json\/wp\/v2\/product\/19133","targetHints":{"allow":["GET"]}}],"collection":[{"href":"https:\/\/www.fooevents.com\/de\/wp-json\/wp\/v2\/product"}],"about":[{"href":"https:\/\/www.fooevents.com\/de\/wp-json\/wp\/v2\/types\/product"}],"wp:featuredmedia":[{"embeddable":true,"href":"https:\/\/www.fooevents.com\/de\/wp-json\/wp\/v2\/media\/130667"}],"wp:attachment":[{"href":"https:\/\/www.fooevents.com\/de\/wp-json\/wp\/v2\/media?parent=19133"}],"wp:term":[{"taxonomy":"product_brand","embeddable":true,"href":"https:\/\/www.fooevents.com\/de\/wp-json\/wp\/v2\/product_brand?post=19133"},{"taxonomy":"product_cat","embeddable":true,"href":"https:\/\/www.fooevents.com\/de\/wp-json\/wp\/v2\/product_cat?post=19133"},{"taxonomy":"product_tag","embeddable":true,"href":"https:\/\/www.fooevents.com\/de\/wp-json\/wp\/v2\/product_tag?post=19133"}],"curies":[{"name":"wp","href":"https:\/\/api.w.org\/{rel}","templated":true}]}}