{"id":19136,"date":"2018-03-02T08:16:55","date_gmt":"2018-03-02T06:16:55","guid":{"rendered":"https:\/\/www.fooevents.com\/?post_type=product&#038;p=19136"},"modified":"2026-03-09T04:15:50","modified_gmt":"2026-03-09T11:15:50","slug":"fooevents-express-check-in-lizenz-unbegrenzt","status":"publish","type":"product","link":"https:\/\/www.fooevents.com\/de\/product\/fooevents-express-check-in-license-unlimited\/","title":{"rendered":"FooEvents Express Check-in (Lizenz: Unbegrenzt)"},"content":{"rendered":"<p>Das FooEvents Express Check-in Plugin ist eine Erweiterung f\u00fcr FooEvents f\u00fcr WooCommerce, die das Einchecken von Teilnehmern bei Ihrer Veranstaltung zu einem schnellen und m\u00fchelosen Prozess macht. Die intuitive Benutzeroberfl\u00e4che erm\u00f6glicht es Ihnen, Teilnehmer in Sekundenschnelle durch eine raffinierte automatische Suchfunktion zu finden, oder Sie k\u00f6nnen einen normalen Barcode-Scanner verwenden, um gedruckte Tickets zu scannen und Teilnehmer automatisch einzuchecken, was perfekt f\u00fcr gro\u00dfe Veranstaltungen ist. Der unkomplizierte Ansatz zur Verwaltung von Check-ins bei Ihrer Veranstaltung!<\/p>\n<h3>In Ihrem Kauf enthalten:<\/h3>\n<p>Herunterladbares FooEvents Express Check-in Plugin,<br \/>\n12 Monate Premium-Support,<br \/>\n12 Monate Plugin-Updates,<br \/>\nBenutzerfreundliche Dokumentation.<\/p>\n<p><strong>NB: Ausgeschlossen sind <a href=\"\/de\/produkt\/fooevents-plugin\/\">FooEvents f\u00fcr WooCommerce-Plugin<\/a> (erforderlich)\u00a0<\/strong><\/p>","protected":false},"excerpt":{"rendered":"<p>Suche nach Name des K\u00e4ufers oder Teilnehmers, Ticket-ID oder Ticketstatus<br \/>\nAjax-Laden der Ergebnisse, keine Aktualisierung der Seite<br \/>\nAutomatische Suche - Suche w\u00e4hrend der Eingabe<br \/>\nAuto Check-in - Automatisches Einchecken eines Teilnehmers, wenn eine Ticket-ID gefunden wird<br \/>\nMobilfreundlich - Funktioniert auf Desktops, Tablets und Mobiltelefonen<br \/>\n\u00c4ndern Sie den Check-in-Status des Teilnehmers in \"eingecheckt\", \"nicht eingecheckt\", \"storniert\" oder \"unbezahlt\".<br \/>\nFunktioniert hervorragend mit den meisten 2D-Barcodescannern!!!<\/p>\n<p>https:\/\/www.youtube.com\/watch?v=h3zI-oNi6_o<\/p>\n<p>UPDATE LOG<\/p>\n<p>&#8212;&#8212;&#8212;&#8212;&#8212;&#8212;<br \/>\n1.2.2<br \/>\n-FIXED: Fehler bei der Update-Benachrichtigung<\/p>\n<p>1.2.1<br \/>\n-FIXIERT: Mehrt\u00e4giges Support-Update<\/p>\n<p>1.2.0<br \/>\n-ADDED: Erweiterung f\u00fcr mehrt\u00e4gige Ereignisse bereit<\/p>\n<p>1.0.7<\/p>\n<p>-FIXED: PHP-Warnung im Frontend<\/p>\n<p>1.0.6<\/p>\n<p>-FIXED: PHP-Warnausgabe<\/p>\n<p>1.0.5<\/p>\n<p>-ADDED: Zus\u00e4tzliche Benutzerrollen haben jetzt Zugriff<br \/>\n-ADDED: Benachrichtigung \u00fcber Plugin-Updates<br \/>\n-FIXED: Verschiedene kleinere Bugs<\/p>\n<div style=\"position: static !important;\"><\/div>\n<div style=\"position: static !important;\"><\/div>","protected":false},"featured_media":130678,"template":"","meta":{"site-sidebar-layout":"default","site-content-layout":"default","ast-site-content-layout":"default","site-content-style":"default","site-sidebar-style":"default","ast-global-header-display":"","ast-banner-title-visibility":"","ast-main-header-display":"","ast-hfb-above-header-display":"","ast-hfb-below-header-display":"","ast-hfb-mobile-header-display":"","site-post-title":"","ast-breadcrumbs-content":"","ast-featured-img":"","footer-sml-layout":"","ast-disable-related-posts":"","theme-transparent-header-meta":"default","adv-header-id-meta":"","stick-header-meta":"default","header-above-stick-meta":"","header-main-stick-meta":"","header-below-stick-meta":"","astra-migrate-meta-layouts":"set","ast-page-background-enabled":"default","ast-page-background-meta":{"desktop":{"background-color":"var(--ast-global-color-4)","background-image":"","background-repeat":"repeat","background-position":"center center","background-size":"auto","background-attachment":"scroll","background-type":"","background-media":"","overlay-type":"","overlay-color":"","overlay-opacity":"","overlay-gradient":""},"tablet":{"background-color":"","background-image":"","background-repeat":"repeat","background-position":"center center","background-size":"auto","background-attachment":"scroll","background-type":"","background-media":"","overlay-type":"","overlay-color":"","overlay-opacity":"","overlay-gradient":""},"mobile":{"background-color":"","background-image":"","background-repeat":"repeat","background-position":"center center","background-size":"auto","background-attachment":"scroll","background-type":"","background-media":"","overlay-type":"","overlay-color":"","overlay-opacity":"","overlay-gradient":""}},"ast-content-background-meta":{"desktop":{"background-color":"var(--ast-global-color-5)","background-image":"","background-repeat":"repeat","background-position":"center center","background-size":"auto","background-attachment":"scroll","background-type":"","background-media":"","overlay-type":"","overlay-color":"","overlay-opacity":"","overlay-gradient":""},"tablet":{"background-color":"var(--ast-global-color-5)","background-image":"","background-repeat":"repeat","background-position":"center center","background-size":"auto","background-attachment":"scroll","background-type":"","background-media":"","overlay-type":"","overlay-color":"","overlay-opacity":"","overlay-gradient":""},"mobile":{"background-color":"var(--ast-global-color-5)","background-image":"","background-repeat":"repeat","background-position":"center center","background-size":"auto","background-attachment":"scroll","background-type":"","background-media":"","overlay-type":"","overlay-color":"","overlay-opacity":"","overlay-gradient":""}}},"product_brand":[],"product_cat":[27,60,45],"product_tag":[],"class_list":{"0":"post-19136","1":"product","2":"type-product","3":"status-publish","4":"has-post-thumbnail","6":"product_cat-extension","7":"product_cat-license-unlimited","8":"product_cat-plugins","9":"desktop-align-left","10":"tablet-align-left","11":"mobile-align-left","12":"ast-product-gallery-layout-horizontal-slider","13":"ast-magnify-disabled","14":"ast-product-tabs-layout-horizontal","16":"first","17":"instock","18":"downloadable","19":"virtual","20":"taxable","21":"purchasable","22":"product-type-subscription"},"_links":{"self":[{"href":"https:\/\/www.fooevents.com\/de\/wp-json\/wp\/v2\/product\/19136","targetHints":{"allow":["GET"]}}],"collection":[{"href":"https:\/\/www.fooevents.com\/de\/wp-json\/wp\/v2\/product"}],"about":[{"href":"https:\/\/www.fooevents.com\/de\/wp-json\/wp\/v2\/types\/product"}],"wp:featuredmedia":[{"embeddable":true,"href":"https:\/\/www.fooevents.com\/de\/wp-json\/wp\/v2\/media\/130678"}],"wp:attachment":[{"href":"https:\/\/www.fooevents.com\/de\/wp-json\/wp\/v2\/media?parent=19136"}],"wp:term":[{"taxonomy":"product_brand","embeddable":true,"href":"https:\/\/www.fooevents.com\/de\/wp-json\/wp\/v2\/product_brand?post=19136"},{"taxonomy":"product_cat","embeddable":true,"href":"https:\/\/www.fooevents.com\/de\/wp-json\/wp\/v2\/product_cat?post=19136"},{"taxonomy":"product_tag","embeddable":true,"href":"https:\/\/www.fooevents.com\/de\/wp-json\/wp\/v2\/product_tag?post=19136"}],"curies":[{"name":"wp","href":"https:\/\/api.w.org\/{rel}","templated":true}]}}