{"id":19139,"date":"2018-03-02T08:17:09","date_gmt":"2018-03-02T06:17:09","guid":{"rendered":"https:\/\/www.fooevents.com\/?post_type=product&#038;p=19139"},"modified":"2026-03-09T04:00:03","modified_gmt":"2026-03-09T11:00:03","slug":"fooevents-benutzerdefinierte-teilnehmerfelder-lizenz-unbegrenzt","status":"publish","type":"product","link":"https:\/\/www.fooevents.com\/de\/product\/fooevents-custom-attendee-fields-license-unlimited\/","title":{"rendered":"FooEvents Benutzerdefinierte Teilnehmerfelder (Lizenz: Unbegrenzt)"},"content":{"rendered":"<p>Das FooEvents Custom Attendee Fields Plugin ist eine Erweiterung f\u00fcr FooEvents, die die Erfassung von benutzerdefinierten Teilnehmerfeldern an der Kasse erm\u00f6glicht, so dass Sie FooEvents an Ihre individuellen Veranstaltungsanforderungen anpassen k\u00f6nnen. Dies ist n\u00fctzlich, um zus\u00e4tzliche Informationen von den Teilnehmern zu erhalten, wie z.B. Kleidergr\u00f6\u00dfen, Essensvorlieben, demographische Informationen, Verzichtserkl\u00e4rungen usw. Die M\u00f6glichkeiten sind praktisch unbegrenzt!<\/p>\n<h3>In Ihrem Kauf enthalten:<\/h3>\n<p>Herunterladbare benutzerdefinierte FooEvents-Teilnehmerfelder,<br \/>\n12 Monate Premium-Support,<br \/>\n12 Monate Plugin-Updates,<br \/>\nBenutzerfreundliche Dokumentation.<\/p>\n<p><strong>NB: Ausgeschlossen sind <a href=\"\/de\/produkt\/fooevents-plugin\/\">FooEvents f\u00fcr WooCommerce-Plugin<\/a> (erforderlich)\u00a0<\/strong><\/p>","protected":false},"excerpt":{"rendered":"<p>1.1.9<br \/>\nFIXED: Fehler bei benutzerdefinierten Teilnehmern f\u00fcr mehrere Ereignisse<br \/>\nFIXED: Fehler in der Auswahlbox<br \/>\nADDED: Theme-Option zur Verwendung von Platzhaltern<\/p>\n<p>1.1.5<br \/>\nFIXED: Fehler bei 10+ Teilnehmern<\/p>\n<p>1.1.2<br \/>\nFIXED: Fehler bei der Update-Benachrichtigung<\/p>\n<p>1.1.0<br \/>\n-FIXED: Wordpress 4.8-Fehler<\/p>\n<p>1.0.7<br \/>\n-FIXED: Felder sind jetzt l\u00e4nger<br \/>\n-FIXIERT: Aktualisierte \u00dcbersetzungen<br \/>\n-FIXED: Verschiedene andere kleine Bugs<\/p>\n<p>1.0.4<br \/>\n-FIXED: Fehler bei den Pflichtfeldern<br \/>\n-FIXED: Verschiedene andere kleine Bugs<\/p>\n<p>1.0.1<br \/>\n-FIXED: Fehler bei der Update-Benachrichtigung<\/p>\n<p>1.0.0<br \/>\n- \u00d6ffentliche Freigabe<\/p>","protected":false},"featured_media":130674,"template":"","meta":{"site-sidebar-layout":"default","site-content-layout":"default","ast-site-content-layout":"default","site-content-style":"default","site-sidebar-style":"default","ast-global-header-display":"","ast-banner-title-visibility":"","ast-main-header-display":"","ast-hfb-above-header-display":"","ast-hfb-below-header-display":"","ast-hfb-mobile-header-display":"","site-post-title":"","ast-breadcrumbs-content":"","ast-featured-img":"","footer-sml-layout":"","ast-disable-related-posts":"","theme-transparent-header-meta":"default","adv-header-id-meta":"","stick-header-meta":"default","header-above-stick-meta":"","header-main-stick-meta":"","header-below-stick-meta":"","astra-migrate-meta-layouts":"set","ast-page-background-enabled":"default","ast-page-background-meta":{"desktop":{"background-color":"var(--ast-global-color-4)","background-image":"","background-repeat":"repeat","background-position":"center center","background-size":"auto","background-attachment":"scroll","background-type":"","background-media":"","overlay-type":"","overlay-color":"","overlay-opacity":"","overlay-gradient":""},"tablet":{"background-color":"","background-image":"","background-repeat":"repeat","background-position":"center center","background-size":"auto","background-attachment":"scroll","background-type":"","background-media":"","overlay-type":"","overlay-color":"","overlay-opacity":"","overlay-gradient":""},"mobile":{"background-color":"","background-image":"","background-repeat":"repeat","background-position":"center center","background-size":"auto","background-attachment":"scroll","background-type":"","background-media":"","overlay-type":"","overlay-color":"","overlay-opacity":"","overlay-gradient":""}},"ast-content-background-meta":{"desktop":{"background-color":"var(--ast-global-color-5)","background-image":"","background-repeat":"repeat","background-position":"center center","background-size":"auto","background-attachment":"scroll","background-type":"","background-media":"","overlay-type":"","overlay-color":"","overlay-opacity":"","overlay-gradient":""},"tablet":{"background-color":"var(--ast-global-color-5)","background-image":"","background-repeat":"repeat","background-position":"center center","background-size":"auto","background-attachment":"scroll","background-type":"","background-media":"","overlay-type":"","overlay-color":"","overlay-opacity":"","overlay-gradient":""},"mobile":{"background-color":"var(--ast-global-color-5)","background-image":"","background-repeat":"repeat","background-position":"center center","background-size":"auto","background-attachment":"scroll","background-type":"","background-media":"","overlay-type":"","overlay-color":"","overlay-opacity":"","overlay-gradient":""}}},"product_brand":[],"product_cat":[11,27,60,45],"product_tag":[],"class_list":{"0":"post-19139","1":"product","2":"type-product","3":"status-publish","4":"has-post-thumbnail","6":"product_cat-wordpress","7":"product_cat-extension","8":"product_cat-license-unlimited","9":"product_cat-plugins","10":"desktop-align-left","11":"tablet-align-left","12":"mobile-align-left","13":"ast-product-gallery-layout-horizontal-slider","14":"ast-product-gallery-with-no-image","15":"ast-magnify-disabled","16":"ast-product-tabs-layout-horizontal","18":"first","19":"instock","20":"downloadable","21":"virtual","22":"taxable","23":"purchasable","24":"product-type-subscription"},"_links":{"self":[{"href":"https:\/\/www.fooevents.com\/de\/wp-json\/wp\/v2\/product\/19139","targetHints":{"allow":["GET"]}}],"collection":[{"href":"https:\/\/www.fooevents.com\/de\/wp-json\/wp\/v2\/product"}],"about":[{"href":"https:\/\/www.fooevents.com\/de\/wp-json\/wp\/v2\/types\/product"}],"wp:featuredmedia":[{"embeddable":true,"href":"https:\/\/www.fooevents.com\/de\/wp-json\/wp\/v2\/media\/130674"}],"wp:attachment":[{"href":"https:\/\/www.fooevents.com\/de\/wp-json\/wp\/v2\/media?parent=19139"}],"wp:term":[{"taxonomy":"product_brand","embeddable":true,"href":"https:\/\/www.fooevents.com\/de\/wp-json\/wp\/v2\/product_brand?post=19139"},{"taxonomy":"product_cat","embeddable":true,"href":"https:\/\/www.fooevents.com\/de\/wp-json\/wp\/v2\/product_cat?post=19139"},{"taxonomy":"product_tag","embeddable":true,"href":"https:\/\/www.fooevents.com\/de\/wp-json\/wp\/v2\/product_tag?post=19139"}],"curies":[{"name":"wp","href":"https:\/\/api.w.org\/{rel}","templated":true}]}}