{"id":19142,"date":"2018-03-02T08:17:20","date_gmt":"2018-03-02T06:17:20","guid":{"rendered":"https:\/\/www.fooevents.com\/?post_type=product&#038;p=19142"},"modified":"2026-03-09T04:32:14","modified_gmt":"2026-03-09T11:32:14","slug":"fooevents-mehrtageslizenz-unbegrenzt","status":"publish","type":"product","link":"https:\/\/www.fooevents.com\/de\/product\/fooevents-multi-day-license-unlimited\/","title":{"rendered":"FooEvents Multi-Day (Lizenz: Unbegrenzt)"},"content":{"rendered":"<p>Das FooEvents Multi-day Plugin ist eine Erweiterung f\u00fcr FooEvents, die Veranstaltungen unterst\u00fctzt, die \u00fcber mehrere Tage laufen, wie z.B. Konzerte, Konferenzen und Ausstellungen. Dieses Plugin ist ein Muss, wenn Sie eine Veranstaltung haben, die l\u00e4nger als einen Tag dauert, da Sie jetzt kombinierte Tickets f\u00fcr mehrt\u00e4gige Veranstaltungen verkaufen und mehrere Check-ins haben k\u00f6nnen! Wir haben auch einige unserer anderen beliebten Plugins aktualisiert, so dass sie mit dem Multi-day Plugin kompatibel sind. Das FooEvents-Kalender-Plugin zeigt jetzt Ereignisse als Datumsbereich an und das FooEvents-Express-Check-in-Plugin und die FooEvents-Check-in-App unterst\u00fctzen mehrere Check-ins.<\/p>\n<h3>In Ihrem Kauf enthalten:<\/h3>\n<p>Herunterladbare benutzerdefinierte FooEvents-Teilnehmerfelder,<br \/>\n12 Monate Premium-Support,<br \/>\n12 Monate Plugin-Updates,<br \/>\nBenutzerfreundliche Dokumentation.<\/p>\n<p><strong>NB: Ausgeschlossen sind <a href=\"\/de\/produkt\/fooevents-plugin\/\">FooEvents f\u00fcr WooCommerce-Plugin<\/a> (erforderlich)\u00a0<\/strong><\/p>","protected":false},"excerpt":{"rendered":"<p>1.0.3<br \/>\n-ADDED: Skript zur Benachrichtigung \u00fcber Plugin-Updates<\/p>\n<p>1.0.2<br \/>\n-aktualisierte Dokumentation<\/p>\n<p>1.0.1<br \/>\n-Ver\u00f6ffentlichung<\/p>","protected":false},"featured_media":130669,"template":"","meta":{"site-sidebar-layout":"default","site-content-layout":"default","ast-site-content-layout":"default","site-content-style":"default","site-sidebar-style":"default","ast-global-header-display":"","ast-banner-title-visibility":"","ast-main-header-display":"","ast-hfb-above-header-display":"","ast-hfb-below-header-display":"","ast-hfb-mobile-header-display":"","site-post-title":"","ast-breadcrumbs-content":"","ast-featured-img":"","footer-sml-layout":"","ast-disable-related-posts":"","theme-transparent-header-meta":"default","adv-header-id-meta":"","stick-header-meta":"default","header-above-stick-meta":"","header-main-stick-meta":"","header-below-stick-meta":"","astra-migrate-meta-layouts":"set","ast-page-background-enabled":"default","ast-page-background-meta":{"desktop":{"background-color":"var(--ast-global-color-4)","background-image":"","background-repeat":"repeat","background-position":"center center","background-size":"auto","background-attachment":"scroll","background-type":"","background-media":"","overlay-type":"","overlay-color":"","overlay-opacity":"","overlay-gradient":""},"tablet":{"background-color":"","background-image":"","background-repeat":"repeat","background-position":"center center","background-size":"auto","background-attachment":"scroll","background-type":"","background-media":"","overlay-type":"","overlay-color":"","overlay-opacity":"","overlay-gradient":""},"mobile":{"background-color":"","background-image":"","background-repeat":"repeat","background-position":"center center","background-size":"auto","background-attachment":"scroll","background-type":"","background-media":"","overlay-type":"","overlay-color":"","overlay-opacity":"","overlay-gradient":""}},"ast-content-background-meta":{"desktop":{"background-color":"var(--ast-global-color-5)","background-image":"","background-repeat":"repeat","background-position":"center center","background-size":"auto","background-attachment":"scroll","background-type":"","background-media":"","overlay-type":"","overlay-color":"","overlay-opacity":"","overlay-gradient":""},"tablet":{"background-color":"var(--ast-global-color-5)","background-image":"","background-repeat":"repeat","background-position":"center center","background-size":"auto","background-attachment":"scroll","background-type":"","background-media":"","overlay-type":"","overlay-color":"","overlay-opacity":"","overlay-gradient":""},"mobile":{"background-color":"var(--ast-global-color-5)","background-image":"","background-repeat":"repeat","background-position":"center center","background-size":"auto","background-attachment":"scroll","background-type":"","background-media":"","overlay-type":"","overlay-color":"","overlay-opacity":"","overlay-gradient":""}}},"product_brand":[],"product_cat":[11,27,60,45],"product_tag":[],"class_list":{"0":"post-19142","1":"product","2":"type-product","3":"status-publish","4":"has-post-thumbnail","6":"product_cat-wordpress","7":"product_cat-extension","8":"product_cat-license-unlimited","9":"product_cat-plugins","10":"desktop-align-left","11":"tablet-align-left","12":"mobile-align-left","13":"ast-product-gallery-layout-horizontal-slider","14":"ast-product-gallery-with-no-image","15":"ast-magnify-disabled","16":"ast-product-tabs-layout-horizontal","18":"first","19":"instock","20":"downloadable","21":"virtual","22":"taxable","23":"purchasable","24":"product-type-subscription"},"_links":{"self":[{"href":"https:\/\/www.fooevents.com\/de\/wp-json\/wp\/v2\/product\/19142","targetHints":{"allow":["GET"]}}],"collection":[{"href":"https:\/\/www.fooevents.com\/de\/wp-json\/wp\/v2\/product"}],"about":[{"href":"https:\/\/www.fooevents.com\/de\/wp-json\/wp\/v2\/types\/product"}],"wp:featuredmedia":[{"embeddable":true,"href":"https:\/\/www.fooevents.com\/de\/wp-json\/wp\/v2\/media\/130669"}],"wp:attachment":[{"href":"https:\/\/www.fooevents.com\/de\/wp-json\/wp\/v2\/media?parent=19142"}],"wp:term":[{"taxonomy":"product_brand","embeddable":true,"href":"https:\/\/www.fooevents.com\/de\/wp-json\/wp\/v2\/product_brand?post=19142"},{"taxonomy":"product_cat","embeddable":true,"href":"https:\/\/www.fooevents.com\/de\/wp-json\/wp\/v2\/product_cat?post=19142"},{"taxonomy":"product_tag","embeddable":true,"href":"https:\/\/www.fooevents.com\/de\/wp-json\/wp\/v2\/product_tag?post=19142"}],"curies":[{"name":"wp","href":"https:\/\/api.w.org\/{rel}","templated":true}]}}