{"id":30367,"date":"2018-08-30T01:56:07","date_gmt":"2018-08-30T07:56:07","guid":{"rendered":"https:\/\/www.fooevents.com\/?post_type=product&#038;p=30367"},"modified":"2026-03-09T05:21:04","modified_gmt":"2026-03-09T12:21:04","slug":"fooevents-sitzplatzlizenz-fur-mehrere-domanen","status":"publish","type":"product","link":"https:\/\/www.fooevents.com\/de\/product\/fooevents-seating-license-multiple-domain\/","title":{"rendered":"FooEvents Sitzplatzlizenz: Mehrfach)"},"content":{"rendered":"<p>Das FooEvents Seating Plugin ist eine Erweiterung f\u00fcr FooEvents, die die Erfassung von Reihen und Sitzplatznummern an der Kasse erm\u00f6glicht. Dies ist n\u00fctzlich, um Teilnehmern die M\u00f6glichkeit zu geben, ihre eigenen Pl\u00e4tze basierend auf dem Layout Ihres Veranstaltungsortes auszuw\u00e4hlen. Dieses Plugin kann verwendet werden, um Reihen und Sitze in einem Konferenzraum oder Theater, Tische und die Anzahl der St\u00fchle am Tisch usw. festzulegen. Sie k\u00f6nnen VIP-Bereiche einrichten oder die Teilnehmer auf Pl\u00e4tze in anderen Bereichen mit h\u00f6heren oder niedrigeren Preisen beschr\u00e4nken.<\/p>\n<h3>In Ihrem Kauf enthalten:<\/h3>\n<ul>\n<li>Herunterladbares FooEvents-Sitzplatz-Plugin,<\/li>\n<li>12 Monate Premium-Support,<\/li>\n<li>12 Monate Plugin-Updates,<\/li>\n<li>Kostenlos\u00a0<a href=\"https:\/\/www.fooevents.com\/de\/apps\/\" target=\"_blank\" rel=\"noopener noreferrer\">iOS<\/a> &amp; <a href=\"https:\/\/www.fooevents.com\/de\/apps\/\" target=\"_blank\" rel=\"noopener noreferrer\">Android<\/a> Check-in-Apps,<\/li>\n<li>Benutzerfreundliche Dokumentation.<\/li>\n<\/ul>","protected":false},"excerpt":{"rendered":"<p>The FooEvents Seating plugin is an extension for FooEvents that allows for the capture of rows and seat numbers at checkout. This is useful for letting attendees select their own seats based on the layout of your venue. This plugin can be used to specify rows and seats in a conference room or theater, tables [&hellip;]<\/p>\n","protected":false},"featured_media":130666,"template":"","meta":{"site-sidebar-layout":"default","site-content-layout":"default","ast-site-content-layout":"default","site-content-style":"default","site-sidebar-style":"default","ast-global-header-display":"","ast-banner-title-visibility":"","ast-main-header-display":"","ast-hfb-above-header-display":"","ast-hfb-below-header-display":"","ast-hfb-mobile-header-display":"","site-post-title":"","ast-breadcrumbs-content":"","ast-featured-img":"","footer-sml-layout":"","ast-disable-related-posts":"","theme-transparent-header-meta":"default","adv-header-id-meta":"","stick-header-meta":"default","header-above-stick-meta":"","header-main-stick-meta":"","header-below-stick-meta":"","astra-migrate-meta-layouts":"set","ast-page-background-enabled":"default","ast-page-background-meta":{"desktop":{"background-color":"var(--ast-global-color-4)","background-image":"","background-repeat":"repeat","background-position":"center center","background-size":"auto","background-attachment":"scroll","background-type":"","background-media":"","overlay-type":"","overlay-color":"","overlay-opacity":"","overlay-gradient":""},"tablet":{"background-color":"","background-image":"","background-repeat":"repeat","background-position":"center center","background-size":"auto","background-attachment":"scroll","background-type":"","background-media":"","overlay-type":"","overlay-color":"","overlay-opacity":"","overlay-gradient":""},"mobile":{"background-color":"","background-image":"","background-repeat":"repeat","background-position":"center center","background-size":"auto","background-attachment":"scroll","background-type":"","background-media":"","overlay-type":"","overlay-color":"","overlay-opacity":"","overlay-gradient":""}},"ast-content-background-meta":{"desktop":{"background-color":"var(--ast-global-color-5)","background-image":"","background-repeat":"repeat","background-position":"center center","background-size":"auto","background-attachment":"scroll","background-type":"","background-media":"","overlay-type":"","overlay-color":"","overlay-opacity":"","overlay-gradient":""},"tablet":{"background-color":"var(--ast-global-color-5)","background-image":"","background-repeat":"repeat","background-position":"center center","background-size":"auto","background-attachment":"scroll","background-type":"","background-media":"","overlay-type":"","overlay-color":"","overlay-opacity":"","overlay-gradient":""},"mobile":{"background-color":"var(--ast-global-color-5)","background-image":"","background-repeat":"repeat","background-position":"center center","background-size":"auto","background-attachment":"scroll","background-type":"","background-media":"","overlay-type":"","overlay-color":"","overlay-opacity":"","overlay-gradient":""}}},"product_brand":[],"product_cat":[45,59],"product_tag":[],"class_list":{"0":"post-30367","1":"product","2":"type-product","3":"status-publish","4":"has-post-thumbnail","6":"product_cat-plugins","7":"product_cat-license-multiple","8":"desktop-align-left","9":"tablet-align-left","10":"mobile-align-left","11":"ast-product-gallery-layout-horizontal-slider","12":"ast-product-gallery-with-no-image","13":"ast-magnify-disabled","14":"ast-product-tabs-layout-horizontal","16":"first","17":"instock","18":"featured","19":"downloadable","20":"virtual","21":"taxable","22":"purchasable","23":"product-type-subscription"},"_links":{"self":[{"href":"https:\/\/www.fooevents.com\/de\/wp-json\/wp\/v2\/product\/30367","targetHints":{"allow":["GET"]}}],"collection":[{"href":"https:\/\/www.fooevents.com\/de\/wp-json\/wp\/v2\/product"}],"about":[{"href":"https:\/\/www.fooevents.com\/de\/wp-json\/wp\/v2\/types\/product"}],"wp:featuredmedia":[{"embeddable":true,"href":"https:\/\/www.fooevents.com\/de\/wp-json\/wp\/v2\/media\/130666"}],"wp:attachment":[{"href":"https:\/\/www.fooevents.com\/de\/wp-json\/wp\/v2\/media?parent=30367"}],"wp:term":[{"taxonomy":"product_brand","embeddable":true,"href":"https:\/\/www.fooevents.com\/de\/wp-json\/wp\/v2\/product_brand?post=30367"},{"taxonomy":"product_cat","embeddable":true,"href":"https:\/\/www.fooevents.com\/de\/wp-json\/wp\/v2\/product_cat?post=30367"},{"taxonomy":"product_tag","embeddable":true,"href":"https:\/\/www.fooevents.com\/de\/wp-json\/wp\/v2\/product_tag?post=30367"}],"curies":[{"name":"wp","href":"https:\/\/api.w.org\/{rel}","templated":true}]}}