{"id":23678,"date":"2018-05-25T12:24:47","date_gmt":"2018-05-25T18:24:47","guid":{"rendered":"https:\/\/www.fooevents.com\/?page_id=23678"},"modified":"2021-11-04T14:24:34","modified_gmt":"2021-11-04T20:24:34","slug":"privacidad","status":"publish","type":"page","link":"https:\/\/www.fooevents.com\/es\/privacy\/","title":{"rendered":"Pol\u00edtica de privacidad"},"content":{"rendered":"<div data-elementor-type=\"wp-page\" data-elementor-id=\"23678\" class=\"elementor elementor-23678\" data-elementor-post-type=\"page\">\n\t\t\t\t\t\t<section class=\"elementor-section elementor-top-section elementor-element elementor-element-4c1ad695 elementor-section-full_width elementor-section-height-default elementor-section-height-default\" data-id=\"4c1ad695\" data-element_type=\"section\" data-e-type=\"section\">\n\t\t\t\t\t\t<div class=\"elementor-container elementor-column-gap-no\">\n\t\t\t\t\t<div class=\"elementor-column elementor-col-100 elementor-top-column elementor-element elementor-element-3fb2ee2\" data-id=\"3fb2ee2\" data-element_type=\"column\" data-e-type=\"column\">\n\t\t\t<div class=\"elementor-widget-wrap elementor-element-populated\">\n\t\t\t\t\t\t<div class=\"elementor-element elementor-element-b8e0f30 elementor-widget elementor-widget-text-editor\" data-id=\"b8e0f30\" data-element_type=\"widget\" data-e-type=\"widget\" data-widget_type=\"text-editor.default\">\n\t\t\t\t<div class=\"elementor-widget-container\">\n\t\t\t\t\t\t\t\t\t<p><em>\u00daltima actualizaci\u00f3n: 8 de abril de 2019<\/em><\/p>\n<h3><a name=\"who_we_are\"><\/a><br>1. QUI\u00c9NES SOMOS<\/h3>\n<p>FooEvents es un producto propiedad de Grenade Technologies (Pty) Ltd., registrada en la Rep\u00fablica de Sud\u00e1frica (Reg. n\u00ba 2012\/051365\/07).<\/p>\n<p>La direcci\u00f3n de nuestro sitio web es: <a href=\"https:\/\/www.fooevents.com\/es\/\">https:\/\/www.fooevents.com<\/a><\/p>\n<p>Para cualquier pregunta relacionada con nuestra pol\u00edtica de privacidad o para solicitar el derecho de acceso, puede enviar un correo electr\u00f3nico a: privacy (at) fooevents.com<\/p>\n<h3><a name=\"personal_data_collection\"><\/a><br>2. QU\u00c9 DATOS PERSONALES RECOGEMOS Y POR QU\u00c9 LOS RECOGEMOS<\/h3>\n<p>FooEvents sigue los siguientes principios para proteger su privacidad:<br>- No recopilamos m\u00e1s informaci\u00f3n de la necesaria;<br>- No utilizamos sus datos para fines distintos de los especificados;<br>- No conservamos sus datos si ya no son necesarios;<br>- No difundimos sus datos a terceros sin su consentimiento.<\/p>\n<p>Si tiene alguna duda sobre nuestra pol\u00edtica de privacidad o no est\u00e1 de acuerdo con ella, p\u00f3ngase en contacto con nosotros antes de utilizar este sitio web. Es posible que modifiquemos nuestra pol\u00edtica de vez en cuando, por lo que debe consultar esta p\u00e1gina con frecuencia para asegurarse de que est\u00e1 al tanto de cualquier cambio que se haya realizado.<\/p>\n<h3><a name=\"comments\"><\/a><br>3. COMENTARIOS<\/h3>\n<p>Cuando los visitantes dejan comentarios en el sitio, recogemos los datos que aparecen en el formulario de comentarios, as\u00ed como la direcci\u00f3n IP del visitante y la cadena de agentes de usuario del navegador para ayudar a la detecci\u00f3n de spam.<\/p>\n<p>Una cadena anonimizada creada a partir de su direcci\u00f3n de correo electr\u00f3nico (tambi\u00e9n llamada hash) puede ser proporcionada al servicio Gravatar para saber si usted la est\u00e1 utilizando. La pol\u00edtica de privacidad del servicio Gravatar est\u00e1 disponible aqu\u00ed: <a href=\"https:\/\/automattic.com\/privacy\/\" rel=\"nofollow noopener\" target=\"_blank\">https:\/\/automattic.com\/privacy\/<\/a><\/p>\n<p>Tras la aprobaci\u00f3n de su comentario, su foto de perfil ser\u00e1 visible para el p\u00fablico en el contexto de su comentario.<\/p>\n<h3><a name=\"media\"><\/a><br>4. MEDIOS DE COMUNICACI\u00d3N<\/h3>\n<p>Si subes im\u00e1genes al sitio web, debes evitar subir im\u00e1genes con datos de localizaci\u00f3n incrustados (EXIF GPS) incluidos. Los visitantes del sitio web pueden descargar y extraer cualquier dato de localizaci\u00f3n de las im\u00e1genes del sitio web.<\/p>\n<h3><a name=\"contact_forms\"><\/a><br>5. FORMULARIOS DE CONTACTO<\/h3>\n<p>En este sitio web utilizamos formularios de contacto para que los clientes y visitantes puedan suscribirse a listas de correo, responder a encuestas, enviar solicitudes de asistencia y ponerse en contacto con nosotros.<\/p>\n<p>A efectos de servicio al cliente y gobierno corporativo, archivamos indefinidamente en la base de datos de nuestro sitio web la siguiente informaci\u00f3n personal que se env\u00eda a trav\u00e9s de cualquier formulario de contacto: su nombre completo, direcci\u00f3n de correo electr\u00f3nico y direcci\u00f3n IP.<\/p>\n<p>FooEvents no alquilar\u00e1 ni vender\u00e1 a nadie la informaci\u00f3n que pueda identificarle personalmente. Aparte de a sus empleados y contratistas, como se ha descrito anteriormente, FooEvents s\u00f3lo divulga informaci\u00f3n potencialmente identificable personalmente y de identificaci\u00f3n personal en respuesta a una citaci\u00f3n, orden judicial u otra solicitud gubernamental, o cuando FooEvents cree de buena fe que la divulgaci\u00f3n es razonablemente necesaria para proteger los bienes o derechos de FooEvents, a terceros o al p\u00fablico en general.<\/p>\n<p>Si eres cliente de FooEvents y has optado por recibir noticias y actualizaciones nuestras, FooEvents puede enviarte ocasionalmente un correo electr\u00f3nico para informarte sobre nuevas funciones, solicitar tus comentarios o simplemente mantenerte al d\u00eda de lo que ocurre con FooEvents y nuestros productos. Si nos env\u00edas una solicitud (por ejemplo, a trav\u00e9s de un correo electr\u00f3nico de asistencia o de uno de nuestros mecanismos de comentarios), nos reservamos el derecho de publicarla para ayudarnos a aclarar o responder a tu solicitud o para ayudarnos a prestar asistencia a otros usuarios.<\/p>\n<p>FooEvents toma todas las medidas razonablemente necesarias para impedir el acceso no autorizado, el uso, la alteraci\u00f3n o la destrucci\u00f3n de la informaci\u00f3n que puede identificarle personalmente.<\/p>\n<p>Como parte de nuestras medidas de seguridad, hemos implementado HTTPS en todo el sitio web y ciframos el flujo de datos entre el navegador del cliente y el servidor web.<\/p>\n<h3><a name=\"cookies\"><\/a><br>6. COOKIES<\/h3>\n<p>Para mejorar su experiencia en nuestro sitio, utilizamos \"cookies\". Las cookies son un est\u00e1ndar de la industria y la mayor\u00eda de los principales sitios web las utilizan. Una cookie es un peque\u00f1o archivo de texto que nuestro sitio coloca en su ordenador como herramienta para recordar sus preferencias. Puede rechazar el uso de cookies seleccionando la configuraci\u00f3n adecuada en su navegador; sin embargo, tenga en cuenta que si lo hace es posible que no pueda utilizar todas las funciones de este sitio web.<\/p>\n<p>Utilizamos cookies de Google Analytics (descritas detalladamente en el <a href=\"#analytics\">Anal\u00edtica<\/a> ) y el p\u00edxel de Facebook. El p\u00edxel de Facebook es una herramienta de an\u00e1lisis que nos permite medir la eficacia de nuestra publicidad al comprender las acciones que realizan las personas en este sitio web. Los detalles t\u00e9cnicos sobre el funcionamiento del p\u00edxel de Facebook y los datos que recopila pueden consultarse en la Pol\u00edtica de cookies de Facebook: <a href=\"https:\/\/www.facebook.com\/policies\/cookies\/\" target=\"_blank\" rel=\"noopener\">https:\/\/www.facebook.com\/policies\/cookies\/<\/a><\/p>\n<p>Si deja un comentario en nuestro sitio, puede optar por guardar su nombre, direcci\u00f3n de correo electr\u00f3nico y sitio web en cookies. Esto es para su comodidad, para que no tenga que volver a rellenar sus datos cuando deje otro comentario. Estas cookies durar\u00e1n un a\u00f1o.<\/p>\n<p>Si tiene una cuenta e inicia sesi\u00f3n en este sitio, instalaremos una cookie temporal para determinar si su navegador acepta cookies. Esta cookie no contiene datos personales y se desecha al cerrar el navegador.<\/p>\n<p>Cuando inicie sesi\u00f3n, tambi\u00e9n instalaremos varias cookies para guardar su informaci\u00f3n de inicio de sesi\u00f3n y sus opciones de visualizaci\u00f3n en pantalla. Las cookies de inicio de sesi\u00f3n duran dos d\u00edas, y las de opciones de pantalla, un a\u00f1o. Si selecciona \"Recordarme\", sus datos de acceso permanecer\u00e1n durante dos semanas. Si sale de su cuenta, se eliminar\u00e1n las cookies de inicio de sesi\u00f3n.<\/p>\n<p>Si edita o publica un art\u00edculo, se guardar\u00e1 una cookie adicional en su navegador. Esta cookie no incluye datos personales y simplemente indica el ID de publicaci\u00f3n del art\u00edculo que acaba de editar. Caduca al cabo de 1 d\u00eda.<\/p>\n<h3><a name=\"embedded_content\"><\/a><br>7. CONTENIDO INCRUSTADO DE OTROS SITIOS WEB<\/h3>\n<p>Los art\u00edculos de este sitio pueden incluir contenido incrustado (por ejemplo, v\u00eddeos, im\u00e1genes, art\u00edculos, etc.). El contenido incrustado de otros sitios web se comporta exactamente igual que si el visitante hubiera visitado el otro sitio web.<\/p>\n<p>Estos sitios web pueden recopilar datos sobre usted, utilizar cookies, incrustar seguimiento adicional de terceros y supervisar su interacci\u00f3n con ese contenido incrustado, incluido el seguimiento de su interacci\u00f3n con el contenido incrustado si tiene una cuenta y ha iniciado sesi\u00f3n en ese sitio web.<\/p>\n<h3><a name=\"analytics\"><\/a><br>8. AN\u00c1LISIS<\/h3>\n<p>Nuestro sitio web utiliza Google Analytics, un servicio que transmite los datos del sitio web a los servidores de Google en Estados Unidos. Google Analytics no identifica a usuarios individuales ni asocia su direcci\u00f3n IP con ning\u00fan otro dato del que disponga Google. Utilizamos los informes proporcionados por Google Analytics para ayudarnos a comprender el tr\u00e1fico del sitio web y el uso de las p\u00e1ginas web.<\/p>\n<p>Puede acceder a la Pol\u00edtica de privacidad de Google aqu\u00ed: <a href=\"https:\/\/policies.google.com\/privacy\" rel=\"nofollow noopener\" target=\"_blank\">https:\/\/policies.google.com\/privacy<\/a><\/p>\n<p>Lea aqu\u00ed c\u00f3mo utiliza Google la informaci\u00f3n de los sitios y aplicaciones que utilizan sus servicios:&nbsp;<a href=\"https:\/\/policies.google.com\/technologies\/partner-sites\" rel=\"nofollow noopener\" target=\"_blank\">https:\/\/policies.google.com\/technologies\/partner-sites<\/a><\/p>\n<p>Puede encontrar una lista de todas las cookies que utiliza Google Analytics junto con una explicaci\u00f3n de cada cookie aqu\u00ed: <a href=\"https:\/\/developers.google.com\/analytics\/devguides\/collection\/analyticsjs\/cookie-usage\" rel=\"nofollow noopener\" target=\"_blank\">https:\/\/developers.google.com\/analytics\/devguides\/collection\/analyticsjs\/cookie-usage<\/a><\/p>\n<p>Utilizamos el plugin Enhanced E-commerce for WooCommerce store de Tatvic para integrar la funcionalidad avanzada de comercio electr\u00f3nico de Google Analytics en este sitio web. Puede acceder a la Pol\u00edtica de privacidad del plugin de Tatvic aqu\u00ed: <a href=\"https:\/\/www.tatvic.com\/privacy-policy\/?ref=plugin_policy&amp;utm_source=plugin_backend&amp;utm_medium=woocommerce_free_plugin&amp;utm_campaign=GDPR_complaince_ecomm_plugins\" rel=\"nofollow noopener\" target=\"_blank\">https:\/\/www.tatvic.com\/privacy-policy\/?ref=plugin_policy&amp;utm_source=plugin_backend&amp;utm_medium=woocommerce_free_plugin&amp;utm_campaign=GDPR_complaince_ecomm_plugins<\/a><\/p>\n<p>Hemos habilitado la funcionalidad opcional de anonimizaci\u00f3n de IP y desactivaci\u00f3n de Google Analytics en este plugin para cumplir con el Reglamento General de Protecci\u00f3n de Datos (GDPR) europeo.<\/p>\n<p>Tambi\u00e9n puede instalar el complemento de inhabilitaci\u00f3n para navegadores de Google Analytics para evitar por completo que sus datos se incluyan en Google Analytics: <a href=\"https:\/\/tools.google.com\/dlpage\/gaoptout\/\" rel=\"nofollow noopener\" target=\"_blank\">https:\/\/tools.google.com\/dlpage\/gaoptout\/<\/a><\/p>\n<h3><a name=\"what_we_collect\"><\/a><br>9. QU\u00c9 RECOPILAMOS Y ALMACENAMOS<\/h3>\n<p>Mientras visite nuestro sitio, rastrearemos:<br>- Productos que ha visto: la utilizaremos, por ejemplo, para mostrarle los productos que ha visto recientemente y hacerle recomendaciones.<br>- Ubicaci\u00f3n, direcci\u00f3n IP y tipo de navegador: lo utilizaremos para fines como la estimaci\u00f3n de impuestos y env\u00edos.<\/p>\n<p>Tambi\u00e9n utilizamos cookies para hacer un seguimiento del contenido de los carritos mientras navega por nuestro sitio.<\/p>\n<p>Cuando nos compre, le pediremos que nos facilite informaci\u00f3n como su nombre, direcci\u00f3n de facturaci\u00f3n, direcci\u00f3n de env\u00edo, direcci\u00f3n de correo electr\u00f3nico, n\u00famero de tel\u00e9fono, datos de la tarjeta de cr\u00e9dito\/pago e informaci\u00f3n opcional sobre la cuenta, como el nombre de usuario y la contrase\u00f1a. Utilizaremos esta informaci\u00f3n para fines tales como:<br>- Enviarle informaci\u00f3n sobre su cuenta y su pedido<br>- Responder a sus solicitudes, incluidas devoluciones y reclamaciones<br>- Procese los pagos y evite el fraude<br>- Crear una cuenta en nuestra tienda<br>- Cumplir cualquier obligaci\u00f3n legal que tengamos, como el c\u00e1lculo de impuestos<br>- Mejorar la oferta de nuestras tiendas<br>- Enviarle mensajes de marketing, si decide recibirlos<\/p>\n<p>Si crea una cuenta, almacenaremos su nombre, direcci\u00f3n, correo electr\u00f3nico y n\u00famero de tel\u00e9fono, que se utilizar\u00e1n para rellenar la caja en futuros pedidos.<\/p>\n<p>Por lo general, almacenamos la informaci\u00f3n sobre usted mientras la necesitamos para los fines para los que la recopilamos y utilizamos, y no estamos legalmente obligados a seguir conserv\u00e1ndola.<\/p>\n<h3><a name=\"data_retention\"><\/a><br>10. CU\u00c1NTO TIEMPO CONSERVAMOS SUS DATOS<\/h3>\n<p>En el caso de los usuarios que se registran en nuestro sitio web, tambi\u00e9n almacenamos la informaci\u00f3n personal que proporcionan en su perfil de usuario. Todos los usuarios pueden ver, editar o borrar su informaci\u00f3n personal en cualquier momento (excepto que no pueden cambiar su nombre de usuario). Los administradores del sitio web tambi\u00e9n pueden ver y modificar esa informaci\u00f3n.<\/p>\n<p>Actualmente conservamos los datos personales de los pedidos realizados en este sitio web durante el siguiente periodo de tiempo:<br>- Cuentas inactivas: 3 meses<br>- Pedidos pendientes: 3 meses<br>- Pedidos fallidos: 3 meses<br>- Pedidos cancelados: 3 meses<br>- Pedidos completados: Indefinidamente<\/p>\n<p>Si deja un comentario, el comentario y sus metadatos se conservan indefinidamente. As\u00ed podemos reconocer y aprobar autom\u00e1ticamente cualquier comentario posterior en lugar de retenerlo en una cola de moderaci\u00f3n.<\/p>\n<h3><a name=\"send_data\"><\/a><br>11. A D\u00d3NDE ENVIAMOS SUS DATOS<\/h3>\n<p>Compartimos informaci\u00f3n con los siguientes terceros que nos ayudan a proporcionarle nuestros servicios de pedidos y tienda:<\/p>\n<p>Utilizamos un servicio basado en la nube llamado MailChimp para enviar correos electr\u00f3nicos promocionales y actualizaciones de productos a los clientes que han optado por inscribirse en nuestra lista de correo. En nuestra lista de MailChimp se almacenan datos personales como el nombre completo, la direcci\u00f3n de correo electr\u00f3nico, el pa\u00eds y la cantidad de ingresos que ha gastado con nosotros. Puede consultar la pol\u00edtica de privacidad de MailChimp aqu\u00ed: <a href=\"https:\/\/mailchimp.com\/legal\/privacy\/\" target=\"_blank\" rel=\"noopener\">https:\/\/mailchimp.com\/legal\/privacy\/<\/a><\/p>\n<p>Utilizamos un servicio basado en la nube llamado Freshdesk como sistema de contacto y asistencia. La informaci\u00f3n personal, incluido el nombre completo, la direcci\u00f3n de correo electr\u00f3nico, el n\u00famero de pedido y el cuerpo del mensaje, se transmite al sistema Freshdesk cada vez que un cliente o usuario nos env\u00eda una consulta de asistencia o un correo electr\u00f3nico general. Puede consultar la Pol\u00edtica de privacidad de Freshdesk aqu\u00ed: <a href=\"https:\/\/www.freshworks.com\/privacy\/\" rel=\"nofollow noopener\" target=\"_blank\">https:\/\/www.freshworks.com\/privacy\/<\/a><\/p>\n<p>Los comentarios de los visitantes pueden ser revisados a trav\u00e9s de un servicio automatizado de detecci\u00f3n de spam llamado Akismet que es proporcionado por Automattic. La pol\u00edtica de privacidad de Automattic puede consultarse aqu\u00ed: <a href=\"https:\/\/automattic.com\/privacy\/\" rel=\"nofollow noopener\" target=\"_blank\">https:\/\/automattic.com\/privacy\/<\/a><\/p>\n<h3><a name=\"data_rights\"><\/a><br>12. QU\u00c9 DERECHOS TIENE SOBRE SUS DATOS<\/h3>\n<p>Si tiene una cuenta en este sitio o ha dejado comentarios, puede solicitar que le enviemos un archivo exportado de los datos personales que tenemos sobre usted, incluidos los que nos haya facilitado. Tambi\u00e9n puede solicitar que borremos cualquier dato personal que tengamos sobre usted. Esto no incluye los datos que estemos obligados a conservar por motivos administrativos, legales o de seguridad.<\/p>\n<h3><a name=\"data_access\"><\/a><br>13. QUI\u00c9N DE NUESTRO EQUIPO TIENE ACCESO<\/h3>\n<p>Restringimos el acceso a la informaci\u00f3n que nos proporciona al menor n\u00famero de personas posible. Actualmente solo pueden acceder los administradores y los miembros m\u00e1s veteranos del equipo:<br>- Informaci\u00f3n sobre el pedido, como qu\u00e9 se compr\u00f3 y cu\u00e1ndo se compr\u00f3, y<br>- Informaci\u00f3n del cliente, como su nombre, direcci\u00f3n de correo electr\u00f3nico e informaci\u00f3n de facturaci\u00f3n.<\/p>\n<p>Estas personas necesitan acceder a esta informaci\u00f3n para ayudar a tramitar los pedidos, procesar las devoluciones y prestar asistencia.<\/p>\n<h3><a name=\"payments\"><\/a><br>14. PAGOS<\/h3>\n<p>Aceptamos pagos a trav\u00e9s de PayPal. Al procesar los pagos, algunos de sus datos se pasar\u00e1n a PayPal, incluida la informaci\u00f3n necesaria para procesar o respaldar el pago, como el total de la compra y la informaci\u00f3n de facturaci\u00f3n.<\/p>\n<p>Consulte la Pol\u00edtica de privacidad de PayPal para obtener m\u00e1s informaci\u00f3n: <a href=\"https:\/\/www.paypal.com\/us\/webapps\/mpp\/ua\/privacy-full\" rel=\"nofollow noopener\" target=\"_blank\">https:\/\/www.paypal.com\/us\/webapps\/mpp\/ua\/privacy-full<\/a><\/p>\t\t\t\t\t\t\t\t<\/div>\n\t\t\t\t<\/div>\n\t\t\t\t\t<\/div>\n\t\t<\/div>\n\t\t\t\t\t<\/div>\n\t\t<\/section>\n\t\t\t\t<\/div>","protected":false},"excerpt":{"rendered":"<p>Last Updated: 8 April 2019 1. WHO WE ARE FooEvents is a product owned by Grenade Technologies (Pty) Ltd. which is registered in the Republic of South Africa (Reg. No. 2012\/051365\/07). Our website address is: https:\/\/www.fooevents.com For any questions regarding our privacy policy or for Right of Access Requests you can send an email to: [&hellip;]<\/p>\n","protected":false},"author":2,"featured_media":0,"parent":0,"menu_order":90,"comment_status":"closed","ping_status":"closed","template":"elementor_theme","meta":{"site-sidebar-layout":"no-sidebar","site-content-layout":"default","ast-site-content-layout":"default","site-content-style":"default","site-sidebar-style":"default","ast-global-header-display":"","ast-banner-title-visibility":"","ast-main-header-display":"","ast-hfb-above-header-display":"","ast-hfb-below-header-display":"","ast-hfb-mobile-header-display":"","site-post-title":"","ast-breadcrumbs-content":"","ast-featured-img":"","footer-sml-layout":"","ast-disable-related-posts":"","theme-transparent-header-meta":"default","adv-header-id-meta":"","stick-header-meta":"default","header-above-stick-meta":"","header-main-stick-meta":"","header-below-stick-meta":"","astra-migrate-meta-layouts":"default","ast-page-background-enabled":"default","ast-page-background-meta":{"desktop":{"background-color":"var(--ast-global-color-4)","background-image":"","background-repeat":"repeat","background-position":"center center","background-size":"auto","background-attachment":"scroll","background-type":"","background-media":"","overlay-type":"","overlay-color":"","overlay-opacity":"","overlay-gradient":""},"tablet":{"background-color":"","background-image":"","background-repeat":"repeat","background-position":"center center","background-size":"auto","background-attachment":"scroll","background-type":"","background-media":"","overlay-type":"","overlay-color":"","overlay-opacity":"","overlay-gradient":""},"mobile":{"background-color":"","background-image":"","background-repeat":"repeat","background-position":"center center","background-size":"auto","background-attachment":"scroll","background-type":"","background-media":"","overlay-type":"","overlay-color":"","overlay-opacity":"","overlay-gradient":""}},"ast-content-background-meta":{"desktop":{"background-color":"var(--ast-global-color-5)","background-image":"","background-repeat":"repeat","background-position":"center center","background-size":"auto","background-attachment":"scroll","background-type":"","background-media":"","overlay-type":"","overlay-color":"","overlay-opacity":"","overlay-gradient":""},"tablet":{"background-color":"var(--ast-global-color-5)","background-image":"","background-repeat":"repeat","background-position":"center center","background-size":"auto","background-attachment":"scroll","background-type":"","background-media":"","overlay-type":"","overlay-color":"","overlay-opacity":"","overlay-gradient":""},"mobile":{"background-color":"var(--ast-global-color-5)","background-image":"","background-repeat":"repeat","background-position":"center center","background-size":"auto","background-attachment":"scroll","background-type":"","background-media":"","overlay-type":"","overlay-color":"","overlay-opacity":"","overlay-gradient":""}},"footnotes":""},"class_list":["post-23678","page","type-page","status-publish","hentry"],"_links":{"self":[{"href":"https:\/\/www.fooevents.com\/es\/wp-json\/wp\/v2\/pages\/23678","targetHints":{"allow":["GET"]}}],"collection":[{"href":"https:\/\/www.fooevents.com\/es\/wp-json\/wp\/v2\/pages"}],"about":[{"href":"https:\/\/www.fooevents.com\/es\/wp-json\/wp\/v2\/types\/page"}],"author":[{"embeddable":true,"href":"https:\/\/www.fooevents.com\/es\/wp-json\/wp\/v2\/users\/2"}],"replies":[{"embeddable":true,"href":"https:\/\/www.fooevents.com\/es\/wp-json\/wp\/v2\/comments?post=23678"}],"version-history":[{"count":0,"href":"https:\/\/www.fooevents.com\/es\/wp-json\/wp\/v2\/pages\/23678\/revisions"}],"wp:attachment":[{"href":"https:\/\/www.fooevents.com\/es\/wp-json\/wp\/v2\/media?parent=23678"}],"curies":[{"name":"wp","href":"https:\/\/api.w.org\/{rel}","templated":true}]}}