{"id":1100,"date":"2016-08-11T08:46:02","date_gmt":"2016-08-11T06:46:02","guid":{"rendered":"https:\/\/www.fooevents.com\/?post_type=product&#038;p=1100"},"modified":"2026-03-16T03:48:53","modified_gmt":"2026-03-16T10:48:53","slug":"fooevents-pdf-entradas","status":"publish","type":"product","link":"https:\/\/www.fooevents.com\/es\/product\/fooevents-pdf-tickets\/","title":{"rendered":"FooEvents PDF Tickets (Licencia: Individual)"},"content":{"rendered":"<p>El plugin FooEvents PDF Tickets es una extensi\u00f3n de FooEvents para WooCommerce que adjunta las entradas como archivos PDF al correo electr\u00f3nico que se env\u00eda al asistente o comprador de entradas. Existe la opci\u00f3n de elegir entre una o varias entradas por p\u00e1gina.<\/p>\n<h3>Incluido en su compra:<\/h3>\n<p>Plugin descargable FooEvents PDF Tickets,<br \/>\n12 meses de asistencia Premium,<br \/>\n12 meses de actualizaciones del plugin,<br \/>\nDocumentaci\u00f3n de f\u00e1cil manejo.<\/p>\n<p><strong>Nota: No incluye <a href=\"\/es\/producto\/plugin-fooevents\/\">Plugin FooEvents para WooCommerce<\/a> (obligatorio)\u00a0<\/strong><\/p>","protected":false},"excerpt":{"rendered":"<p>1.2.9<br \/>\n-ACTUALIZADO: Biblioteca DomPDF<br \/>\n-FIXED: Error de precios<\/p>\n<p>1.2.7<br \/>\n-FIXED: Error de logotipo en plantilla de ticket m\u00faltiple<\/p>\n<p>1.2.6<br \/>\n-FIXED: Varios peque\u00f1os errores<\/p>\n<p>1.2.4<br \/>\n-FIXED: Error en el logo del ticket<\/p>\n<p>1.2.3<br \/>\n-ADJUNTO: Anular el correo electr\u00f3nico del billete PDF<br \/>\n-ADJUNTO: Descargar ticket en PDF desde ticket admin.<br \/>\n-FIXED: Varias peque\u00f1as correcciones de errores<\/p>\n<p>1.2.1<br \/>\n- CORREGIDO: Varios peque\u00f1os errores corregidos<\/p>\n<p>1.2.0<br \/>\n- ARREGLADO: WooCommerce 3 mensajes de advertencia<br \/>\n- A\u00d1ADIDO: Anular el correo electr\u00f3nico del billete PDF<\/p>\n<p>1.0.7<br \/>\n- CORREGIDO: Varios errores menores<\/p>\n<p>1.0.6<br \/>\n- A\u00d1ADIDO: Notificaci\u00f3n de actualizaci\u00f3n de plugins<br \/>\n- CORREGIDO: Varios errores menores<\/p>\n<p>1.0.5<br \/>\n- A\u00d1ADIDO: Fuente Unicode<br \/>\n- A\u00d1ADIDO: Comprobar si el directorio pdftickets es escribible-<br \/>\n- CORREGIDO: Problemas de formato en algunos servidores<br \/>\n- CORREGIDO: Otros peque\u00f1os errores y correcciones<\/p>\n<p>1.0.2<br \/>\n- NUEVO: ahora utiliza archivos .jpg para los c\u00f3digos de barras<br \/>\n- ACTUALIZADO: Traducciones<\/p>\n<p>1.0.0<br \/>\n- Publicaci\u00f3n<\/p>","protected":false},"featured_media":130675,"template":"","meta":{"site-sidebar-layout":"default","site-content-layout":"default","ast-site-content-layout":"default","site-content-style":"default","site-sidebar-style":"default","ast-global-header-display":"","ast-banner-title-visibility":"","ast-main-header-display":"","ast-hfb-above-header-display":"","ast-hfb-below-header-display":"","ast-hfb-mobile-header-display":"","site-post-title":"","ast-breadcrumbs-content":"","ast-featured-img":"","footer-sml-layout":"","ast-disable-related-posts":"","theme-transparent-header-meta":"default","adv-header-id-meta":"","stick-header-meta":"default","header-above-stick-meta":"","header-main-stick-meta":"","header-below-stick-meta":"","astra-migrate-meta-layouts":"set","ast-page-background-enabled":"default","ast-page-background-meta":{"desktop":{"background-color":"var(--ast-global-color-4)","background-image":"","background-repeat":"repeat","background-position":"center center","background-size":"auto","background-attachment":"scroll","background-type":"","background-media":"","overlay-type":"","overlay-color":"","overlay-opacity":"","overlay-gradient":""},"tablet":{"background-color":"","background-image":"","background-repeat":"repeat","background-position":"center center","background-size":"auto","background-attachment":"scroll","background-type":"","background-media":"","overlay-type":"","overlay-color":"","overlay-opacity":"","overlay-gradient":""},"mobile":{"background-color":"","background-image":"","background-repeat":"repeat","background-position":"center center","background-size":"auto","background-attachment":"scroll","background-type":"","background-media":"","overlay-type":"","overlay-color":"","overlay-opacity":"","overlay-gradient":""}},"ast-content-background-meta":{"desktop":{"background-color":"var(--ast-global-color-5)","background-image":"","background-repeat":"repeat","background-position":"center center","background-size":"auto","background-attachment":"scroll","background-type":"","background-media":"","overlay-type":"","overlay-color":"","overlay-opacity":"","overlay-gradient":""},"tablet":{"background-color":"var(--ast-global-color-5)","background-image":"","background-repeat":"repeat","background-position":"center center","background-size":"auto","background-attachment":"scroll","background-type":"","background-media":"","overlay-type":"","overlay-color":"","overlay-opacity":"","overlay-gradient":""},"mobile":{"background-color":"var(--ast-global-color-5)","background-image":"","background-repeat":"repeat","background-position":"center center","background-size":"auto","background-attachment":"scroll","background-type":"","background-media":"","overlay-type":"","overlay-color":"","overlay-opacity":"","overlay-gradient":""}}},"product_brand":[],"product_cat":[27,58,45],"product_tag":[],"class_list":{"0":"post-1100","1":"product","2":"type-product","3":"status-publish","4":"has-post-thumbnail","6":"product_cat-extension","7":"product_cat-license-single","8":"product_cat-plugins","9":"desktop-align-left","10":"tablet-align-left","11":"mobile-align-left","12":"ast-product-gallery-layout-horizontal-slider","13":"ast-magnify-disabled","14":"ast-product-tabs-layout-horizontal","16":"first","17":"instock","18":"downloadable","19":"virtual","20":"taxable","21":"purchasable","22":"product-type-subscription"},"_links":{"self":[{"href":"https:\/\/www.fooevents.com\/es\/wp-json\/wp\/v2\/product\/1100","targetHints":{"allow":["GET"]}}],"collection":[{"href":"https:\/\/www.fooevents.com\/es\/wp-json\/wp\/v2\/product"}],"about":[{"href":"https:\/\/www.fooevents.com\/es\/wp-json\/wp\/v2\/types\/product"}],"wp:featuredmedia":[{"embeddable":true,"href":"https:\/\/www.fooevents.com\/es\/wp-json\/wp\/v2\/media\/130675"}],"wp:attachment":[{"href":"https:\/\/www.fooevents.com\/es\/wp-json\/wp\/v2\/media?parent=1100"}],"wp:term":[{"taxonomy":"product_brand","embeddable":true,"href":"https:\/\/www.fooevents.com\/es\/wp-json\/wp\/v2\/product_brand?post=1100"},{"taxonomy":"product_cat","embeddable":true,"href":"https:\/\/www.fooevents.com\/es\/wp-json\/wp\/v2\/product_cat?post=1100"},{"taxonomy":"product_tag","embeddable":true,"href":"https:\/\/www.fooevents.com\/es\/wp-json\/wp\/v2\/product_tag?post=1100"}],"curies":[{"name":"wp","href":"https:\/\/api.w.org\/{rel}","templated":true}]}}