{"id":134051,"date":"2020-11-03T13:15:46","date_gmt":"2020-11-03T20:15:46","guid":{"rendered":"https:\/\/www.fooevents.com\/?post_type=product&#038;p=134051"},"modified":"2025-05-07T06:43:08","modified_gmt":"2025-05-07T13:43:08","slug":"pdf-multiple-por-defecto","status":"publish","type":"product","link":"https:\/\/www.fooevents.com\/es\/product\/default-pdf-multiple\/","title":{"rendered":"PDF m\u00faltiple por defecto"},"content":{"rendered":"","protected":false},"excerpt":{"rendered":"<p><a class=\"button color-preview\" href=\"http:\/\/demo.fooevents.com\/ticket-themes\/default_pdf_multiple\/default-pdf-multiple-preview.pdf\" target=\"_blank\" rel=\"noopener noreferrer\">Avance en directo<\/a><\/p>\n<p>En <strong>Tema predeterminado de entradas m\u00faltiples en PDF<\/strong> se puede utilizar como plantilla para personalizar el aspecto de su correo electr\u00f3nico PDF FooEvents y los tickets descargables.<\/p>\n<p>Para utilizar este tema, s\u00f3lo tiene que a\u00f1adirlo a su cesta y completar el proceso de compra. No te preocupes, es gratis y no es necesario pagar nada. Una vez finalizado el proceso de compra, el tema estar\u00e1 disponible en tu tienda online. <a href=\"https:\/\/www.fooevents.com\/es\/mi-cuenta\/descargas\/\">Descargas<\/a> secci\u00f3n. Despu\u00e9s de descargarlo en su escritorio, vaya a <strong>FooEvents<\/strong> &gt; <strong>Entradas<\/strong> &gt; <strong>Temas de entradas<\/strong> en su <strong>WordPress \u00c1rea de administraci\u00f3n<\/strong>. Sube el archivo ZIP del tema y podr\u00e1s asignarlo a cualquier evento.<\/p>\n<p><em>Nota: Este no es un tema WordPress. Los temas para entradas FooEvents est\u00e1n dise\u00f1ados espec\u00edficamente para dar estilo a las entradas FooEvents y no pueden utilizarse para la tematizaci\u00f3n general de sitios WordPress.<\/em><\/p>","protected":false},"featured_media":134053,"template":"","meta":{"site-sidebar-layout":"default","site-content-layout":"default","ast-site-content-layout":"default","site-content-style":"default","site-sidebar-style":"default","ast-global-header-display":"","ast-banner-title-visibility":"","ast-main-header-display":"","ast-hfb-above-header-display":"","ast-hfb-below-header-display":"","ast-hfb-mobile-header-display":"","site-post-title":"","ast-breadcrumbs-content":"","ast-featured-img":"","footer-sml-layout":"","ast-disable-related-posts":"","theme-transparent-header-meta":"default","adv-header-id-meta":"","stick-header-meta":"default","header-above-stick-meta":"","header-main-stick-meta":"","header-below-stick-meta":"","astra-migrate-meta-layouts":"set","ast-page-background-enabled":"default","ast-page-background-meta":{"desktop":{"background-color":"var(--ast-global-color-4)","background-image":"","background-repeat":"repeat","background-position":"center center","background-size":"auto","background-attachment":"scroll","background-type":"","background-media":"","overlay-type":"","overlay-color":"","overlay-opacity":"","overlay-gradient":""},"tablet":{"background-color":"","background-image":"","background-repeat":"repeat","background-position":"center center","background-size":"auto","background-attachment":"scroll","background-type":"","background-media":"","overlay-type":"","overlay-color":"","overlay-opacity":"","overlay-gradient":""},"mobile":{"background-color":"","background-image":"","background-repeat":"repeat","background-position":"center center","background-size":"auto","background-attachment":"scroll","background-type":"","background-media":"","overlay-type":"","overlay-color":"","overlay-opacity":"","overlay-gradient":""}},"ast-content-background-meta":{"desktop":{"background-color":"var(--ast-global-color-5)","background-image":"","background-repeat":"repeat","background-position":"center center","background-size":"auto","background-attachment":"scroll","background-type":"","background-media":"","overlay-type":"","overlay-color":"","overlay-opacity":"","overlay-gradient":""},"tablet":{"background-color":"var(--ast-global-color-5)","background-image":"","background-repeat":"repeat","background-position":"center center","background-size":"auto","background-attachment":"scroll","background-type":"","background-media":"","overlay-type":"","overlay-color":"","overlay-opacity":"","overlay-gradient":""},"mobile":{"background-color":"var(--ast-global-color-5)","background-image":"","background-repeat":"repeat","background-position":"center center","background-size":"auto","background-attachment":"scroll","background-type":"","background-media":"","overlay-type":"","overlay-color":"","overlay-opacity":"","overlay-gradient":""}}},"product_brand":[],"product_cat":[44],"product_tag":[],"class_list":{"0":"post-134051","1":"product","2":"type-product","3":"status-publish","4":"has-post-thumbnail","6":"product_cat-ticket-themes","7":"desktop-align-left","8":"tablet-align-left","9":"mobile-align-left","10":"ast-product-gallery-layout-horizontal-slider","11":"ast-product-gallery-with-no-image","12":"ast-magnify-disabled","13":"ast-product-tabs-layout-horizontal","15":"first","16":"instock","17":"downloadable","18":"virtual","19":"taxable","20":"purchasable","21":"product-type-simple"},"_links":{"self":[{"href":"https:\/\/www.fooevents.com\/es\/wp-json\/wp\/v2\/product\/134051","targetHints":{"allow":["GET"]}}],"collection":[{"href":"https:\/\/www.fooevents.com\/es\/wp-json\/wp\/v2\/product"}],"about":[{"href":"https:\/\/www.fooevents.com\/es\/wp-json\/wp\/v2\/types\/product"}],"wp:featuredmedia":[{"embeddable":true,"href":"https:\/\/www.fooevents.com\/es\/wp-json\/wp\/v2\/media\/134053"}],"wp:attachment":[{"href":"https:\/\/www.fooevents.com\/es\/wp-json\/wp\/v2\/media?parent=134051"}],"wp:term":[{"taxonomy":"product_brand","embeddable":true,"href":"https:\/\/www.fooevents.com\/es\/wp-json\/wp\/v2\/product_brand?post=134051"},{"taxonomy":"product_cat","embeddable":true,"href":"https:\/\/www.fooevents.com\/es\/wp-json\/wp\/v2\/product_cat?post=134051"},{"taxonomy":"product_tag","embeddable":true,"href":"https:\/\/www.fooevents.com\/es\/wp-json\/wp\/v2\/product_tag?post=134051"}],"curies":[{"name":"wp","href":"https:\/\/api.w.org\/{rel}","templated":true}]}}