{"id":174826,"date":"2023-08-08T02:58:33","date_gmt":"2023-08-08T09:58:33","guid":{"rendered":"https:\/\/www.fooevents.com\/?post_type=product&#038;p=174826"},"modified":"2026-03-11T04:22:27","modified_gmt":"2026-03-11T11:22:27","slug":"tema-del-recibo","status":"publish","type":"product","link":"https:\/\/www.fooevents.com\/es\/product\/receipt-ticket-theme\/","title":{"rendered":"Tema del ticket de caja"},"content":{"rendered":"","protected":false},"excerpt":{"rendered":"<p><strong><a class=\"\" href=\"https:\/\/demo.fooevents.com\/ticket-themes\/receipt\/\" target=\"_blank\" rel=\"noopener noreferrer\"> <u>Vista previa de la entrada HTML<\/u><\/a><\/strong> | <strong><a class=\"\" href=\"https:\/\/help.fooevents.com\/docs\/topics\/changelogs\/ticket-themes\/\" target=\"_blank\" rel=\"noopener noreferrer\"><u>Registro de cambios<\/u><\/a><\/strong><\/p>\n<h4><strong>Download for free!<\/strong><\/h4>\n<p>&nbsp;<\/p>\n<p>El Tema de Ticket de Recibo est\u00e1 dise\u00f1ado espec\u00edficamente para personalizar la apariencia de su <a href=\"https:\/\/www.fooevents.com\/es\/productos\/fooevents-pos\/\">FooEvents POS<\/a> recibos. Proporciona una plantilla optimizada para adaptar sus recibos al estilo de su marca dentro del sistema FooEvents POS.<\/p>\n<p>Para utilizar este tema, s\u00f3lo tiene que a\u00f1adirlo a su cesta y completar el proceso de compra. No te preocupes, es gratis y no es necesario pagar nada. Una vez finalizado el proceso de compra, el tema estar\u00e1 disponible en tu tienda online. <a href=\"https:\/\/www.fooevents.com\/es\/mi-cuenta\/descargas\/\">Descargas<\/a> secci\u00f3n. Despu\u00e9s de descargarlo en su escritorio, vaya a <strong>FooEvents<\/strong> &gt; <strong>Entradas<\/strong> &gt; <strong>Temas de entradas<\/strong> en su <strong>WordPress \u00c1rea de administraci\u00f3n<\/strong>. Sube el archivo ZIP del tema y podr\u00e1s asignarlo a cualquier evento.<\/p>\n<p><em>Nota: Este no es un tema WordPress. Los temas para entradas FooEvents est\u00e1n dise\u00f1ados espec\u00edficamente para dar estilo a las entradas FooEvents y no pueden utilizarse para la tematizaci\u00f3n general de sitios WordPress.<\/em><\/p>","protected":false},"featured_media":189817,"template":"","meta":{"site-sidebar-layout":"default","site-content-layout":"default","ast-site-content-layout":"default","site-content-style":"default","site-sidebar-style":"default","ast-global-header-display":"","ast-banner-title-visibility":"","ast-main-header-display":"","ast-hfb-above-header-display":"","ast-hfb-below-header-display":"","ast-hfb-mobile-header-display":"","site-post-title":"","ast-breadcrumbs-content":"","ast-featured-img":"","footer-sml-layout":"","ast-disable-related-posts":"","theme-transparent-header-meta":"default","adv-header-id-meta":"","stick-header-meta":"default","header-above-stick-meta":"","header-main-stick-meta":"","header-below-stick-meta":"","astra-migrate-meta-layouts":"set","ast-page-background-enabled":"default","ast-page-background-meta":{"desktop":{"background-color":"var(--ast-global-color-4)","background-image":"","background-repeat":"repeat","background-position":"center center","background-size":"auto","background-attachment":"scroll","background-type":"","background-media":"","overlay-type":"","overlay-color":"","overlay-opacity":"","overlay-gradient":""},"tablet":{"background-color":"","background-image":"","background-repeat":"repeat","background-position":"center center","background-size":"auto","background-attachment":"scroll","background-type":"","background-media":"","overlay-type":"","overlay-color":"","overlay-opacity":"","overlay-gradient":""},"mobile":{"background-color":"","background-image":"","background-repeat":"repeat","background-position":"center center","background-size":"auto","background-attachment":"scroll","background-type":"","background-media":"","overlay-type":"","overlay-color":"","overlay-opacity":"","overlay-gradient":""}},"ast-content-background-meta":{"desktop":{"background-color":"var(--ast-global-color-5)","background-image":"","background-repeat":"repeat","background-position":"center center","background-size":"auto","background-attachment":"scroll","background-type":"","background-media":"","overlay-type":"","overlay-color":"","overlay-opacity":"","overlay-gradient":""},"tablet":{"background-color":"var(--ast-global-color-5)","background-image":"","background-repeat":"repeat","background-position":"center center","background-size":"auto","background-attachment":"scroll","background-type":"","background-media":"","overlay-type":"","overlay-color":"","overlay-opacity":"","overlay-gradient":""},"mobile":{"background-color":"var(--ast-global-color-5)","background-image":"","background-repeat":"repeat","background-position":"center center","background-size":"auto","background-attachment":"scroll","background-type":"","background-media":"","overlay-type":"","overlay-color":"","overlay-opacity":"","overlay-gradient":""}}},"product_brand":[],"product_cat":[44,466],"product_tag":[],"class_list":{"0":"post-174826","1":"product","2":"type-product","3":"status-publish","4":"has-post-thumbnail","6":"product_cat-ticket-themes","7":"product_cat-base-collection","8":"desktop-align-left","9":"tablet-align-left","10":"mobile-align-left","11":"ast-product-gallery-layout-horizontal-slider","12":"ast-product-gallery-with-no-image","13":"ast-magnify-disabled","14":"ast-product-tabs-layout-horizontal","16":"first","17":"instock","18":"downloadable","19":"virtual","20":"sold-individually","21":"taxable","22":"purchasable","23":"product-type-simple"},"_links":{"self":[{"href":"https:\/\/www.fooevents.com\/es\/wp-json\/wp\/v2\/product\/174826","targetHints":{"allow":["GET"]}}],"collection":[{"href":"https:\/\/www.fooevents.com\/es\/wp-json\/wp\/v2\/product"}],"about":[{"href":"https:\/\/www.fooevents.com\/es\/wp-json\/wp\/v2\/types\/product"}],"wp:featuredmedia":[{"embeddable":true,"href":"https:\/\/www.fooevents.com\/es\/wp-json\/wp\/v2\/media\/189817"}],"wp:attachment":[{"href":"https:\/\/www.fooevents.com\/es\/wp-json\/wp\/v2\/media?parent=174826"}],"wp:term":[{"taxonomy":"product_brand","embeddable":true,"href":"https:\/\/www.fooevents.com\/es\/wp-json\/wp\/v2\/product_brand?post=174826"},{"taxonomy":"product_cat","embeddable":true,"href":"https:\/\/www.fooevents.com\/es\/wp-json\/wp\/v2\/product_cat?post=174826"},{"taxonomy":"product_tag","embeddable":true,"href":"https:\/\/www.fooevents.com\/es\/wp-json\/wp\/v2\/product_tag?post=174826"}],"curies":[{"name":"wp","href":"https:\/\/api.w.org\/{rel}","templated":true}]}}