{"id":19128,"date":"2018-03-02T08:11:41","date_gmt":"2018-03-02T06:11:41","guid":{"rendered":"https:\/\/www.fooevents.com\/?post_type=product&#038;p=19128"},"modified":"2026-03-09T05:33:16","modified_gmt":"2026-03-09T12:33:16","slug":"fooevents-calendario-licencia-dominio-multiple","status":"publish","type":"product","link":"https:\/\/www.fooevents.com\/es\/product\/fooevents-calendar-license-multiple-domain\/","title":{"rendered":"Calendario FooEvents (Licencia: M\u00faltiple)"},"content":{"rendered":"<p>El FooEvents Calendario plugin es una extensi\u00f3n para FooEvents que a\u00f1ade una vista de calendario de todos sus eventos a su sitio web. Los calendarios se pueden a\u00f1adir a sus mensajes y p\u00e1ginas utilizando c\u00f3digos cortos simples. Una vista de widget del calendario tambi\u00e9n se proporciona para una mayor flexibilidad. Se trata de una extensi\u00f3n imprescindible si organiza eventos con regularidad y desea promocionarlos de forma cruzada.<\/p>\n<h3>Incluido en su compra:<\/h3>\n<p>Plugin descargable FooEvents Calendar,<br \/>\n12 meses de asistencia Premium,<br \/>\n12 meses de actualizaciones del plugin,<br \/>\nDocumentaci\u00f3n de f\u00e1cil manejo.<\/p>\n<p><strong>Nota: No incluye <a href=\"\/es\/producto\/plugin-fooevents\/\">Plugin FooEvents para WooCommerce<\/a> (obligatorio)\u00a0<\/strong><\/p>","protected":false},"excerpt":{"rendered":"<p>1.2.8<br \/>\n-FIXED: Error en la descripci\u00f3n de la lista de eventos<br \/>\n-ADJUNTO: Opci\u00f3n para permitir eventos de d\u00eda completo<\/p>\n<p>1.2.6<br \/>\n-FIXED: Error de ap\u00f3strofe<br \/>\n-FIXED: error en el l\u00edmite de widgets<br \/>\n-ADJUNTO: Ordenar la lista de eventos<br \/>\n-Filtro de categor\u00eda A\u00d1ADIDO<\/p>\n<p>1.2.1<br \/>\n-FIXED: Error donde los eventos sin fecha se mostraban en el calendario<br \/>\n-FIXED: Error en las traducciones del calendario<br \/>\n-ACTUALIZADO: Calendario completo<\/p>\n<p>1.1.2<br \/>\n-FIXED: Actualizaci\u00f3n de soporte multi-d\u00eda<\/p>\n<p>1.1.0<br \/>\n-ADJUNTO: Pr\u00f3rroga multid\u00eda lista<\/p>\n<p>1.0.13<br \/>\n-FIXED: Advertencias PHP<\/p>\n<p>1.0.11<br \/>\n-FIXED: Error en la descripci\u00f3n del calendario<br \/>\n-FIXED: Caracteres especiales en los t\u00edtulos de los eventos<br \/>\n-FIXED: Varios otros errores menores<br \/>\n-ADJUNTO: Traducciones<\/p>\n<p>&nbsp;<\/p>\n<p>1.0.6<br \/>\n-FIXED: PHP salida de advertencia<\/p>\n<p>1.0.5<br \/>\n-A\u00d1ADIDO: Los roles de usuario adicionales ahora tienen acceso<br \/>\n-ADJUNTO: Notificaci\u00f3n de actualizaci\u00f3n de plugins<br \/>\n-FIXED: Varios errores menores<\/p>","protected":false},"featured_media":130673,"template":"","meta":{"site-sidebar-layout":"default","site-content-layout":"default","ast-site-content-layout":"default","site-content-style":"default","site-sidebar-style":"default","ast-global-header-display":"","ast-banner-title-visibility":"","ast-main-header-display":"","ast-hfb-above-header-display":"","ast-hfb-below-header-display":"","ast-hfb-mobile-header-display":"","site-post-title":"","ast-breadcrumbs-content":"","ast-featured-img":"","footer-sml-layout":"","ast-disable-related-posts":"","theme-transparent-header-meta":"default","adv-header-id-meta":"","stick-header-meta":"default","header-above-stick-meta":"","header-main-stick-meta":"","header-below-stick-meta":"","astra-migrate-meta-layouts":"set","ast-page-background-enabled":"default","ast-page-background-meta":{"desktop":{"background-color":"var(--ast-global-color-4)","background-image":"","background-repeat":"repeat","background-position":"center center","background-size":"auto","background-attachment":"scroll","background-type":"","background-media":"","overlay-type":"","overlay-color":"","overlay-opacity":"","overlay-gradient":""},"tablet":{"background-color":"","background-image":"","background-repeat":"repeat","background-position":"center center","background-size":"auto","background-attachment":"scroll","background-type":"","background-media":"","overlay-type":"","overlay-color":"","overlay-opacity":"","overlay-gradient":""},"mobile":{"background-color":"","background-image":"","background-repeat":"repeat","background-position":"center center","background-size":"auto","background-attachment":"scroll","background-type":"","background-media":"","overlay-type":"","overlay-color":"","overlay-opacity":"","overlay-gradient":""}},"ast-content-background-meta":{"desktop":{"background-color":"var(--ast-global-color-5)","background-image":"","background-repeat":"repeat","background-position":"center center","background-size":"auto","background-attachment":"scroll","background-type":"","background-media":"","overlay-type":"","overlay-color":"","overlay-opacity":"","overlay-gradient":""},"tablet":{"background-color":"var(--ast-global-color-5)","background-image":"","background-repeat":"repeat","background-position":"center center","background-size":"auto","background-attachment":"scroll","background-type":"","background-media":"","overlay-type":"","overlay-color":"","overlay-opacity":"","overlay-gradient":""},"mobile":{"background-color":"var(--ast-global-color-5)","background-image":"","background-repeat":"repeat","background-position":"center center","background-size":"auto","background-attachment":"scroll","background-type":"","background-media":"","overlay-type":"","overlay-color":"","overlay-opacity":"","overlay-gradient":""}}},"product_brand":[],"product_cat":[11,27,59,45],"product_tag":[],"class_list":{"0":"post-19128","1":"product","2":"type-product","3":"status-publish","4":"has-post-thumbnail","6":"product_cat-wordpress","7":"product_cat-extension","8":"product_cat-license-multiple","9":"product_cat-plugins","10":"desktop-align-left","11":"tablet-align-left","12":"mobile-align-left","13":"ast-product-gallery-layout-horizontal-slider","14":"ast-product-gallery-with-no-image","15":"ast-magnify-disabled","16":"ast-product-tabs-layout-horizontal","18":"first","19":"instock","20":"downloadable","21":"virtual","22":"taxable","23":"purchasable","24":"product-type-subscription"},"_links":{"self":[{"href":"https:\/\/www.fooevents.com\/es\/wp-json\/wp\/v2\/product\/19128","targetHints":{"allow":["GET"]}}],"collection":[{"href":"https:\/\/www.fooevents.com\/es\/wp-json\/wp\/v2\/product"}],"about":[{"href":"https:\/\/www.fooevents.com\/es\/wp-json\/wp\/v2\/types\/product"}],"wp:featuredmedia":[{"embeddable":true,"href":"https:\/\/www.fooevents.com\/es\/wp-json\/wp\/v2\/media\/130673"}],"wp:attachment":[{"href":"https:\/\/www.fooevents.com\/es\/wp-json\/wp\/v2\/media?parent=19128"}],"wp:term":[{"taxonomy":"product_brand","embeddable":true,"href":"https:\/\/www.fooevents.com\/es\/wp-json\/wp\/v2\/product_brand?post=19128"},{"taxonomy":"product_cat","embeddable":true,"href":"https:\/\/www.fooevents.com\/es\/wp-json\/wp\/v2\/product_cat?post=19128"},{"taxonomy":"product_tag","embeddable":true,"href":"https:\/\/www.fooevents.com\/es\/wp-json\/wp\/v2\/product_tag?post=19128"}],"curies":[{"name":"wp","href":"https:\/\/api.w.org\/{rel}","templated":true}]}}