{"id":19129,"date":"2018-03-02T08:11:45","date_gmt":"2018-03-02T06:11:45","guid":{"rendered":"https:\/\/www.fooevents.com\/?post_type=product&#038;p=19129"},"modified":"2026-03-09T03:54:15","modified_gmt":"2026-03-09T10:54:15","slug":"fooevents-custom-attendee-fields-licencia-multiple-domain","status":"publish","type":"product","link":"https:\/\/www.fooevents.com\/es\/product\/fooevents-custom-attendee-fields-license-multiple-domain\/","title":{"rendered":"FooEvents Campos de asistente personalizados (Licencia: M\u00faltiple)"},"content":{"rendered":"<p>El FooEvents Custom Attendee Fields plugin es una extensi\u00f3n para FooEvents que permite la captura de campos personalizados de los asistentes en la caja para que pueda adaptar FooEvents de acuerdo a sus necesidades de eventos \u00fanicos. Esto es \u00fatil para obtener informaci\u00f3n adicional de los asistentes, como tallas de ropa, preferencias de comida, informaci\u00f3n demogr\u00e1fica, aceptaci\u00f3n de la renuncia, etc. Las opciones son pr\u00e1cticamente infinitas.<\/p>\n<h3>Incluido en su compra:<\/h3>\n<p>Campos de asistentes personalizados FooEvents descargables,<br \/>\n12 meses de asistencia Premium,<br \/>\n12 meses de actualizaciones del plugin,<br \/>\nDocumentaci\u00f3n de f\u00e1cil manejo.<\/p>\n<p><strong>Nota: No incluye <a href=\"\/es\/producto\/plugin-fooevents\/\">Plugin FooEvents para WooCommerce<\/a> (obligatorio)\u00a0<\/strong><\/p>","protected":false},"excerpt":{"rendered":"<p>1.1.9<br \/>\nCORREGIDO: Error en la personalizaci\u00f3n de asistentes a m\u00faltiples eventos<br \/>\nCORREGIDO: Error en la caja de selecci\u00f3n<br \/>\nA\u00d1ADIDO: Opci\u00f3n tem\u00e1tica para utilizar marcadores de posici\u00f3n<\/p>\n<p>1.1.5<br \/>\nCORREGIDO: Error en el n\u00famero de asistentes superior a 10<\/p>\n<p>1.1.2<br \/>\nARREGLADO: Error en la notificaci\u00f3n de actualizaci\u00f3n<\/p>\n<p>1.1.0<br \/>\n-FIXED: Wordpress 4.8 errores<\/p>\n<p>1.0.7<br \/>\n-FIXED: Los campos son ahora m\u00e1s largos<br \/>\n-FIXED: Traducciones actualizadas<br \/>\n-FIXED: Varios otros peque\u00f1os errores<\/p>\n<p>1.0.4<br \/>\n-FIXED: Error de campos obligatorios<br \/>\n-FIXED: Varios otros peque\u00f1os errores<\/p>\n<p>1.0.1<br \/>\n-FIXED: Error en la notificaci\u00f3n de actualizaci\u00f3n<\/p>\n<p>1.0.0<br \/>\n- Publicaci\u00f3n<\/p>","protected":false},"featured_media":130674,"template":"","meta":{"site-sidebar-layout":"default","site-content-layout":"default","ast-site-content-layout":"default","site-content-style":"default","site-sidebar-style":"default","ast-global-header-display":"","ast-banner-title-visibility":"","ast-main-header-display":"","ast-hfb-above-header-display":"","ast-hfb-below-header-display":"","ast-hfb-mobile-header-display":"","site-post-title":"","ast-breadcrumbs-content":"","ast-featured-img":"","footer-sml-layout":"","ast-disable-related-posts":"","theme-transparent-header-meta":"default","adv-header-id-meta":"","stick-header-meta":"default","header-above-stick-meta":"","header-main-stick-meta":"","header-below-stick-meta":"","astra-migrate-meta-layouts":"set","ast-page-background-enabled":"default","ast-page-background-meta":{"desktop":{"background-color":"var(--ast-global-color-4)","background-image":"","background-repeat":"repeat","background-position":"center center","background-size":"auto","background-attachment":"scroll","background-type":"","background-media":"","overlay-type":"","overlay-color":"","overlay-opacity":"","overlay-gradient":""},"tablet":{"background-color":"","background-image":"","background-repeat":"repeat","background-position":"center center","background-size":"auto","background-attachment":"scroll","background-type":"","background-media":"","overlay-type":"","overlay-color":"","overlay-opacity":"","overlay-gradient":""},"mobile":{"background-color":"","background-image":"","background-repeat":"repeat","background-position":"center center","background-size":"auto","background-attachment":"scroll","background-type":"","background-media":"","overlay-type":"","overlay-color":"","overlay-opacity":"","overlay-gradient":""}},"ast-content-background-meta":{"desktop":{"background-color":"var(--ast-global-color-5)","background-image":"","background-repeat":"repeat","background-position":"center center","background-size":"auto","background-attachment":"scroll","background-type":"","background-media":"","overlay-type":"","overlay-color":"","overlay-opacity":"","overlay-gradient":""},"tablet":{"background-color":"var(--ast-global-color-5)","background-image":"","background-repeat":"repeat","background-position":"center center","background-size":"auto","background-attachment":"scroll","background-type":"","background-media":"","overlay-type":"","overlay-color":"","overlay-opacity":"","overlay-gradient":""},"mobile":{"background-color":"var(--ast-global-color-5)","background-image":"","background-repeat":"repeat","background-position":"center center","background-size":"auto","background-attachment":"scroll","background-type":"","background-media":"","overlay-type":"","overlay-color":"","overlay-opacity":"","overlay-gradient":""}}},"product_brand":[],"product_cat":[11,27,59,45],"product_tag":[],"class_list":{"0":"post-19129","1":"product","2":"type-product","3":"status-publish","4":"has-post-thumbnail","6":"product_cat-wordpress","7":"product_cat-extension","8":"product_cat-license-multiple","9":"product_cat-plugins","10":"desktop-align-left","11":"tablet-align-left","12":"mobile-align-left","13":"ast-product-gallery-layout-horizontal-slider","14":"ast-product-gallery-with-no-image","15":"ast-magnify-disabled","16":"ast-product-tabs-layout-horizontal","18":"first","19":"instock","20":"downloadable","21":"virtual","22":"taxable","23":"purchasable","24":"product-type-subscription"},"_links":{"self":[{"href":"https:\/\/www.fooevents.com\/es\/wp-json\/wp\/v2\/product\/19129","targetHints":{"allow":["GET"]}}],"collection":[{"href":"https:\/\/www.fooevents.com\/es\/wp-json\/wp\/v2\/product"}],"about":[{"href":"https:\/\/www.fooevents.com\/es\/wp-json\/wp\/v2\/types\/product"}],"wp:featuredmedia":[{"embeddable":true,"href":"https:\/\/www.fooevents.com\/es\/wp-json\/wp\/v2\/media\/130674"}],"wp:attachment":[{"href":"https:\/\/www.fooevents.com\/es\/wp-json\/wp\/v2\/media?parent=19129"}],"wp:term":[{"taxonomy":"product_brand","embeddable":true,"href":"https:\/\/www.fooevents.com\/es\/wp-json\/wp\/v2\/product_brand?post=19129"},{"taxonomy":"product_cat","embeddable":true,"href":"https:\/\/www.fooevents.com\/es\/wp-json\/wp\/v2\/product_cat?post=19129"},{"taxonomy":"product_tag","embeddable":true,"href":"https:\/\/www.fooevents.com\/es\/wp-json\/wp\/v2\/product_tag?post=19129"}],"curies":[{"name":"wp","href":"https:\/\/api.w.org\/{rel}","templated":true}]}}