{"id":19135,"date":"2018-03-02T08:16:51","date_gmt":"2018-03-02T06:16:51","guid":{"rendered":"https:\/\/www.fooevents.com\/?post_type=product&#038;p=19135"},"modified":"2026-03-16T03:34:55","modified_gmt":"2026-03-16T10:34:55","slug":"fooevents-para-woocommerce-licencia-ilimitada","status":"publish","type":"product","link":"https:\/\/www.fooevents.com\/es\/product\/fooevents-for-woocommerce-license-unlimited\/","title":{"rendered":"FooEvents para WooCommerce (Licencia: Ilimitada)"},"content":{"rendered":"<p>Venda entradas sin comisiones ni cuotas de entrada y gestione inscripciones gratuitas para pr\u00e1cticamente cualquier tipo de evento f\u00edsico o virtual, como un concierto, un campamento religioso, una funci\u00f3n escolar, una recaudaci\u00f3n de fondos, una conferencia o un encuentro deportivo. FooEvents le pondr\u00e1 en marcha en cuesti\u00f3n de minutos. No necesita conocimientos t\u00e9cnicos.<\/p>\n<h3>Incluido en su compra:<\/h3>\n<ul>\n<li>Plugin descargable FooEvents para WooCommerce<\/li>\n<li>12 meses de asistencia Premium<\/li>\n<li>12 meses de actualizaciones de plugins<\/li>\n<li>Gratis\u00a0<a href=\"https:\/\/www.fooevents.com\/es\/aplicaciones\/\" target=\"_blank\" rel=\"noopener noreferrer\">iOS<\/a> &amp; <a href=\"https:\/\/www.fooevents.com\/es\/aplicaciones\/\" target=\"_blank\" rel=\"noopener noreferrer\">Android<\/a> aplicaciones de facturaci\u00f3n<\/li>\n<li>Documentaci\u00f3n f\u00e1cil de usar<\/li>\n<\/ul>","protected":false},"excerpt":{"rendered":"<p>1.5.19<br \/>\nCORREGIDO: Error en la personalizaci\u00f3n de asistentes a m\u00faltiples eventos<br \/>\nARREGLADO: Error de facturaci\u00f3n en la p\u00e1gina de administraci\u00f3n de tickets<br \/>\nA\u00d1ADIDO: Opci\u00f3n tem\u00e1tica para utilizar marcadores de posici\u00f3n<\/p>\n<p>1.5.15<br \/>\nCORREGIDO: Bug variaciones CSV<br \/>\nARREGLADO: Error en las metavariaciones de los tickets<br \/>\nCORREGIDO: Error en el n\u00famero de actualizaci\u00f3n de la versi\u00f3n<br \/>\nCORREGIDO: Error en el n\u00famero de asistentes superior a 10<\/p>\n<p>1.5.5<br \/>\n-FIXED: Pesta\u00f1a de detalles del evento PHP warning<\/p>\n<p>1.5.4<br \/>\n-FIXED: App login bug<br \/>\n-FIXED: Varios peque\u00f1os errores<\/p>\n<p>1.5.1<br \/>\n-FIXED: Actualizaci\u00f3n de soporte multi-d\u00eda<\/p>\n<p>1.5.0<br \/>\n-ADJUNTO: Pr\u00f3rroga multid\u00eda lista<br \/>\n-FIXED: Varios peque\u00f1os errores<\/p>\n<p>1.4.4<br \/>\n-FIXED: M\u00e1s errores de Wordpress 4.8 que pueden afectar al env\u00edo de tickets<br \/>\n-FIXED: Bug de ticket duplicado con ciertas pasarelas de pago.<\/p>\n<p>1.3.12<br \/>\n-FIXED: Error en Wordpress 4.8 que provoca que los tickets no se env\u00eden al finalizar el pedido<br \/>\n-FIXED: Error de exportaci\u00f3n CSV<br \/>\n-FIXED: Varios otros peque\u00f1os errores<br \/>\n-FIXED: Traducciones actualizadas<\/p>\n<p>1.3.8<br \/>\n-A\u00d1ADIDO: widget del salpicadero FooEvents<br \/>\n-ADJUNTO: Descargar ticket desde ticket admin<br \/>\n-ADJUNTO: Mejoras en la exportaci\u00f3n CSV<br \/>\n-FIXED: WooCommerce 3 mensajes de advertencia<br \/>\n-FIXED: Fallo en el nombre del comprador de la entrada<br \/>\n-FIXED: Varios otros peque\u00f1os errores<\/p>\n<p>1.3.3<br \/>\n-FIXED: Error en el reenv\u00edo masivo de tickets<br \/>\n-FIXED: Fallo en el nombre del comprador<br \/>\n-FIXED: Varios otros peque\u00f1os errores<\/p>\n<p>1.3.0<br \/>\n-FIXED: WooCommerce 3 mensajes de advertencia<br \/>\n-ADJUNTO: Mejoras en la exportaci\u00f3n CSV<br \/>\n-A\u00d1ADIDO: Editar asunto del ticket<\/p>\n<p>1.2.17<br \/>\n-FIXED: App bug con ciertos s\u00edmbolos de moneda<br \/>\n-FIXED: Error de ticket de correo electr\u00f3nico en la primera instalaci\u00f3n<br \/>\n-FIXED: Wordpress MU activar plugin bug<br \/>\n-A\u00d1ADIDO: Campos personalizados de asistentes a la exportaci\u00f3n CSV<\/p>\n<p>1.2.16<br \/>\n-FIXED: C\u00f3digo de barras directorio no escribible error<\/p>\n<p>1.2.15<br \/>\n- A\u00d1ADIDO: Compatibilidad con los campos personalizados de asistentes de FooEvents<br \/>\n- CORREGIDO: Varios errores menores<\/p>\n<p>1.2.11<br \/>\n- ARREGLADO: Error en el men\u00fa de administraci\u00f3n<\/p>\n<p>1.2.10<br \/>\n- CORREGIDO: Actualizaci\u00f3n de error cr\u00edtico<\/p>\n<p>1.2.8<br \/>\n- ARREGLADO: Advertencia de activaci\u00f3n del plugin<br \/>\n- CORREGIDO: Lista de eventos en blanco al a\u00f1adir entradas manualmente<br \/>\n- A\u00d1ADIDO: C\u00f3mo llegar a las entradas<br \/>\n- A\u00d1ADIDO: Empresa, denominaci\u00f3n, n\u00famero de tel\u00e9fono a las entradas<br \/>\n- A\u00d1ADIDO: Precio de las aplicaciones<br \/>\n- A\u00d1ADIDO: Notificaci\u00f3n de actualizaci\u00f3n de plugins<\/p>\n<p>1.2.6<br \/>\n- A\u00d1ADIDO: Opci\u00f3n de ocultar los tickets impagados en la administraci\u00f3n<br \/>\n- A\u00d1ADIDO: Comprobar si se puede escribir en el directorio de c\u00f3digos de barras<br \/>\n- CORREGIDO: Removidas las referencias a \"Auto Borrador\" en la administraci\u00f3n de tickets<br \/>\n- CORREGIDO: Error por el que a\u00f1adir tickets pod\u00eda no enlazar con el usuario creado<br \/>\n- CORREGIDO: Ocultar fecha de inicio y fin en la pesta\u00f1a de detalles del evento<br \/>\n- ARREGLADO: Error en la plantilla de anulaci\u00f3n<\/p>\n<p>1.2.4<br \/>\n- Corregido: Error de variaci\u00f3n por el que solo se guardaba la variaci\u00f3n de las primeras entradas<br \/>\n- Corregido: Localizaci\u00f3n de DatePicker en Javascript<br \/>\n- Corregidos: Varios otros peque\u00f1os errores<br \/>\n- A\u00f1adido: Ordenar por campos adicionales en ticket admin<\/p>\n<p>1.2.2<br \/>\n- NUEVO: generaci\u00f3n de c\u00f3digos de barras .JPG para el plugin PDF Ticket<br \/>\n- ARREGLADO: Puntero de Google Map<br \/>\n- ELIMINADO: Traducciones del selector de fecha. Buggy, se ver\u00e1 en una aplicaci\u00f3n diferente.<\/p>\n<p>1.2.1<br \/>\n- NUEVO: Actualizaci\u00f3n de compatibilidad para la nueva aplicaci\u00f3n Events Pro offline (https:\/\/www.fooevents.com\/apps\/)<br \/>\n- NUEVO: Compatibilidad con el plugin FooEvents PDF Tickets (https:\/\/www.fooevents.com\/product\/fooevents-pdf-tickets\/)<br \/>\n- NUEVO: Filtro por nombre de evento, ID de pedido y estado en el listado de entradas del administrador<br \/>\n- NUEVO: Formatos de hora para am-pm<br \/>\n- ACTUALIZADO: Nueva compatibilidad con la API de Google Maps<br \/>\n- ACTUALIZADO: Traducciones en el selector de fechas<br \/>\n- ACTUALIZADO: Enviar ubicaci\u00f3n a .ics<br \/>\n- CORREGIDO: Corregido el aviso HTTPS del admin<\/p>\n<p>1.2.0<br \/>\n- Nuevo: Integraci\u00f3n de la aplicaci\u00f3n Event Check-ins Pro iOS - V\u00e9ase https:\/\/www.fooevents.com\/apps\/<br \/>\n- Nuevo: Event Check-ins Pro iOS App - Auto Check-ins (Check-ins r\u00e1pidos y sin esfuerzo)<br \/>\n- Nuevo: Evento Check-ins Pro iOS App - Marca personalizada (Establecer su propio esquema de color y logotipo)<br \/>\n- Actualizado: Documentaci\u00f3n<br \/>\n- Corregido: error en el c\u00f3digo postal .ics<br \/>\n- Corregido: Error en el permiso para a\u00f1adir un nuevo ticket<\/p>\n<p>1.1.17<br \/>\n- A\u00f1adida la funcionalidad de gesti\u00f3n manual de tickets en WordPress admin.<br \/>\n- Varias peque\u00f1as correcciones de errores y mejoras.<\/p>\n<p>1.1.14<br \/>\n- Integraci\u00f3n de aplicaciones Soporte de edici\u00f3n masiva<br \/>\n- Insertar mensaje personalizado en la p\u00e1gina de agradecimiento<br \/>\n- Adici\u00f3n de varios campos opcionales de inscripci\u00f3n de asistentes<br \/>\n- Correcci\u00f3n de errores<\/p>\n<p>1.1.11<br \/>\n- Correcci\u00f3n de errores<\/p>\n<p>1.1.8<br \/>\n- Compatibilidad con archivos de idioma .po y .mo<br \/>\n- Opci\u00f3n de no enviar correos electr\u00f3nicos de tickets<br \/>\n- Correcci\u00f3n de errores<\/p>\n<p>1.1.5<br \/>\n- Correcci\u00f3n de errores<\/p>\n<p>1.1.4<br \/>\n- B\u00fasqueda administrativa mejorada<br \/>\n- Se ha resuelto un error en las listas de entradas y eventos de la aplicaci\u00f3n<br \/>\n- Otras peque\u00f1as correcciones de errores<\/p>\n<p>1.1.2<br \/>\n- Correcci\u00f3n de errores<\/p>\n<p>1.10<br \/>\n- Capturar los datos de los asistentes al pagar<br \/>\n- Posibilidad de enviar las entradas por correo electr\u00f3nico<br \/>\n- Cary a trav\u00e9s de atributos\/variaciones a billetes y detalles de billetes<br \/>\n- Opci\u00f3n de cambiar \"A\u00f1adir a la cesta\" por \"Reservar billete\".<br \/>\n- Soporte para la aplicaci\u00f3n iOS (\u00a1lanzamiento inminente!)<br \/>\n- Correcci\u00f3n de errores<\/p>\n<p>1.0.8<br \/>\n- Conflicto con la carga de im\u00e1genes WooCommerce.<\/p>\n<p>1.0.6<br \/>\n- Se han a\u00f1adido opciones adicionales para controlar la salida de billetes<br \/>\n- Se ha corregido un error por el que algunos productos no relacionados con eventos enviaban tickets.<br \/>\n- Corregidos otros peque\u00f1os errores<\/p>\n<p>1.0.3<br \/>\n- Corregido error de visualizaci\u00f3n con Google Maps<br \/>\n- Se ha corregido un error por el que no aparec\u00eda el asistente en el billete<br \/>\n- Se ha corregido un error por el que el usuario administrador aparec\u00eda como propietario del ticket.<br \/>\n- Otros peque\u00f1os errores<\/p>\n<p>&nbsp;<\/p>","protected":false},"featured_media":130680,"template":"","meta":{"site-sidebar-layout":"default","site-content-layout":"default","ast-site-content-layout":"default","site-content-style":"default","site-sidebar-style":"default","ast-global-header-display":"","ast-banner-title-visibility":"","ast-main-header-display":"","ast-hfb-above-header-display":"","ast-hfb-below-header-display":"","ast-hfb-mobile-header-display":"","site-post-title":"","ast-breadcrumbs-content":"","ast-featured-img":"","footer-sml-layout":"","ast-disable-related-posts":"","theme-transparent-header-meta":"default","adv-header-id-meta":"","stick-header-meta":"default","header-above-stick-meta":"","header-main-stick-meta":"","header-below-stick-meta":"","astra-migrate-meta-layouts":"set","ast-page-background-enabled":"default","ast-page-background-meta":{"desktop":{"background-color":"var(--ast-global-color-4)","background-image":"","background-repeat":"repeat","background-position":"center center","background-size":"auto","background-attachment":"scroll","background-type":"","background-media":"","overlay-type":"","overlay-color":"","overlay-opacity":"","overlay-gradient":""},"tablet":{"background-color":"","background-image":"","background-repeat":"repeat","background-position":"center center","background-size":"auto","background-attachment":"scroll","background-type":"","background-media":"","overlay-type":"","overlay-color":"","overlay-opacity":"","overlay-gradient":""},"mobile":{"background-color":"","background-image":"","background-repeat":"repeat","background-position":"center center","background-size":"auto","background-attachment":"scroll","background-type":"","background-media":"","overlay-type":"","overlay-color":"","overlay-opacity":"","overlay-gradient":""}},"ast-content-background-meta":{"desktop":{"background-color":"var(--ast-global-color-5)","background-image":"","background-repeat":"repeat","background-position":"center center","background-size":"auto","background-attachment":"scroll","background-type":"","background-media":"","overlay-type":"","overlay-color":"","overlay-opacity":"","overlay-gradient":""},"tablet":{"background-color":"var(--ast-global-color-5)","background-image":"","background-repeat":"repeat","background-position":"center center","background-size":"auto","background-attachment":"scroll","background-type":"","background-media":"","overlay-type":"","overlay-color":"","overlay-opacity":"","overlay-gradient":""},"mobile":{"background-color":"var(--ast-global-color-5)","background-image":"","background-repeat":"repeat","background-position":"center center","background-size":"auto","background-attachment":"scroll","background-type":"","background-media":"","overlay-type":"","overlay-color":"","overlay-opacity":"","overlay-gradient":""}}},"product_brand":[],"product_cat":[60,45,28],"product_tag":[],"class_list":{"0":"post-19135","1":"product","2":"type-product","3":"status-publish","4":"has-post-thumbnail","6":"product_cat-license-unlimited","7":"product_cat-plugins","8":"product_cat-primary","9":"desktop-align-left","10":"tablet-align-left","11":"mobile-align-left","12":"ast-product-gallery-layout-horizontal-slider","13":"ast-product-gallery-with-no-image","14":"ast-magnify-disabled","15":"ast-product-tabs-layout-horizontal","17":"first","18":"instock","19":"featured","20":"downloadable","21":"virtual","22":"taxable","23":"purchasable","24":"product-type-subscription"},"_links":{"self":[{"href":"https:\/\/www.fooevents.com\/es\/wp-json\/wp\/v2\/product\/19135","targetHints":{"allow":["GET"]}}],"collection":[{"href":"https:\/\/www.fooevents.com\/es\/wp-json\/wp\/v2\/product"}],"about":[{"href":"https:\/\/www.fooevents.com\/es\/wp-json\/wp\/v2\/types\/product"}],"wp:featuredmedia":[{"embeddable":true,"href":"https:\/\/www.fooevents.com\/es\/wp-json\/wp\/v2\/media\/130680"}],"wp:attachment":[{"href":"https:\/\/www.fooevents.com\/es\/wp-json\/wp\/v2\/media?parent=19135"}],"wp:term":[{"taxonomy":"product_brand","embeddable":true,"href":"https:\/\/www.fooevents.com\/es\/wp-json\/wp\/v2\/product_brand?post=19135"},{"taxonomy":"product_cat","embeddable":true,"href":"https:\/\/www.fooevents.com\/es\/wp-json\/wp\/v2\/product_cat?post=19135"},{"taxonomy":"product_tag","embeddable":true,"href":"https:\/\/www.fooevents.com\/es\/wp-json\/wp\/v2\/product_tag?post=19135"}],"curies":[{"name":"wp","href":"https:\/\/api.w.org\/{rel}","templated":true}]}}