{"id":196890,"date":"2025-05-07T04:35:27","date_gmt":"2025-05-07T11:35:27","guid":{"rendered":"https:\/\/www.fooevents.com\/?post_type=product&#038;p=196890"},"modified":"2026-02-18T06:03:37","modified_gmt":"2026-02-18T14:03:37","slug":"prima-ticket-theme","status":"publish","type":"product","link":"https:\/\/www.fooevents.com\/es\/product\/prima-ticket-theme\/","title":{"rendered":"Tema Prima Ticket"},"content":{"rendered":"","protected":false},"excerpt":{"rendered":"<p><strong><a class=\"\" href=\"https:\/\/demo.fooevents.com\/ticket-themes\/prima\/\" target=\"_blank\" rel=\"noopener noreferrer\"> <u>Vista previa de la entrada HTML<\/u><\/a><\/strong> | <strong><a class=\"\" href=\"https:\/\/demo.fooevents.com\/ticket-themes\/prima\/prima.pdf\" target=\"_blank\" rel=\"noopener noreferrer\"><u>Vista previa de las entradas en PDF<\/u><\/a><\/strong> | <strong><a class=\"\" href=\"https:\/\/help.fooevents.com\/docs\/topics\/changelogs\/ticket-themes\/\" target=\"_blank\" rel=\"noopener noreferrer\"><u>Registro de cambios<\/u><\/a><\/strong><\/p>\n<h4><strong>Download for free!<\/strong><\/h4>\n<p><\/p>\n<p>The Prima Ticket Theme is based on the <a href=\"https:\/\/www.fooevents.com\/es\/producto\/tema-por-defecto\/\">Tema de entradas predeterminado<\/a>, with one key difference: the tickets are displayed before the event details. This ensures that ticket holders can quickly and easily locate their ticket information. The logo, cover image, and ticket text are shown above the tickets but are optional and can be customized as needed.<\/p>\n<p>Para utilizar este tema, s\u00f3lo tiene que a\u00f1adirlo a su cesta y completar el proceso de compra. No te preocupes, es gratis y no es necesario pagar nada. Una vez finalizado el proceso de compra, el tema estar\u00e1 disponible en tu tienda online. <a href=\"https:\/\/www.fooevents.com\/es\/mi-cuenta\/descargas\/\">Descargas<\/a> secci\u00f3n. Despu\u00e9s de descargarlo en su escritorio, vaya a <strong>FooEvents<\/strong> &gt; <strong>Entradas<\/strong> &gt; <strong>Temas de entradas<\/strong> en su <strong>WordPress \u00c1rea de administraci\u00f3n<\/strong>. Sube el archivo ZIP del tema y podr\u00e1s asignarlo a cualquier evento.<\/p>\n<p><em>Nota: Este no es un tema WordPress. Los temas para entradas FooEvents est\u00e1n dise\u00f1ados espec\u00edficamente para dar estilo a las entradas FooEvents y no pueden utilizarse para la tematizaci\u00f3n general de sitios WordPress.<\/em><\/p>","protected":false},"featured_media":196892,"template":"","meta":{"site-sidebar-layout":"default","site-content-layout":"","ast-site-content-layout":"default","site-content-style":"default","site-sidebar-style":"default","ast-global-header-display":"","ast-banner-title-visibility":"","ast-main-header-display":"","ast-hfb-above-header-display":"","ast-hfb-below-header-display":"","ast-hfb-mobile-header-display":"","site-post-title":"","ast-breadcrumbs-content":"","ast-featured-img":"","footer-sml-layout":"","ast-disable-related-posts":"","theme-transparent-header-meta":"default","adv-header-id-meta":"","stick-header-meta":"default","header-above-stick-meta":"","header-main-stick-meta":"","header-below-stick-meta":"","astra-migrate-meta-layouts":"set","ast-page-background-enabled":"default","ast-page-background-meta":{"desktop":{"background-color":"var(--ast-global-color-4)","background-image":"","background-repeat":"repeat","background-position":"center center","background-size":"auto","background-attachment":"scroll","background-type":"","background-media":"","overlay-type":"","overlay-color":"","overlay-opacity":"","overlay-gradient":""},"tablet":{"background-color":"","background-image":"","background-repeat":"repeat","background-position":"center center","background-size":"auto","background-attachment":"scroll","background-type":"","background-media":"","overlay-type":"","overlay-color":"","overlay-opacity":"","overlay-gradient":""},"mobile":{"background-color":"","background-image":"","background-repeat":"repeat","background-position":"center center","background-size":"auto","background-attachment":"scroll","background-type":"","background-media":"","overlay-type":"","overlay-color":"","overlay-opacity":"","overlay-gradient":""}},"ast-content-background-meta":{"desktop":{"background-color":"var(--ast-global-color-5)","background-image":"","background-repeat":"repeat","background-position":"center center","background-size":"auto","background-attachment":"scroll","background-type":"","background-media":"","overlay-type":"","overlay-color":"","overlay-opacity":"","overlay-gradient":""},"tablet":{"background-color":"var(--ast-global-color-5)","background-image":"","background-repeat":"repeat","background-position":"center center","background-size":"auto","background-attachment":"scroll","background-type":"","background-media":"","overlay-type":"","overlay-color":"","overlay-opacity":"","overlay-gradient":""},"mobile":{"background-color":"var(--ast-global-color-5)","background-image":"","background-repeat":"repeat","background-position":"center center","background-size":"auto","background-attachment":"scroll","background-type":"","background-media":"","overlay-type":"","overlay-color":"","overlay-opacity":"","overlay-gradient":""}}},"product_brand":[],"product_cat":[44,466],"product_tag":[],"class_list":{"0":"post-196890","1":"product","2":"type-product","3":"status-publish","4":"has-post-thumbnail","6":"product_cat-ticket-themes","7":"product_cat-base-collection","8":"desktop-align-left","9":"tablet-align-left","10":"mobile-align-left","11":"ast-product-gallery-layout-horizontal-slider","12":"ast-magnify-disabled","13":"ast-product-tabs-layout-horizontal","15":"first","16":"instock","17":"downloadable","18":"virtual","19":"sold-individually","20":"taxable","21":"purchasable","22":"product-type-simple"},"_links":{"self":[{"href":"https:\/\/www.fooevents.com\/es\/wp-json\/wp\/v2\/product\/196890","targetHints":{"allow":["GET"]}}],"collection":[{"href":"https:\/\/www.fooevents.com\/es\/wp-json\/wp\/v2\/product"}],"about":[{"href":"https:\/\/www.fooevents.com\/es\/wp-json\/wp\/v2\/types\/product"}],"wp:featuredmedia":[{"embeddable":true,"href":"https:\/\/www.fooevents.com\/es\/wp-json\/wp\/v2\/media\/196892"}],"wp:attachment":[{"href":"https:\/\/www.fooevents.com\/es\/wp-json\/wp\/v2\/media?parent=196890"}],"wp:term":[{"taxonomy":"product_brand","embeddable":true,"href":"https:\/\/www.fooevents.com\/es\/wp-json\/wp\/v2\/product_brand?post=196890"},{"taxonomy":"product_cat","embeddable":true,"href":"https:\/\/www.fooevents.com\/es\/wp-json\/wp\/v2\/product_cat?post=196890"},{"taxonomy":"product_tag","embeddable":true,"href":"https:\/\/www.fooevents.com\/es\/wp-json\/wp\/v2\/product_tag?post=196890"}],"curies":[{"name":"wp","href":"https:\/\/api.w.org\/{rel}","templated":true}]}}