{"id":30368,"date":"2018-08-30T01:56:15","date_gmt":"2018-08-30T07:56:15","guid":{"rendered":"https:\/\/www.fooevents.com\/?post_type=product&#038;p=30368"},"modified":"2026-03-09T05:21:50","modified_gmt":"2026-03-09T12:21:50","slug":"fooevents-licencia-de-asientos-ilimitada","status":"publish","type":"product","link":"https:\/\/www.fooevents.com\/es\/product\/fooevents-seating-license-unlimited\/","title":{"rendered":"FooEvents Asientos (Licencia: Ilimitada)"},"content":{"rendered":"<p>El FooEvents Seating plugin es una extensi\u00f3n para FooEvents que permite la captura de filas y n\u00fameros de asiento en la caja. Esto es \u00fatil para permitir a los asistentes seleccionar sus propios asientos en funci\u00f3n de la disposici\u00f3n de su lugar de celebraci\u00f3n. Este plugin se puede utilizar para especificar filas y asientos en una sala de conferencias o teatro, mesas y el n\u00famero de sillas en la mesa, etc. Puedes crear secciones VIP o restringir a los asistentes a asientos en otras zonas de mayor o menor precio.<\/p>\n<h3>Incluido en su compra:<\/h3>\n<ul>\n<li>Plugin descargable FooEvents Seating,<\/li>\n<li>12 meses de asistencia Premium,<\/li>\n<li>12 meses de actualizaciones del plugin,<\/li>\n<li>Gratis\u00a0<a href=\"https:\/\/www.fooevents.com\/es\/aplicaciones\/\" target=\"_blank\" rel=\"noopener noreferrer\">iOS<\/a> &amp; <a href=\"https:\/\/www.fooevents.com\/es\/aplicaciones\/\" target=\"_blank\" rel=\"noopener noreferrer\">Android<\/a> aplicaciones de facturaci\u00f3n,<\/li>\n<li>Documentaci\u00f3n de f\u00e1cil manejo.<\/li>\n<\/ul>","protected":false},"excerpt":{"rendered":"<p>The FooEvents Seating plugin is an extension for FooEvents that allows for the capture of rows and seat numbers at checkout. This is useful for letting attendees select their own seats based on the layout of your venue. This plugin can be used to specify rows and seats in a conference room or theater, tables [&hellip;]<\/p>\n","protected":false},"featured_media":130666,"template":"","meta":{"site-sidebar-layout":"default","site-content-layout":"default","ast-site-content-layout":"default","site-content-style":"default","site-sidebar-style":"default","ast-global-header-display":"","ast-banner-title-visibility":"","ast-main-header-display":"","ast-hfb-above-header-display":"","ast-hfb-below-header-display":"","ast-hfb-mobile-header-display":"","site-post-title":"","ast-breadcrumbs-content":"","ast-featured-img":"","footer-sml-layout":"","ast-disable-related-posts":"","theme-transparent-header-meta":"default","adv-header-id-meta":"","stick-header-meta":"default","header-above-stick-meta":"","header-main-stick-meta":"","header-below-stick-meta":"","astra-migrate-meta-layouts":"set","ast-page-background-enabled":"default","ast-page-background-meta":{"desktop":{"background-color":"var(--ast-global-color-4)","background-image":"","background-repeat":"repeat","background-position":"center center","background-size":"auto","background-attachment":"scroll","background-type":"","background-media":"","overlay-type":"","overlay-color":"","overlay-opacity":"","overlay-gradient":""},"tablet":{"background-color":"","background-image":"","background-repeat":"repeat","background-position":"center center","background-size":"auto","background-attachment":"scroll","background-type":"","background-media":"","overlay-type":"","overlay-color":"","overlay-opacity":"","overlay-gradient":""},"mobile":{"background-color":"","background-image":"","background-repeat":"repeat","background-position":"center center","background-size":"auto","background-attachment":"scroll","background-type":"","background-media":"","overlay-type":"","overlay-color":"","overlay-opacity":"","overlay-gradient":""}},"ast-content-background-meta":{"desktop":{"background-color":"var(--ast-global-color-5)","background-image":"","background-repeat":"repeat","background-position":"center center","background-size":"auto","background-attachment":"scroll","background-type":"","background-media":"","overlay-type":"","overlay-color":"","overlay-opacity":"","overlay-gradient":""},"tablet":{"background-color":"var(--ast-global-color-5)","background-image":"","background-repeat":"repeat","background-position":"center center","background-size":"auto","background-attachment":"scroll","background-type":"","background-media":"","overlay-type":"","overlay-color":"","overlay-opacity":"","overlay-gradient":""},"mobile":{"background-color":"var(--ast-global-color-5)","background-image":"","background-repeat":"repeat","background-position":"center center","background-size":"auto","background-attachment":"scroll","background-type":"","background-media":"","overlay-type":"","overlay-color":"","overlay-opacity":"","overlay-gradient":""}}},"product_brand":[],"product_cat":[45,60],"product_tag":[],"class_list":{"0":"post-30368","1":"product","2":"type-product","3":"status-publish","4":"has-post-thumbnail","6":"product_cat-plugins","7":"product_cat-license-unlimited","8":"desktop-align-left","9":"tablet-align-left","10":"mobile-align-left","11":"ast-product-gallery-layout-horizontal-slider","12":"ast-product-gallery-with-no-image","13":"ast-magnify-disabled","14":"ast-product-tabs-layout-horizontal","16":"first","17":"instock","18":"featured","19":"downloadable","20":"virtual","21":"taxable","22":"purchasable","23":"product-type-subscription"},"_links":{"self":[{"href":"https:\/\/www.fooevents.com\/es\/wp-json\/wp\/v2\/product\/30368","targetHints":{"allow":["GET"]}}],"collection":[{"href":"https:\/\/www.fooevents.com\/es\/wp-json\/wp\/v2\/product"}],"about":[{"href":"https:\/\/www.fooevents.com\/es\/wp-json\/wp\/v2\/types\/product"}],"wp:featuredmedia":[{"embeddable":true,"href":"https:\/\/www.fooevents.com\/es\/wp-json\/wp\/v2\/media\/130666"}],"wp:attachment":[{"href":"https:\/\/www.fooevents.com\/es\/wp-json\/wp\/v2\/media?parent=30368"}],"wp:term":[{"taxonomy":"product_brand","embeddable":true,"href":"https:\/\/www.fooevents.com\/es\/wp-json\/wp\/v2\/product_brand?post=30368"},{"taxonomy":"product_cat","embeddable":true,"href":"https:\/\/www.fooevents.com\/es\/wp-json\/wp\/v2\/product_cat?post=30368"},{"taxonomy":"product_tag","embeddable":true,"href":"https:\/\/www.fooevents.com\/es\/wp-json\/wp\/v2\/product_tag?post=30368"}],"curies":[{"name":"wp","href":"https:\/\/api.w.org\/{rel}","templated":true}]}}