{"id":861,"date":"2016-07-08T16:15:28","date_gmt":"2016-07-08T14:15:28","guid":{"rendered":"https:\/\/www.fooevents.com\/?post_type=product&#038;p=861"},"modified":"2026-03-09T04:11:06","modified_gmt":"2026-03-09T11:11:06","slug":"fooevents-express-check-in","status":"publish","type":"product","link":"https:\/\/www.fooevents.com\/es\/product\/fooevents-express-check-in\/","title":{"rendered":"FooEvents Registro expr\u00e9s (Licencia: Individual)"},"content":{"rendered":"<p>El plugin FooEvents Express Check-in es una extensi\u00f3n de FooEvents para WooCommerce que hace que el registro de los asistentes a su evento sea un proceso r\u00e1pido y sin esfuerzo. La interfaz intuitiva le permite encontrar a los asistentes en cuesti\u00f3n de segundos a trav\u00e9s de una ingeniosa funci\u00f3n de b\u00fasqueda autom\u00e1tica o puede utilizar un esc\u00e1ner de c\u00f3digo de barras normal para escanear las entradas impresas y registrar autom\u00e1ticamente a los asistentes, lo que es perfecto para grandes eventos. La forma m\u00e1s sencilla de gestionar el registro de entrada en tu evento.<\/p>\n<h3>Incluido en su compra:<\/h3>\n<p>Plugin descargable FooEvents Express Check-in,<br \/>\n12 meses de asistencia Premium,<br \/>\n12 meses de actualizaciones del plugin,<br \/>\nDocumentaci\u00f3n de f\u00e1cil manejo.<\/p>\n<p><strong>Nota: No incluye <a href=\"\/es\/producto\/plugin-fooevents\/\">Plugin FooEvents para WooCommerce<\/a> (obligatorio)\u00a0<\/strong><\/p>","protected":false},"excerpt":{"rendered":"<p>B\u00fasqueda por nombre de comprador o asistente, ID de entrada o estado de la entrada<br \/>\nCarga Ajax de los resultados, sin actualizaci\u00f3n de la p\u00e1gina<br \/>\nB\u00fasqueda autom\u00e1tica: busque mientras escribe<br \/>\nFacturaci\u00f3n autom\u00e1tica - Facturaci\u00f3n autom\u00e1tica de un asistente si se encuentra un ID de entrada<br \/>\nCompatible con dispositivos m\u00f3viles: funciona en ordenadores de sobremesa, tabletas y tel\u00e9fonos m\u00f3viles.<br \/>\nCambiar el estado de facturaci\u00f3n de los asistentes a \"facturado\", \"no facturado\", \"cancelado\" o \"no pagado\".<br \/>\nFunciona perfectamente con la mayor\u00eda de los esc\u00e1neres de c\u00f3digos de barras 2D.<\/p>\n<p>https:\/\/www.youtube.com\/watch?v=h3zI-oNi6_o<\/p>\n<p>ACTUALIZAR REGISTRO<\/p>\n<p>------<br \/>\n1.2.2<br \/>\n-FIXED: Error en la notificaci\u00f3n de actualizaci\u00f3n<\/p>\n<p>1.2.1<br \/>\n-FIXED: Actualizaci\u00f3n de soporte multi-d\u00eda<\/p>\n<p>1.2.0<br \/>\n-ADJUNTO: Preparada la ampliaci\u00f3n de eventos multid\u00eda<\/p>\n<p>1.0.7<\/p>\n<p>-FIXED: Advertencia PHP en el front-end<\/p>\n<p>1.0.6<\/p>\n<p>-FIXED: PHP salida de advertencia<\/p>\n<p>1.0.5<\/p>\n<p>-A\u00d1ADIDO: Los roles de usuario adicionales ahora tienen acceso<br \/>\n-ADJUNTO: Notificaci\u00f3n de actualizaci\u00f3n de plugins<br \/>\n-FIXED: Varios errores menores<\/p>\n<div style=\"position: static !important;\"><\/div>\n<div style=\"position: static !important;\"><\/div>","protected":false},"featured_media":130678,"template":"","meta":{"site-sidebar-layout":"default","site-content-layout":"default","ast-site-content-layout":"default","site-content-style":"default","site-sidebar-style":"default","ast-global-header-display":"","ast-banner-title-visibility":"","ast-main-header-display":"","ast-hfb-above-header-display":"","ast-hfb-below-header-display":"","ast-hfb-mobile-header-display":"","site-post-title":"","ast-breadcrumbs-content":"","ast-featured-img":"","footer-sml-layout":"","ast-disable-related-posts":"","theme-transparent-header-meta":"default","adv-header-id-meta":"","stick-header-meta":"default","header-above-stick-meta":"","header-main-stick-meta":"","header-below-stick-meta":"","astra-migrate-meta-layouts":"set","ast-page-background-enabled":"default","ast-page-background-meta":{"desktop":{"background-color":"var(--ast-global-color-4)","background-image":"","background-repeat":"repeat","background-position":"center center","background-size":"auto","background-attachment":"scroll","background-type":"","background-media":"","overlay-type":"","overlay-color":"","overlay-opacity":"","overlay-gradient":""},"tablet":{"background-color":"","background-image":"","background-repeat":"repeat","background-position":"center center","background-size":"auto","background-attachment":"scroll","background-type":"","background-media":"","overlay-type":"","overlay-color":"","overlay-opacity":"","overlay-gradient":""},"mobile":{"background-color":"","background-image":"","background-repeat":"repeat","background-position":"center center","background-size":"auto","background-attachment":"scroll","background-type":"","background-media":"","overlay-type":"","overlay-color":"","overlay-opacity":"","overlay-gradient":""}},"ast-content-background-meta":{"desktop":{"background-color":"var(--ast-global-color-5)","background-image":"","background-repeat":"repeat","background-position":"center center","background-size":"auto","background-attachment":"scroll","background-type":"","background-media":"","overlay-type":"","overlay-color":"","overlay-opacity":"","overlay-gradient":""},"tablet":{"background-color":"var(--ast-global-color-5)","background-image":"","background-repeat":"repeat","background-position":"center center","background-size":"auto","background-attachment":"scroll","background-type":"","background-media":"","overlay-type":"","overlay-color":"","overlay-opacity":"","overlay-gradient":""},"mobile":{"background-color":"var(--ast-global-color-5)","background-image":"","background-repeat":"repeat","background-position":"center center","background-size":"auto","background-attachment":"scroll","background-type":"","background-media":"","overlay-type":"","overlay-color":"","overlay-opacity":"","overlay-gradient":""}}},"product_brand":[],"product_cat":[27,58,45],"product_tag":[],"class_list":{"0":"post-861","1":"product","2":"type-product","3":"status-publish","4":"has-post-thumbnail","6":"product_cat-extension","7":"product_cat-license-single","8":"product_cat-plugins","9":"desktop-align-left","10":"tablet-align-left","11":"mobile-align-left","12":"ast-product-gallery-layout-horizontal-slider","13":"ast-magnify-disabled","14":"ast-product-tabs-layout-horizontal","16":"first","17":"instock","18":"downloadable","19":"virtual","20":"taxable","21":"purchasable","22":"product-type-subscription"},"_links":{"self":[{"href":"https:\/\/www.fooevents.com\/es\/wp-json\/wp\/v2\/product\/861","targetHints":{"allow":["GET"]}}],"collection":[{"href":"https:\/\/www.fooevents.com\/es\/wp-json\/wp\/v2\/product"}],"about":[{"href":"https:\/\/www.fooevents.com\/es\/wp-json\/wp\/v2\/types\/product"}],"wp:featuredmedia":[{"embeddable":true,"href":"https:\/\/www.fooevents.com\/es\/wp-json\/wp\/v2\/media\/130678"}],"wp:attachment":[{"href":"https:\/\/www.fooevents.com\/es\/wp-json\/wp\/v2\/media?parent=861"}],"wp:term":[{"taxonomy":"product_brand","embeddable":true,"href":"https:\/\/www.fooevents.com\/es\/wp-json\/wp\/v2\/product_brand?post=861"},{"taxonomy":"product_cat","embeddable":true,"href":"https:\/\/www.fooevents.com\/es\/wp-json\/wp\/v2\/product_cat?post=861"},{"taxonomy":"product_tag","embeddable":true,"href":"https:\/\/www.fooevents.com\/es\/wp-json\/wp\/v2\/product_tag?post=861"}],"curies":[{"name":"wp","href":"https:\/\/api.w.org\/{rel}","templated":true}]}}