{"id":134636,"date":"2020-11-16T06:40:54","date_gmt":"2020-11-16T13:40:54","guid":{"rendered":"https:\/\/www.fooevents.com\/?page_id=134636"},"modified":"2026-04-01T03:14:06","modified_gmt":"2026-04-01T10:14:06","slug":"integrations","status":"publish","type":"page","link":"https:\/\/www.fooevents.com\/fr\/features\/integrations\/","title":{"rendered":"FooEvents Int\u00e9grations"},"content":{"rendered":"<div data-elementor-type=\"wp-page\" data-elementor-id=\"134636\" class=\"elementor elementor-134636\" data-elementor-post-type=\"page\">\n\t\t\t\t\t\t<section class=\"elementor-section elementor-top-section elementor-element elementor-element-1cdc8c70 elementor-section-full_width elementor-section-height-default elementor-section-height-default\" data-id=\"1cdc8c70\" data-element_type=\"section\" data-e-type=\"section\">\n\t\t\t\t\t\t<div class=\"elementor-container elementor-column-gap-default\">\n\t\t\t\t\t<div class=\"elementor-column elementor-col-100 elementor-top-column elementor-element elementor-element-50fb2550\" data-id=\"50fb2550\" data-element_type=\"column\" data-e-type=\"column\">\n\t\t\t<div class=\"elementor-widget-wrap elementor-element-populated\">\n\t\t\t\t\t\t<div class=\"elementor-element elementor-element-10437aad elementor-position-inline-end elementor-widget__width-initial elementor-fixed elementor-hidden-phone elementor-hidden-tablet elementor-view-default elementor-mobile-position-block-start elementor-widget elementor-widget-icon-box\" data-id=\"10437aad\" data-element_type=\"widget\" data-e-type=\"widget\" data-settings=\"{&quot;_position&quot;:&quot;fixed&quot;}\" data-widget_type=\"icon-box.default\">\n\t\t\t\t<div class=\"elementor-widget-container\">\n\t\t\t\t\t\t\t<div class=\"elementor-icon-box-wrapper\">\n\n\t\t\t\t\t\t<div class=\"elementor-icon-box-icon\">\n\t\t\t\t<a href=\"https:\/\/www.fooevents.com\/fr\/caracteristiques\/offrir\/\" class=\"elementor-icon\" tabindex=\"-1\" aria-label=\"Suivant\">\n\t\t\t\t<svg aria-hidden=\"true\" class=\"e-font-icon-svg e-fas-chevron-right\" viewbox=\"0 0 320 512\" xmlns=\"http:\/\/www.w3.org\/2000\/svg\"><path d=\"M285.476 272.971L91.132 467.314c-9.373 9.373-24.569 9.373-33.941 0l-22.667-22.667c-9.357-9.357-9.375-24.522-.04-33.901L188.505 256 34.484 101.255c-9.335-9.379-9.317-24.544.04-33.901l22.667-22.667c9.373-9.373 24.569-9.373 33.941 0L285.475 239.03c9.373 9.372 9.373 24.568.001 33.941z\"><\/path><\/svg>\t\t\t\t<\/a>\n\t\t\t<\/div>\n\t\t\t\n\t\t\t\t\t\t<div class=\"elementor-icon-box-content\">\n\n\t\t\t\t\t\t\t\t\t<h2 class=\"elementor-icon-box-title\">\n\t\t\t\t\t\t<a href=\"https:\/\/www.fooevents.com\/fr\/caracteristiques\/offrir\/\" >\n\t\t\t\t\t\t\tSuivant\t\t\t\t\t\t<\/a>\n\t\t\t\t\t<\/h2>\n\t\t\t\t\n\t\t\t\t\n\t\t\t<\/div>\n\t\t\t\n\t\t<\/div>\n\t\t\t\t\t\t<\/div>\n\t\t\t\t<\/div>\n\t\t\t\t<div class=\"elementor-element elementor-element-51306e42 elementor-position-inline-start elementor-widget__width-initial elementor-fixed elementor-hidden-phone elementor-hidden-tablet elementor-view-default elementor-mobile-position-block-start elementor-widget elementor-widget-icon-box\" data-id=\"51306e42\" data-element_type=\"widget\" data-e-type=\"widget\" data-settings=\"{&quot;_position&quot;:&quot;fixed&quot;}\" data-widget_type=\"icon-box.default\">\n\t\t\t\t<div class=\"elementor-widget-container\">\n\t\t\t\t\t\t\t<div class=\"elementor-icon-box-wrapper\">\n\n\t\t\t\t\t\t<div class=\"elementor-icon-box-icon\">\n\t\t\t\t<a href=\"https:\/\/www.fooevents.com\/fr\/caracteristiques\/perspectives\/\" class=\"elementor-icon\" tabindex=\"-1\" aria-label=\"Pr\u00e9venir\">\n\t\t\t\t<svg aria-hidden=\"true\" class=\"e-font-icon-svg e-fas-chevron-left\" viewbox=\"0 0 320 512\" xmlns=\"http:\/\/www.w3.org\/2000\/svg\"><path d=\"M34.52 239.03L228.87 44.69c9.37-9.37 24.57-9.37 33.94 0l22.67 22.67c9.36 9.36 9.37 24.52.04 33.9L131.49 256l154.02 154.75c9.34 9.38 9.32 24.54-.04 33.9l-22.67 22.67c-9.37 9.37-24.57 9.37-33.94 0L34.52 272.97c-9.37-9.37-9.37-24.57 0-33.94z\"><\/path><\/svg>\t\t\t\t<\/a>\n\t\t\t<\/div>\n\t\t\t\n\t\t\t\t\t\t<div class=\"elementor-icon-box-content\">\n\n\t\t\t\t\t\t\t\t\t<h2 class=\"elementor-icon-box-title\">\n\t\t\t\t\t\t<a href=\"https:\/\/www.fooevents.com\/fr\/caracteristiques\/perspectives\/\" >\n\t\t\t\t\t\t\tPr\u00e9venir\t\t\t\t\t\t<\/a>\n\t\t\t\t\t<\/h2>\n\t\t\t\t\n\t\t\t\t\n\t\t\t<\/div>\n\t\t\t\n\t\t<\/div>\n\t\t\t\t\t\t<\/div>\n\t\t\t\t<\/div>\n\t\t\t\t\t<\/div>\n\t\t<\/div>\n\t\t\t\t\t<\/div>\n\t\t<\/section>\n\t\t\t\t<section class=\"elementor-section elementor-top-section elementor-element elementor-element-6b0e0ff0 animated-fast elementor-section-boxed elementor-section-height-default elementor-section-height-default elementor-invisible\" data-id=\"6b0e0ff0\" data-element_type=\"section\" data-e-type=\"section\" data-settings=\"{&quot;animation&quot;:&quot;fadeIn&quot;}\">\n\t\t\t\t\t\t<div class=\"elementor-container elementor-column-gap-default\">\n\t\t\t\t\t<div class=\"elementor-column elementor-col-100 elementor-top-column elementor-element elementor-element-173d0070\" data-id=\"173d0070\" data-element_type=\"column\" data-e-type=\"column\">\n\t\t\t<div class=\"elementor-widget-wrap elementor-element-populated\">\n\t\t\t\t\t\t<div class=\"elementor-element elementor-element-19613207 elementor-widget elementor-widget-heading\" data-id=\"19613207\" data-element_type=\"widget\" data-e-type=\"widget\" data-widget_type=\"heading.default\">\n\t\t\t\t<div class=\"elementor-widget-container\">\n\t\t\t\t\t<h2 class=\"elementor-heading-title elementor-size-default\">Int\u00e9grations<\/h2>\t\t\t\t<\/div>\n\t\t\t\t<\/div>\n\t\t\t\t<div class=\"elementor-element elementor-element-596c3539 elementor-widget elementor-widget-heading\" data-id=\"596c3539\" data-element_type=\"widget\" data-e-type=\"widget\" id=\"feature-heading\" data-widget_type=\"heading.default\">\n\t\t\t\t<div class=\"elementor-widget-container\">\n\t\t\t\t\t<h1 class=\"elementor-heading-title elementor-size-default\">Nous jouons gentiment avec les autres !<\/h1>\t\t\t\t<\/div>\n\t\t\t\t<\/div>\n\t\t\t\t<div class=\"elementor-element elementor-element-594b8f53 elementor-widget elementor-widget-heading\" data-id=\"594b8f53\" data-element_type=\"widget\" data-e-type=\"widget\" data-widget_type=\"heading.default\">\n\t\t\t\t<div class=\"elementor-widget-container\">\n\t\t\t\t\t<h2 class=\"elementor-heading-title elementor-size-default\">Comme FooEvents est un plugin WooCommerce, vous pouvez utiliser des milliers de plugins et de services WordPress et WooCommerce qui <u>\u00e9tendre la fonctionnalit\u00e9<\/u> de votre site web et fonctionner de mani\u00e8re transparente avec FooEvents.<\/h2>\t\t\t\t<\/div>\n\t\t\t\t<\/div>\n\t\t\t\t\t<\/div>\n\t\t<\/div>\n\t\t\t\t\t<\/div>\n\t\t<\/section>\n\t\t\t\t<section class=\"elementor-section elementor-top-section elementor-element elementor-element-203a0ef8 elementor-section-boxed elementor-section-height-default elementor-section-height-default\" data-id=\"203a0ef8\" data-element_type=\"section\" data-e-type=\"section\">\n\t\t\t\t\t\t<div class=\"elementor-container elementor-column-gap-default\">\n\t\t\t\t\t<div class=\"elementor-column elementor-col-16 elementor-top-column elementor-element elementor-element-321864f2\" data-id=\"321864f2\" data-element_type=\"column\" data-e-type=\"column\">\n\t\t\t<div class=\"elementor-widget-wrap\">\n\t\t\t\t\t\t\t<\/div>\n\t\t<\/div>\n\t\t\t\t<div class=\"elementor-column elementor-col-66 elementor-top-column elementor-element elementor-element-5c97e509\" data-id=\"5c97e509\" data-element_type=\"column\" data-e-type=\"column\">\n\t\t\t<div class=\"elementor-widget-wrap elementor-element-populated\">\n\t\t\t\t\t\t<div class=\"elementor-element elementor-element-1c3d39e4 elementor-widget elementor-widget-text-editor\" data-id=\"1c3d39e4\" data-element_type=\"widget\" data-e-type=\"widget\" data-widget_type=\"text-editor.default\">\n\t\t\t\t<div class=\"elementor-widget-container\">\n\t\t\t\t\t\t\t\t\t<h3 style=\"text-align: center;\"><strong style=\"color: var(--ast-global-color-2); font-size: 1.66667rem; font-style: inherit; font-family: var( --e-global-typography-text-font-family ), Sans-serif; background-color: var(--ast-global-color-5);\">Compatibilit\u00e9 de la traduction<\/strong><\/h3><p style=\"text-align: center;\">FooEvents est compatible avec TranslatePress et WPML, des plugins multilingues WordPress populaires qui vous permettent de traduire le contenu de votre site web en plusieurs langues.<\/p><p style=\"text-align: center;\"><strong><span style=\"text-decoration: underline;\"><a href=\"https:\/\/help.fooevents.com\/docs\/topics\/translations\/translatepress\/\" rel=\"nofollow noopener\" target=\"_blank\">TranslatePress<\/a><\/span> |\u00a0<span style=\"text-decoration: underline;\"><a href=\"https:\/\/help.fooevents.com\/docs\/topics\/translations\/wpml\/\" rel=\"nofollow noopener\" target=\"_blank\">WPML<\/a><\/span><\/strong><\/p><h3 style=\"font-style: normal; color: #3a3a3a; text-align: center;\"><span style=\"font-weight: bold;\">WooCommerce Int\u00e9gration AutomateWoo<\/span><\/h3><p style=\"font-size: 16px; font-style: normal; font-weight: 400; color: #4d4d4d; text-align: center;\">FooEvents s'int\u00e8gre \u00e0 WooCommerce AutomateWoo qui est une excellente solution pour l'envoi de rappels pr\u00e9programm\u00e9s par courrier \u00e9lectronique et par SMS.<\/p><p style=\"font-size: 16px; font-style: normal; font-weight: 400; color: #4d4d4d; text-align: center;\"><span style=\"font-weight: bold;\"><span style=\"text-decoration-line: underline;\"><a style=\"color: #b4458d; transition-property: all;\" href=\"https:\/\/help.fooevents.com\/docs\/topics\/third-party-integration\/automatewoo\/\" rel=\"nofollow noopener\" target=\"_blank\">Pour en savoir plus \u2192<\/a><\/span><\/span><\/p><h3 style=\"font-style: normal; color: #3a3a3a; text-align: center;\"><span style=\"font-weight: bold;\">Int\u00e9gration de AddToWallet<\/span><\/h3><p style=\"font-size: 16px; font-style: normal; font-weight: 400; color: #4d4d4d; text-align: center;\">FooEvents s'int\u00e8gre \u00e0 AddToWallet pour permettre \u00e0 vos participants d'ajouter des billets FooEvents avec des codes QR \u00e0 Apple Wallet ou Google Wallet sur leurs appareils mobiles.<\/p><p style=\"font-size: 16px; font-style: normal; font-weight: 400; color: #4d4d4d; text-align: center;\"><span style=\"font-weight: bold;\"><span style=\"text-decoration-line: underline;\"><a style=\"color: #b4458d; transition-property: all;\" href=\"https:\/\/help.fooevents.com\/docs\/topics\/third-party-integration\/addtowallet\/\" rel=\"nofollow noopener\" target=\"_blank\">Pour en savoir plus \u2192<\/a><\/span><\/span><\/p><h3 style=\"font-style: normal; color: #3a3a3a; text-align: center;\"><span style=\"font-weight: bold;\">Int\u00e9gration de Mailchimp<\/span><\/h3><p style=\"font-size: 16px; font-style: normal; font-weight: 400; color: #4d4d4d; text-align: center;\">Ajoutez automatiquement vos participants \u00e0 une liste d'audience Mailchimp lorsque des billets sont g\u00e9n\u00e9r\u00e9s. Vous pouvez \u00e9galement sp\u00e9cifier des balises par d\u00e9faut ou des balises sp\u00e9cifiques \u00e0 l'\u00e9v\u00e9nement qui peuvent \u00eatre utilis\u00e9es pour segmenter votre liste Mailchimp.<\/p><p style=\"font-size: 16px; font-style: normal; font-weight: 400; color: #4d4d4d; text-align: center;\"><span style=\"font-weight: bold;\"><span style=\"text-decoration-line: underline;\"><a style=\"color: #b4458d; transition-property: all;\" href=\"https:\/\/help.fooevents.com\/docs\/topics\/third-party-integration\/mailchimp\/\" rel=\"nofollow noopener\" target=\"_blank\">Pour en savoir plus \u2192<\/a><\/span><\/span><\/p><h3 style=\"font-style: normal; text-align: center;\"><span style=\"font-size: 25px; font-weight: bold;\">Int\u00e9gration d'Eventbrite<\/span><\/h3><p style=\"font-size: 16px; font-style: normal; font-weight: 400; color: #4d4d4d; text-align: center;\">Ajoutez automatiquement les \u00e9v\u00e9nements cr\u00e9\u00e9s dans FooEvents \u00e0 votre compte Eventbrite ou importez les \u00e9v\u00e9nements cr\u00e9\u00e9s dans Eventbrite vers FooEvents.<\/p><p style=\"font-size: 16px; font-style: normal; font-weight: 400; color: #4d4d4d; text-align: center;\"><span style=\"font-size: 16px; font-weight: bold;\"><span style=\"font-size: 16px; text-decoration-line: underline;\"><a href=\"https:\/\/help.fooevents.com\/docs\/topics\/events\/global-settings\/#integration\" rel=\"nofollow noopener\" target=\"_blank\">Pour en savoir plus \u2192<\/a><\/span><\/span><\/p><h3 style=\"text-align: center;\"><span style=\"font-size: 25px; font-weight: bold;\">WooCommerce Int\u00e9gration des abonnements<\/span><\/h3><p style=\"font-size: 16px; font-style: normal; font-weight: 400; color: #4d4d4d; text-align: center;\">FooEvents est enti\u00e8rement compatible avec les abonnements WooCommerce et il est possible d'emp\u00eacher la cr\u00e9ation de nouveaux tickets \u00e0 chaque fois qu'un abonnement est renouvel\u00e9.\u00a0<span style=\"font-size: 16px; font-style: normal; font-weight: 400; color: var( --e-global-color-text ); font-family: var( --e-global-typography-text-font-family ), Sans-serif;\">par le biais d'un r\u00e9glage<\/span><span style=\"font-size: 16px; font-style: normal; font-weight: 400; font-family: var( --e-global-typography-text-font-family ), Sans-serif;\">.<\/span><\/p><p style=\"font-size: 16px; font-style: normal; font-weight: 400; color: #4d4d4d; text-align: center;\"><span style=\"font-size: 16px; font-weight: bold;\"><span style=\"font-size: 16px; text-decoration-line: underline;\"><a style=\"font-size: 16px;\" href=\"https:\/\/help.fooevents.com\/docs\/topics\/events\/global-settings\/#integration\" rel=\"nofollow noopener\" target=\"_blank\">Pour en savoir plus \u2192<\/a><\/span><\/span><\/p><h3 style=\"text-align: center;\"><strong>Plugins tiers populaires<\/strong><\/h3><p style=\"text-align: center;\">FooEvents est compatible avec des milliers de plugins WordPress et WooCommerce. Visitez notre centre d'aide pour voir certains des plugins les plus populaires utilis\u00e9s avec FooEvents.<\/p><p style=\"text-align: center;\"><strong><span style=\"text-decoration: underline;\"><a href=\"https:\/\/help.fooevents.com\/docs\/topics\/third-party-integration\/\" rel=\"nofollow noopener\" target=\"_blank\">Voir les plugins \u2192<\/a><\/span><\/strong><\/p><h3 style=\"font-size: 1.66667rem; font-style: normal; text-align: center;\"><span style=\"font-weight: bold; font-size: 1.5625rem;\">FooSales POS<\/span><\/h3><p style=\"font-size: 15px; font-style: normal; font-weight: 400; text-align: center;\">FooSales est un syst\u00e8me de point de vente s\u00e9curis\u00e9 (POS) pour WooCommerce qui transforme n'importe quel ordinateur, iPad ou tablette Android en caisse enregistreuse et facilite la vente de vos produits et la gestion de votre entreprise depuis n'importe o\u00f9 dans le monde.<\/p><p style=\"font-size: 15px; font-style: normal; font-weight: 400; text-align: center;\"><span style=\"font-weight: bold;\"><span style=\"text-decoration-line: underline;\"><a title=\"FooSales WooCommerce POS\" href=\"https:\/\/www.foosales.com\/\" target=\"_blank\" rel=\"noopener\">Pour en savoir plus \u2192<\/a><\/span><\/span><\/p>\t\t\t\t\t\t\t\t<\/div>\n\t\t\t\t<\/div>\n\t\t\t\t\t<\/div>\n\t\t<\/div>\n\t\t\t\t<div class=\"elementor-column elementor-col-16 elementor-top-column elementor-element elementor-element-28189073\" data-id=\"28189073\" data-element_type=\"column\" data-e-type=\"column\">\n\t\t\t<div class=\"elementor-widget-wrap\">\n\t\t\t\t\t\t\t<\/div>\n\t\t<\/div>\n\t\t\t\t\t<\/div>\n\t\t<\/section>\n\t\t\t\t<section class=\"elementor-section elementor-top-section elementor-element elementor-element-37a06617 elementor-section-boxed elementor-section-height-default elementor-section-height-default\" data-id=\"37a06617\" data-element_type=\"section\" data-e-type=\"section\">\n\t\t\t\t\t\t<div class=\"elementor-container elementor-column-gap-default\">\n\t\t\t\t\t<div class=\"elementor-column elementor-col-100 elementor-top-column elementor-element elementor-element-6419547d\" data-id=\"6419547d\" data-element_type=\"column\" data-e-type=\"column\">\n\t\t\t<div class=\"elementor-widget-wrap elementor-element-populated\">\n\t\t\t\t\t\t<div class=\"elementor-element elementor-element-4290cee0 elementor-widget__width-auto nav-link elementor-widget elementor-widget-text-editor\" data-id=\"4290cee0\" data-element_type=\"widget\" data-e-type=\"widget\" data-widget_type=\"text-editor.default\">\n\t\t\t\t<div class=\"elementor-widget-container\">\n\t\t\t\t\t\t\t\t\t<a href=\"https:\/\/www.fooevents.com\/fr\/caracteristiques\/perspectives\/\">\u2190 Perspectives<\/a> - <a href=\"https:\/\/www.fooevents.com\/fr\/caracteristiques\/offrir\/\">Surprise \u2192<\/a>\t\t\t\t\t\t\t\t<\/div>\n\t\t\t\t<\/div>\n\t\t\t\t\t<\/div>\n\t\t<\/div>\n\t\t\t\t\t<\/div>\n\t\t<\/section>\n\t\t\t\t<\/div>","protected":false},"excerpt":{"rendered":"<p>Nous jouons volontiers avec les autres ! Comme FooEvents est un plugin WooCommerce, vous pouvez utiliser des milliers de plugins et de services WordPress et WooCommerce qui \u00e9tendent les fonctionnalit\u00e9s de votre site web et fonctionnent de mani\u00e8re transparente avec FooEvents.<\/p>","protected":false},"author":1,"featured_media":0,"parent":31686,"menu_order":0,"comment_status":"closed","ping_status":"closed","template":"","meta":{"site-sidebar-layout":"no-sidebar","site-content-layout":"page-builder","ast-site-content-layout":"default","site-content-style":"default","site-sidebar-style":"default","ast-global-header-display":"","ast-banner-title-visibility":"","ast-main-header-display":"","ast-hfb-above-header-display":"","ast-hfb-below-header-display":"","ast-hfb-mobile-header-display":"","site-post-title":"disabled","ast-breadcrumbs-content":"","ast-featured-img":"disabled","footer-sml-layout":"","ast-disable-related-posts":"","theme-transparent-header-meta":"default","adv-header-id-meta":"","stick-header-meta":"default","header-above-stick-meta":"","header-main-stick-meta":"","header-below-stick-meta":"","astra-migrate-meta-layouts":"default","ast-page-background-enabled":"default","ast-page-background-meta":{"desktop":{"background-color":"var(--ast-global-color-4)","background-image":"","background-repeat":"repeat","background-position":"center center","background-size":"auto","background-attachment":"scroll","background-type":"","background-media":"","overlay-type":"","overlay-color":"","overlay-opacity":"","overlay-gradient":""},"tablet":{"background-color":"","background-image":"","background-repeat":"repeat","background-position":"center center","background-size":"auto","background-attachment":"scroll","background-type":"","background-media":"","overlay-type":"","overlay-color":"","overlay-opacity":"","overlay-gradient":""},"mobile":{"background-color":"","background-image":"","background-repeat":"repeat","background-position":"center center","background-size":"auto","background-attachment":"scroll","background-type":"","background-media":"","overlay-type":"","overlay-color":"","overlay-opacity":"","overlay-gradient":""}},"ast-content-background-meta":{"desktop":{"background-color":"var(--ast-global-color-5)","background-image":"","background-repeat":"repeat","background-position":"center center","background-size":"auto","background-attachment":"scroll","background-type":"","background-media":"","overlay-type":"","overlay-color":"","overlay-opacity":"","overlay-gradient":""},"tablet":{"background-color":"var(--ast-global-color-5)","background-image":"","background-repeat":"repeat","background-position":"center center","background-size":"auto","background-attachment":"scroll","background-type":"","background-media":"","overlay-type":"","overlay-color":"","overlay-opacity":"","overlay-gradient":""},"mobile":{"background-color":"var(--ast-global-color-5)","background-image":"","background-repeat":"repeat","background-position":"center center","background-size":"auto","background-attachment":"scroll","background-type":"","background-media":"","overlay-type":"","overlay-color":"","overlay-opacity":"","overlay-gradient":""}},"footnotes":""},"class_list":["post-134636","page","type-page","status-publish","hentry"],"_links":{"self":[{"href":"https:\/\/www.fooevents.com\/fr\/wp-json\/wp\/v2\/pages\/134636","targetHints":{"allow":["GET"]}}],"collection":[{"href":"https:\/\/www.fooevents.com\/fr\/wp-json\/wp\/v2\/pages"}],"about":[{"href":"https:\/\/www.fooevents.com\/fr\/wp-json\/wp\/v2\/types\/page"}],"author":[{"embeddable":true,"href":"https:\/\/www.fooevents.com\/fr\/wp-json\/wp\/v2\/users\/1"}],"replies":[{"embeddable":true,"href":"https:\/\/www.fooevents.com\/fr\/wp-json\/wp\/v2\/comments?post=134636"}],"version-history":[{"count":3,"href":"https:\/\/www.fooevents.com\/fr\/wp-json\/wp\/v2\/pages\/134636\/revisions"}],"predecessor-version":[{"id":206382,"href":"https:\/\/www.fooevents.com\/fr\/wp-json\/wp\/v2\/pages\/134636\/revisions\/206382"}],"up":[{"embeddable":true,"href":"https:\/\/www.fooevents.com\/fr\/wp-json\/wp\/v2\/pages\/31686"}],"wp:attachment":[{"href":"https:\/\/www.fooevents.com\/fr\/wp-json\/wp\/v2\/media?parent=134636"}],"curies":[{"name":"wp","href":"https:\/\/api.w.org\/{rel}","templated":true}]}}