{"id":23678,"date":"2018-05-25T12:24:47","date_gmt":"2018-05-25T18:24:47","guid":{"rendered":"https:\/\/www.fooevents.com\/?page_id=23678"},"modified":"2021-11-04T14:24:34","modified_gmt":"2021-11-04T20:24:34","slug":"vie-privee","status":"publish","type":"page","link":"https:\/\/www.fooevents.com\/fr\/privacy\/","title":{"rendered":"Politique de confidentialit\u00e9"},"content":{"rendered":"<div data-elementor-type=\"wp-page\" data-elementor-id=\"23678\" class=\"elementor elementor-23678\" data-elementor-post-type=\"page\">\n\t\t\t\t\t\t<section class=\"elementor-section elementor-top-section elementor-element elementor-element-4c1ad695 elementor-section-full_width elementor-section-height-default elementor-section-height-default\" data-id=\"4c1ad695\" data-element_type=\"section\" data-e-type=\"section\">\n\t\t\t\t\t\t<div class=\"elementor-container elementor-column-gap-no\">\n\t\t\t\t\t<div class=\"elementor-column elementor-col-100 elementor-top-column elementor-element elementor-element-3fb2ee2\" data-id=\"3fb2ee2\" data-element_type=\"column\" data-e-type=\"column\">\n\t\t\t<div class=\"elementor-widget-wrap elementor-element-populated\">\n\t\t\t\t\t\t<div class=\"elementor-element elementor-element-b8e0f30 elementor-widget elementor-widget-text-editor\" data-id=\"b8e0f30\" data-element_type=\"widget\" data-e-type=\"widget\" data-widget_type=\"text-editor.default\">\n\t\t\t\t<div class=\"elementor-widget-container\">\n\t\t\t\t\t\t\t\t\t<p><em>Derni\u00e8re mise \u00e0 jour : 8 avril 2019<\/em><\/p>\n<h3><a name=\"who_we_are\"><\/a><br>1. QUI NOUS SOMMES<\/h3>\n<p>FooEvents est un produit appartenant \u00e0 Grenade Technologies (Pty) Ltd. qui est enregistr\u00e9 en R\u00e9publique d'Afrique du Sud (Reg. No. 2012\/051365\/07).<\/p>\n<p>L'adresse de notre site web est la suivante : <a href=\"https:\/\/www.fooevents.com\/fr\/\">https:\/\/www.fooevents.com<\/a><\/p>\n<p>Pour toute question concernant notre politique de confidentialit\u00e9 ou pour toute demande de droit d'acc\u00e8s, vous pouvez envoyer un courriel \u00e0 : privacy (at) fooevents.com<\/p>\n<h3><a name=\"personal_data_collection\"><\/a><br>2. QUELLES SONT LES DONN\u00c9ES PERSONNELLES QUE NOUS COLLECTONS ET POURQUOI NOUS LES COLLECTONS<\/h3>\n<p>FooEvents suit les principes suivants afin de prot\u00e9ger votre vie priv\u00e9e :<br>- Nous ne collectons pas plus d'informations que n\u00e9cessaire ;<br>- Nous n'utilisons pas vos donn\u00e9es \u00e0 d'autres fins que celles sp\u00e9cifi\u00e9es ;<br>- Nous ne conservons pas vos donn\u00e9es si elles ne sont plus n\u00e9cessaires ;<br>- Nous ne transmettons pas vos donn\u00e9es \u00e0 des tiers sans votre consentement.<\/p>\n<p>Si vous avez des questions sur notre politique de protection de la vie priv\u00e9e ou si vous ne l'acceptez pas, veuillez nous contacter avant d'utiliser ce site web. Nous pouvons modifier notre politique de temps \u00e0 autre. Nous vous conseillons donc de consulter r\u00e9guli\u00e8rement cette page pour vous assurer que vous \u00eates au courant des changements qui ont \u00e9t\u00e9 apport\u00e9s.<\/p>\n<h3><a name=\"comments\"><\/a><br>3. COMMENTAIRES<\/h3>\n<p>Lorsque les visiteurs laissent des commentaires sur le site, nous recueillons les donn\u00e9es figurant dans le formulaire de commentaires, ainsi que l'adresse IP du visiteur et la cha\u00eene de l'agent utilisateur du navigateur afin de faciliter la d\u00e9tection des spams.<\/p>\n<p>Une cha\u00eene anonyme cr\u00e9\u00e9e \u00e0 partir de votre adresse \u00e9lectronique (\u00e9galement appel\u00e9e \"hash\") peut \u00eatre fournie au service Gravatar pour v\u00e9rifier si vous l'utilisez. La politique de confidentialit\u00e9 du service Gravatar est disponible ici : <a href=\"https:\/\/automattic.com\/privacy\/\" rel=\"nofollow noopener\" target=\"_blank\">https:\/\/automattic.com\/privacy\/<\/a><\/p>\n<p>Apr\u00e8s approbation de votre commentaire, votre photo de profil est visible par le public dans le contexte de votre commentaire.<\/p>\n<h3><a name=\"media\"><\/a><br>4. M\u00c9DIA<\/h3>\n<p>Si vous t\u00e9l\u00e9chargez des images sur le site web, vous devez \u00e9viter de t\u00e9l\u00e9charger des images contenant des donn\u00e9es de localisation int\u00e9gr\u00e9es (EXIF GPS). Les visiteurs du site web peuvent t\u00e9l\u00e9charger et extraire toutes les donn\u00e9es de localisation des images sur le site web.<\/p>\n<h3><a name=\"contact_forms\"><\/a><br>5. FORMULAIRES DE CONTACT<\/h3>\n<p>Nous utilisons des formulaires de contact sur ce site web pour permettre aux clients et aux visiteurs de s'inscrire \u00e0 des listes de diffusion, de r\u00e9pondre \u00e0 des enqu\u00eates, de soumettre des tickets d'assistance et de prendre contact avec nous.<\/p>\n<p>\u00c0 des fins de service \u00e0 la client\u00e8le et de gouvernance d'entreprise, nous archivons ind\u00e9finiment dans la base de donn\u00e9es de notre site web les informations personnelles suivantes qui sont soumises par le biais d'un formulaire de contact : votre nom complet, votre adresse \u00e9lectronique et votre adresse IP.<\/p>\n<p>FooEvents ne louera ni ne vendra \u00e0 quiconque des informations potentiellement identifiantes et personnelles. \u00c0 l'exception de ses employ\u00e9s et contractants, comme d\u00e9crit ci-dessus, FooEvents ne divulgue des informations d'identification personnelle et potentiellement personnelles qu'en r\u00e9ponse \u00e0 une citation \u00e0 compara\u00eetre, une ordonnance du tribunal ou une autre demande gouvernementale, ou lorsque FooEvents estime en toute bonne foi que la divulgation est raisonnablement n\u00e9cessaire pour prot\u00e9ger la propri\u00e9t\u00e9 ou les droits de FooEvents, de tiers ou du public en g\u00e9n\u00e9ral.<\/p>\n<p>Si vous \u00eates un client de FooEvents et que vous avez choisi de recevoir des informations et des mises \u00e0 jour de notre part, FooEvents peut occasionnellement vous envoyer un courrier \u00e9lectronique pour vous informer des nouvelles fonctionnalit\u00e9s, solliciter vos commentaires ou simplement vous tenir au courant de l'\u00e9volution de FooEvents et de ses produits. Si vous nous envoyez une demande (par exemple via un e-mail d'assistance ou via l'un de nos m\u00e9canismes de retour d'information), nous nous r\u00e9servons le droit de la publier afin de nous aider \u00e0 clarifier ou \u00e0 r\u00e9pondre \u00e0 votre demande ou \u00e0 aider d'autres utilisateurs.<\/p>\n<p>FooEvents prend toutes les mesures raisonnablement n\u00e9cessaires pour se prot\u00e9ger contre l'acc\u00e8s non autoris\u00e9, l'utilisation, l'alt\u00e9ration ou la destruction des informations potentiellement nominatives et d'identification personnelle.<\/p>\n<p>Dans le cadre de nos mesures de s\u00e9curit\u00e9, nous avons mis en place le protocole HTTPS sur l'ensemble du site web et crypt\u00e9 le flux de donn\u00e9es entre le navigateur du client et le serveur web.<\/p>\n<h3><a name=\"cookies\"><\/a><br>6. COOKIES<\/h3>\n<p>Pour am\u00e9liorer votre exp\u00e9rience sur notre site, nous utilisons des \"cookies\". Les cookies sont une norme industrielle et la plupart des grands sites web les utilisent. Un cookie est un petit fichier texte que notre site place sur votre ordinateur pour m\u00e9moriser vos pr\u00e9f\u00e9rences. Vous pouvez refuser l'utilisation de cookies en s\u00e9lectionnant les param\u00e8tres appropri\u00e9s de votre navigateur. Toutefois, veuillez noter que si vous faites cela, vous risquez de ne pas pouvoir utiliser toutes les fonctionnalit\u00e9s de ce site web.<\/p>\n<p>Nous utilisons les cookies de Google Analytics (d\u00e9crits en d\u00e9tail dans la section <a href=\"#analytics\">Analyse<\/a> ) et le pixel Facebook. Le pixel Facebook est un outil d'analyse qui nous permet de mesurer l'efficacit\u00e9 de notre publicit\u00e9 en comprenant les actions effectu\u00e9es par les internautes sur ce site. Les d\u00e9tails techniques sur le fonctionnement du pixel Facebook et les donn\u00e9es qu'il collecte peuvent \u00eatre consult\u00e9s dans la politique de Facebook en mati\u00e8re de cookies : <a href=\"https:\/\/www.facebook.com\/policies\/cookies\/\" target=\"_blank\" rel=\"noopener\">https:\/\/www.facebook.com\/policies\/cookies\/<\/a><\/p>\n<p>Si vous laissez un commentaire sur notre site, vous pouvez accepter que votre nom, votre adresse \u00e9lectronique et votre site web soient enregistr\u00e9s dans des cookies. Ces cookies sont destin\u00e9s \u00e0 vous faciliter la t\u00e2che, de sorte que vous n'ayez pas \u00e0 fournir \u00e0 nouveau vos coordonn\u00e9es lorsque vous laissez un autre commentaire. Ces cookies ont une dur\u00e9e de vie d'un an.<\/p>\n<p>Si vous avez un compte et que vous vous connectez \u00e0 ce site, nous installerons un cookie temporaire pour d\u00e9terminer si votre navigateur accepte les cookies. Ce cookie ne contient aucune donn\u00e9e personnelle et est supprim\u00e9 lorsque vous fermez votre navigateur.<\/p>\n<p>Lorsque vous vous connectez, nous installons \u00e9galement plusieurs cookies pour enregistrer vos informations de connexion et vos choix d'affichage \u00e0 l'\u00e9cran. Les cookies de connexion ont une dur\u00e9e de vie de deux jours et les cookies d'options d'\u00e9cran ont une dur\u00e9e de vie d'un an. Si vous s\u00e9lectionnez l'option \"Se souvenir de moi\", votre connexion sera conserv\u00e9e pendant deux semaines. Si vous vous d\u00e9connectez de votre compte, les cookies de connexion seront supprim\u00e9s.<\/p>\n<p>Si vous modifiez ou publiez un article, un cookie suppl\u00e9mentaire sera enregistr\u00e9 dans votre navigateur. Ce cookie ne contient aucune donn\u00e9e personnelle et indique simplement l'identifiant de l'article que vous venez de modifier. Il expire apr\u00e8s 1 jour.<\/p>\n<h3><a name=\"embedded_content\"><\/a><br>7. CONTENU INT\u00c9GR\u00c9 D'AUTRES SITES WEB<\/h3>\n<p>Les articles de ce site peuvent contenir du contenu int\u00e9gr\u00e9 (par exemple des vid\u00e9os, des images, des articles, etc.). Le contenu int\u00e9gr\u00e9 provenant d'autres sites web se comporte exactement de la m\u00eame mani\u00e8re que si le visiteur avait visit\u00e9 l'autre site web.<\/p>\n<p>Ces sites web peuvent collecter des donn\u00e9es vous concernant, utiliser des cookies, int\u00e9grer un suivi suppl\u00e9mentaire par des tiers et contr\u00f4ler votre interaction avec ce contenu int\u00e9gr\u00e9, y compris tracer votre interaction avec le contenu int\u00e9gr\u00e9 si vous avez un compte et que vous \u00eates connect\u00e9 \u00e0 ce site web.<\/p>\n<h3><a name=\"analytics\"><\/a><br>8. ANALYTIQUE<\/h3>\n<p>Notre site Internet utilise Google Analytics, un service qui transmet les donn\u00e9es du site Internet aux serveurs de Google aux \u00c9tats-Unis. Google Analytics n'identifie pas les utilisateurs individuels et n'associe pas votre adresse IP \u00e0 d'autres donn\u00e9es d\u00e9tenues par Google. Nous utilisons les rapports fournis par Google Analytics pour nous aider \u00e0 comprendre le trafic sur le site et l'utilisation des pages web.<\/p>\n<p>Vous pouvez consulter les r\u00e8gles de confidentialit\u00e9 de Google ici : <a href=\"https:\/\/policies.google.com\/privacy\" rel=\"nofollow noopener\" target=\"_blank\">https:\/\/policies.google.com\/privacy<\/a><\/p>\n<p>Pour en savoir plus sur la mani\u00e8re dont Google utilise les informations provenant de sites et d'applications qui utilisent ses services, cliquez ici :&nbsp;<a href=\"https:\/\/policies.google.com\/technologies\/partner-sites\" rel=\"nofollow noopener\" target=\"_blank\">https:\/\/policies.google.com\/technologies\/partner-sites<\/a><\/p>\n<p>Une liste de tous les cookies utilis\u00e9s par Google Analytics ainsi qu'une explication de chacun d'entre eux sont disponibles ici : <a href=\"https:\/\/developers.google.com\/analytics\/devguides\/collection\/analyticsjs\/cookie-usage\" rel=\"nofollow noopener\" target=\"_blank\">https:\/\/developers.google.com\/analytics\/devguides\/collection\/analyticsjs\/cookie-usage<\/a><\/p>\n<p>Nous utilisons le plugin Enhanced E-commerce for WooCommerce store de Tatvic pour int\u00e9grer la fonctionnalit\u00e9 avanc\u00e9e de commerce \u00e9lectronique Google Analytics sur ce site web. Vous pouvez acc\u00e9der \u00e0 la politique de confidentialit\u00e9 du plugin de Tatvic ici : <a href=\"https:\/\/www.tatvic.com\/privacy-policy\/?ref=plugin_policy&amp;utm_source=plugin_backend&amp;utm_medium=woocommerce_free_plugin&amp;utm_campaign=GDPR_complaince_ecomm_plugins\" rel=\"nofollow noopener\" target=\"_blank\">https:\/\/www.tatvic.com\/privacy-policy\/?ref=plugin_policy&amp;utm_source=plugin_backend&amp;utm_medium=woocommerce_free_plugin&amp;utm_campaign=GDPR_complaince_ecomm_plugins<\/a><\/p>\n<p>Nous avons activ\u00e9 les fonctionnalit\u00e9s optionnelles d'anonymisation IP et de d\u00e9sactivation de Google Analytics dans ce plugin afin d'\u00eatre en conformit\u00e9 avec le R\u00e8glement g\u00e9n\u00e9ral europ\u00e9en sur la protection des donn\u00e9es (RGPD).<\/p>\n<p>Vous pouvez \u00e9galement installer le module compl\u00e9mentaire de navigateur pour la d\u00e9sactivation de Google Analytics afin d'emp\u00eacher compl\u00e8tement l'enregistrement de vos donn\u00e9es dans Google Analytics : <a href=\"https:\/\/tools.google.com\/dlpage\/gaoptout\/\" rel=\"nofollow noopener\" target=\"_blank\">https:\/\/tools.google.com\/dlpage\/gaoptout\/<\/a><\/p>\n<h3><a name=\"what_we_collect\"><\/a><br>9. CE QUE NOUS COLLECTONS ET STOCKONS<\/h3>\n<p>Pendant que vous visitez notre site, nous suivons :<br>- Produits que vous avez consult\u00e9s : nous utilisons ces informations pour, par exemple, vous montrer les produits que vous avez r\u00e9cemment consult\u00e9s et vous faire des recommandations.<br>- Localisation, adresse IP et type de navigateur : nous utilisons ces informations pour estimer les taxes et les frais d'exp\u00e9dition, par exemple.<\/p>\n<p>Nous utilisons \u00e9galement des cookies pour suivre le contenu des paniers lorsque vous naviguez sur notre site.<\/p>\n<p>Lorsque vous effectuez un achat chez nous, nous vous demandons de fournir des informations telles que votre nom, votre adresse de facturation, votre adresse de livraison, votre adresse \u00e9lectronique, votre num\u00e9ro de t\u00e9l\u00e9phone, les d\u00e9tails de votre carte de cr\u00e9dit\/paiement et des informations facultatives sur votre compte, telles que votre nom d'utilisateur et votre mot de passe. Nous utiliserons ces informations \u00e0 des fins telles que :<br>- vous envoyer des informations sur votre compte et votre commande<br>- r\u00e9pondre \u00e0 vos demandes, y compris les remboursements et les r\u00e9clamations<br>- Traiter les paiements et pr\u00e9venir la fraude<br>- Cr\u00e9ez votre compte pour notre magasin<br>- Respecter les obligations l\u00e9gales qui nous incombent, telles que le calcul des imp\u00f4ts.<br>- Am\u00e9liorer l'offre de nos magasins<br>- vous envoyer des messages marketing, si vous choisissez de les recevoir<\/p>\n<p>Si vous cr\u00e9ez un compte, nous conserverons votre nom, votre adresse, votre adresse \u00e9lectronique et votre num\u00e9ro de t\u00e9l\u00e9phone, qui seront utilis\u00e9s pour remplir le formulaire de commande lors de commandes ult\u00e9rieures.<\/p>\n<p>Nous conservons g\u00e9n\u00e9ralement les informations vous concernant aussi longtemps que nous en avons besoin aux fins pour lesquelles nous les collectons et les utilisons, et nous ne sommes pas l\u00e9galement tenus de continuer \u00e0 les conserver.<\/p>\n<h3><a name=\"data_retention\"><\/a><br>10. DUR\u00c9E DE CONSERVATION DES DONN\u00c9ES<\/h3>\n<p>Pour les utilisateurs qui s'inscrivent sur notre site web, nous stockons \u00e9galement les informations personnelles qu'ils fournissent dans leur profil d'utilisateur. Tous les utilisateurs peuvent voir, modifier ou supprimer leurs informations personnelles \u00e0 tout moment (sauf qu'ils ne peuvent pas changer leur nom d'utilisateur). Les administrateurs du site web peuvent \u00e9galement consulter et modifier ces informations.<\/p>\n<p>Nous conservons actuellement les donn\u00e9es personnelles relatives aux commandes pass\u00e9es sur ce site web pendant la dur\u00e9e suivante :<br>- Comptes inactifs : 3 mois<br>- Commandes en cours : 3 mois<br>- Commandes infructueuses : 3 mois<br>- Commandes annul\u00e9es : 3 mois<br>- Commandes termin\u00e9es : Ind\u00e9finiment<\/p>\n<p>Si vous laissez un commentaire, celui-ci et ses m\u00e9tadonn\u00e9es sont conserv\u00e9s ind\u00e9finiment. Cela nous permet de reconna\u00eetre et d'approuver automatiquement les commentaires de suivi au lieu de les conserver dans une file d'attente de mod\u00e9ration.<\/p>\n<h3><a name=\"send_data\"><\/a><br>11. O\u00d9 NOUS ENVOYONS VOS DONN\u00c9ES<\/h3>\n<p>Nous partageons des informations avec les tiers suivants qui nous aident \u00e0 fournir nos commandes et les services de notre magasin :<\/p>\n<p>Nous utilisons un service bas\u00e9 sur le cloud appel\u00e9 MailChimp pour envoyer des courriels promotionnels et des mises \u00e0 jour de produits aux clients qui ont choisi de s'inscrire sur notre liste de diffusion. Les informations personnelles, y compris le nom complet, l'adresse \u00e9lectronique, le pays et le montant du chiffre d'affaires r\u00e9alis\u00e9 avec nous, sont stock\u00e9es dans notre liste MailChimp. La politique de confidentialit\u00e9 de MailChimp peut \u00eatre consult\u00e9e ici : <a href=\"https:\/\/mailchimp.com\/legal\/privacy\/\" target=\"_blank\" rel=\"noopener\">https:\/\/mailchimp.com\/legal\/privacy\/<\/a><\/p>\n<p>Nous utilisons un service bas\u00e9 sur le cloud appel\u00e9 Freshdesk comme syst\u00e8me de contact et d'assistance. Les informations personnelles, notamment le nom complet, l'adresse \u00e9lectronique, le num\u00e9ro de commande et le corps du message, sont transmises au syst\u00e8me Freshdesk chaque fois qu'un client ou un utilisateur nous envoie une demande d'assistance ou un courriel g\u00e9n\u00e9ral. La politique de confidentialit\u00e9 de Freshdesk peut \u00eatre consult\u00e9e ici : <a href=\"https:\/\/www.freshworks.com\/privacy\/\" rel=\"nofollow noopener\" target=\"_blank\">https:\/\/www.freshworks.com\/privacy\/<\/a><\/p>\n<p>Les commentaires des visiteurs peuvent \u00eatre v\u00e9rifi\u00e9s par un service automatis\u00e9 de d\u00e9tection des spams appel\u00e9 Akismet, fourni par Automattic. La politique de confidentialit\u00e9 d'Automattic est disponible ici : <a href=\"https:\/\/automattic.com\/privacy\/\" rel=\"nofollow noopener\" target=\"_blank\">https:\/\/automattic.com\/privacy\/<\/a><\/p>\n<h3><a name=\"data_rights\"><\/a><br>12. LES DROITS QUE VOUS AVEZ SUR VOS DONN\u00c9ES<\/h3>\n<p>Si vous avez un compte sur ce site, ou si vous avez laiss\u00e9 des commentaires, vous pouvez demander \u00e0 recevoir un fichier export\u00e9 des donn\u00e9es personnelles que nous d\u00e9tenons \u00e0 votre sujet, y compris toutes les donn\u00e9es que vous nous avez fournies. Vous pouvez \u00e9galement nous demander d'effacer toutes les donn\u00e9es personnelles que nous d\u00e9tenons \u00e0 votre sujet. Cela n'inclut pas les donn\u00e9es que nous sommes oblig\u00e9s de conserver \u00e0 des fins administratives, juridiques ou de s\u00e9curit\u00e9.<\/p>\n<h3><a name=\"data_access\"><\/a><br>13. QUI, DANS NOTRE \u00c9QUIPE, A ACC\u00c8S<\/h3>\n<p>Nous limitons l'acc\u00e8s aux informations que vous nous fournissez \u00e0 un nombre aussi restreint que possible de personnes. Actuellement, seuls les administrateurs et les membres de l'\u00e9quipe de direction peuvent y acc\u00e9der :<br>- les informations relatives \u00e0 la commande, telles que les produits achet\u00e9s et la date d'achat, et<br>- Des informations sur les clients telles que votre nom, votre adresse \u00e9lectronique et vos informations de facturation.<\/p>\n<p>Ces personnes ont besoin d'acc\u00e9der \u00e0 ces informations afin de pouvoir ex\u00e9cuter les commandes, proc\u00e9der aux remboursements et fournir une assistance.<\/p>\n<h3><a name=\"payments\"><\/a><br>14. PAIEMENTS<\/h3>\n<p>Nous acceptons les paiements par l'interm\u00e9diaire de PayPal. Lors du traitement des paiements, certaines de vos donn\u00e9es seront transmises \u00e0 PayPal, y compris les informations n\u00e9cessaires au traitement ou \u00e0 la prise en charge du paiement, telles que le montant total de l'achat et les informations de facturation.<\/p>\n<p>Veuillez consulter le R\u00e8glement sur le respect de la vie priv\u00e9e de PayPal pour plus de d\u00e9tails : <a href=\"https:\/\/www.paypal.com\/us\/webapps\/mpp\/ua\/privacy-full\" rel=\"nofollow noopener\" target=\"_blank\">https:\/\/www.paypal.com\/us\/webapps\/mpp\/ua\/privacy-full<\/a><\/p>\t\t\t\t\t\t\t\t<\/div>\n\t\t\t\t<\/div>\n\t\t\t\t\t<\/div>\n\t\t<\/div>\n\t\t\t\t\t<\/div>\n\t\t<\/section>\n\t\t\t\t<\/div>","protected":false},"excerpt":{"rendered":"<p>Last Updated: 8 April 2019 1. WHO WE ARE FooEvents is a product owned by Grenade Technologies (Pty) Ltd. which is registered in the Republic of South Africa (Reg. No. 2012\/051365\/07). Our website address is: https:\/\/www.fooevents.com For any questions regarding our privacy policy or for Right of Access Requests you can send an email to: [&hellip;]<\/p>\n","protected":false},"author":2,"featured_media":0,"parent":0,"menu_order":90,"comment_status":"closed","ping_status":"closed","template":"elementor_theme","meta":{"site-sidebar-layout":"no-sidebar","site-content-layout":"default","ast-site-content-layout":"default","site-content-style":"default","site-sidebar-style":"default","ast-global-header-display":"","ast-banner-title-visibility":"","ast-main-header-display":"","ast-hfb-above-header-display":"","ast-hfb-below-header-display":"","ast-hfb-mobile-header-display":"","site-post-title":"","ast-breadcrumbs-content":"","ast-featured-img":"","footer-sml-layout":"","ast-disable-related-posts":"","theme-transparent-header-meta":"default","adv-header-id-meta":"","stick-header-meta":"default","header-above-stick-meta":"","header-main-stick-meta":"","header-below-stick-meta":"","astra-migrate-meta-layouts":"default","ast-page-background-enabled":"default","ast-page-background-meta":{"desktop":{"background-color":"var(--ast-global-color-4)","background-image":"","background-repeat":"repeat","background-position":"center center","background-size":"auto","background-attachment":"scroll","background-type":"","background-media":"","overlay-type":"","overlay-color":"","overlay-opacity":"","overlay-gradient":""},"tablet":{"background-color":"","background-image":"","background-repeat":"repeat","background-position":"center center","background-size":"auto","background-attachment":"scroll","background-type":"","background-media":"","overlay-type":"","overlay-color":"","overlay-opacity":"","overlay-gradient":""},"mobile":{"background-color":"","background-image":"","background-repeat":"repeat","background-position":"center center","background-size":"auto","background-attachment":"scroll","background-type":"","background-media":"","overlay-type":"","overlay-color":"","overlay-opacity":"","overlay-gradient":""}},"ast-content-background-meta":{"desktop":{"background-color":"var(--ast-global-color-5)","background-image":"","background-repeat":"repeat","background-position":"center center","background-size":"auto","background-attachment":"scroll","background-type":"","background-media":"","overlay-type":"","overlay-color":"","overlay-opacity":"","overlay-gradient":""},"tablet":{"background-color":"var(--ast-global-color-5)","background-image":"","background-repeat":"repeat","background-position":"center center","background-size":"auto","background-attachment":"scroll","background-type":"","background-media":"","overlay-type":"","overlay-color":"","overlay-opacity":"","overlay-gradient":""},"mobile":{"background-color":"var(--ast-global-color-5)","background-image":"","background-repeat":"repeat","background-position":"center center","background-size":"auto","background-attachment":"scroll","background-type":"","background-media":"","overlay-type":"","overlay-color":"","overlay-opacity":"","overlay-gradient":""}},"footnotes":""},"class_list":["post-23678","page","type-page","status-publish","hentry"],"_links":{"self":[{"href":"https:\/\/www.fooevents.com\/fr\/wp-json\/wp\/v2\/pages\/23678","targetHints":{"allow":["GET"]}}],"collection":[{"href":"https:\/\/www.fooevents.com\/fr\/wp-json\/wp\/v2\/pages"}],"about":[{"href":"https:\/\/www.fooevents.com\/fr\/wp-json\/wp\/v2\/types\/page"}],"author":[{"embeddable":true,"href":"https:\/\/www.fooevents.com\/fr\/wp-json\/wp\/v2\/users\/2"}],"replies":[{"embeddable":true,"href":"https:\/\/www.fooevents.com\/fr\/wp-json\/wp\/v2\/comments?post=23678"}],"version-history":[{"count":0,"href":"https:\/\/www.fooevents.com\/fr\/wp-json\/wp\/v2\/pages\/23678\/revisions"}],"wp:attachment":[{"href":"https:\/\/www.fooevents.com\/fr\/wp-json\/wp\/v2\/media?parent=23678"}],"curies":[{"name":"wp","href":"https:\/\/api.w.org\/{rel}","templated":true}]}}