{"id":10075,"date":"2017-07-25T09:52:16","date_gmt":"2017-07-25T07:52:16","guid":{"rendered":"https:\/\/www.fooevents.com\/?post_type=product&#038;p=10075"},"modified":"2026-03-09T04:23:49","modified_gmt":"2026-03-09T11:23:49","slug":"fooevents-multi-day-2","status":"publish","type":"product","link":"https:\/\/www.fooevents.com\/fr\/product\/fooevents-multi-day\/","title":{"rendered":"FooEvents Multi-Day (Licence : Single)"},"content":{"rendered":"<p>Le plugin FooEvents Multi-day est une extension pour FooEvents qui ajoute un support pour les \u00e9v\u00e9nements qui se d\u00e9roulent sur plusieurs jours tels que les concerts, les conf\u00e9rences et les expositions. Il s'agit d'un plugin indispensable si vous organisez un \u00e9v\u00e9nement qui dure plus d'une journ\u00e9e, car vous pouvez d\u00e9sormais vendre des billets combin\u00e9s pour des \u00e9v\u00e9nements de plusieurs jours et avoir des enregistrements multiples ! Nous avons \u00e9galement mis \u00e0 jour certains de nos autres plugins populaires afin qu'ils soient compatibles avec le plugin Multi-day. Le plugin FooEvents Calendar affiche d\u00e9sormais les \u00e9v\u00e9nements sous la forme d'une plage de dates et le plugin FooEvents Express Check-in ainsi que l'application FooEvents Check-in prennent en charge les enregistrements multiples.<\/p>\n<h3>Inclus dans votre achat :<\/h3>\n<p>Champs de participants personnalis\u00e9s t\u00e9l\u00e9chargeables pour FooEvents,<br \/>\n12 mois d'assistance premium,<br \/>\n12 mois de mises \u00e0 jour des plugins,<br \/>\nDocumentation conviviale.<\/p>\n<p><strong>NB : Ne comprend pas <a href=\"\/fr\/produit\/plugin-fooevents\/\">FooEvents pour le plugin WooCommerce<\/a> (obligatoire)\u00a0<\/strong><\/p>","protected":false},"excerpt":{"rendered":"<p>1.0.3<br \/>\n-AJOUT : script de notification de mise \u00e0 jour du plugin<\/p>\n<p>1.0.2<br \/>\n-Documentation mise \u00e0 jour<\/p>\n<p>1.0.1<br \/>\n-Communiqu\u00e9 de presse<\/p>","protected":false},"featured_media":130669,"template":"","meta":{"site-sidebar-layout":"default","site-content-layout":"default","ast-site-content-layout":"default","site-content-style":"default","site-sidebar-style":"default","ast-global-header-display":"","ast-banner-title-visibility":"","ast-main-header-display":"","ast-hfb-above-header-display":"","ast-hfb-below-header-display":"","ast-hfb-mobile-header-display":"","site-post-title":"","ast-breadcrumbs-content":"","ast-featured-img":"","footer-sml-layout":"","ast-disable-related-posts":"","theme-transparent-header-meta":"default","adv-header-id-meta":"","stick-header-meta":"default","header-above-stick-meta":"","header-main-stick-meta":"","header-below-stick-meta":"","astra-migrate-meta-layouts":"set","ast-page-background-enabled":"default","ast-page-background-meta":{"desktop":{"background-color":"var(--ast-global-color-4)","background-image":"","background-repeat":"repeat","background-position":"center center","background-size":"auto","background-attachment":"scroll","background-type":"","background-media":"","overlay-type":"","overlay-color":"","overlay-opacity":"","overlay-gradient":""},"tablet":{"background-color":"","background-image":"","background-repeat":"repeat","background-position":"center center","background-size":"auto","background-attachment":"scroll","background-type":"","background-media":"","overlay-type":"","overlay-color":"","overlay-opacity":"","overlay-gradient":""},"mobile":{"background-color":"","background-image":"","background-repeat":"repeat","background-position":"center center","background-size":"auto","background-attachment":"scroll","background-type":"","background-media":"","overlay-type":"","overlay-color":"","overlay-opacity":"","overlay-gradient":""}},"ast-content-background-meta":{"desktop":{"background-color":"var(--ast-global-color-5)","background-image":"","background-repeat":"repeat","background-position":"center center","background-size":"auto","background-attachment":"scroll","background-type":"","background-media":"","overlay-type":"","overlay-color":"","overlay-opacity":"","overlay-gradient":""},"tablet":{"background-color":"var(--ast-global-color-5)","background-image":"","background-repeat":"repeat","background-position":"center center","background-size":"auto","background-attachment":"scroll","background-type":"","background-media":"","overlay-type":"","overlay-color":"","overlay-opacity":"","overlay-gradient":""},"mobile":{"background-color":"var(--ast-global-color-5)","background-image":"","background-repeat":"repeat","background-position":"center center","background-size":"auto","background-attachment":"scroll","background-type":"","background-media":"","overlay-type":"","overlay-color":"","overlay-opacity":"","overlay-gradient":""}}},"product_brand":[],"product_cat":[11,27,58,45],"product_tag":[],"class_list":{"0":"post-10075","1":"product","2":"type-product","3":"status-publish","4":"has-post-thumbnail","6":"product_cat-wordpress","7":"product_cat-extension","8":"product_cat-license-single","9":"product_cat-plugins","10":"desktop-align-left","11":"tablet-align-left","12":"mobile-align-left","13":"ast-product-gallery-layout-horizontal-slider","14":"ast-product-gallery-with-no-image","15":"ast-magnify-disabled","16":"ast-product-tabs-layout-horizontal","18":"first","19":"instock","20":"downloadable","21":"virtual","22":"taxable","23":"purchasable","24":"product-type-subscription"},"_links":{"self":[{"href":"https:\/\/www.fooevents.com\/fr\/wp-json\/wp\/v2\/product\/10075","targetHints":{"allow":["GET"]}}],"collection":[{"href":"https:\/\/www.fooevents.com\/fr\/wp-json\/wp\/v2\/product"}],"about":[{"href":"https:\/\/www.fooevents.com\/fr\/wp-json\/wp\/v2\/types\/product"}],"wp:featuredmedia":[{"embeddable":true,"href":"https:\/\/www.fooevents.com\/fr\/wp-json\/wp\/v2\/media\/130669"}],"wp:attachment":[{"href":"https:\/\/www.fooevents.com\/fr\/wp-json\/wp\/v2\/media?parent=10075"}],"wp:term":[{"taxonomy":"product_brand","embeddable":true,"href":"https:\/\/www.fooevents.com\/fr\/wp-json\/wp\/v2\/product_brand?post=10075"},{"taxonomy":"product_cat","embeddable":true,"href":"https:\/\/www.fooevents.com\/fr\/wp-json\/wp\/v2\/product_cat?post=10075"},{"taxonomy":"product_tag","embeddable":true,"href":"https:\/\/www.fooevents.com\/fr\/wp-json\/wp\/v2\/product_tag?post=10075"}],"curies":[{"name":"wp","href":"https:\/\/api.w.org\/{rel}","templated":true}]}}