{"id":174826,"date":"2023-08-08T02:58:33","date_gmt":"2023-08-08T09:58:33","guid":{"rendered":"https:\/\/www.fooevents.com\/?post_type=product&#038;p=174826"},"modified":"2026-03-11T04:22:27","modified_gmt":"2026-03-11T11:22:27","slug":"theme-ticket-de-caisse","status":"publish","type":"product","link":"https:\/\/www.fooevents.com\/fr\/product\/receipt-ticket-theme\/","title":{"rendered":"Th\u00e8me ticket de caisse"},"content":{"rendered":"","protected":false},"excerpt":{"rendered":"<p><strong><a class=\"\" href=\"https:\/\/demo.fooevents.com\/ticket-themes\/receipt\/\" target=\"_blank\" rel=\"noopener noreferrer\"> <u>Aper\u00e7u du billet HTML<\/u><\/a><\/strong> | <strong><a class=\"\" href=\"https:\/\/help.fooevents.com\/docs\/topics\/changelogs\/ticket-themes\/\" target=\"_blank\" rel=\"noopener noreferrer\"><u>Changelog<\/u><\/a><\/strong><\/p>\n<h4><strong>Download for free!<\/strong><\/h4>\n<p>&nbsp;<\/p>\n<p>Le th\u00e8me Receipt Ticket est sp\u00e9cialement con\u00e7u pour personnaliser l'apparence de votre site web. <a href=\"https:\/\/www.fooevents.com\/fr\/produits\/fooevents-pos\/\">FooEvents POS<\/a> des re\u00e7us. Il fournit un mod\u00e8le rationalis\u00e9 pour adapter vos re\u00e7us au style de votre marque dans le cadre du syst\u00e8me FooEvents POS.<\/p>\n<p>Pour utiliser ce th\u00e8me, il vous suffit de l'ajouter \u00e0 votre panier et de terminer la proc\u00e9dure de paiement. Ne vous inqui\u00e9tez pas, c'est gratuit et aucun paiement n'est requis. Une fois la commande termin\u00e9e, le th\u00e8me sera disponible dans votre espace de travail <a href=\"https:\/\/www.fooevents.com\/fr\/mon-compte\/telechargements\/\">T\u00e9l\u00e9chargements<\/a> section. Apr\u00e8s l'avoir t\u00e9l\u00e9charg\u00e9 sur votre bureau, rendez-vous \u00e0 l'adresse suivante <strong>FooEvents<\/strong> &gt; <strong>Billets<\/strong> &gt; <strong>Th\u00e8mes des billets<\/strong> dans votre <strong>WordPress Admin Area<\/strong>. T\u00e9l\u00e9chargez le fichier ZIP du th\u00e8me et vous pourrez l'associer \u00e0 n'importe quel \u00e9v\u00e9nement.<\/p>\n<p><em>Remarque : il ne s'agit pas d'un th\u00e8me WordPress. Les th\u00e8mes de billets FooEvents sont sp\u00e9cifiquement con\u00e7us pour styliser les billets FooEvents et ne peuvent pas \u00eatre utilis\u00e9s pour la th\u00e9matisation g\u00e9n\u00e9rale des sites WordPress.<\/em><\/p>","protected":false},"featured_media":189817,"template":"","meta":{"site-sidebar-layout":"default","site-content-layout":"default","ast-site-content-layout":"default","site-content-style":"default","site-sidebar-style":"default","ast-global-header-display":"","ast-banner-title-visibility":"","ast-main-header-display":"","ast-hfb-above-header-display":"","ast-hfb-below-header-display":"","ast-hfb-mobile-header-display":"","site-post-title":"","ast-breadcrumbs-content":"","ast-featured-img":"","footer-sml-layout":"","ast-disable-related-posts":"","theme-transparent-header-meta":"default","adv-header-id-meta":"","stick-header-meta":"default","header-above-stick-meta":"","header-main-stick-meta":"","header-below-stick-meta":"","astra-migrate-meta-layouts":"set","ast-page-background-enabled":"default","ast-page-background-meta":{"desktop":{"background-color":"var(--ast-global-color-4)","background-image":"","background-repeat":"repeat","background-position":"center center","background-size":"auto","background-attachment":"scroll","background-type":"","background-media":"","overlay-type":"","overlay-color":"","overlay-opacity":"","overlay-gradient":""},"tablet":{"background-color":"","background-image":"","background-repeat":"repeat","background-position":"center center","background-size":"auto","background-attachment":"scroll","background-type":"","background-media":"","overlay-type":"","overlay-color":"","overlay-opacity":"","overlay-gradient":""},"mobile":{"background-color":"","background-image":"","background-repeat":"repeat","background-position":"center center","background-size":"auto","background-attachment":"scroll","background-type":"","background-media":"","overlay-type":"","overlay-color":"","overlay-opacity":"","overlay-gradient":""}},"ast-content-background-meta":{"desktop":{"background-color":"var(--ast-global-color-5)","background-image":"","background-repeat":"repeat","background-position":"center center","background-size":"auto","background-attachment":"scroll","background-type":"","background-media":"","overlay-type":"","overlay-color":"","overlay-opacity":"","overlay-gradient":""},"tablet":{"background-color":"var(--ast-global-color-5)","background-image":"","background-repeat":"repeat","background-position":"center center","background-size":"auto","background-attachment":"scroll","background-type":"","background-media":"","overlay-type":"","overlay-color":"","overlay-opacity":"","overlay-gradient":""},"mobile":{"background-color":"var(--ast-global-color-5)","background-image":"","background-repeat":"repeat","background-position":"center center","background-size":"auto","background-attachment":"scroll","background-type":"","background-media":"","overlay-type":"","overlay-color":"","overlay-opacity":"","overlay-gradient":""}}},"product_brand":[],"product_cat":[44,466],"product_tag":[],"class_list":{"0":"post-174826","1":"product","2":"type-product","3":"status-publish","4":"has-post-thumbnail","6":"product_cat-ticket-themes","7":"product_cat-base-collection","8":"desktop-align-left","9":"tablet-align-left","10":"mobile-align-left","11":"ast-product-gallery-layout-horizontal-slider","12":"ast-product-gallery-with-no-image","13":"ast-magnify-disabled","14":"ast-product-tabs-layout-horizontal","16":"first","17":"instock","18":"downloadable","19":"virtual","20":"sold-individually","21":"taxable","22":"purchasable","23":"product-type-simple"},"_links":{"self":[{"href":"https:\/\/www.fooevents.com\/fr\/wp-json\/wp\/v2\/product\/174826","targetHints":{"allow":["GET"]}}],"collection":[{"href":"https:\/\/www.fooevents.com\/fr\/wp-json\/wp\/v2\/product"}],"about":[{"href":"https:\/\/www.fooevents.com\/fr\/wp-json\/wp\/v2\/types\/product"}],"wp:featuredmedia":[{"embeddable":true,"href":"https:\/\/www.fooevents.com\/fr\/wp-json\/wp\/v2\/media\/189817"}],"wp:attachment":[{"href":"https:\/\/www.fooevents.com\/fr\/wp-json\/wp\/v2\/media?parent=174826"}],"wp:term":[{"taxonomy":"product_brand","embeddable":true,"href":"https:\/\/www.fooevents.com\/fr\/wp-json\/wp\/v2\/product_brand?post=174826"},{"taxonomy":"product_cat","embeddable":true,"href":"https:\/\/www.fooevents.com\/fr\/wp-json\/wp\/v2\/product_cat?post=174826"},{"taxonomy":"product_tag","embeddable":true,"href":"https:\/\/www.fooevents.com\/fr\/wp-json\/wp\/v2\/product_tag?post=174826"}],"curies":[{"name":"wp","href":"https:\/\/api.w.org\/{rel}","templated":true}]}}