{"id":189797,"date":"2024-10-23T02:06:25","date_gmt":"2024-10-23T09:06:25","guid":{"rendered":"https:\/\/www.fooevents.com\/?post_type=product&#038;p=189797"},"modified":"2026-02-18T06:05:51","modified_gmt":"2026-02-18T14:05:51","slug":"theme-du-billet-dexposition","status":"publish","type":"product","link":"https:\/\/www.fooevents.com\/fr\/product\/exhibit-ticket-theme\/","title":{"rendered":"Th\u00e8me du billet d'exposition"},"content":{"rendered":"","protected":false},"excerpt":{"rendered":"<p><strong><a class=\"\" href=\"https:\/\/demo.fooevents.com\/ticket-themes\/exhibit\/\" target=\"_blank\" rel=\"noopener noreferrer\"> <u>Aper\u00e7u du billet HTML<\/u><\/a><\/strong> | <strong><a class=\"\" href=\"https:\/\/demo.fooevents.com\/ticket-themes\/exhibit\/ticket.pdf\" target=\"_blank\" rel=\"noopener noreferrer\"><u>Aper\u00e7u du billet en PDF<\/u><\/a><\/strong> | <strong><a class=\"\" href=\"https:\/\/help.fooevents.com\/docs\/topics\/changelogs\/ticket-themes\/\" target=\"_blank\" rel=\"noopener noreferrer\"><u>Changelog<\/u><\/a><\/strong><\/p>\n<h4><strong>Download for free!<\/strong><\/h4>\n<p><\/p>\n<p>Le th\u00e8me Exhibit Ticket pr\u00e9sente un design modulaire, bas\u00e9 sur des listes, qui pr\u00e9sente les billets dans des bo\u00eetes \u00e9l\u00e9gantes aux coins arrondis sur un fond clair. Cette mise en page moderne et \u00e9pur\u00e9e assure une bonne lisibilit\u00e9, ce qui la rend parfaite pour une vari\u00e9t\u00e9 d'\u00e9v\u00e9nements.<\/p>\n<p>Pour utiliser ce th\u00e8me, il vous suffit de l'ajouter \u00e0 votre panier et de terminer la proc\u00e9dure de paiement. Ne vous inqui\u00e9tez pas, c'est gratuit et aucun paiement n'est requis. Une fois la commande termin\u00e9e, le th\u00e8me sera disponible dans votre espace de travail <a href=\"https:\/\/www.fooevents.com\/fr\/mon-compte\/telechargements\/\">T\u00e9l\u00e9chargements<\/a> section. Apr\u00e8s l'avoir t\u00e9l\u00e9charg\u00e9 sur votre bureau, rendez-vous \u00e0 l'adresse suivante <strong>FooEvents<\/strong> &gt; <strong>Billets<\/strong> &gt; <strong>Th\u00e8mes des billets<\/strong> dans votre <strong>WordPress Admin Area<\/strong>. T\u00e9l\u00e9chargez le fichier ZIP du th\u00e8me et vous pourrez l'associer \u00e0 n'importe quel \u00e9v\u00e9nement.<\/p>\n<p><em>Remarque : il ne s'agit pas d'un th\u00e8me WordPress. Les th\u00e8mes de billets FooEvents sont sp\u00e9cifiquement con\u00e7us pour styliser les billets FooEvents et ne peuvent pas \u00eatre utilis\u00e9s pour la th\u00e9matisation g\u00e9n\u00e9rale des sites WordPress.<\/em><\/p>","protected":false},"featured_media":189800,"template":"","meta":{"site-sidebar-layout":"default","site-content-layout":"","ast-site-content-layout":"default","site-content-style":"default","site-sidebar-style":"default","ast-global-header-display":"","ast-banner-title-visibility":"","ast-main-header-display":"","ast-hfb-above-header-display":"","ast-hfb-below-header-display":"","ast-hfb-mobile-header-display":"","site-post-title":"","ast-breadcrumbs-content":"","ast-featured-img":"","footer-sml-layout":"","ast-disable-related-posts":"","theme-transparent-header-meta":"default","adv-header-id-meta":"","stick-header-meta":"default","header-above-stick-meta":"","header-main-stick-meta":"","header-below-stick-meta":"","astra-migrate-meta-layouts":"set","ast-page-background-enabled":"default","ast-page-background-meta":{"desktop":{"background-color":"var(--ast-global-color-4)","background-image":"","background-repeat":"repeat","background-position":"center center","background-size":"auto","background-attachment":"scroll","background-type":"","background-media":"","overlay-type":"","overlay-color":"","overlay-opacity":"","overlay-gradient":""},"tablet":{"background-color":"","background-image":"","background-repeat":"repeat","background-position":"center center","background-size":"auto","background-attachment":"scroll","background-type":"","background-media":"","overlay-type":"","overlay-color":"","overlay-opacity":"","overlay-gradient":""},"mobile":{"background-color":"","background-image":"","background-repeat":"repeat","background-position":"center center","background-size":"auto","background-attachment":"scroll","background-type":"","background-media":"","overlay-type":"","overlay-color":"","overlay-opacity":"","overlay-gradient":""}},"ast-content-background-meta":{"desktop":{"background-color":"var(--ast-global-color-5)","background-image":"","background-repeat":"repeat","background-position":"center center","background-size":"auto","background-attachment":"scroll","background-type":"","background-media":"","overlay-type":"","overlay-color":"","overlay-opacity":"","overlay-gradient":""},"tablet":{"background-color":"var(--ast-global-color-5)","background-image":"","background-repeat":"repeat","background-position":"center center","background-size":"auto","background-attachment":"scroll","background-type":"","background-media":"","overlay-type":"","overlay-color":"","overlay-opacity":"","overlay-gradient":""},"mobile":{"background-color":"var(--ast-global-color-5)","background-image":"","background-repeat":"repeat","background-position":"center center","background-size":"auto","background-attachment":"scroll","background-type":"","background-media":"","overlay-type":"","overlay-color":"","overlay-opacity":"","overlay-gradient":""}}},"product_brand":[],"product_cat":[44,466],"product_tag":[],"class_list":{"0":"post-189797","1":"product","2":"type-product","3":"status-publish","4":"has-post-thumbnail","6":"product_cat-ticket-themes","7":"product_cat-base-collection","8":"desktop-align-left","9":"tablet-align-left","10":"mobile-align-left","11":"ast-product-gallery-layout-horizontal-slider","12":"ast-magnify-disabled","13":"ast-product-tabs-layout-horizontal","15":"first","16":"instock","17":"downloadable","18":"virtual","19":"sold-individually","20":"taxable","21":"purchasable","22":"product-type-simple"},"_links":{"self":[{"href":"https:\/\/www.fooevents.com\/fr\/wp-json\/wp\/v2\/product\/189797","targetHints":{"allow":["GET"]}}],"collection":[{"href":"https:\/\/www.fooevents.com\/fr\/wp-json\/wp\/v2\/product"}],"about":[{"href":"https:\/\/www.fooevents.com\/fr\/wp-json\/wp\/v2\/types\/product"}],"wp:featuredmedia":[{"embeddable":true,"href":"https:\/\/www.fooevents.com\/fr\/wp-json\/wp\/v2\/media\/189800"}],"wp:attachment":[{"href":"https:\/\/www.fooevents.com\/fr\/wp-json\/wp\/v2\/media?parent=189797"}],"wp:term":[{"taxonomy":"product_brand","embeddable":true,"href":"https:\/\/www.fooevents.com\/fr\/wp-json\/wp\/v2\/product_brand?post=189797"},{"taxonomy":"product_cat","embeddable":true,"href":"https:\/\/www.fooevents.com\/fr\/wp-json\/wp\/v2\/product_cat?post=189797"},{"taxonomy":"product_tag","embeddable":true,"href":"https:\/\/www.fooevents.com\/fr\/wp-json\/wp\/v2\/product_tag?post=189797"}],"curies":[{"name":"wp","href":"https:\/\/api.w.org\/{rel}","templated":true}]}}