{"id":189804,"date":"2024-10-23T02:13:49","date_gmt":"2024-10-23T09:13:49","guid":{"rendered":"https:\/\/www.fooevents.com\/?post_type=product&#038;p=189804"},"modified":"2026-02-18T06:04:19","modified_gmt":"2026-02-18T14:04:19","slug":"theme-du-present-billet","status":"publish","type":"product","link":"https:\/\/www.fooevents.com\/fr\/product\/present-ticket-theme\/","title":{"rendered":"Th\u00e8me du billet d'entr\u00e9e"},"content":{"rendered":"","protected":false},"excerpt":{"rendered":"<p><strong><a class=\"\" href=\"https:\/\/demo.fooevents.com\/ticket-themes\/present\/\" target=\"_blank\" rel=\"noopener noreferrer\"> <u>Aper\u00e7u du billet HTML<\/u><\/a><\/strong> | <strong><a class=\"\" href=\"https:\/\/demo.fooevents.com\/ticket-themes\/present\/ticket.pdf\" target=\"_blank\" rel=\"noopener noreferrer\"><u>Aper\u00e7u du billet en PDF<\/u><\/a><\/strong> | <strong><a class=\"\" href=\"https:\/\/help.fooevents.com\/docs\/topics\/changelogs\/ticket-themes\/\" target=\"_blank\" rel=\"noopener noreferrer\"><u>Changelog<\/u><\/a><\/strong><\/p>\n<h4><strong>Download for free!<\/strong><\/h4>\n<p><\/p>\n<p>Le th\u00e8me Present Ticket pr\u00e9sente une mise en page soign\u00e9e et encadr\u00e9e, avec une hi\u00e9rarchie agr\u00e9able \u00e0 l'\u0153il. Le logo, le texte et le pied de page sont centr\u00e9s, tandis que la zone des billets est l\u00e9g\u00e8rement en retrait pour cr\u00e9er une pr\u00e9sentation claire et organis\u00e9e. Ce th\u00e8me comprend \u00e9galement un support PDF imprimable, ce qui le rend parfait pour les billets num\u00e9riques et imprim\u00e9s.<\/p>\n<p>Pour utiliser ce th\u00e8me, il vous suffit de l'ajouter \u00e0 votre panier et de terminer la proc\u00e9dure de paiement. Ne vous inqui\u00e9tez pas, c'est gratuit et aucun paiement n'est requis. Une fois la commande termin\u00e9e, le th\u00e8me sera disponible dans votre espace de travail <a href=\"https:\/\/www.fooevents.com\/fr\/mon-compte\/telechargements\/\">T\u00e9l\u00e9chargements<\/a> section. Apr\u00e8s l'avoir t\u00e9l\u00e9charg\u00e9 sur votre bureau, rendez-vous \u00e0 l'adresse suivante <strong>FooEvents<\/strong> &gt; <strong>Billets<\/strong> &gt; <strong>Th\u00e8mes des billets<\/strong> dans votre <strong>WordPress Admin Area<\/strong>. T\u00e9l\u00e9chargez le fichier ZIP du th\u00e8me et vous pourrez l'associer \u00e0 n'importe quel \u00e9v\u00e9nement.<\/p>\n<p><em>Remarque : il ne s'agit pas d'un th\u00e8me WordPress. Les th\u00e8mes de billets FooEvents sont sp\u00e9cifiquement con\u00e7us pour styliser les billets FooEvents et ne peuvent pas \u00eatre utilis\u00e9s pour la th\u00e9matisation g\u00e9n\u00e9rale des sites WordPress.<\/em><\/p>","protected":false},"featured_media":189805,"template":"","meta":{"site-sidebar-layout":"default","site-content-layout":"","ast-site-content-layout":"default","site-content-style":"default","site-sidebar-style":"default","ast-global-header-display":"","ast-banner-title-visibility":"","ast-main-header-display":"","ast-hfb-above-header-display":"","ast-hfb-below-header-display":"","ast-hfb-mobile-header-display":"","site-post-title":"","ast-breadcrumbs-content":"","ast-featured-img":"","footer-sml-layout":"","ast-disable-related-posts":"","theme-transparent-header-meta":"default","adv-header-id-meta":"","stick-header-meta":"default","header-above-stick-meta":"","header-main-stick-meta":"","header-below-stick-meta":"","astra-migrate-meta-layouts":"set","ast-page-background-enabled":"default","ast-page-background-meta":{"desktop":{"background-color":"var(--ast-global-color-4)","background-image":"","background-repeat":"repeat","background-position":"center center","background-size":"auto","background-attachment":"scroll","background-type":"","background-media":"","overlay-type":"","overlay-color":"","overlay-opacity":"","overlay-gradient":""},"tablet":{"background-color":"","background-image":"","background-repeat":"repeat","background-position":"center center","background-size":"auto","background-attachment":"scroll","background-type":"","background-media":"","overlay-type":"","overlay-color":"","overlay-opacity":"","overlay-gradient":""},"mobile":{"background-color":"","background-image":"","background-repeat":"repeat","background-position":"center center","background-size":"auto","background-attachment":"scroll","background-type":"","background-media":"","overlay-type":"","overlay-color":"","overlay-opacity":"","overlay-gradient":""}},"ast-content-background-meta":{"desktop":{"background-color":"var(--ast-global-color-5)","background-image":"","background-repeat":"repeat","background-position":"center center","background-size":"auto","background-attachment":"scroll","background-type":"","background-media":"","overlay-type":"","overlay-color":"","overlay-opacity":"","overlay-gradient":""},"tablet":{"background-color":"var(--ast-global-color-5)","background-image":"","background-repeat":"repeat","background-position":"center center","background-size":"auto","background-attachment":"scroll","background-type":"","background-media":"","overlay-type":"","overlay-color":"","overlay-opacity":"","overlay-gradient":""},"mobile":{"background-color":"var(--ast-global-color-5)","background-image":"","background-repeat":"repeat","background-position":"center center","background-size":"auto","background-attachment":"scroll","background-type":"","background-media":"","overlay-type":"","overlay-color":"","overlay-opacity":"","overlay-gradient":""}}},"product_brand":[],"product_cat":[44,466],"product_tag":[],"class_list":{"0":"post-189804","1":"product","2":"type-product","3":"status-publish","4":"has-post-thumbnail","6":"product_cat-ticket-themes","7":"product_cat-base-collection","8":"desktop-align-left","9":"tablet-align-left","10":"mobile-align-left","11":"ast-product-gallery-layout-horizontal-slider","12":"ast-magnify-disabled","13":"ast-product-tabs-layout-horizontal","15":"first","16":"instock","17":"downloadable","18":"virtual","19":"sold-individually","20":"taxable","21":"purchasable","22":"product-type-simple"},"_links":{"self":[{"href":"https:\/\/www.fooevents.com\/fr\/wp-json\/wp\/v2\/product\/189804","targetHints":{"allow":["GET"]}}],"collection":[{"href":"https:\/\/www.fooevents.com\/fr\/wp-json\/wp\/v2\/product"}],"about":[{"href":"https:\/\/www.fooevents.com\/fr\/wp-json\/wp\/v2\/types\/product"}],"wp:featuredmedia":[{"embeddable":true,"href":"https:\/\/www.fooevents.com\/fr\/wp-json\/wp\/v2\/media\/189805"}],"wp:attachment":[{"href":"https:\/\/www.fooevents.com\/fr\/wp-json\/wp\/v2\/media?parent=189804"}],"wp:term":[{"taxonomy":"product_brand","embeddable":true,"href":"https:\/\/www.fooevents.com\/fr\/wp-json\/wp\/v2\/product_brand?post=189804"},{"taxonomy":"product_cat","embeddable":true,"href":"https:\/\/www.fooevents.com\/fr\/wp-json\/wp\/v2\/product_cat?post=189804"},{"taxonomy":"product_tag","embeddable":true,"href":"https:\/\/www.fooevents.com\/fr\/wp-json\/wp\/v2\/product_tag?post=189804"}],"curies":[{"name":"wp","href":"https:\/\/api.w.org\/{rel}","templated":true}]}}