{"id":19128,"date":"2018-03-02T08:11:41","date_gmt":"2018-03-02T06:11:41","guid":{"rendered":"https:\/\/www.fooevents.com\/?post_type=product&#038;p=19128"},"modified":"2026-03-09T05:33:16","modified_gmt":"2026-03-09T12:33:16","slug":"fooevents-calendar-license-multiple-domain","status":"publish","type":"product","link":"https:\/\/www.fooevents.com\/fr\/product\/fooevents-calendar-license-multiple-domain\/","title":{"rendered":"Calendrier FooEvents (Licence : Multiple)"},"content":{"rendered":"<p>Le plugin FooEvents Calendar est une extension pour FooEvents qui ajoute un calendrier de tous vos \u00e9v\u00e9nements \u00e0 votre site web. Les calendriers peuvent \u00eatre ajout\u00e9s \u00e0 vos articles et pages \u00e0 l'aide de simples shortcodes. Une vue widget du calendrier est \u00e9galement fournie pour plus de flexibilit\u00e9. Cette extension est indispensable si vous organisez des \u00e9v\u00e9nements r\u00e9guliers et souhaitez en faire la promotion crois\u00e9e !<\/p>\n<h3>Inclus dans votre achat :<\/h3>\n<p>Plugin de calendrier FooEvents t\u00e9l\u00e9chargeable,<br \/>\n12 mois d'assistance premium,<br \/>\n12 mois de mises \u00e0 jour des plugins,<br \/>\nDocumentation conviviale.<\/p>\n<p><strong>NB : Ne comprend pas <a href=\"\/fr\/produit\/plugin-fooevents\/\">FooEvents pour le plugin WooCommerce<\/a> (obligatoire)\u00a0<\/strong><\/p>","protected":false},"excerpt":{"rendered":"<p>1.2.8<br \/>\n-FIXED : Bogue dans la description de la liste d'\u00e9v\u00e9nements<br \/>\n-AJOUT : option permettant d'organiser des \u00e9v\u00e9nements d'une journ\u00e9e enti\u00e8re<\/p>\n<p>1.2.6<br \/>\n-FIXED : Bogue de l'apostrophe<br \/>\n-FIXED : bug sur la limite des widgets<br \/>\n-AJOUT : tri de la liste des \u00e9v\u00e9nements<br \/>\n-Cat\u00e9gorie ajout\u00e9e Filtre<\/p>\n<p>1.2.1<br \/>\n-FIXED : Bug o\u00f9 les \u00e9v\u00e9nements sans date s'affichaient sur le calendrier<br \/>\n-FIXED : Bug de traduction des calendriers<br \/>\n-MISE \u00c0 JOUR : Calendrier complet<\/p>\n<p>1.1.2<br \/>\n-FIXED : Mise \u00e0 jour de l'aide pluriquotidienne<\/p>\n<p>1.1.0<br \/>\n-ADDDED : Extension multijours pr\u00eate \u00e0 l'emploi<\/p>\n<p>1.0.13<br \/>\n-FIXED : Avertissements PHP<\/p>\n<p>1.0.11<br \/>\n-FIXED : Bogue dans la description du calendrier<br \/>\n-FIXED : Caract\u00e8res sp\u00e9ciaux dans les titres d'\u00e9v\u00e9nements<br \/>\n-FIXED : Divers autres bogues mineurs<br \/>\n-ADDDED : Traductions<\/p>\n<p>&nbsp;<\/p>\n<p>1.0.6<br \/>\n-FIXED : Sortie d'avertissement PHP<\/p>\n<p>1.0.5<br \/>\n-AJOUT : Des r\u00f4les d'utilisateurs suppl\u00e9mentaires ont d\u00e9sormais acc\u00e8s \u00e0 la base de donn\u00e9es.<br \/>\n-AJOUT : Notification de mise \u00e0 jour du plugin<br \/>\n-FIXED : Divers bogues mineurs<\/p>","protected":false},"featured_media":130673,"template":"","meta":{"site-sidebar-layout":"default","site-content-layout":"default","ast-site-content-layout":"default","site-content-style":"default","site-sidebar-style":"default","ast-global-header-display":"","ast-banner-title-visibility":"","ast-main-header-display":"","ast-hfb-above-header-display":"","ast-hfb-below-header-display":"","ast-hfb-mobile-header-display":"","site-post-title":"","ast-breadcrumbs-content":"","ast-featured-img":"","footer-sml-layout":"","ast-disable-related-posts":"","theme-transparent-header-meta":"default","adv-header-id-meta":"","stick-header-meta":"default","header-above-stick-meta":"","header-main-stick-meta":"","header-below-stick-meta":"","astra-migrate-meta-layouts":"set","ast-page-background-enabled":"default","ast-page-background-meta":{"desktop":{"background-color":"var(--ast-global-color-4)","background-image":"","background-repeat":"repeat","background-position":"center center","background-size":"auto","background-attachment":"scroll","background-type":"","background-media":"","overlay-type":"","overlay-color":"","overlay-opacity":"","overlay-gradient":""},"tablet":{"background-color":"","background-image":"","background-repeat":"repeat","background-position":"center center","background-size":"auto","background-attachment":"scroll","background-type":"","background-media":"","overlay-type":"","overlay-color":"","overlay-opacity":"","overlay-gradient":""},"mobile":{"background-color":"","background-image":"","background-repeat":"repeat","background-position":"center center","background-size":"auto","background-attachment":"scroll","background-type":"","background-media":"","overlay-type":"","overlay-color":"","overlay-opacity":"","overlay-gradient":""}},"ast-content-background-meta":{"desktop":{"background-color":"var(--ast-global-color-5)","background-image":"","background-repeat":"repeat","background-position":"center center","background-size":"auto","background-attachment":"scroll","background-type":"","background-media":"","overlay-type":"","overlay-color":"","overlay-opacity":"","overlay-gradient":""},"tablet":{"background-color":"var(--ast-global-color-5)","background-image":"","background-repeat":"repeat","background-position":"center center","background-size":"auto","background-attachment":"scroll","background-type":"","background-media":"","overlay-type":"","overlay-color":"","overlay-opacity":"","overlay-gradient":""},"mobile":{"background-color":"var(--ast-global-color-5)","background-image":"","background-repeat":"repeat","background-position":"center center","background-size":"auto","background-attachment":"scroll","background-type":"","background-media":"","overlay-type":"","overlay-color":"","overlay-opacity":"","overlay-gradient":""}}},"product_brand":[],"product_cat":[11,27,59,45],"product_tag":[],"class_list":{"0":"post-19128","1":"product","2":"type-product","3":"status-publish","4":"has-post-thumbnail","6":"product_cat-wordpress","7":"product_cat-extension","8":"product_cat-license-multiple","9":"product_cat-plugins","10":"desktop-align-left","11":"tablet-align-left","12":"mobile-align-left","13":"ast-product-gallery-layout-horizontal-slider","14":"ast-product-gallery-with-no-image","15":"ast-magnify-disabled","16":"ast-product-tabs-layout-horizontal","18":"first","19":"instock","20":"downloadable","21":"virtual","22":"taxable","23":"purchasable","24":"product-type-subscription"},"_links":{"self":[{"href":"https:\/\/www.fooevents.com\/fr\/wp-json\/wp\/v2\/product\/19128","targetHints":{"allow":["GET"]}}],"collection":[{"href":"https:\/\/www.fooevents.com\/fr\/wp-json\/wp\/v2\/product"}],"about":[{"href":"https:\/\/www.fooevents.com\/fr\/wp-json\/wp\/v2\/types\/product"}],"wp:featuredmedia":[{"embeddable":true,"href":"https:\/\/www.fooevents.com\/fr\/wp-json\/wp\/v2\/media\/130673"}],"wp:attachment":[{"href":"https:\/\/www.fooevents.com\/fr\/wp-json\/wp\/v2\/media?parent=19128"}],"wp:term":[{"taxonomy":"product_brand","embeddable":true,"href":"https:\/\/www.fooevents.com\/fr\/wp-json\/wp\/v2\/product_brand?post=19128"},{"taxonomy":"product_cat","embeddable":true,"href":"https:\/\/www.fooevents.com\/fr\/wp-json\/wp\/v2\/product_cat?post=19128"},{"taxonomy":"product_tag","embeddable":true,"href":"https:\/\/www.fooevents.com\/fr\/wp-json\/wp\/v2\/product_tag?post=19128"}],"curies":[{"name":"wp","href":"https:\/\/api.w.org\/{rel}","templated":true}]}}