{"id":19132,"date":"2018-03-02T08:14:22","date_gmt":"2018-03-02T06:14:22","guid":{"rendered":"https:\/\/www.fooevents.com\/?post_type=product&#038;p=19132"},"modified":"2026-03-16T03:32:06","modified_gmt":"2026-03-16T10:32:06","slug":"fooevents-pro-bundle-license-multiple-domain","status":"publish","type":"product","link":"https:\/\/www.fooevents.com\/fr\/product\/fooevents-pro-bundle-license-multiple-domain\/","title":{"rendered":"FooEvents Pro Bundle (Licence : Multiple)"},"content":{"rendered":"<p>Faites une bonne affaire en achetant l'offre group\u00e9e FooEvents Pro qui comprend FooEvents pour WooCommerce, FooEvents Champs de participants personnalis\u00e9s, FooEvents Calendrier et FooEvents Ev\u00e9nements sur plusieurs jours.<\/p>\n<h3>Inclus dans votre achat :<\/h3>\n<p>Fichiers de plugins t\u00e9l\u00e9chargeables,<br \/>\n12 mois d'assistance premium,<br \/>\n12 mois de mises \u00e0 jour des plugins,<br \/>\nDocumentation conviviale.<\/p>","protected":false},"excerpt":{"rendered":"<p>Get a great deal on the FooEvents Pro bundle which includes FooEvents for WooCommerce, FooEvents Custom Attendee Fields, FooEvents Calendar and FooEvents Multi-day Events. Included in your purchase: Downloadable plugin files, 12 Months premium support, 12 Months plugin updates, User-friendly documentation.<\/p>","protected":false},"featured_media":130668,"template":"","meta":{"site-sidebar-layout":"default","site-content-layout":"default","ast-site-content-layout":"default","site-content-style":"default","site-sidebar-style":"default","ast-global-header-display":"","ast-banner-title-visibility":"","ast-main-header-display":"","ast-hfb-above-header-display":"","ast-hfb-below-header-display":"","ast-hfb-mobile-header-display":"","site-post-title":"","ast-breadcrumbs-content":"","ast-featured-img":"","footer-sml-layout":"","ast-disable-related-posts":"","theme-transparent-header-meta":"default","adv-header-id-meta":"","stick-header-meta":"default","header-above-stick-meta":"","header-main-stick-meta":"","header-below-stick-meta":"","astra-migrate-meta-layouts":"set","ast-page-background-enabled":"default","ast-page-background-meta":{"desktop":{"background-color":"var(--ast-global-color-4)","background-image":"","background-repeat":"repeat","background-position":"center center","background-size":"auto","background-attachment":"scroll","background-type":"","background-media":"","overlay-type":"","overlay-color":"","overlay-opacity":"","overlay-gradient":""},"tablet":{"background-color":"","background-image":"","background-repeat":"repeat","background-position":"center center","background-size":"auto","background-attachment":"scroll","background-type":"","background-media":"","overlay-type":"","overlay-color":"","overlay-opacity":"","overlay-gradient":""},"mobile":{"background-color":"","background-image":"","background-repeat":"repeat","background-position":"center center","background-size":"auto","background-attachment":"scroll","background-type":"","background-media":"","overlay-type":"","overlay-color":"","overlay-opacity":"","overlay-gradient":""}},"ast-content-background-meta":{"desktop":{"background-color":"var(--ast-global-color-5)","background-image":"","background-repeat":"repeat","background-position":"center center","background-size":"auto","background-attachment":"scroll","background-type":"","background-media":"","overlay-type":"","overlay-color":"","overlay-opacity":"","overlay-gradient":""},"tablet":{"background-color":"var(--ast-global-color-5)","background-image":"","background-repeat":"repeat","background-position":"center center","background-size":"auto","background-attachment":"scroll","background-type":"","background-media":"","overlay-type":"","overlay-color":"","overlay-opacity":"","overlay-gradient":""},"mobile":{"background-color":"var(--ast-global-color-5)","background-image":"","background-repeat":"repeat","background-position":"center center","background-size":"auto","background-attachment":"scroll","background-type":"","background-media":"","overlay-type":"","overlay-color":"","overlay-opacity":"","overlay-gradient":""}}},"product_brand":[],"product_cat":[11,46,59,28],"product_tag":[],"class_list":{"0":"post-19132","1":"product","2":"type-product","3":"status-publish","4":"has-post-thumbnail","6":"product_cat-wordpress","7":"product_cat-bundle","8":"product_cat-license-multiple","9":"product_cat-primary","10":"desktop-align-left","11":"tablet-align-left","12":"mobile-align-left","13":"ast-product-gallery-layout-horizontal-slider","14":"ast-product-gallery-with-no-image","15":"ast-magnify-disabled","16":"ast-product-tabs-layout-horizontal","18":"first","19":"instock","20":"downloadable","21":"virtual","22":"taxable","23":"purchasable","24":"product-type-subscription"},"_links":{"self":[{"href":"https:\/\/www.fooevents.com\/fr\/wp-json\/wp\/v2\/product\/19132","targetHints":{"allow":["GET"]}}],"collection":[{"href":"https:\/\/www.fooevents.com\/fr\/wp-json\/wp\/v2\/product"}],"about":[{"href":"https:\/\/www.fooevents.com\/fr\/wp-json\/wp\/v2\/types\/product"}],"wp:featuredmedia":[{"embeddable":true,"href":"https:\/\/www.fooevents.com\/fr\/wp-json\/wp\/v2\/media\/130668"}],"wp:attachment":[{"href":"https:\/\/www.fooevents.com\/fr\/wp-json\/wp\/v2\/media?parent=19132"}],"wp:term":[{"taxonomy":"product_brand","embeddable":true,"href":"https:\/\/www.fooevents.com\/fr\/wp-json\/wp\/v2\/product_brand?post=19132"},{"taxonomy":"product_cat","embeddable":true,"href":"https:\/\/www.fooevents.com\/fr\/wp-json\/wp\/v2\/product_cat?post=19132"},{"taxonomy":"product_tag","embeddable":true,"href":"https:\/\/www.fooevents.com\/fr\/wp-json\/wp\/v2\/product_tag?post=19132"}],"curies":[{"name":"wp","href":"https:\/\/api.w.org\/{rel}","templated":true}]}}