{"id":19135,"date":"2018-03-02T08:16:51","date_gmt":"2018-03-02T06:16:51","guid":{"rendered":"https:\/\/www.fooevents.com\/?post_type=product&#038;p=19135"},"modified":"2026-04-20T03:52:41","modified_gmt":"2026-04-20T10:52:41","slug":"fooevents-pour-woocommerce-licence-illimitee","status":"publish","type":"product","link":"https:\/\/www.fooevents.com\/fr\/product\/fooevents-for-woocommerce-license-unlimited\/","title":{"rendered":"FooEvents pour WooCommerce (Licence : Illimit\u00e9e)"},"content":{"rendered":"<p>Vendez des billets sans commission ni frais de billetterie et g\u00e9rez l'inscription gratuite pour pratiquement n'importe quel type d'\u00e9v\u00e9nement physique ou virtuel, tel qu'un concert, un camp religieux, une activit\u00e9 scolaire, une collecte de fonds, une conf\u00e9rence ou une rencontre sportive. FooEvents vous permettra d'\u00eatre op\u00e9rationnel en quelques minutes. Aucune comp\u00e9tence technique n'est n\u00e9cessaire.<\/p>\n<h3>Inclus dans votre achat :<\/h3>\n<ul>\n<li>Plugin t\u00e9l\u00e9chargeable FooEvents pour WooCommerce<\/li>\n<li>12 mois d'assistance premium<\/li>\n<li>12 mois de mises \u00e0 jour des plugins<\/li>\n<li>Gratuit\u00a0<a href=\"https:\/\/www.fooevents.com\/fr\/applications\/\" target=\"_blank\" rel=\"noopener noreferrer\">iOS<\/a> &amp; <a href=\"https:\/\/www.fooevents.com\/fr\/applications\/\" target=\"_blank\" rel=\"noopener noreferrer\">Android<\/a> applications d'enregistrement<\/li>\n<li>Documentation conviviale<\/li>\n<\/ul>","protected":false},"excerpt":{"rendered":"<p>1.5.19<br \/>\nCORRIG\u00c9 : Bug de la personnalisation d'un \u00e9v\u00e9nement \u00e0 plusieurs participants<br \/>\nCORRIG\u00c9 : Erreur de facturation sur la page d'administration des tickets<br \/>\nAJOUT : Option de th\u00e8me pour utiliser des espaces r\u00e9serv\u00e9s<\/p>\n<p>1.5.15<br \/>\nCORRIG\u00c9 : Bug des variations CSV<br \/>\nCORRIG\u00c9 : Bug des m\u00e9ta-variations des tickets<br \/>\nCORRIG\u00c9 : Bug concernant le num\u00e9ro de mise \u00e0 jour de la version<br \/>\nCORRIG\u00c9 : bogue concernant les participants de plus de 10 personnes<\/p>\n<p>1.5.5<br \/>\n-FIXED : Avertissement PHP de l'onglet D\u00e9tails de l'\u00e9v\u00e9nement<\/p>\n<p>1.5.4<br \/>\n-FIXED : Bug de connexion \u00e0 l'application<br \/>\n-FIXED : Divers petits bugs<\/p>\n<p>1.5.1<br \/>\n-FIXED : Mise \u00e0 jour de l'aide pluriquotidienne<\/p>\n<p>1.5.0<br \/>\n-ADDDED : Extension multijours pr\u00eate \u00e0 l'emploi<br \/>\n-FIXED : Divers petits bugs<\/p>\n<p>1.4.4<br \/>\n-FIXED : Plus de bugs de Wordpress 4.8 qui peuvent affecter l'envoi de tickets<br \/>\n-FIXED : Bogue de duplication de ticket avec certaines passerelles de paiement<\/p>\n<p>1.3.12<br \/>\n-FIXED : Wordpress 4.8 bug provoquant l'absence d'envoi des tickets \u00e0 la fin de la commande<br \/>\n-FIXED : Bogue de l'exportation CSV<br \/>\n-FIXED : Divers autres petits bugs<br \/>\n-FIXED : Traductions mises \u00e0 jour<\/p>\n<p>1.3.8<br \/>\n-AJOUT : widget du tableau de bord FooEvents<br \/>\n-AJOUT : T\u00e9l\u00e9charger le ticket \u00e0 partir de l'administrateur du ticket<br \/>\n-AJOUT : Am\u00e9lioration de l'exportation CSV<br \/>\n-FIXED : WooCommerce 3 messages d'avertissement<br \/>\n-FIXED : Nom de l'acheteur de billet manquant bug<br \/>\n-FIXED : Divers autres petits bugs<\/p>\n<p>1.3.3<br \/>\n-FIXED : Bug de renvoi de tickets en masse<br \/>\n-FIXED : Nom de l'acheteur manquant bug<br \/>\n-FIXED : Divers autres petits bugs<\/p>\n<p>1.3.0<br \/>\n-FIXED : WooCommerce 3 messages d'avertissement<br \/>\n-AJOUT : Am\u00e9lioration de l'exportation CSV<br \/>\n-AJOUT : Modifier l'objet du ticket<\/p>\n<p>1.2.17<br \/>\n-FIXED : Bug de l'application avec certains symboles mon\u00e9taires<br \/>\n-FIXED : Bogue du ticket d'email lors de la premi\u00e8re installation<br \/>\n-FIXED : Wordpress MU activate plugin bug<br \/>\n-AJOUT : Champs de participants personnalis\u00e9s pour l'exportation CSV<\/p>\n<p>1.2.16<br \/>\n-FIXED : Bogue de l'impossibilit\u00e9 d'\u00e9crire dans le r\u00e9pertoire des codes-barres<\/p>\n<p>1.2.15<br \/>\n- AJOUT : Prise en charge des champs de participants personnalis\u00e9s de FooEvents<br \/>\n- CORRIG\u00c9 : Divers bugs mineurs<\/p>\n<p>1.2.11<br \/>\n- CORRIG\u00c9 : Bug du menu administrateur<\/p>\n<p>1.2.10<br \/>\n- CORRIG\u00c9 : Mise \u00e0 jour d'un bug critique<\/p>\n<p>1.2.8<br \/>\n- CORRIG\u00c9 : Avertissement d'activation du plugin<br \/>\n- CORRIG\u00c9 : Liste d'\u00e9v\u00e9nements vide lors de l'ajout manuel de billets<br \/>\n- ADDED : Itin\u00e9raire pour obtenir des billets<br \/>\n- AJOUT\u00c9 : Entreprise, d\u00e9signation, num\u00e9ro de t\u00e9l\u00e9phone aux billets<br \/>\n- AJOUT : Prix pour les applications<br \/>\n- AJOUT : Notification de mise \u00e0 jour du plugin<\/p>\n<p>1.2.6<br \/>\n- AJOUT : Option pour cacher les tickets non pay\u00e9s dans l'administration<br \/>\n- AJOUT\u00c9 : V\u00e9rifier si le r\u00e9pertoire des codes-barres est accessible en \u00e9criture<br \/>\n- CORRIG\u00c9 : Suppression des r\u00e9f\u00e9rences \"Auto Draft\" dans l'administration du ticket<br \/>\n- CORRIG\u00c9 : Bug o\u00f9 l'ajout de tickets peut ne pas \u00eatre li\u00e9 \u00e0 l'utilisateur cr\u00e9\u00e9<br \/>\n- CORRIG\u00c9 : Masquer les dates de d\u00e9but et de fin dans l'onglet des d\u00e9tails de l'\u00e9v\u00e9nement<br \/>\n- CORRIG\u00c9 : Bug du mod\u00e8le de surcharge<\/p>\n<p>1.2.4<br \/>\n- Corrig\u00e9 : Bug des variations o\u00f9 seule la premi\u00e8re variation des tickets est sauvegard\u00e9e<br \/>\n- Corrig\u00e9 : Localisation du DatePicker en Javascript<br \/>\n- Corrig\u00e9 : Divers autres petits bugs<br \/>\n- Ajout\u00e9 : Tri par champs suppl\u00e9mentaires dans l'administration des tickets<\/p>\n<p>1.2.2<br \/>\n- NOUVEAU : g\u00e9n\u00e9ration de codes-barres .JPG pour le plugin PDF Ticket<br \/>\n- CORRIG\u00c9 : Pointeur Google Map<br \/>\n- SUPPRIM\u00c9 : Traductions du s\u00e9lecteur de date. Buggy, je vais chercher une autre impl\u00e9mentation.<\/p>\n<p>1.2.1<br \/>\n- NOUVEAU : Mise \u00e0 jour de compatibilit\u00e9 pour la prise en charge hors ligne de la nouvelle application Events Pro (https:\/\/www.fooevents.com\/apps\/)<br \/>\n- NOUVEAU : Compatibilit\u00e9 avec le support du plugin FooEvents PDF Tickets (https:\/\/www.fooevents.com\/product\/fooevents-pdf-tickets\/)<br \/>\n- NOUVEAU : Filtre par nom d'\u00e9v\u00e9nement, identifiant de commande et statut sur la liste des billets de l'administrateur<br \/>\n- NOUVEAU : formats horaires pour am-pm<br \/>\n- MISE \u00c0 JOUR : Nouvelle prise en charge de l'API Google Maps<br \/>\n- MISE \u00c0 JOUR : Traductions sur le s\u00e9lecteur de date<br \/>\n- MISE \u00c0 JOUR : Envoyer la localisation au format .ics<br \/>\n- CORRIG\u00c9 : Correction de l'avertissement HTTPS de l'administrateur<\/p>\n<p>1.2.0<br \/>\n- Nouveau : Int\u00e9gration de l'application Event Check-ins Pro iOS - Voir https:\/\/www.fooevents.com\/apps\/<br \/>\n- Nouveau : Event Check-ins Pro iOS App - Auto Check-ins (Enregistrement rapide et sans effort)<br \/>\n- Nouveau : Event Check-ins Pro iOS App - Custom Branding (D\u00e9finissez votre propre palette de couleurs et votre logo)<br \/>\n- Mise \u00e0 jour : Documentation<br \/>\n- Correction : bug du code postal .ics<br \/>\n- Corrig\u00e9 : Bug de l'autorisation d'ajouter un nouveau ticket<\/p>\n<p>1.1.17<br \/>\n- Ajout d'une fonctionnalit\u00e9 de gestion manuelle des tickets dans l'administration de WordPress.<br \/>\n- Diverses petites corrections de bugs et am\u00e9liorations.<\/p>\n<p>1.1.14<br \/>\n- Int\u00e9gration de l'application, prise en charge de l'\u00e9dition en vrac<br \/>\n- Ins\u00e9rer un message personnalis\u00e9 sur la page de remerciement<br \/>\n- Ajout de divers champs facultatifs pour l'inscription des participants<br \/>\n- Diverses corrections de bugs<\/p>\n<p>1.1.11<br \/>\n- Diverses corrections de bugs<\/p>\n<p>1.1.8<br \/>\n- Prise en charge des fichiers de langue .po et .mo<br \/>\n- Option permettant de ne pas envoyer d'e-mails pour les tickets<br \/>\n- Diverses corrections de bugs<\/p>\n<p>1.1.5<br \/>\n- Diverses corrections de bugs<\/p>\n<p>1.1.4<br \/>\n- Am\u00e9lioration de la recherche dans l'administration<br \/>\n- R\u00e9solution du bug de la liste des billets et des \u00e9v\u00e9nements dans l'application<br \/>\n- Diverses autres petites corrections de bugs<\/p>\n<p>1.1.2<br \/>\n- Diverses corrections de bugs<\/p>\n<p>1.10<br \/>\n- Saisir les coordonn\u00e9es des participants au moment du paiement<br \/>\n- Possibilit\u00e9 d'envoyer les billets aux participants par courrier \u00e9lectronique<br \/>\n- Cary \u00e0 travers les attributs\/variations des billets et les d\u00e9tails des billets<br \/>\n- Possibilit\u00e9 de remplacer \"Ajouter au panier\" par \"R\u00e9server un billet\".<br \/>\n- Support pour l'application iOS (lancement imminent !)<br \/>\n- Diverses corrections de bugs<\/p>\n<p>1.0.8<br \/>\n- Conflit avec les t\u00e9l\u00e9chargements d'images de WooCommerce.<\/p>\n<p>1.0.6<br \/>\n- Ajout d'options suppl\u00e9mentaires pour contr\u00f4ler la sortie des tickets<br \/>\n- Correction d'un bug qui provoquait l'envoi de tickets pour certains produits non \u00e9v\u00e9nementiels.<br \/>\n- Correction de divers autres petits bugs<\/p>\n<p>1.0.3<br \/>\n- Correction d'un bug d'affichage avec Google Maps<br \/>\n- Correction d'un bug qui emp\u00eachait l'affichage du participant sur le billet<br \/>\n- Correction d'un bug o\u00f9 l'utilisateur admin est affich\u00e9 comme le propri\u00e9taire du ticket<br \/>\n- Divers autres petits bugs<\/p>\n<p>&nbsp;<\/p>","protected":false},"featured_media":130680,"template":"","meta":{"site-sidebar-layout":"default","site-content-layout":"default","ast-site-content-layout":"default","site-content-style":"default","site-sidebar-style":"default","ast-global-header-display":"","ast-banner-title-visibility":"","ast-main-header-display":"","ast-hfb-above-header-display":"","ast-hfb-below-header-display":"","ast-hfb-mobile-header-display":"","site-post-title":"","ast-breadcrumbs-content":"","ast-featured-img":"","footer-sml-layout":"","ast-disable-related-posts":"","theme-transparent-header-meta":"default","adv-header-id-meta":"","stick-header-meta":"default","header-above-stick-meta":"","header-main-stick-meta":"","header-below-stick-meta":"","astra-migrate-meta-layouts":"set","ast-page-background-enabled":"default","ast-page-background-meta":{"desktop":{"background-color":"var(--ast-global-color-4)","background-image":"","background-repeat":"repeat","background-position":"center center","background-size":"auto","background-attachment":"scroll","background-type":"","background-media":"","overlay-type":"","overlay-color":"","overlay-opacity":"","overlay-gradient":""},"tablet":{"background-color":"","background-image":"","background-repeat":"repeat","background-position":"center center","background-size":"auto","background-attachment":"scroll","background-type":"","background-media":"","overlay-type":"","overlay-color":"","overlay-opacity":"","overlay-gradient":""},"mobile":{"background-color":"","background-image":"","background-repeat":"repeat","background-position":"center center","background-size":"auto","background-attachment":"scroll","background-type":"","background-media":"","overlay-type":"","overlay-color":"","overlay-opacity":"","overlay-gradient":""}},"ast-content-background-meta":{"desktop":{"background-color":"var(--ast-global-color-5)","background-image":"","background-repeat":"repeat","background-position":"center center","background-size":"auto","background-attachment":"scroll","background-type":"","background-media":"","overlay-type":"","overlay-color":"","overlay-opacity":"","overlay-gradient":""},"tablet":{"background-color":"var(--ast-global-color-5)","background-image":"","background-repeat":"repeat","background-position":"center center","background-size":"auto","background-attachment":"scroll","background-type":"","background-media":"","overlay-type":"","overlay-color":"","overlay-opacity":"","overlay-gradient":""},"mobile":{"background-color":"var(--ast-global-color-5)","background-image":"","background-repeat":"repeat","background-position":"center center","background-size":"auto","background-attachment":"scroll","background-type":"","background-media":"","overlay-type":"","overlay-color":"","overlay-opacity":"","overlay-gradient":""}}},"product_brand":[],"product_cat":[60,45,28],"product_tag":[],"class_list":{"0":"post-19135","1":"product","2":"type-product","3":"status-publish","4":"has-post-thumbnail","6":"product_cat-license-unlimited","7":"product_cat-plugins","8":"product_cat-primary","9":"desktop-align-left","10":"tablet-align-left","11":"mobile-align-left","12":"ast-product-gallery-layout-horizontal-slider","13":"ast-product-gallery-with-no-image","14":"ast-magnify-disabled","15":"ast-product-tabs-layout-horizontal","17":"first","18":"instock","19":"featured","20":"downloadable","21":"virtual","22":"taxable","23":"purchasable","24":"product-type-subscription"},"_links":{"self":[{"href":"https:\/\/www.fooevents.com\/fr\/wp-json\/wp\/v2\/product\/19135","targetHints":{"allow":["GET"]}}],"collection":[{"href":"https:\/\/www.fooevents.com\/fr\/wp-json\/wp\/v2\/product"}],"about":[{"href":"https:\/\/www.fooevents.com\/fr\/wp-json\/wp\/v2\/types\/product"}],"wp:featuredmedia":[{"embeddable":true,"href":"https:\/\/www.fooevents.com\/fr\/wp-json\/wp\/v2\/media\/130680"}],"wp:attachment":[{"href":"https:\/\/www.fooevents.com\/fr\/wp-json\/wp\/v2\/media?parent=19135"}],"wp:term":[{"taxonomy":"product_brand","embeddable":true,"href":"https:\/\/www.fooevents.com\/fr\/wp-json\/wp\/v2\/product_brand?post=19135"},{"taxonomy":"product_cat","embeddable":true,"href":"https:\/\/www.fooevents.com\/fr\/wp-json\/wp\/v2\/product_cat?post=19135"},{"taxonomy":"product_tag","embeddable":true,"href":"https:\/\/www.fooevents.com\/fr\/wp-json\/wp\/v2\/product_tag?post=19135"}],"curies":[{"name":"wp","href":"https:\/\/api.w.org\/{rel}","templated":true}]}}