{"id":19137,"date":"2018-03-02T08:16:59","date_gmt":"2018-03-02T06:16:59","guid":{"rendered":"https:\/\/www.fooevents.com\/?post_type=product&#038;p=19137"},"modified":"2026-03-16T03:53:53","modified_gmt":"2026-03-16T10:53:53","slug":"fooevents-pdf-tickets-licence-illimitee","status":"publish","type":"product","link":"https:\/\/www.fooevents.com\/fr\/product\/fooevents-pdf-tickets-license-unlimited\/","title":{"rendered":"FooEvents PDF Tickets (Licence : Illimit\u00e9e)"},"content":{"rendered":"<p>Le plugin FooEvents PDF Tickets est une extension pour FooEvents pour WooCommerce qui joint les billets en tant que fichiers PDF \u00e0 l'e-mail envoy\u00e9 au participant ou \u00e0 l'acheteur de billets. Il est possible de choisir entre un ou plusieurs billets par page.<\/p>\n<h3>Inclus dans votre achat :<\/h3>\n<p>T\u00e9l\u00e9charger le plugin FooEvents PDF Tickets,<br \/>\n12 mois d'assistance premium,<br \/>\n12 mois de mises \u00e0 jour des plugins,<br \/>\nDocumentation conviviale.<\/p>\n<p><strong>NB : Ne comprend pas <a href=\"\/fr\/produit\/plugin-fooevents\/\">FooEvents pour le plugin WooCommerce<\/a> (obligatoire)\u00a0<\/strong><\/p>","protected":false},"excerpt":{"rendered":"<p>1.2.9<br \/>\n-MISE \u00c0 JOUR : Biblioth\u00e8que DomPDF<br \/>\n-FIXED : Bug de tarification<\/p>\n<p>1.2.7<br \/>\n-FIXED : Bug du logo sur le mod\u00e8le de ticket multiple<\/p>\n<p>1.2.6<br \/>\n-FIXED : Divers petits bugs<\/p>\n<p>1.2.4<br \/>\n-FIXED : Bug du logo du ticket<\/p>\n<p>1.2.3<br \/>\n-AJOUT\u00c9 : Remplacer l'email du ticket PDF<br \/>\n-AJOUT : T\u00e9l\u00e9charger le ticket PDF \u00e0 partir de l'administration du ticket.<br \/>\n-FIXED : Diverses petites corrections de bugs<\/p>\n<p>1.2.1<br \/>\n- CORRIG\u00c9 : Diverses petites corrections de bugs<\/p>\n<p>1.2.0<br \/>\n- CORRIG\u00c9 : WooCommerce 3 messages d'avertissement<br \/>\n- AJOUT : Remplacer l'email du ticket PDF<\/p>\n<p>1.0.7<br \/>\n- CORRIG\u00c9 : Divers bugs mineurs<\/p>\n<p>1.0.6<br \/>\n- AJOUT : Notification de mise \u00e0 jour du plugin<br \/>\n- CORRIG\u00c9 : Divers bugs mineurs<\/p>\n<p>1.0.5<br \/>\n- AJOUT : police Unicode<br \/>\n- AJOUT : V\u00e9rifier si le r\u00e9pertoire pdftickets est accessible en \u00e9criture-<br \/>\n- CORRIG\u00c9 : Probl\u00e8mes de formatage sur certains serveurs<br \/>\n- CORRIG\u00c9 : Autres petits bugs et corrections<\/p>\n<p>1.0.2<br \/>\n- NOUVEAU : utilise d\u00e9sormais des fichiers .jpg pour les codes-barres<br \/>\n- MISE \u00c0 JOUR : Traductions<\/p>\n<p>1.0.0<br \/>\n- Communiqu\u00e9 de presse<\/p>","protected":false},"featured_media":130675,"template":"","meta":{"site-sidebar-layout":"default","site-content-layout":"default","ast-site-content-layout":"default","site-content-style":"default","site-sidebar-style":"default","ast-global-header-display":"","ast-banner-title-visibility":"","ast-main-header-display":"","ast-hfb-above-header-display":"","ast-hfb-below-header-display":"","ast-hfb-mobile-header-display":"","site-post-title":"","ast-breadcrumbs-content":"","ast-featured-img":"","footer-sml-layout":"","ast-disable-related-posts":"","theme-transparent-header-meta":"default","adv-header-id-meta":"","stick-header-meta":"default","header-above-stick-meta":"","header-main-stick-meta":"","header-below-stick-meta":"","astra-migrate-meta-layouts":"set","ast-page-background-enabled":"default","ast-page-background-meta":{"desktop":{"background-color":"var(--ast-global-color-4)","background-image":"","background-repeat":"repeat","background-position":"center center","background-size":"auto","background-attachment":"scroll","background-type":"","background-media":"","overlay-type":"","overlay-color":"","overlay-opacity":"","overlay-gradient":""},"tablet":{"background-color":"","background-image":"","background-repeat":"repeat","background-position":"center center","background-size":"auto","background-attachment":"scroll","background-type":"","background-media":"","overlay-type":"","overlay-color":"","overlay-opacity":"","overlay-gradient":""},"mobile":{"background-color":"","background-image":"","background-repeat":"repeat","background-position":"center center","background-size":"auto","background-attachment":"scroll","background-type":"","background-media":"","overlay-type":"","overlay-color":"","overlay-opacity":"","overlay-gradient":""}},"ast-content-background-meta":{"desktop":{"background-color":"var(--ast-global-color-5)","background-image":"","background-repeat":"repeat","background-position":"center center","background-size":"auto","background-attachment":"scroll","background-type":"","background-media":"","overlay-type":"","overlay-color":"","overlay-opacity":"","overlay-gradient":""},"tablet":{"background-color":"var(--ast-global-color-5)","background-image":"","background-repeat":"repeat","background-position":"center center","background-size":"auto","background-attachment":"scroll","background-type":"","background-media":"","overlay-type":"","overlay-color":"","overlay-opacity":"","overlay-gradient":""},"mobile":{"background-color":"var(--ast-global-color-5)","background-image":"","background-repeat":"repeat","background-position":"center center","background-size":"auto","background-attachment":"scroll","background-type":"","background-media":"","overlay-type":"","overlay-color":"","overlay-opacity":"","overlay-gradient":""}}},"product_brand":[],"product_cat":[27,60,45],"product_tag":[],"class_list":{"0":"post-19137","1":"product","2":"type-product","3":"status-publish","4":"has-post-thumbnail","6":"product_cat-extension","7":"product_cat-license-unlimited","8":"product_cat-plugins","9":"desktop-align-left","10":"tablet-align-left","11":"mobile-align-left","12":"ast-product-gallery-layout-horizontal-slider","13":"ast-magnify-disabled","14":"ast-product-tabs-layout-horizontal","16":"first","17":"instock","18":"downloadable","19":"virtual","20":"taxable","21":"purchasable","22":"product-type-subscription"},"_links":{"self":[{"href":"https:\/\/www.fooevents.com\/fr\/wp-json\/wp\/v2\/product\/19137","targetHints":{"allow":["GET"]}}],"collection":[{"href":"https:\/\/www.fooevents.com\/fr\/wp-json\/wp\/v2\/product"}],"about":[{"href":"https:\/\/www.fooevents.com\/fr\/wp-json\/wp\/v2\/types\/product"}],"wp:featuredmedia":[{"embeddable":true,"href":"https:\/\/www.fooevents.com\/fr\/wp-json\/wp\/v2\/media\/130675"}],"wp:attachment":[{"href":"https:\/\/www.fooevents.com\/fr\/wp-json\/wp\/v2\/media?parent=19137"}],"wp:term":[{"taxonomy":"product_brand","embeddable":true,"href":"https:\/\/www.fooevents.com\/fr\/wp-json\/wp\/v2\/product_brand?post=19137"},{"taxonomy":"product_cat","embeddable":true,"href":"https:\/\/www.fooevents.com\/fr\/wp-json\/wp\/v2\/product_cat?post=19137"},{"taxonomy":"product_tag","embeddable":true,"href":"https:\/\/www.fooevents.com\/fr\/wp-json\/wp\/v2\/product_tag?post=19137"}],"curies":[{"name":"wp","href":"https:\/\/api.w.org\/{rel}","templated":true}]}}