{"id":19139,"date":"2018-03-02T08:17:09","date_gmt":"2018-03-02T06:17:09","guid":{"rendered":"https:\/\/www.fooevents.com\/?post_type=product&#038;p=19139"},"modified":"2026-03-09T04:00:03","modified_gmt":"2026-03-09T11:00:03","slug":"fooevents-custom-attendee-fields-license-unlimited","status":"publish","type":"product","link":"https:\/\/www.fooevents.com\/fr\/product\/fooevents-custom-attendee-fields-license-unlimited\/","title":{"rendered":"FooEvents Champs de participants personnalis\u00e9s (Licence : illimit\u00e9e)"},"content":{"rendered":"<p>Le plugin FooEvents Custom Attendee Fields est une extension pour FooEvents qui permet de saisir des champs personnalis\u00e9s pour les participants au moment du paiement, afin d'adapter FooEvents aux besoins particuliers de votre \u00e9v\u00e9nement. Ce plugin est utile pour obtenir des informations suppl\u00e9mentaires de la part des participants, telles que la taille des v\u00eatements, les pr\u00e9f\u00e9rences en mati\u00e8re de repas, les donn\u00e9es d\u00e9mographiques, l'acceptation de la d\u00e9rogation, etc. Les options sont pratiquement illimit\u00e9es !<\/p>\n<h3>Inclus dans votre achat :<\/h3>\n<p>Champs de participants personnalis\u00e9s t\u00e9l\u00e9chargeables pour FooEvents,<br \/>\n12 mois d'assistance premium,<br \/>\n12 mois de mises \u00e0 jour des plugins,<br \/>\nDocumentation conviviale.<\/p>\n<p><strong>NB : Ne comprend pas <a href=\"\/fr\/produit\/plugin-fooevents\/\">FooEvents pour le plugin WooCommerce<\/a> (obligatoire)\u00a0<\/strong><\/p>","protected":false},"excerpt":{"rendered":"<p>1.1.9<br \/>\nCORRIG\u00c9 : Bug de la personnalisation d'un \u00e9v\u00e9nement \u00e0 plusieurs participants<br \/>\nCORRIG\u00c9 : Bogue de la bo\u00eete de s\u00e9lection<br \/>\nAJOUT : Option de th\u00e8me pour utiliser des espaces r\u00e9serv\u00e9s<\/p>\n<p>1.1.5<br \/>\nCORRIG\u00c9 : bogue concernant les participants de plus de 10 personnes<\/p>\n<p>1.1.2<br \/>\nCORRIG\u00c9 : Bug de la notification de mise \u00e0 jour<\/p>\n<p>1.1.0<br \/>\n-FIXED : Wordpress 4.8 bugs<\/p>\n<p>1.0.7<br \/>\n-FIXED : Les champs sont maintenant plus longs<br \/>\n-FIXED : Traductions mises \u00e0 jour<br \/>\n-FIXED : Divers autres petits bugs<\/p>\n<p>1.0.4<br \/>\n-FIXED : Bug des champs obligatoires<br \/>\n-FIXED : Divers autres petits bugs<\/p>\n<p>1.0.1<br \/>\n-FIXED : Bogue de la notification de mise \u00e0 jour<\/p>\n<p>1.0.0<br \/>\n- Communiqu\u00e9 de presse<\/p>","protected":false},"featured_media":130674,"template":"","meta":{"site-sidebar-layout":"default","site-content-layout":"default","ast-site-content-layout":"default","site-content-style":"default","site-sidebar-style":"default","ast-global-header-display":"","ast-banner-title-visibility":"","ast-main-header-display":"","ast-hfb-above-header-display":"","ast-hfb-below-header-display":"","ast-hfb-mobile-header-display":"","site-post-title":"","ast-breadcrumbs-content":"","ast-featured-img":"","footer-sml-layout":"","ast-disable-related-posts":"","theme-transparent-header-meta":"default","adv-header-id-meta":"","stick-header-meta":"default","header-above-stick-meta":"","header-main-stick-meta":"","header-below-stick-meta":"","astra-migrate-meta-layouts":"set","ast-page-background-enabled":"default","ast-page-background-meta":{"desktop":{"background-color":"var(--ast-global-color-4)","background-image":"","background-repeat":"repeat","background-position":"center center","background-size":"auto","background-attachment":"scroll","background-type":"","background-media":"","overlay-type":"","overlay-color":"","overlay-opacity":"","overlay-gradient":""},"tablet":{"background-color":"","background-image":"","background-repeat":"repeat","background-position":"center center","background-size":"auto","background-attachment":"scroll","background-type":"","background-media":"","overlay-type":"","overlay-color":"","overlay-opacity":"","overlay-gradient":""},"mobile":{"background-color":"","background-image":"","background-repeat":"repeat","background-position":"center center","background-size":"auto","background-attachment":"scroll","background-type":"","background-media":"","overlay-type":"","overlay-color":"","overlay-opacity":"","overlay-gradient":""}},"ast-content-background-meta":{"desktop":{"background-color":"var(--ast-global-color-5)","background-image":"","background-repeat":"repeat","background-position":"center center","background-size":"auto","background-attachment":"scroll","background-type":"","background-media":"","overlay-type":"","overlay-color":"","overlay-opacity":"","overlay-gradient":""},"tablet":{"background-color":"var(--ast-global-color-5)","background-image":"","background-repeat":"repeat","background-position":"center center","background-size":"auto","background-attachment":"scroll","background-type":"","background-media":"","overlay-type":"","overlay-color":"","overlay-opacity":"","overlay-gradient":""},"mobile":{"background-color":"var(--ast-global-color-5)","background-image":"","background-repeat":"repeat","background-position":"center center","background-size":"auto","background-attachment":"scroll","background-type":"","background-media":"","overlay-type":"","overlay-color":"","overlay-opacity":"","overlay-gradient":""}}},"product_brand":[],"product_cat":[11,27,60,45],"product_tag":[],"class_list":{"0":"post-19139","1":"product","2":"type-product","3":"status-publish","4":"has-post-thumbnail","6":"product_cat-wordpress","7":"product_cat-extension","8":"product_cat-license-unlimited","9":"product_cat-plugins","10":"desktop-align-left","11":"tablet-align-left","12":"mobile-align-left","13":"ast-product-gallery-layout-horizontal-slider","14":"ast-product-gallery-with-no-image","15":"ast-magnify-disabled","16":"ast-product-tabs-layout-horizontal","18":"first","19":"instock","20":"downloadable","21":"virtual","22":"taxable","23":"purchasable","24":"product-type-subscription"},"_links":{"self":[{"href":"https:\/\/www.fooevents.com\/fr\/wp-json\/wp\/v2\/product\/19139","targetHints":{"allow":["GET"]}}],"collection":[{"href":"https:\/\/www.fooevents.com\/fr\/wp-json\/wp\/v2\/product"}],"about":[{"href":"https:\/\/www.fooevents.com\/fr\/wp-json\/wp\/v2\/types\/product"}],"wp:featuredmedia":[{"embeddable":true,"href":"https:\/\/www.fooevents.com\/fr\/wp-json\/wp\/v2\/media\/130674"}],"wp:attachment":[{"href":"https:\/\/www.fooevents.com\/fr\/wp-json\/wp\/v2\/media?parent=19139"}],"wp:term":[{"taxonomy":"product_brand","embeddable":true,"href":"https:\/\/www.fooevents.com\/fr\/wp-json\/wp\/v2\/product_brand?post=19139"},{"taxonomy":"product_cat","embeddable":true,"href":"https:\/\/www.fooevents.com\/fr\/wp-json\/wp\/v2\/product_cat?post=19139"},{"taxonomy":"product_tag","embeddable":true,"href":"https:\/\/www.fooevents.com\/fr\/wp-json\/wp\/v2\/product_tag?post=19139"}],"curies":[{"name":"wp","href":"https:\/\/api.w.org\/{rel}","templated":true}]}}