{"id":200854,"date":"2025-09-23T04:47:19","date_gmt":"2025-09-23T11:47:19","guid":{"rendered":"https:\/\/www.fooevents.com\/?post_type=product&#038;p=200854"},"modified":"2026-02-18T06:01:23","modified_gmt":"2026-02-18T14:01:23","slug":"ticket-halloween-theme-2025","status":"publish","type":"product","link":"https:\/\/www.fooevents.com\/fr\/product\/halloween-ticket-theme-2025\/","title":{"rendered":"Th\u00e8me du billet d'Halloween"},"content":{"rendered":"","protected":false},"excerpt":{"rendered":"<p><strong><a class=\"\" href=\"https:\/\/demo.fooevents.com\/ticket-themes\/halloween2025\/\" target=\"_blank\" rel=\"noopener noreferrer\"> <u>Aper\u00e7u du billet HTML<\/u><\/a><\/strong> | <strong><a class=\"\" href=\"https:\/\/help.fooevents.com\/docs\/topics\/changelogs\/ticket-themes\/\" target=\"_blank\" rel=\"noopener noreferrer\"><u>Changelog<\/u><\/a><\/strong><\/p>\n<h4><strong>Download for free!<\/strong><\/h4>\n<p><\/p>\n<p>Les <strong>Th\u00e8me du billet d'Halloween<\/strong> est une conception paysag\u00e8re pleine largeur, parfaite pour votre prochaine f\u00eate d'Halloween.<\/p>\n<p>Pour utiliser ce th\u00e8me, ajoutez-le \u00e0 votre panier et passez \u00e0 la caisse. Ne vous inqui\u00e9tez pas, c'est gratuit et aucun paiement n'est requis. Une fois la commande termin\u00e9e, le th\u00e8me appara\u00eetra dans votre site Web. <a href=\"https:\/\/www.fooevents.com\/fr\/mon-compte\/telechargements\/\">T\u00e9l\u00e9chargements<\/a> section. Apr\u00e8s avoir t\u00e9l\u00e9charg\u00e9 le ZIP, allez \u00e0 <strong>FooEvents<\/strong> &gt; <strong>Billets<\/strong> &gt; <strong>Th\u00e8mes des billets<\/strong> dans votre administration WordPress, t\u00e9l\u00e9chargez le ZIP et assignez-le \u00e0 n'importe quel \u00e9v\u00e9nement.<\/p>\n<p>Le logo et l'image d'en-t\u00eate se trouvent dans le dossier \u2018images\u2019 du th\u00e8me du billet. Remplacez ces fichiers par les v\u00f4tres ou utilisez-les tels quels.<\/p>\n<p><strong>Ressources compl\u00e9mentaires :<\/strong><\/p>\n<ul>\n<li><a href=\"https:\/\/fonts.google.com\/share?selection.family=Creepster\" target=\"_blank\" rel=\"noopener nofollow\">Police de caract\u00e8res du logo : Creepster<\/a><\/li>\n<li><a href=\"https:\/\/www.fooevents.com\/wp-content\/uploads\/2025\/09\/Halloween-Ticket-Themes.psd.zip\" target=\"_blank\" rel=\"noopener\">Fichier Photoshop sur le th\u00e8me du billet d'Halloween<\/a><\/li>\n<li><a href=\"https:\/\/elements.envato.com\/haunted-halloween-house-illustration-58DVZFE\" target=\"_blank\" rel=\"noopener nofollow\">Illustration de maison hant\u00e9e modifiable<\/a><\/li>\n<\/ul>\n<p><em>Remarque : il ne s'agit pas d'un th\u00e8me de site WordPress. Les th\u00e8mes de billets FooEvents ne permettent de styliser que les billets FooEvents et ne peuvent pas \u00eatre utilis\u00e9s pour la th\u00e9matisation g\u00e9n\u00e9rale de WordPress.<\/em><\/p>\n<p><!-- If your demo slug differs, update the two links above to match the correct Halloween theme URL. --><\/p>","protected":false},"featured_media":200856,"template":"","meta":{"site-sidebar-layout":"default","site-content-layout":"","ast-site-content-layout":"default","site-content-style":"default","site-sidebar-style":"default","ast-global-header-display":"","ast-banner-title-visibility":"","ast-main-header-display":"","ast-hfb-above-header-display":"","ast-hfb-below-header-display":"","ast-hfb-mobile-header-display":"","site-post-title":"","ast-breadcrumbs-content":"","ast-featured-img":"","footer-sml-layout":"","ast-disable-related-posts":"","theme-transparent-header-meta":"default","adv-header-id-meta":"","stick-header-meta":"default","header-above-stick-meta":"","header-main-stick-meta":"","header-below-stick-meta":"","astra-migrate-meta-layouts":"set","ast-page-background-enabled":"default","ast-page-background-meta":{"desktop":{"background-color":"var(--ast-global-color-4)","background-image":"","background-repeat":"repeat","background-position":"center center","background-size":"auto","background-attachment":"scroll","background-type":"","background-media":"","overlay-type":"","overlay-color":"","overlay-opacity":"","overlay-gradient":""},"tablet":{"background-color":"","background-image":"","background-repeat":"repeat","background-position":"center center","background-size":"auto","background-attachment":"scroll","background-type":"","background-media":"","overlay-type":"","overlay-color":"","overlay-opacity":"","overlay-gradient":""},"mobile":{"background-color":"","background-image":"","background-repeat":"repeat","background-position":"center center","background-size":"auto","background-attachment":"scroll","background-type":"","background-media":"","overlay-type":"","overlay-color":"","overlay-opacity":"","overlay-gradient":""}},"ast-content-background-meta":{"desktop":{"background-color":"var(--ast-global-color-5)","background-image":"","background-repeat":"repeat","background-position":"center center","background-size":"auto","background-attachment":"scroll","background-type":"","background-media":"","overlay-type":"","overlay-color":"","overlay-opacity":"","overlay-gradient":""},"tablet":{"background-color":"var(--ast-global-color-5)","background-image":"","background-repeat":"repeat","background-position":"center center","background-size":"auto","background-attachment":"scroll","background-type":"","background-media":"","overlay-type":"","overlay-color":"","overlay-opacity":"","overlay-gradient":""},"mobile":{"background-color":"var(--ast-global-color-5)","background-image":"","background-repeat":"repeat","background-position":"center center","background-size":"auto","background-attachment":"scroll","background-type":"","background-media":"","overlay-type":"","overlay-color":"","overlay-opacity":"","overlay-gradient":""}}},"product_brand":[],"product_cat":[44],"product_tag":[],"class_list":{"0":"post-200854","1":"product","2":"type-product","3":"status-publish","4":"has-post-thumbnail","6":"product_cat-ticket-themes","7":"desktop-align-left","8":"tablet-align-left","9":"mobile-align-left","10":"ast-product-gallery-layout-horizontal-slider","11":"ast-magnify-disabled","12":"ast-product-tabs-layout-horizontal","14":"first","15":"instock","16":"downloadable","17":"virtual","18":"sold-individually","19":"taxable","20":"purchasable","21":"product-type-simple"},"_links":{"self":[{"href":"https:\/\/www.fooevents.com\/fr\/wp-json\/wp\/v2\/product\/200854","targetHints":{"allow":["GET"]}}],"collection":[{"href":"https:\/\/www.fooevents.com\/fr\/wp-json\/wp\/v2\/product"}],"about":[{"href":"https:\/\/www.fooevents.com\/fr\/wp-json\/wp\/v2\/types\/product"}],"wp:featuredmedia":[{"embeddable":true,"href":"https:\/\/www.fooevents.com\/fr\/wp-json\/wp\/v2\/media\/200856"}],"wp:attachment":[{"href":"https:\/\/www.fooevents.com\/fr\/wp-json\/wp\/v2\/media?parent=200854"}],"wp:term":[{"taxonomy":"product_brand","embeddable":true,"href":"https:\/\/www.fooevents.com\/fr\/wp-json\/wp\/v2\/product_brand?post=200854"},{"taxonomy":"product_cat","embeddable":true,"href":"https:\/\/www.fooevents.com\/fr\/wp-json\/wp\/v2\/product_cat?post=200854"},{"taxonomy":"product_tag","embeddable":true,"href":"https:\/\/www.fooevents.com\/fr\/wp-json\/wp\/v2\/product_tag?post=200854"}],"curies":[{"name":"wp","href":"https:\/\/api.w.org\/{rel}","templated":true}]}}