{"id":861,"date":"2016-07-08T16:15:28","date_gmt":"2016-07-08T14:15:28","guid":{"rendered":"https:\/\/www.fooevents.com\/?post_type=product&#038;p=861"},"modified":"2026-03-09T04:11:06","modified_gmt":"2026-03-09T11:11:06","slug":"fooevents-express-check-in","status":"publish","type":"product","link":"https:\/\/www.fooevents.com\/fr\/product\/fooevents-express-check-in\/","title":{"rendered":"FooEvents Express Check-in (Licence : Simple)"},"content":{"rendered":"<p>Le plugin FooEvents Express Check-in est une extension de FooEvents pour WooCommerce qui permet d'enregistrer rapidement et sans effort les participants \u00e0 votre \u00e9v\u00e9nement. L'interface intuitive vous permet de trouver des participants en quelques secondes gr\u00e2ce \u00e0 une fonction de recherche automatique tr\u00e8s pratique. Vous pouvez \u00e9galement utiliser un lecteur de codes-barres classique pour scanner les billets imprim\u00e9s et enregistrer automatiquement les participants, ce qui est parfait pour les \u00e9v\u00e9nements de grande envergure. L'approche la plus simple et la plus efficace pour g\u00e9rer l'enregistrement des participants \u00e0 votre \u00e9v\u00e9nement !<\/p>\n<h3>Inclus dans votre achat :<\/h3>\n<p>Plugin d'enregistrement express FooEvents t\u00e9l\u00e9chargeable,<br \/>\n12 mois d'assistance premium,<br \/>\n12 mois de mises \u00e0 jour des plugins,<br \/>\nDocumentation conviviale.<\/p>\n<p><strong>NB : Ne comprend pas <a href=\"\/fr\/produit\/plugin-fooevents\/\">FooEvents pour le plugin WooCommerce<\/a> (obligatoire)\u00a0<\/strong><\/p>","protected":false},"excerpt":{"rendered":"<p>Recherche par nom d'acheteur ou de participant, par num\u00e9ro de billet ou par statut du billet<br \/>\nChargement Ajax des r\u00e9sultats, pas de rafra\u00eechissement de la page<br \/>\nRecherche automatique - Recherche au fur et \u00e0 mesure de la saisie<br \/>\nEnregistrement automatique - Enregistrement automatique d'un participant si un num\u00e9ro de billet est trouv\u00e9.<br \/>\nMobile friendly - Fonctionne sur les ordinateurs de bureau, les tablettes et les t\u00e9l\u00e9phones portables<br \/>\nModifier le statut d'enregistrement des participants en \"enregistr\u00e9\", \"non enregistr\u00e9\", \"annul\u00e9\" ou \"non pay\u00e9\".<br \/>\nFonctionne parfaitement avec la plupart des scanners de codes-barres 2D !<\/p>\n<p>https:\/\/www.youtube.com\/watch?v=h3zI-oNi6_o<\/p>\n<p>MISE \u00c0 JOUR DU JOURNAL<\/p>\n<p>&#8212;&#8212;&#8212;&#8212;&#8212;&#8212;<br \/>\n1.2.2<br \/>\n-FIXED : Bogue de la notification de mise \u00e0 jour<\/p>\n<p>1.2.1<br \/>\n-FIXED : Mise \u00e0 jour de l'aide pluriquotidienne<\/p>\n<p>1.2.0<br \/>\nADDDED : Extension de l'\u00e9v\u00e9nement pluri-journalier pr\u00eate<\/p>\n<p>1.0.7<\/p>\n<p>-FIXED : Avertissement PHP sur le front-end<\/p>\n<p>1.0.6<\/p>\n<p>-FIXED : Sortie d'avertissement PHP<\/p>\n<p>1.0.5<\/p>\n<p>-AJOUT : Des r\u00f4les d'utilisateurs suppl\u00e9mentaires ont d\u00e9sormais acc\u00e8s \u00e0 la base de donn\u00e9es.<br \/>\n-AJOUT : Notification de mise \u00e0 jour du plugin<br \/>\n-FIXED : Divers bogues mineurs<\/p>\n<div style=\"position: static !important;\"><\/div>\n<div style=\"position: static !important;\"><\/div>","protected":false},"featured_media":130678,"template":"","meta":{"site-sidebar-layout":"default","site-content-layout":"default","ast-site-content-layout":"default","site-content-style":"default","site-sidebar-style":"default","ast-global-header-display":"","ast-banner-title-visibility":"","ast-main-header-display":"","ast-hfb-above-header-display":"","ast-hfb-below-header-display":"","ast-hfb-mobile-header-display":"","site-post-title":"","ast-breadcrumbs-content":"","ast-featured-img":"","footer-sml-layout":"","ast-disable-related-posts":"","theme-transparent-header-meta":"default","adv-header-id-meta":"","stick-header-meta":"default","header-above-stick-meta":"","header-main-stick-meta":"","header-below-stick-meta":"","astra-migrate-meta-layouts":"set","ast-page-background-enabled":"default","ast-page-background-meta":{"desktop":{"background-color":"var(--ast-global-color-4)","background-image":"","background-repeat":"repeat","background-position":"center center","background-size":"auto","background-attachment":"scroll","background-type":"","background-media":"","overlay-type":"","overlay-color":"","overlay-opacity":"","overlay-gradient":""},"tablet":{"background-color":"","background-image":"","background-repeat":"repeat","background-position":"center center","background-size":"auto","background-attachment":"scroll","background-type":"","background-media":"","overlay-type":"","overlay-color":"","overlay-opacity":"","overlay-gradient":""},"mobile":{"background-color":"","background-image":"","background-repeat":"repeat","background-position":"center center","background-size":"auto","background-attachment":"scroll","background-type":"","background-media":"","overlay-type":"","overlay-color":"","overlay-opacity":"","overlay-gradient":""}},"ast-content-background-meta":{"desktop":{"background-color":"var(--ast-global-color-5)","background-image":"","background-repeat":"repeat","background-position":"center center","background-size":"auto","background-attachment":"scroll","background-type":"","background-media":"","overlay-type":"","overlay-color":"","overlay-opacity":"","overlay-gradient":""},"tablet":{"background-color":"var(--ast-global-color-5)","background-image":"","background-repeat":"repeat","background-position":"center center","background-size":"auto","background-attachment":"scroll","background-type":"","background-media":"","overlay-type":"","overlay-color":"","overlay-opacity":"","overlay-gradient":""},"mobile":{"background-color":"var(--ast-global-color-5)","background-image":"","background-repeat":"repeat","background-position":"center center","background-size":"auto","background-attachment":"scroll","background-type":"","background-media":"","overlay-type":"","overlay-color":"","overlay-opacity":"","overlay-gradient":""}}},"product_brand":[],"product_cat":[27,58,45],"product_tag":[],"class_list":{"0":"post-861","1":"product","2":"type-product","3":"status-publish","4":"has-post-thumbnail","6":"product_cat-extension","7":"product_cat-license-single","8":"product_cat-plugins","9":"desktop-align-left","10":"tablet-align-left","11":"mobile-align-left","12":"ast-product-gallery-layout-horizontal-slider","13":"ast-magnify-disabled","14":"ast-product-tabs-layout-horizontal","16":"first","17":"instock","18":"downloadable","19":"virtual","20":"taxable","21":"purchasable","22":"product-type-subscription"},"_links":{"self":[{"href":"https:\/\/www.fooevents.com\/fr\/wp-json\/wp\/v2\/product\/861","targetHints":{"allow":["GET"]}}],"collection":[{"href":"https:\/\/www.fooevents.com\/fr\/wp-json\/wp\/v2\/product"}],"about":[{"href":"https:\/\/www.fooevents.com\/fr\/wp-json\/wp\/v2\/types\/product"}],"wp:featuredmedia":[{"embeddable":true,"href":"https:\/\/www.fooevents.com\/fr\/wp-json\/wp\/v2\/media\/130678"}],"wp:attachment":[{"href":"https:\/\/www.fooevents.com\/fr\/wp-json\/wp\/v2\/media?parent=861"}],"wp:term":[{"taxonomy":"product_brand","embeddable":true,"href":"https:\/\/www.fooevents.com\/fr\/wp-json\/wp\/v2\/product_brand?post=861"},{"taxonomy":"product_cat","embeddable":true,"href":"https:\/\/www.fooevents.com\/fr\/wp-json\/wp\/v2\/product_cat?post=861"},{"taxonomy":"product_tag","embeddable":true,"href":"https:\/\/www.fooevents.com\/fr\/wp-json\/wp\/v2\/product_tag?post=861"}],"curies":[{"name":"wp","href":"https:\/\/api.w.org\/{rel}","templated":true}]}}