{"id":188725,"date":"2024-09-17T19:35:02","date_gmt":"2024-09-18T02:35:02","guid":{"rendered":"https:\/\/www.fooevents.com\/privacy-statement-ca\/"},"modified":"2025-03-13T14:57:27","modified_gmt":"2025-03-13T21:57:27","slug":"dichiarazione-sulla-privacy-ca","status":"publish","type":"page","link":"https:\/\/www.fooevents.com\/it\/privacy-statement-ca\/","title":{"rendered":"Dichiarazione sulla privacy (CA)"},"content":{"rendered":"<!-- Legal document generated by Complianz | GDPR\/CCPA Cookie Consent https:\/\/wordpress.org\/plugins\/complianz-gdpr -->\n<div id=\"cmplz-document\" class=\"cmplz-document privacy-statement cmplz-document-ca\"><p><i>Questa dichiarazione sulla privacy \u00e8 stata modificata l'ultima volta il Ottobre 14, 2025, \u00e8 stata controllata l'ultima volta il Ottobre 14, 2025, e si applica ai cittadini e ai residenti permanenti legali del Canada.<\/i><br \/><br \/><\/p><p>In questa dichiarazione sulla privacy, spieghiamo cosa facciamo con i tuoi dati che otteniamo tramite <a href=\"https:\/\/www.fooevents.com\/it\">https:\/\/www.fooevents.com\/it<\/a>. Ti consigliamo di leggere attentamente questa dichiarazione. Nel nostro trattamento rispettiamo i requisiti della legislazione sulla privacy. Ci\u00f2 significa, tra l'altro, che:<ul>\n                <li>comunichiamo chiaramente il motivo per il quale trattiamo i dati personali. Facciamo questo per mezzo di questa dichiarazione sulla privacy;<\/li>\n                <li>miriamo a limitare la raccolta di dati personali solo ai dati personali richiesti per scopi legittimi;<\/li>\n                <li>prima chiediamo il tuo esplicito consenso per trattare i tuoi dati personali nei casi che richiedono il tuo consenso;<\/li>\n                <li>adottiamo misure di sicurezza adeguate per proteggere i tuoi dati personali e lo richiediamo anche da parti che elaborano dati personali per nostro conto;<\/li>\n                <li>rispettiamo il tuo diritto di accesso ai tuoi dati personali o di averli corretti o cancellati, su tua richiesta.<\/li>\n            <\/ul><\/p>Se hai domande o vuoi sapere esattamente quali dati conserviamo, contattaci.<h2>1. Scopo e categoria del dato<\/h2><p>Possiamo raccogliere o ricevere informazioni personali per una serie di scopi legati alle nostre operazioni commerciali che possono includere quanto segue: (clicca per espandere)<\/b><\/p><details class=\"cmplz-dropdown dropdown-privacy-statement\"><summary><div><h3>1.1 Per vendere o condividere dati con terze parti<\/h3><\/div><\/summary><p class=\"cmplz-subtitle\">Vengono raccolte le seguenti categorie di dati<\/p><p><ul><li>Informazioni attivit\u00e0 internet, incluso ma senza limitarsi ad essi, cronologia navigazione, cronologia ricerche, ed informazioni riguardo l'interazione di un utente con un sito web internet, applicazioni o pubblicit\u00e0<\/li><li>Dati geolocalizzazione<\/li><\/ul><\/p><p class=\"cmplz-subtitle\">Periodo di conservazione<\/p><p>Conserviamo questi dati al termine del servizio per il seguente numero di mesi: 24<\/p><\/details><details class=\"cmplz-dropdown dropdown-privacy-statement\"><summary><div><h3>1.2 Contatto - Tramite telefono, posta, email e\/o moduli web<\/h3><\/div><\/summary><p class=\"cmplz-subtitle\">Vengono raccolte le seguenti categorie di dati<\/p><p><ul><li>Un nome e cognome<\/li><li>Nome account o alias<\/li><li>Una casa oppure un differente indirizzo fisico, incluso nome della via e citt\u00e0<\/li><li>Un indirizzo e-mail<\/li><li>Un numero di telefono<\/li><li>Indirizzo IP<\/li><li>Informazioni attivit\u00e0 internet, incluso ma senza limitarsi ad essi, cronologia navigazione, cronologia ricerche, ed informazioni riguardo l'interazione di un utente con un sito web internet, applicazioni o pubblicit\u00e0<\/li><li>Dati geolocalizzazione<\/li><\/ul><\/p><p class=\"cmplz-subtitle\">Periodo di conservazione<\/p><p>Conserviamo questi dati al termine del servizio per il seguente numero di mesi: 24<\/p><\/details><details class=\"cmplz-dropdown dropdown-privacy-statement\"><summary><div><h3>1.3 Registrazione account<\/h3><\/div><\/summary><p class=\"cmplz-subtitle\">Vengono raccolte le seguenti categorie di dati<\/p><p><ul><li>Un nome e cognome<\/li><li>Nome account o alias<\/li><li>Una casa oppure un differente indirizzo fisico, incluso nome della via e citt\u00e0<\/li><li>Un indirizzo e-mail<\/li><li>Un numero di telefono<\/li><li>Indirizzo IP<\/li><li>Informazioni attivit\u00e0 internet, incluso ma senza limitarsi ad essi, cronologia navigazione, cronologia ricerche, ed informazioni riguardo l'interazione di un utente con un sito web internet, applicazioni o pubblicit\u00e0<\/li><li>Dati geolocalizzazione<\/li><\/ul><\/p><p class=\"cmplz-subtitle\">Periodo di conservazione<\/p><p>Conserviamo questi dati al termine del servizio per il seguente numero di mesi: 24<\/p><\/details><details class=\"cmplz-dropdown dropdown-privacy-statement\"><summary><div><h3>1.4 Pagamenti<\/h3><\/div><\/summary><p class=\"cmplz-subtitle\">Vengono raccolte le seguenti categorie di dati<\/p><p><ul><li>Nome account o alias<\/li><li>Un nome e cognome<\/li><li>Una casa oppure un differente indirizzo fisico, incluso nome della via e citt\u00e0<\/li><li>Un indirizzo e-mail<\/li><li>Un numero di telefono<\/li><li>Indirizzo IP<\/li><li>Informazioni attivit\u00e0 internet, incluso ma senza limitarsi ad essi, cronologia navigazione, cronologia ricerche, ed informazioni riguardo l'interazione di un utente con un sito web internet, applicazioni o pubblicit\u00e0<\/li><li>Dati geolocalizzazione<\/li><\/ul><\/p><p class=\"cmplz-subtitle\">Periodo di conservazione<\/p><p>Conserviamo questi dati al termine del servizio per il seguente numero di mesi: 24<\/p><\/details><details class=\"cmplz-dropdown dropdown-privacy-statement\"><summary><div><h3>1,5 Newsletter<\/h3><\/div><\/summary><p class=\"cmplz-subtitle\">Vengono raccolte le seguenti categorie di dati<\/p><p><ul><li>Un nome e cognome<\/li><li>Nome account o alias<\/li><li>Una casa oppure un differente indirizzo fisico, incluso nome della via e citt\u00e0<\/li><li>Un indirizzo e-mail<\/li><li>Un numero di telefono<\/li><li>Informazioni attivit\u00e0 internet, incluso ma senza limitarsi ad essi, cronologia navigazione, cronologia ricerche, ed informazioni riguardo l'interazione di un utente con un sito web internet, applicazioni o pubblicit\u00e0<\/li><li>Dati geolocalizzazione<\/li><\/ul><\/p><p class=\"cmplz-subtitle\">Periodo di conservazione<\/p><p>Conserviamo questi dati fino al termine del servizio.<\/p><\/details><details class=\"cmplz-dropdown dropdown-privacy-statement\"><summary><div><h3>1.6 Per supportare servizi o prodotti che un cliente vuole o ha comprato<\/h3><\/div><\/summary><p class=\"cmplz-subtitle\">Vengono raccolte le seguenti categorie di dati<\/p><p><ul><li>Un nome e cognome<\/li><li>Nome account o alias<\/li><li>Un indirizzo e-mail<\/li><li>Indirizzo IP<\/li><li>Informazioni attivit\u00e0 internet, incluso ma senza limitarsi ad essi, cronologia navigazione, cronologia ricerche, ed informazioni riguardo l'interazione di un utente con un sito web internet, applicazioni o pubblicit\u00e0<\/li><\/ul><\/p><p class=\"cmplz-subtitle\">Periodo di conservazione<\/p><p>Determiniamo il periodo di conservazione in base a criteri oggettivi fissi: Conservati a tempo indeterminato a meno che l'interessato non richieda la rimozione del proprio account e dei propri dati personali.<\/p><\/details><details class=\"cmplz-dropdown dropdown-privacy-statement\"><summary><div><h3>1.7 Compilazione ed analisi di statistiche per migliorare il sito.<\/h3><\/div><\/summary><p class=\"cmplz-subtitle\">Vengono raccolte le seguenti categorie di dati<\/p><p><ul><li>Informazioni attivit\u00e0 internet, incluso ma senza limitarsi ad essi, cronologia navigazione, cronologia ricerche, ed informazioni riguardo l'interazione di un utente con un sito web internet, applicazioni o pubblicit\u00e0<\/li><li>Dati geolocalizzazione<\/li><li>Indirizzo IP<\/li><\/ul><\/p><p class=\"cmplz-subtitle\">Periodo di conservazione<\/p><p>Determiniamo il periodo di conservazione in base a criteri oggettivi fissi: Conservati a tempo indeterminato a meno che l'interessato non richieda la rimozione del proprio account e dei propri dati personali.<\/p><\/details><details class=\"cmplz-dropdown dropdown-privacy-statement\"><summary><div><h3>1.8 Per poter offrire prodotti e servizi personalizzati<\/h3><\/div><\/summary><p class=\"cmplz-subtitle\">Vengono raccolte le seguenti categorie di dati<\/p><p><ul><li>Un nome e cognome<\/li><li>Nome account o alias<\/li><li>Una casa oppure un differente indirizzo fisico, incluso nome della via e citt\u00e0<\/li><li>Un indirizzo e-mail<\/li><li>Un numero di telefono<\/li><li>Indirizzo IP<\/li><li>Informazioni attivit\u00e0 internet, incluso ma senza limitarsi ad essi, cronologia navigazione, cronologia ricerche, ed informazioni riguardo l'interazione di un utente con un sito web internet, applicazioni o pubblicit\u00e0<\/li><li>Dati geolocalizzazione<\/li><\/ul><\/p><p class=\"cmplz-subtitle\">Periodo di conservazione<\/p><p>Alla cessazione del servizio, conserviamo questi dati per il seguente periodo: Conservati a tempo indeterminato, a meno che l'interessato non richieda la rimozione del proprio account e dei propri dati personali.<\/p><\/details><h2>2. Condivisione con altre parti<\/h2><p>Condividiamo o divulghiamo questi dati ad altri destinatari solo per i seguenti scopi:<\/p><h2>3. Pratiche di divulgazione<\/h2><p><p>Comunichiamo informazioni personali se ci viene richiesto dalla legge o da un ordine del tribunale, in risposta a un'autorit\u00e0 incaricata dell'applicazione della legge, nella misura consentita da altre disposizioni di legge, per fornire informazioni o per un'indagine su una questione relativa alla sicurezza pubblica.<\/p><p>Se il nostro sito Web o organizzazione viene rilevato, venduto o coinvolto in una fusione o acquisizione, i tuoi dati potrebbero essere divulgati ai nostri consulenti e a eventuali potenziali acquirenti e saranno trasmessi ai nuovi proprietari.<\/p><\/p><h2>4. Come rispondiamo ai segnali Non Tracciarmi e Global Privacy Control <\/h2><p>Il nostro sito Web non risponde e non supporta il campo richiesta header Non Tracciarmi (DNT).<\/p><h2>5. Biscotto<\/h2><p>Il nostro sito web utilizza i cookie. Per ulteriori informazioni sui cookie, fare riferimento alla nostra Cookie Policy sulla nostra pagina web. <a href=\"https:\/\/www.fooevents.com\/it\/cookie-policy-ca\/\">Informativa sui cookie (CA)<\/a>.&nbsp;<\/p><p>Abbiamo concluso un accordo di elaborazione dei dati con Google.<\/p><p>Google non pu\u00f2 utilizzare i dati per altri servizi di Google.<\/p><p>L'inclusione di indirizzi IP interi \u00e8 bloccata da noi.<\/p><h2>6. Sicurezza<\/h2><p>Ci impegniamo per la sicurezza dei dati personali. Prendiamo adeguate misure di sicurezza per limitare l'abuso e l'accesso non autorizzato ai dati personali. Ci\u00f2 garantisce che solo le persone necessarie abbiano accesso ai tuoi dati, che l'accesso ai dati sia protetto e che le nostre misure di sicurezza vengano regolarmente riviste.<\/p><p>Le misure di sicurezza che utilizziamo consistono in:<\/p><p><ul><li>Sicurezza d'Accesso<\/li><li>DKIM, SPF, DMARC e altre impostazioni DNS specifiche<\/li><li>Crittografia (START)TLS \/ SSL \/ DANE<\/li><li>HTTP Strict Transport Security e relative intestazioni di sicurezza e politiche del browser<\/li><li>Indurimento Sito\/Funzioni di Sicurezza<\/li><li>Rilevamento vulnerabilit\u00e0<\/li><\/ul><\/p><h2>7. Sito web terze parti<\/h2><p>Questa dichiarazione sulla privacy non si applica ai siti web di terzi collegati tramite link sul nostro sito web. Non possiamo garantire che queste terze parti gestiscano i tuoi dati personali in modo affidabile o sicuro. Si consiglia di leggere le informative sulla privacy di questi siti web prima di utilizzare questi siti web.<\/p><h2>8. Ammende riguardo a questa dichiarazione della privacy<\/h2><p>Ci riserviamo il diritto di apportare modifiche alla presente dichiarazione sulla privacy. Si raccomanda di consultare regolarmente questa dichiarazione sulla privacy per essere a conoscenza di eventuali modifiche. Inoltre, ti informeremo attivamente laddove possibile.<\/p><h2>9. Accesso e modifica dei tuoi dati<\/h2><p>Se hai domande o vuoi sapere quali dati personali abbiamo di te, ti preghiamo di contattarci. Assicurati di indicare sempre chiaramente chi sei, in modo che possiamo essere certi di non modificare o eliminare i dati della persona sbagliata. Forniremo le informazioni richieste solo al ricevimento di una richiesta verificabile da parte del consumatore. Puoi contattarci utilizzando le informazioni di seguito.<\/p><p class=\"cmplz-subtitle\">Hai i seguenti diritti relativi ai tuoi dati personali:<\/p><ol class=\"alphabetic\">\n                        <li>Puoi inviare una richiesta di accesso ai tuoi dati che elaboriamo.<\/li>\n                        <li>Puoi richiedere una panoramica, in un formato comunemente usato, dei tuoi dati che elaboriamo.<\/li>\n                        <li>\u00c8 possibile richiedere la correzione o la cancellazione dei dati se errati non pi\u00f9 pertinenti. Se del caso, le informazioni modificate sono trasmesse a terzi che hanno accesso alle informazioni in questione.<\/li>\n                        <li>Hai il diritto di revocare il consenso in qualsiasi momento, soggetti a restrizioni legali o contrattuali e preavviso ragionevole. Sarai informato delle implicazioni di tale ritiro.<\/li>\n                        <li>Hai il diritto di presentare una sfida relativa alla non conformit\u00e0 con PIPEDA alla nostra organizzazione e, se il problema non viene risolto, all'Ufficio del Commissario per la Privacy del Canada.<\/li>\n                        <li>Daremo accesso alle informazioni personali in un formato alternativo a una persona con disabilit\u00e0 sensoriale che ha il diritto di accedere alle informazioni personali ai sensi del PIPEDA e che richiede che vengano trasmesse nel formato alternativo se (a) una versione delle informazioni esiste in quel formato; oppure (b) la sua conversione in tale formato \u00e8 ragionevole e necessaria affinch\u00e9 la persona sia in grado di esercitare i diritti.<\/li>\n                      <\/ol><h2>10. Bambino<\/h2><p>Il nostro sito Web non \u00e8 progettato per attirare i bambini e non \u00e8 nostra intenzione raccogliere dati personali da minori di et\u00e0 inferiore al consenso nel loro paese di residenza. Pertanto chiediamo che i minori di et\u00e0 inferiore al consenso non ci inviino alcun dato personale.<\/p><h2>11. Dettagli contatti<\/h2><p>Grenade Technologies, Inc<br \/>\n        301-3450 Uptown Boulevard<br \/>\nVictoria BC V8Z 0B9<br \/>\n        Canada<br \/>\n        Sito web: <a href=\"https:\/\/www.fooevents.com\/it\">https:\/\/www.fooevents.com\/it<\/a> <br \/>\n        E-mail: <span class=\"cmplz-obfuscate\">pri&#118;ac&#121;@<span class=\"cmplz-fmail-domain\">ex.com<\/span>&#102;&#111;o&#101;v&#101;nt&#115;.&#099;&#111;&#109;<\/span> <br \/>\n        <br \/>\n        <\/p><p>Abbiamo nominato un referente per le politiche e le pratiche dell'organizzazione e al quale possono essere inoltrati reclami o richieste:<br \/>Att: Responsabile della privacy<br \/>301-3450 Uptown Boulevard<br \/>\nVictoria BC V8Z 0B9<br \/>\nCanada<\/p><\/div>","protected":false},"excerpt":{"rendered":"","protected":false},"author":2,"featured_media":0,"parent":0,"menu_order":0,"comment_status":"closed","ping_status":"closed","template":"","meta":{"site-sidebar-layout":"default","site-content-layout":"","ast-site-content-layout":"default","site-content-style":"default","site-sidebar-style":"default","ast-global-header-display":"","ast-banner-title-visibility":"","ast-main-header-display":"","ast-hfb-above-header-display":"","ast-hfb-below-header-display":"","ast-hfb-mobile-header-display":"","site-post-title":"","ast-breadcrumbs-content":"","ast-featured-img":"","footer-sml-layout":"","ast-disable-related-posts":"","theme-transparent-header-meta":"","adv-header-id-meta":"","stick-header-meta":"","header-above-stick-meta":"","header-main-stick-meta":"","header-below-stick-meta":"","astra-migrate-meta-layouts":"default","ast-page-background-enabled":"default","ast-page-background-meta":{"desktop":{"background-color":"var(--ast-global-color-4)","background-image":"","background-repeat":"repeat","background-position":"center center","background-size":"auto","background-attachment":"scroll","background-type":"","background-media":"","overlay-type":"","overlay-color":"","overlay-opacity":"","overlay-gradient":""},"tablet":{"background-color":"","background-image":"","background-repeat":"repeat","background-position":"center center","background-size":"auto","background-attachment":"scroll","background-type":"","background-media":"","overlay-type":"","overlay-color":"","overlay-opacity":"","overlay-gradient":""},"mobile":{"background-color":"","background-image":"","background-repeat":"repeat","background-position":"center center","background-size":"auto","background-attachment":"scroll","background-type":"","background-media":"","overlay-type":"","overlay-color":"","overlay-opacity":"","overlay-gradient":""}},"ast-content-background-meta":{"desktop":{"background-color":"var(--ast-global-color-5)","background-image":"","background-repeat":"repeat","background-position":"center center","background-size":"auto","background-attachment":"scroll","background-type":"","background-media":"","overlay-type":"","overlay-color":"","overlay-opacity":"","overlay-gradient":""},"tablet":{"background-color":"var(--ast-global-color-5)","background-image":"","background-repeat":"repeat","background-position":"center center","background-size":"auto","background-attachment":"scroll","background-type":"","background-media":"","overlay-type":"","overlay-color":"","overlay-opacity":"","overlay-gradient":""},"mobile":{"background-color":"var(--ast-global-color-5)","background-image":"","background-repeat":"repeat","background-position":"center center","background-size":"auto","background-attachment":"scroll","background-type":"","background-media":"","overlay-type":"","overlay-color":"","overlay-opacity":"","overlay-gradient":""}},"footnotes":""},"class_list":["post-188725","page","type-page","status-publish","hentry"],"_links":{"self":[{"href":"https:\/\/www.fooevents.com\/it\/wp-json\/wp\/v2\/pages\/188725","targetHints":{"allow":["GET"]}}],"collection":[{"href":"https:\/\/www.fooevents.com\/it\/wp-json\/wp\/v2\/pages"}],"about":[{"href":"https:\/\/www.fooevents.com\/it\/wp-json\/wp\/v2\/types\/page"}],"author":[{"embeddable":true,"href":"https:\/\/www.fooevents.com\/it\/wp-json\/wp\/v2\/users\/2"}],"replies":[{"embeddable":true,"href":"https:\/\/www.fooevents.com\/it\/wp-json\/wp\/v2\/comments?post=188725"}],"version-history":[{"count":0,"href":"https:\/\/www.fooevents.com\/it\/wp-json\/wp\/v2\/pages\/188725\/revisions"}],"wp:attachment":[{"href":"https:\/\/www.fooevents.com\/it\/wp-json\/wp\/v2\/media?parent=188725"}],"curies":[{"name":"wp","href":"https:\/\/api.w.org\/{rel}","templated":true}]}}