{"id":23678,"date":"2018-05-25T12:24:47","date_gmt":"2018-05-25T18:24:47","guid":{"rendered":"https:\/\/www.fooevents.com\/?page_id=23678"},"modified":"2021-11-04T14:24:34","modified_gmt":"2021-11-04T20:24:34","slug":"privacy","status":"publish","type":"page","link":"https:\/\/www.fooevents.com\/it\/privacy\/","title":{"rendered":"Informativa sulla privacy"},"content":{"rendered":"<div data-elementor-type=\"wp-page\" data-elementor-id=\"23678\" class=\"elementor elementor-23678\" data-elementor-post-type=\"page\">\n\t\t\t\t\t\t<section class=\"elementor-section elementor-top-section elementor-element elementor-element-4c1ad695 elementor-section-full_width elementor-section-height-default elementor-section-height-default\" data-id=\"4c1ad695\" data-element_type=\"section\" data-e-type=\"section\">\n\t\t\t\t\t\t<div class=\"elementor-container elementor-column-gap-no\">\n\t\t\t\t\t<div class=\"elementor-column elementor-col-100 elementor-top-column elementor-element elementor-element-3fb2ee2\" data-id=\"3fb2ee2\" data-element_type=\"column\" data-e-type=\"column\">\n\t\t\t<div class=\"elementor-widget-wrap elementor-element-populated\">\n\t\t\t\t\t\t<div class=\"elementor-element elementor-element-b8e0f30 elementor-widget elementor-widget-text-editor\" data-id=\"b8e0f30\" data-element_type=\"widget\" data-e-type=\"widget\" data-widget_type=\"text-editor.default\">\n\t\t\t\t<div class=\"elementor-widget-container\">\n\t\t\t\t\t\t\t\t\t<p><em>Ultimo aggiornamento: 8 aprile 2019<\/em><\/p>\n<h3><a name=\"who_we_are\"><\/a><br>1. CHI SIAMO<\/h3>\n<p>FooEvents \u00e8 un prodotto di propriet\u00e0 di Grenade Technologies (Pty) Ltd., registrata nella Repubblica del Sudafrica (n. reg. 2012\/051365\/07).<\/p>\n<p>L'indirizzo del nostro sito web \u00e8: <a href=\"https:\/\/www.fooevents.com\/it\/\">https:\/\/www.fooevents.com<\/a><\/p>\n<p>Per qualsiasi domanda relativa alla nostra politica sulla privacy o per richieste di diritto di accesso \u00e8 possibile inviare un'e-mail a: privacy (at) fooevents.com<\/p>\n<h3><a name=\"personal_data_collection\"><\/a><br>2. QUALI DATI PERSONALI RACCOGLIAMO E PERCH\u00c9 LI RACCOGLIAMO<\/h3>\n<p>FooEvents segue i seguenti principi per proteggere la vostra privacy:<br>- Non raccogliamo pi\u00f9 informazioni del necessario;<br>- Non utilizziamo i vostri dati per scopi diversi da quelli specificati;<br>- Non conserviamo i vostri dati se non sono pi\u00f9 necessari;<br>- Non diffondiamo i vostri dati a terzi senza il vostro consenso.<\/p>\n<p>In caso di domande sulla nostra Informativa sulla privacy o di mancata accettazione della stessa, si prega di contattarci prima di utilizzare questo sito web. La nostra politica pu\u00f2 essere modificata di tanto in tanto, pertanto si consiglia di controllare frequentemente questa pagina per assicurarsi di essere a conoscenza di eventuali modifiche apportate.<\/p>\n<h3><a name=\"comments\"><\/a><br>3. COMMENTI<\/h3>\n<p>Quando i visitatori lasciano commenti sul sito, raccogliamo i dati mostrati nel modulo dei commenti, nonch\u00e9 l'indirizzo IP del visitatore e la stringa dello user agent del browser per facilitare il rilevamento dello spam.<\/p>\n<p>Una stringa anonima creata dall'indirizzo e-mail dell'utente (chiamata anche hash) pu\u00f2 essere fornita al servizio Gravatar per verificare se l'utente lo sta utilizzando. L'informativa sulla privacy del servizio Gravatar \u00e8 disponibile qui: <a href=\"https:\/\/automattic.com\/privacy\/\" rel=\"nofollow noopener\" target=\"_blank\">https:\/\/automattic.com\/privacy\/<\/a><\/p>\n<p>Dopo l'approvazione del commento, l'immagine del profilo \u00e8 visibile al pubblico nel contesto del commento.<\/p>\n<h3><a name=\"media\"><\/a><br>4. MEDIA<\/h3>\n<p>Se si caricano immagini sul sito web, si dovrebbe evitare di caricare immagini con dati di localizzazione incorporati (EXIF GPS). I visitatori del sito web possono scaricare ed estrarre i dati di localizzazione dalle immagini presenti sul sito.<\/p>\n<h3><a name=\"contact_forms\"><\/a><br>5. MODULI DI CONTATTO<\/h3>\n<p>Su questo sito web utilizziamo moduli di contatto per consentire a clienti e visitatori di iscriversi a mailing list, rispondere a sondaggi, inviare ticket di assistenza e mettersi in contatto con noi.<\/p>\n<p>Ai fini del servizio clienti e della governance aziendale, archiviamo a tempo indeterminato nel database del nostro sito web le seguenti informazioni personali inviate tramite qualsiasi modulo di contatto: nome e cognome, indirizzo e-mail e indirizzo IP.<\/p>\n<p>FooEvents non affitter\u00e0 o vender\u00e0 a nessuno le informazioni di identificazione personale. Oltre che ai propri dipendenti e appaltatori, come descritto sopra, FooEvents divulga le informazioni di identificazione personale solo in risposta a una citazione in giudizio, a un ordine del tribunale o a un'altra richiesta governativa, o quando FooEvents ritiene in buona fede che la divulgazione sia ragionevolmente necessaria per proteggere la propriet\u00e0 o i diritti di FooEvents, di terzi o del pubblico in generale.<\/p>\n<p>Se siete clienti di FooEvents e avete scelto di ricevere notizie e aggiornamenti da noi, FooEvents pu\u00f2 occasionalmente inviarvi un'e-mail per informarvi su nuove funzionalit\u00e0, sollecitare il vostro feedback o semplicemente tenervi aggiornati su ci\u00f2 che accade con FooEvents e i nostri prodotti. Se ci inviate una richiesta (ad esempio tramite un'e-mail di supporto o uno dei nostri meccanismi di feedback), ci riserviamo il diritto di pubblicarla per aiutarci a chiarire o rispondere alla vostra richiesta o per aiutarci a supportare altri utenti.<\/p>\n<p>FooEvents adotta tutte le misure ragionevolmente necessarie per proteggere dall'accesso non autorizzato, dall'uso, dall'alterazione o dalla distruzione di informazioni potenzialmente identificative e personali.<\/p>\n<p>Come parte delle nostre misure di sicurezza, abbiamo implementato il protocollo HTTPS su tutto il sito web e crittografato il flusso di dati tra il browser del cliente e il server web.<\/p>\n<h3><a name=\"cookies\"><\/a><br>6. COCCOLE<\/h3>\n<p>Per migliorare la vostra esperienza sul nostro sito, utilizziamo i \"cookie\". I cookie sono uno standard industriale e la maggior parte dei principali siti web li utilizza. Un cookie \u00e8 un piccolo file di testo che il nostro sito inserisce nel vostro computer per ricordare le vostre preferenze. L'utente pu\u00f2 rifiutare l'uso dei cookie selezionando le impostazioni appropriate sul proprio browser; tuttavia, si prega di notare che in tal caso potrebbe non essere in grado di utilizzare tutte le funzionalit\u00e0 di questo sito web.<\/p>\n<p>Utilizziamo i cookie di Google Analytics (descritti in dettaglio nella sezione <a href=\"#analytics\">Analisi<\/a> ) e il pixel di Facebook. Il pixel di Facebook \u00e8 uno strumento di analisi che ci permette di misurare l'efficacia della nostra pubblicit\u00e0 comprendendo le azioni che le persone compiono su questo sito web. I dettagli tecnici sul funzionamento del Pixel di Facebook e sui dati che raccoglie sono riportati nell'Informativa sui cookie di Facebook: <a href=\"https:\/\/www.facebook.com\/policies\/cookies\/\" target=\"_blank\" rel=\"noopener\">https:\/\/www.facebook.com\/policies\/cookies\/<\/a><\/p>\n<p>Se lasciate un commento sul nostro sito, potete scegliere di salvare il vostro nome, indirizzo e-mail e sito web nei cookie. Questi sono per vostra comodit\u00e0, in modo che non dobbiate inserire nuovamente i vostri dati quando lasciate un altro commento. La durata di questi cookie \u00e8 di un anno.<\/p>\n<p>Se si dispone di un account e si accede a questo sito, verr\u00e0 impostato un cookie temporaneo per determinare se il browser accetta i cookie. Questo cookie non contiene dati personali e viene eliminato quando si chiude il browser.<\/p>\n<p>Quando si accede, vengono impostati anche diversi cookie per salvare le informazioni di accesso e le scelte di visualizzazione dello schermo. I cookie di accesso durano due giorni, mentre quelli relativi alle opzioni dello schermo durano un anno. Se selezionate \"Ricordami\", il vostro login rester\u00e0 attivo per due settimane. Se si esce dal proprio account, i cookie di accesso verranno rimossi.<\/p>\n<p>Se modificate o pubblicate un articolo, un ulteriore cookie verr\u00e0 salvato nel vostro browser. Questo cookie non contiene dati personali e indica semplicemente l'ID del post dell'articolo appena modificato. Scade dopo 1 giorno.<\/p>\n<h3><a name=\"embedded_content\"><\/a><br>7. CONTENUTI INCORPORATI DA ALTRI SITI WEB<\/h3>\n<p>Gli articoli di questo sito possono includere contenuti incorporati (ad esempio video, immagini, articoli, ecc.). I contenuti incorporati provenienti da altri siti web si comportano esattamente come se il visitatore avesse visitato l'altro sito web.<\/p>\n<p>Questi siti web possono raccogliere dati sull'utente, utilizzare cookie, incorporare un ulteriore tracciamento di terze parti e monitorare l'interazione dell'utente con il contenuto incorporato, compreso il tracciamento dell'interazione dell'utente con il contenuto incorporato se dispone di un account e ha effettuato l'accesso al sito web in questione.<\/p>\n<h3><a name=\"analytics\"><\/a><br>8. ANALISI<\/h3>\n<p>Il nostro sito web utilizza Google Analytics, un servizio che trasmette i dati del sito web ai server di Google negli Stati Uniti. Google Analytics non identifica i singoli utenti e non associa il vostro indirizzo IP a nessun altro dato posseduto da Google. Utilizziamo i rapporti forniti da Google Analytics per comprendere il traffico del sito web e l'utilizzo delle pagine web.<\/p>\n<p>\u00c8 possibile accedere all'Informativa sulla privacy di Google qui: <a href=\"https:\/\/policies.google.com\/privacy\" rel=\"nofollow noopener\" target=\"_blank\">https:\/\/policies.google.com\/privacy<\/a><\/p>\n<p>Per sapere come Google utilizza le informazioni provenienti dai siti e dalle applicazioni che utilizzano il suo servizio, consultate questa pagina:&nbsp;<a href=\"https:\/\/policies.google.com\/technologies\/partner-sites\" rel=\"nofollow noopener\" target=\"_blank\">https:\/\/policies.google.com\/technologies\/partner-sites<\/a><\/p>\n<p>Un elenco di tutti i cookie utilizzati da Google Analytics e una spiegazione di ciascun cookie sono disponibili qui: <a href=\"https:\/\/developers.google.com\/analytics\/devguides\/collection\/analyticsjs\/cookie-usage\" rel=\"nofollow noopener\" target=\"_blank\">https:\/\/developers.google.com\/analytics\/devguides\/collection\/analyticsjs\/cookie-usage<\/a><\/p>\n<p>Utilizziamo il plugin Enhanced E-commerce for WooCommerce store di Tatvic per incorporare la funzionalit\u00e0 avanzata di e-commerce di Google Analytics su questo sito web. \u00c8 possibile accedere all'Informativa sulla privacy del plugin Tatvic qui: <a href=\"https:\/\/www.tatvic.com\/privacy-policy\/?ref=plugin_policy&amp;utm_source=plugin_backend&amp;utm_medium=woocommerce_free_plugin&amp;utm_campaign=GDPR_complaince_ecomm_plugins\" rel=\"nofollow noopener\" target=\"_blank\">https:\/\/www.tatvic.com\/privacy-policy\/?ref=plugin_policy&amp;utm_source=plugin_backend&amp;utm_medium=woocommerce_free_plugin&amp;utm_campaign=GDPR_complaince_ecomm_plugins<\/a><\/p>\n<p>Abbiamo abilitato la funzionalit\u00e0 opzionale di anonimizzazione dell'IP e di Opt Out di Google Analytics in questo plugin per essere conformi al Regolamento generale europeo sulla protezione dei dati (GDPR).<\/p>\n<p>Potete anche installare il componente aggiuntivo del browser Google Analytics Opt-out per impedire completamente che i vostri dati vengano riportati in Google Analytics: <a href=\"https:\/\/tools.google.com\/dlpage\/gaoptout\/\" rel=\"nofollow noopener\" target=\"_blank\">https:\/\/tools.google.com\/dlpage\/gaoptout\/<\/a><\/p>\n<h3><a name=\"what_we_collect\"><\/a><br>9. COSA RACCOGLIAMO E CONSERVIAMO<\/h3>\n<p>Mentre visitate il nostro sito, noi tracciamo:<br>- Prodotti che avete visualizzato: li utilizzeremo, ad esempio, per mostrarvi i prodotti che avete visualizzato di recente e per consigliarvi<br>- Posizione, indirizzo IP e tipo di browser: li utilizzeremo per scopi quali la stima delle tasse e della spedizione.<\/p>\n<p>Utilizziamo i cookie anche per tenere traccia del contenuto del carrello durante la navigazione del sito.<\/p>\n<p>Quando acquistate da noi, vi chiediamo di fornire informazioni quali nome, indirizzo di fatturazione, indirizzo di spedizione, indirizzo e-mail, numero di telefono, dettagli della carta di credito\/pagamento e informazioni facoltative sull'account come nome utente e password. Utilizzeremo queste informazioni per scopi quali:<br>- Inviarvi informazioni sul vostro conto e sul vostro ordine<br>- Rispondere alle vostre richieste, compresi rimborsi e reclami<br>- Elaborare i pagamenti e prevenire le frodi<br>- Configurate il vostro account per il nostro negozio<br>- Adempiere a qualsiasi obbligo legale, come ad esempio il calcolo delle tasse.<br>- Migliorare l'offerta dei nostri negozi<br>- inviarvi messaggi di marketing, se decidete di riceverli<\/p>\n<p>Se si crea un account, memorizziamo il nome, l'indirizzo, l'e-mail e il numero di telefono dell'utente, che verranno utilizzati per compilare la cassa per gli ordini futuri.<\/p>\n<p>In genere conserviamo le informazioni sull'utente per tutto il tempo necessario ai fini per cui le raccogliamo e le utilizziamo, e non siamo obbligati per legge a continuare a conservarle.<\/p>\n<h3><a name=\"data_retention\"><\/a><br>10. PER QUANTO TEMPO CONSERVIAMO I VOSTRI DATI<\/h3>\n<p>Per gli utenti che si registrano sul nostro sito web, memorizziamo anche le informazioni personali fornite nel loro profilo utente. Tutti gli utenti possono vedere, modificare o cancellare le proprie informazioni personali in qualsiasi momento (tranne che per il fatto che non possono cambiare il proprio nome utente). Anche gli amministratori del sito web possono vedere e modificare tali informazioni.<\/p>\n<p>Attualmente conserviamo i dati personali relativi agli ordini effettuati su questo sito web per il seguente periodo di tempo:<br>- Conti inattivi: 3 mesi<br>- Ordini in sospeso: 3 mesi<br>- Ordini falliti: 3 mesi<br>- Ordini annullati: 3 mesi<br>- Ordini completati: A tempo indeterminato<\/p>\n<p>Se si lascia un commento, il commento e i suoi metadati vengono conservati a tempo indeterminato. In questo modo possiamo riconoscere e approvare automaticamente i commenti successivi, invece di tenerli in coda di moderazione.<\/p>\n<h3><a name=\"send_data\"><\/a><br>11. DOVE INVIAMO I VOSTRI DATI<\/h3>\n<p>Condividiamo le informazioni con le seguenti terze parti che ci aiutano a fornire i nostri ordini e i servizi del negozio:<\/p>\n<p>Utilizziamo un servizio cloud-based chiamato MailChimp per inviare e-mail promozionali e aggiornamenti sui prodotti ai clienti che hanno scelto di entrare nella nostra mailing list. I dati personali, tra cui nome e cognome, indirizzo e-mail, paese e quantit\u00e0 di fatturato speso con noi, sono memorizzati nella nostra lista MailChimp. L'informativa sulla privacy di MailChimp \u00e8 disponibile qui: <a href=\"https:\/\/mailchimp.com\/legal\/privacy\/\" target=\"_blank\" rel=\"noopener\">https:\/\/mailchimp.com\/legal\/privacy\/<\/a><\/p>\n<p>Utilizziamo un servizio basato su cloud chiamato Freshdesk come sistema di contatto e assistenza. Le informazioni personali, tra cui nome e cognome, indirizzo e-mail, numero d'ordine e corpo del messaggio, vengono trasmesse al sistema Freshdesk ogni volta che un cliente o un utente ci invia una richiesta di assistenza o un'e-mail generica. L'informativa sulla privacy di Freshdesk \u00e8 disponibile qui: <a href=\"https:\/\/www.freshworks.com\/privacy\/\" rel=\"nofollow noopener\" target=\"_blank\">https:\/\/www.freshworks.com\/privacy\/<\/a><\/p>\n<p>I commenti dei visitatori possono essere controllati attraverso un servizio automatico di rilevamento dello spam chiamato Akismet, fornito da Automattic. L'informativa sulla privacy di Automattic \u00e8 disponibile qui: <a href=\"https:\/\/automattic.com\/privacy\/\" rel=\"nofollow noopener\" target=\"_blank\">https:\/\/automattic.com\/privacy\/<\/a><\/p>\n<h3><a name=\"data_rights\"><\/a><br>12. QUALI DIRITTI AVETE SUI VOSTRI DATI<\/h3>\n<p>Se avete un account su questo sito o avete lasciato dei commenti, potete richiedere di ricevere un file esportato dei dati personali in nostro possesso, compresi quelli che ci avete fornito. Potete anche richiedere la cancellazione dei dati personali in nostro possesso. Questo non include i dati che siamo obbligati a conservare per scopi amministrativi, legali o di sicurezza.<\/p>\n<h3><a name=\"data_access\"><\/a><br>13. CHI DEL NOSTRO TEAM HA ACCESSO<\/h3>\n<p>Limitiamo l'accesso alle informazioni che ci fornite al minor numero possibile di persone. Attualmente possono accedervi solo gli amministratori e i membri senior del team:<br>- Informazioni sull'ordine, come ad esempio cosa \u00e8 stato acquistato e quando \u00e8 stato acquistato, e<br>- Informazioni sul cliente, come nome, indirizzo e-mail e dati di fatturazione.<\/p>\n<p>Queste persone hanno bisogno di accedere a queste informazioni per poter evadere gli ordini, elaborare i rimborsi e fornire assistenza.<\/p>\n<h3><a name=\"payments\"><\/a><br>14. PAGAMENTI<\/h3>\n<p>Accettiamo pagamenti tramite PayPal. Durante l'elaborazione dei pagamenti, alcuni dati dell'utente vengono trasmessi a PayPal, comprese le informazioni necessarie per elaborare o supportare il pagamento, come il totale dell'acquisto e i dati di fatturazione.<\/p>\n<p>Per maggiori dettagli, consultare l'Informativa sulla privacy di PayPal: <a href=\"https:\/\/www.paypal.com\/us\/webapps\/mpp\/ua\/privacy-full\" rel=\"nofollow noopener\" target=\"_blank\">https:\/\/www.paypal.com\/us\/webapps\/mpp\/ua\/privacy-full<\/a><\/p>\t\t\t\t\t\t\t\t<\/div>\n\t\t\t\t<\/div>\n\t\t\t\t\t<\/div>\n\t\t<\/div>\n\t\t\t\t\t<\/div>\n\t\t<\/section>\n\t\t\t\t<\/div>","protected":false},"excerpt":{"rendered":"<p>Last Updated: 8 April 2019 1. WHO WE ARE FooEvents is a product owned by Grenade Technologies (Pty) Ltd. which is registered in the Republic of South Africa (Reg. No. 2012\/051365\/07). Our website address is: https:\/\/www.fooevents.com For any questions regarding our privacy policy or for Right of Access Requests you can send an email to: [&hellip;]<\/p>\n","protected":false},"author":2,"featured_media":0,"parent":0,"menu_order":90,"comment_status":"closed","ping_status":"closed","template":"elementor_theme","meta":{"site-sidebar-layout":"no-sidebar","site-content-layout":"default","ast-site-content-layout":"default","site-content-style":"default","site-sidebar-style":"default","ast-global-header-display":"","ast-banner-title-visibility":"","ast-main-header-display":"","ast-hfb-above-header-display":"","ast-hfb-below-header-display":"","ast-hfb-mobile-header-display":"","site-post-title":"","ast-breadcrumbs-content":"","ast-featured-img":"","footer-sml-layout":"","ast-disable-related-posts":"","theme-transparent-header-meta":"default","adv-header-id-meta":"","stick-header-meta":"default","header-above-stick-meta":"","header-main-stick-meta":"","header-below-stick-meta":"","astra-migrate-meta-layouts":"default","ast-page-background-enabled":"default","ast-page-background-meta":{"desktop":{"background-color":"var(--ast-global-color-4)","background-image":"","background-repeat":"repeat","background-position":"center center","background-size":"auto","background-attachment":"scroll","background-type":"","background-media":"","overlay-type":"","overlay-color":"","overlay-opacity":"","overlay-gradient":""},"tablet":{"background-color":"","background-image":"","background-repeat":"repeat","background-position":"center center","background-size":"auto","background-attachment":"scroll","background-type":"","background-media":"","overlay-type":"","overlay-color":"","overlay-opacity":"","overlay-gradient":""},"mobile":{"background-color":"","background-image":"","background-repeat":"repeat","background-position":"center center","background-size":"auto","background-attachment":"scroll","background-type":"","background-media":"","overlay-type":"","overlay-color":"","overlay-opacity":"","overlay-gradient":""}},"ast-content-background-meta":{"desktop":{"background-color":"var(--ast-global-color-5)","background-image":"","background-repeat":"repeat","background-position":"center center","background-size":"auto","background-attachment":"scroll","background-type":"","background-media":"","overlay-type":"","overlay-color":"","overlay-opacity":"","overlay-gradient":""},"tablet":{"background-color":"var(--ast-global-color-5)","background-image":"","background-repeat":"repeat","background-position":"center center","background-size":"auto","background-attachment":"scroll","background-type":"","background-media":"","overlay-type":"","overlay-color":"","overlay-opacity":"","overlay-gradient":""},"mobile":{"background-color":"var(--ast-global-color-5)","background-image":"","background-repeat":"repeat","background-position":"center center","background-size":"auto","background-attachment":"scroll","background-type":"","background-media":"","overlay-type":"","overlay-color":"","overlay-opacity":"","overlay-gradient":""}},"footnotes":""},"class_list":["post-23678","page","type-page","status-publish","hentry"],"_links":{"self":[{"href":"https:\/\/www.fooevents.com\/it\/wp-json\/wp\/v2\/pages\/23678","targetHints":{"allow":["GET"]}}],"collection":[{"href":"https:\/\/www.fooevents.com\/it\/wp-json\/wp\/v2\/pages"}],"about":[{"href":"https:\/\/www.fooevents.com\/it\/wp-json\/wp\/v2\/types\/page"}],"author":[{"embeddable":true,"href":"https:\/\/www.fooevents.com\/it\/wp-json\/wp\/v2\/users\/2"}],"replies":[{"embeddable":true,"href":"https:\/\/www.fooevents.com\/it\/wp-json\/wp\/v2\/comments?post=23678"}],"version-history":[{"count":0,"href":"https:\/\/www.fooevents.com\/it\/wp-json\/wp\/v2\/pages\/23678\/revisions"}],"wp:attachment":[{"href":"https:\/\/www.fooevents.com\/it\/wp-json\/wp\/v2\/media?parent=23678"}],"curies":[{"name":"wp","href":"https:\/\/api.w.org\/{rel}","templated":true}]}}