{"id":174826,"date":"2023-08-08T02:58:33","date_gmt":"2023-08-08T09:58:33","guid":{"rendered":"https:\/\/www.fooevents.com\/?post_type=product&#038;p=174826"},"modified":"2026-03-11T04:22:27","modified_gmt":"2026-03-11T11:22:27","slug":"tema-del-biglietto-di-ricevuta","status":"publish","type":"product","link":"https:\/\/www.fooevents.com\/it\/product\/receipt-ticket-theme\/","title":{"rendered":"Tema del biglietto della ricevuta"},"content":{"rendered":"","protected":false},"excerpt":{"rendered":"<p><strong><a class=\"\" href=\"https:\/\/demo.fooevents.com\/ticket-themes\/receipt\/\" target=\"_blank\" rel=\"noopener noreferrer\"> <u>Anteprima del biglietto HTML<\/u><\/a><\/strong> | <strong><a class=\"\" href=\"https:\/\/help.fooevents.com\/docs\/topics\/changelogs\/ticket-themes\/\" target=\"_blank\" rel=\"noopener noreferrer\"><u>Changelog<\/u><\/a><\/strong><\/p>\n<h4><strong>Download for free!<\/strong><\/h4>\n<p>&nbsp;<\/p>\n<p>Il tema Ticket Receipt \u00e8 stato progettato specificamente per personalizzare l'aspetto del vostro sito web. <a href=\"https:\/\/www.fooevents.com\/it\/prodotti\/eventi-di-pietanze-pos\/\">FooEvents POS<\/a> ricevute. Fornisce un modello semplificato per adattare le ricevute allo stile del vostro marchio all'interno del sistema FooEvents POS.<\/p>\n<p>Per utilizzare questo tema, \u00e8 sufficiente aggiungerlo al carrello e completare il processo di acquisto. Non preoccupatevi, \u00e8 gratuito e non \u00e8 richiesto alcun pagamento. Una volta completato l'acquisto, il tema sar\u00e0 disponibile nel vostro sito. <a href=\"https:\/\/www.fooevents.com\/it\/il-mio-conto\/scaricamento\/\">Scaricamento<\/a> sezione. Dopo averla scaricata sul desktop, andate su <strong>FooEvents<\/strong> &gt; <strong>Biglietti<\/strong> &gt; <strong>Temi dei biglietti<\/strong> nel vostro <strong>Area amministrativa WordPress<\/strong>. Caricate il file ZIP del tema e potrete assegnarlo a qualsiasi evento.<\/p>\n<p><em>Nota: questo non \u00e8 un tema WordPress. I temi per i biglietti FooEvents sono progettati specificamente per lo stile dei biglietti FooEvents e non possono essere utilizzati per la tematizzazione generale del sito WordPress.<\/em><\/p>","protected":false},"featured_media":189817,"template":"","meta":{"site-sidebar-layout":"default","site-content-layout":"default","ast-site-content-layout":"default","site-content-style":"default","site-sidebar-style":"default","ast-global-header-display":"","ast-banner-title-visibility":"","ast-main-header-display":"","ast-hfb-above-header-display":"","ast-hfb-below-header-display":"","ast-hfb-mobile-header-display":"","site-post-title":"","ast-breadcrumbs-content":"","ast-featured-img":"","footer-sml-layout":"","ast-disable-related-posts":"","theme-transparent-header-meta":"default","adv-header-id-meta":"","stick-header-meta":"default","header-above-stick-meta":"","header-main-stick-meta":"","header-below-stick-meta":"","astra-migrate-meta-layouts":"set","ast-page-background-enabled":"default","ast-page-background-meta":{"desktop":{"background-color":"var(--ast-global-color-4)","background-image":"","background-repeat":"repeat","background-position":"center center","background-size":"auto","background-attachment":"scroll","background-type":"","background-media":"","overlay-type":"","overlay-color":"","overlay-opacity":"","overlay-gradient":""},"tablet":{"background-color":"","background-image":"","background-repeat":"repeat","background-position":"center center","background-size":"auto","background-attachment":"scroll","background-type":"","background-media":"","overlay-type":"","overlay-color":"","overlay-opacity":"","overlay-gradient":""},"mobile":{"background-color":"","background-image":"","background-repeat":"repeat","background-position":"center center","background-size":"auto","background-attachment":"scroll","background-type":"","background-media":"","overlay-type":"","overlay-color":"","overlay-opacity":"","overlay-gradient":""}},"ast-content-background-meta":{"desktop":{"background-color":"var(--ast-global-color-5)","background-image":"","background-repeat":"repeat","background-position":"center center","background-size":"auto","background-attachment":"scroll","background-type":"","background-media":"","overlay-type":"","overlay-color":"","overlay-opacity":"","overlay-gradient":""},"tablet":{"background-color":"var(--ast-global-color-5)","background-image":"","background-repeat":"repeat","background-position":"center center","background-size":"auto","background-attachment":"scroll","background-type":"","background-media":"","overlay-type":"","overlay-color":"","overlay-opacity":"","overlay-gradient":""},"mobile":{"background-color":"var(--ast-global-color-5)","background-image":"","background-repeat":"repeat","background-position":"center center","background-size":"auto","background-attachment":"scroll","background-type":"","background-media":"","overlay-type":"","overlay-color":"","overlay-opacity":"","overlay-gradient":""}}},"product_brand":[],"product_cat":[44,466],"product_tag":[],"class_list":{"0":"post-174826","1":"product","2":"type-product","3":"status-publish","4":"has-post-thumbnail","6":"product_cat-ticket-themes","7":"product_cat-base-collection","8":"desktop-align-left","9":"tablet-align-left","10":"mobile-align-left","11":"ast-product-gallery-layout-horizontal-slider","12":"ast-product-gallery-with-no-image","13":"ast-magnify-disabled","14":"ast-product-tabs-layout-horizontal","16":"first","17":"instock","18":"downloadable","19":"virtual","20":"sold-individually","21":"taxable","22":"purchasable","23":"product-type-simple"},"_links":{"self":[{"href":"https:\/\/www.fooevents.com\/it\/wp-json\/wp\/v2\/product\/174826","targetHints":{"allow":["GET"]}}],"collection":[{"href":"https:\/\/www.fooevents.com\/it\/wp-json\/wp\/v2\/product"}],"about":[{"href":"https:\/\/www.fooevents.com\/it\/wp-json\/wp\/v2\/types\/product"}],"wp:featuredmedia":[{"embeddable":true,"href":"https:\/\/www.fooevents.com\/it\/wp-json\/wp\/v2\/media\/189817"}],"wp:attachment":[{"href":"https:\/\/www.fooevents.com\/it\/wp-json\/wp\/v2\/media?parent=174826"}],"wp:term":[{"taxonomy":"product_brand","embeddable":true,"href":"https:\/\/www.fooevents.com\/it\/wp-json\/wp\/v2\/product_brand?post=174826"},{"taxonomy":"product_cat","embeddable":true,"href":"https:\/\/www.fooevents.com\/it\/wp-json\/wp\/v2\/product_cat?post=174826"},{"taxonomy":"product_tag","embeddable":true,"href":"https:\/\/www.fooevents.com\/it\/wp-json\/wp\/v2\/product_tag?post=174826"}],"curies":[{"name":"wp","href":"https:\/\/api.w.org\/{rel}","templated":true}]}}